{"id":22091,"date":"2023-07-01T11:58:49","date_gmt":"2023-07-01T10:58:49","guid":{"rendered":"https:\/\/mamaterra.lt\/parduotuve\/non%20class\u00e9\/doterra-sun-after-sun-body-spray-purskiklis-kunui-po-deginimosi-2\/"},"modified":"2024-03-10T16:47:23","modified_gmt":"2024-03-10T15:47:23","slug":"doterra-sun-spray-corporel-apres-soleil","status":"publish","type":"product","link":"https:\/\/mamaterra.lt\/fr\/parduotuve\/hygiene-et-soins-de-la-peau\/doterra-soleil-fr\/doterra-sun-spray-corporel-apres-soleil\/","title":{"rendered":"doTERRA sun Spray corporel apr\u00e8s-soleil"},"content":{"rendered":"<h3 class=\"spotlight__head-title\">doTERRA sun Spray corporel apr\u00e8s-soleil<\/h3>\n<p>170 g<\/p>\n<p>Apportez \u00e0 votre peau un soin suppl\u00e9mentaire et affectueux apr\u00e8s des heures prolong\u00e9es sous les rayons chauds avec le Spray corporel apr\u00e8s-soleil. Les propri\u00e9t\u00e9s hydratantes de l&rsquo;acide hyaluronique et les qualit\u00e9s apaisantes de l&rsquo;aloe vera s&rsquo;associent \u00e0 l&rsquo;extrait de fleur d&rsquo;arnica montana pour une formule profond\u00e9ment hydratante. Les huiles essentielles de copa\u00efba, de lavande, de citronnelle, de menthe poivr\u00e9e, de menthe poivr\u00e9e japonaise, d&rsquo;h\u00e9lichryse, de bois de santal, de tanaisie bleue, d&rsquo;encens et de coriandre offrent un ar\u00f4me \u00e0 la fois frais et lumineux, ancr\u00e9 et subtil. Conditionn\u00e9 dans un flacon pulv\u00e9risateur non a\u00e9rosol en aluminium, le produit lib\u00e8re une brume continue pour une application facile sur l&rsquo;ensemble du corps. Aimez et prenez soin de votre peau avec doTERRA After Sun.<\/p>\n<ul class=\"spotlight__list-custom custom-list\">\n<li style=\"list-style-type: none;\">\n<ul class=\"spotlight__list-custom custom-list\">\n<li>Apporte un soulagement apaisant et rafra\u00eechissant \u00e0 la peau.<br \/>\nContient de l&rsquo;aloe vera, de l&rsquo;acide hyaluronique, du th\u00e9 vert et de la vitamine E.<br \/>\nExempt de phtalates, d&rsquo;oxybenzone et de parfums synth\u00e9tiques.<br \/>\nLa formule nourrissante et intens\u00e9ment hydratante a \u00e9t\u00e9 test\u00e9e sous contr\u00f4le dermatologique et r\u00e9siste \u00e0 l&rsquo;eau.<br \/>\nConvient aux v\u00e9g\u00e9tariens et aux r\u00e9cifs marins.<\/li>\n<\/ul>\n<\/li>\n<\/ul>\n","protected":false},"excerpt":{"rendered":"<ul class=\"spotlight__list-custom custom-list\">\n<li>Apporte un soulagement apaisant et rafra\u00eechissant \u00e0 la peau.<\/li>\n<li>Contient de l&rsquo;aloe vera, de l&rsquo;acide hyaluronique, du th\u00e9 vert et de la vitamine E.<\/li>\n<li>Exempt de phtalates, d&rsquo;oxybenzone et de parfums synth\u00e9tiques.<\/li>\n<li>La formule nourrissante et intens\u00e9ment hydratante a \u00e9t\u00e9 test\u00e9e sous contr\u00f4le dermatologique et r\u00e9siste \u00e0 l&rsquo;eau.<\/li>\n<li>Convient aux v\u00e9g\u00e9tariens et aux r\u00e9cifs marins.<\/li>\n<\/ul>\n","protected":false},"featured_media":22092,"template":"","meta":{"site-sidebar-layout":"default","site-content-layout":"default","ast-site-content-layout":"default","site-content-style":"default","site-sidebar-style":"default","ast-global-header-display":"","ast-banner-title-visibility":"","ast-main-header-display":"","ast-hfb-above-header-display":"","ast-hfb-below-header-display":"","ast-hfb-mobile-header-display":"","site-post-title":"","ast-breadcrumbs-content":"","ast-featured-img":"","footer-sml-layout":"","ast-disable-related-posts":"","theme-transparent-header-meta":"default","adv-header-id-meta":"","stick-header-meta":"","header-above-stick-meta":"","header-main-stick-meta":"","header-below-stick-meta":"","astra-migrate-meta-layouts":"set","ast-page-background-enabled":"default","ast-page-background-meta":{"desktop":{"background-color":"","background-image":"","background-repeat":"repeat","background-position":"center center","background-size":"auto","background-attachment":"scroll","background-type":"","background-media":"","overlay-type":"","overlay-color":"","overlay-opacity":"","overlay-gradient":""},"tablet":{"background-color":"","background-image":"","background-repeat":"repeat","background-position":"center center","background-size":"auto","background-attachment":"scroll","background-type":"","background-media":"","overlay-type":"","overlay-color":"","overlay-opacity":"","overlay-gradient":""},"mobile":{"background-color":"","background-image":"","background-repeat":"repeat","background-position":"center center","background-size":"auto","background-attachment":"scroll","background-type":"","background-media":"","overlay-type":"","overlay-color":"","overlay-opacity":"","overlay-gradient":""}},"ast-content-background-meta":{"desktop":{"background-color":"var(--ast-global-color-5)","background-image":"","background-repeat":"repeat","background-position":"center center","background-size":"auto","background-attachment":"scroll","background-type":"","background-media":"","overlay-type":"","overlay-color":"","overlay-opacity":"","overlay-gradient":""},"tablet":{"background-color":"var(--ast-global-color-5)","background-image":"","background-repeat":"repeat","background-position":"center center","background-size":"auto","background-attachment":"scroll","background-type":"","background-media":"","overlay-type":"","overlay-color":"","overlay-opacity":"","overlay-gradient":""},"mobile":{"background-color":"var(--ast-global-color-5)","background-image":"","background-repeat":"repeat","background-position":"center center","background-size":"auto","background-attachment":"scroll","background-type":"","background-media":"","overlay-type":"","overlay-color":"","overlay-opacity":"","overlay-gradient":""}}},"product_brand":[],"product_cat":[3579,1960,2045],"product_tag":[],"class_list":{"0":"post-22091","1":"product","2":"type-product","3":"status-publish","4":"has-post-thumbnail","6":"product_cat-doterra-soleil-fr","7":"product_cat-hygiene-et-soins-de-la-peau","8":"product_cat-pour-les-enfants","9":"desktop-align-left","10":"tablet-align-left","11":"mobile-align-left","13":"first","14":"instock","15":"taxable","16":"shipping-taxable","17":"purchasable","18":"product-type-simple"},"_links":{"self":[{"href":"https:\/\/mamaterra.lt\/fr\/wp-json\/wp\/v2\/product\/22091","targetHints":{"allow":["GET"]}}],"collection":[{"href":"https:\/\/mamaterra.lt\/fr\/wp-json\/wp\/v2\/product"}],"about":[{"href":"https:\/\/mamaterra.lt\/fr\/wp-json\/wp\/v2\/types\/product"}],"wp:featuredmedia":[{"embeddable":true,"href":"https:\/\/mamaterra.lt\/fr\/wp-json\/wp\/v2\/media\/22092"}],"wp:attachment":[{"href":"https:\/\/mamaterra.lt\/fr\/wp-json\/wp\/v2\/media?parent=22091"}],"wp:term":[{"taxonomy":"product_brand","embeddable":true,"href":"https:\/\/mamaterra.lt\/fr\/wp-json\/wp\/v2\/product_brand?post=22091"},{"taxonomy":"product_cat","embeddable":true,"href":"https:\/\/mamaterra.lt\/fr\/wp-json\/wp\/v2\/product_cat?post=22091"},{"taxonomy":"product_tag","embeddable":true,"href":"https:\/\/mamaterra.lt\/fr\/wp-json\/wp\/v2\/product_tag?post=22091"}],"curies":[{"name":"wp","href":"https:\/\/api.w.org\/{rel}","templated":true}]}}