{"id":22079,"date":"2023-07-01T11:41:35","date_gmt":"2023-07-01T10:41:35","guid":{"rendered":"https:\/\/mamaterra.lt\/parduotuve\/non%20class\u00e9\/mineralinis-piestukas-nuo-saules-veidui-ir-kunui-doterra-sun-face-body-mineral-sunscreen-stick\/"},"modified":"2024-03-10T16:28:05","modified_gmt":"2024-03-10T15:28:05","slug":"doterra-sun-stick-solaire-mineral-pour-le-visage-et-le-corps","status":"publish","type":"product","link":"https:\/\/mamaterra.lt\/fr\/parduotuve\/hygiene-et-soins-de-la-peau\/doterra-soleil-fr\/doterra-sun-stick-solaire-mineral-pour-le-visage-et-le-corps\/","title":{"rendered":"doTERRA sun Stick solaire min\u00e9ral pour le visage et le corps"},"content":{"rendered":"<h6>doTERRA sun Stick solaire min\u00e9ral pour le visage et le corps<\/h6>\n<p>Dites bonjour \u00e0 la protection solaire ultime, sans d\u00e9g\u00e2ts, gr\u00e2ce \u00e0 notre Stick solaire min\u00e9ral pour le corps. Le tube \u00e9pais \u00e0 visser glisse sur la peau pour une application facile et sans effort, et son format compact permet de l&#8217;emporter partout avec soi. Les huiles essentielles de mandarine rouge, de magnolia, de citronnelle, d&rsquo;ylang-ylang, de graines de carotte, d&rsquo;encens et d&rsquo;h\u00e9lichryse conf\u00e8rent \u00e0 ce stick solaire des vertus hydratantes et protectrices. Parfait pour vous et votre famille, motivez vos enfants \u00e0 aimer leur peau en utilisant l&rsquo;applicateur pratique avant leurs aventures en plein air.<\/p>\n<ul class=\"spotlight__list-custom custom-list\">\n<li>Offre une protection SPF 30+ \u00e0 large spectre (UVA\/UVB) dans un stick facile \u00e0 utiliser.<\/li>\n<li>Exempt de phtalates, d&rsquo;oxybenzone et de parfums synth\u00e9tiques.<\/li>\n<li>La formule nourrissante et intens\u00e9ment hydratante a \u00e9t\u00e9 test\u00e9e sous contr\u00f4le dermatologique et r\u00e9siste \u00e0 l&rsquo;eau jusqu&rsquo;\u00e0 80 minutes.<\/li>\n<li>Convient aux v\u00e9g\u00e9tariens et aux r\u00e9cifs marins.<\/li>\n<\/ul>\n","protected":false},"excerpt":{"rendered":"<ul class=\"spotlight__list-custom custom-list\">\n<li>Paprastas naudoti pie\u0161tukas u\u017etikrina plataus spektro (UVA\/UBV) SPF 30+ apsaug\u0105.<\/li>\n<li>Be ftalat\u0173, oksibenzono ir sintetini\u0173 kvapikli\u0173.<\/li>\n<li>Maitinanti ir itin dr\u0117kinanti sud\u0117tis patikrinta dermatolo\u0173 ir yra atspari vandeniui iki 80 minu\u010di\u0173.<\/li>\n<li>Tinkamas veganams, draugi\u0161kas koralams.<\/li>\n<\/ul>\n","protected":false},"featured_media":22080,"template":"","meta":{"site-sidebar-layout":"default","site-content-layout":"default","ast-site-content-layout":"default","site-content-style":"default","site-sidebar-style":"default","ast-global-header-display":"","ast-banner-title-visibility":"","ast-main-header-display":"","ast-hfb-above-header-display":"","ast-hfb-below-header-display":"","ast-hfb-mobile-header-display":"","site-post-title":"","ast-breadcrumbs-content":"","ast-featured-img":"","footer-sml-layout":"","ast-disable-related-posts":"","theme-transparent-header-meta":"default","adv-header-id-meta":"","stick-header-meta":"","header-above-stick-meta":"","header-main-stick-meta":"","header-below-stick-meta":"","astra-migrate-meta-layouts":"set","ast-page-background-enabled":"default","ast-page-background-meta":{"desktop":{"background-color":"","background-image":"","background-repeat":"repeat","background-position":"center center","background-size":"auto","background-attachment":"scroll","background-type":"","background-media":"","overlay-type":"","overlay-color":"","overlay-opacity":"","overlay-gradient":""},"tablet":{"background-color":"","background-image":"","background-repeat":"repeat","background-position":"center center","background-size":"auto","background-attachment":"scroll","background-type":"","background-media":"","overlay-type":"","overlay-color":"","overlay-opacity":"","overlay-gradient":""},"mobile":{"background-color":"","background-image":"","background-repeat":"repeat","background-position":"center center","background-size":"auto","background-attachment":"scroll","background-type":"","background-media":"","overlay-type":"","overlay-color":"","overlay-opacity":"","overlay-gradient":""}},"ast-content-background-meta":{"desktop":{"background-color":"var(--ast-global-color-5)","background-image":"","background-repeat":"repeat","background-position":"center center","background-size":"auto","background-attachment":"scroll","background-type":"","background-media":"","overlay-type":"","overlay-color":"","overlay-opacity":"","overlay-gradient":""},"tablet":{"background-color":"var(--ast-global-color-5)","background-image":"","background-repeat":"repeat","background-position":"center center","background-size":"auto","background-attachment":"scroll","background-type":"","background-media":"","overlay-type":"","overlay-color":"","overlay-opacity":"","overlay-gradient":""},"mobile":{"background-color":"var(--ast-global-color-5)","background-image":"","background-repeat":"repeat","background-position":"center center","background-size":"auto","background-attachment":"scroll","background-type":"","background-media":"","overlay-type":"","overlay-color":"","overlay-opacity":"","overlay-gradient":""}}},"product_brand":[],"product_cat":[3579,1960],"product_tag":[],"class_list":{"0":"post-22079","1":"product","2":"type-product","3":"status-publish","4":"has-post-thumbnail","6":"product_cat-doterra-soleil-fr","7":"product_cat-hygiene-et-soins-de-la-peau","8":"desktop-align-left","9":"tablet-align-left","10":"mobile-align-left","12":"first","13":"instock","14":"taxable","15":"shipping-taxable","16":"purchasable","17":"product-type-simple"},"_links":{"self":[{"href":"https:\/\/mamaterra.lt\/fr\/wp-json\/wp\/v2\/product\/22079","targetHints":{"allow":["GET"]}}],"collection":[{"href":"https:\/\/mamaterra.lt\/fr\/wp-json\/wp\/v2\/product"}],"about":[{"href":"https:\/\/mamaterra.lt\/fr\/wp-json\/wp\/v2\/types\/product"}],"wp:featuredmedia":[{"embeddable":true,"href":"https:\/\/mamaterra.lt\/fr\/wp-json\/wp\/v2\/media\/22080"}],"wp:attachment":[{"href":"https:\/\/mamaterra.lt\/fr\/wp-json\/wp\/v2\/media?parent=22079"}],"wp:term":[{"taxonomy":"product_brand","embeddable":true,"href":"https:\/\/mamaterra.lt\/fr\/wp-json\/wp\/v2\/product_brand?post=22079"},{"taxonomy":"product_cat","embeddable":true,"href":"https:\/\/mamaterra.lt\/fr\/wp-json\/wp\/v2\/product_cat?post=22079"},{"taxonomy":"product_tag","embeddable":true,"href":"https:\/\/mamaterra.lt\/fr\/wp-json\/wp\/v2\/product_tag?post=22079"}],"curies":[{"name":"wp","href":"https:\/\/api.w.org\/{rel}","templated":true}]}}