{"id":22062,"date":"2021-09-10T20:11:17","date_gmt":"2021-09-10T19:11:17","guid":{"rendered":"https:\/\/mamaterra.lt\/parduotuve\/non%20class\u00e9\/fitoestrogenai-doterra-lifetime-complex-60-kapsuliu\/"},"modified":"2024-03-10T15:58:11","modified_gmt":"2024-03-10T14:58:11","slug":"complexe-essentiel-phytoestrogene","status":"publish","type":"product","link":"https:\/\/mamaterra.lt\/fr\/parduotuve\/pour-femme\/complexe-essentiel-phytoestrogene\/","title":{"rendered":"Complexe Essentiel Phytoestrog\u00e8ne"},"content":{"rendered":"<h6>Complexe Essentiel Phytoestrog\u00e8ne<\/h6>\n<p>60 pi\u00e8ces<\/p>\n<p>&nbsp;<\/p>\n<p>Phytoestrog\u00e8nes doTERRA Lifetime Complex\u2122Instructions d&rsquo;utilisation :<\/p>\n<p>Pour les femmes pr\u00e9- et post-m\u00e9nopaus\u00e9es, une (1)-deux (2) capsules par jour pendant les repas ou selon les besoins.<br \/>\nPour les femmes m\u00e9nopaus\u00e9es, prendre deux (2) capsules par jour avec de la nourriture.<br \/>\nId\u00e9al en combinaison avec le complexe essentiel de nutriments osseux pour femmes de doTERRA, le m\u00e9lange d&rsquo;huiles essentielles ClaryCalm\u00ae de doTERRA et l&rsquo;ensemble Vitalit\u00e9 \u00e0 vie.<\/p>\n<p>&nbsp;<\/p>\n<p><iframe title=\"Best Ways To Use The doTERRA Phytoestrogen Complex\" src=\"https:\/\/www.youtube.com\/embed\/LWalBiIPwIY\" width=\"944\" height=\"532\" frameborder=\"0\" allowfullscreen=\"allowfullscreen\"><\/iframe><\/p>\n","protected":false},"excerpt":{"rendered":"<ul>\n<li>R\u00e9gule et maintient les niveaux d&rsquo;\u0153strog\u00e8nes dans l&rsquo;organisme<\/li>\n<li>Favorise la sant\u00e9 des os, du c\u0153ur et des tissus mammaires<\/li>\n<li>Aide \u00e0 r\u00e9duire les sympt\u00f4mes d\u00e9sagr\u00e9ables de la pr\u00e9menstruation et de la m\u00e9nopause<\/li>\n<li>Facile et pratique \u00e0 prendre &#8211; 1 \u00e0 2 g\u00e9lules par jour avec de la nourriture<\/li>\n<\/ul>\n","protected":false},"featured_media":22063,"template":"","meta":{"site-sidebar-layout":"default","site-content-layout":"default","ast-site-content-layout":"default","site-content-style":"default","site-sidebar-style":"default","ast-global-header-display":"","ast-banner-title-visibility":"","ast-main-header-display":"","ast-hfb-above-header-display":"","ast-hfb-below-header-display":"","ast-hfb-mobile-header-display":"","site-post-title":"","ast-breadcrumbs-content":"","ast-featured-img":"","footer-sml-layout":"","ast-disable-related-posts":"","theme-transparent-header-meta":"default","adv-header-id-meta":"","stick-header-meta":"","header-above-stick-meta":"","header-main-stick-meta":"","header-below-stick-meta":"","astra-migrate-meta-layouts":"set","ast-page-background-enabled":"default","ast-page-background-meta":{"desktop":{"background-color":"","background-image":"","background-repeat":"repeat","background-position":"center center","background-size":"auto","background-attachment":"scroll","background-type":"","background-media":"","overlay-type":"","overlay-color":"","overlay-opacity":"","overlay-gradient":""},"tablet":{"background-color":"","background-image":"","background-repeat":"repeat","background-position":"center center","background-size":"auto","background-attachment":"scroll","background-type":"","background-media":"","overlay-type":"","overlay-color":"","overlay-opacity":"","overlay-gradient":""},"mobile":{"background-color":"","background-image":"","background-repeat":"repeat","background-position":"center center","background-size":"auto","background-attachment":"scroll","background-type":"","background-media":"","overlay-type":"","overlay-color":"","overlay-opacity":"","overlay-gradient":""}},"ast-content-background-meta":{"desktop":{"background-color":"var(--ast-global-color-5)","background-image":"","background-repeat":"repeat","background-position":"center center","background-size":"auto","background-attachment":"scroll","background-type":"","background-media":"","overlay-type":"","overlay-color":"","overlay-opacity":"","overlay-gradient":""},"tablet":{"background-color":"var(--ast-global-color-5)","background-image":"","background-repeat":"repeat","background-position":"center center","background-size":"auto","background-attachment":"scroll","background-type":"","background-media":"","overlay-type":"","overlay-color":"","overlay-opacity":"","overlay-gradient":""},"mobile":{"background-color":"var(--ast-global-color-5)","background-image":"","background-repeat":"repeat","background-position":"center center","background-size":"auto","background-attachment":"scroll","background-type":"","background-media":"","overlay-type":"","overlay-color":"","overlay-opacity":"","overlay-gradient":""}}},"product_brand":[],"product_cat":[2010],"product_tag":[3247,3395,3287],"class_list":{"0":"post-22062","1":"product","2":"type-product","3":"status-publish","4":"has-post-thumbnail","6":"product_cat-pour-femme","7":"product_tag-gelules","8":"product_tag-phytoestrogenes","9":"product_tag-supplements-fr","10":"desktop-align-left","11":"tablet-align-left","12":"mobile-align-left","14":"first","15":"instock","16":"taxable","17":"shipping-taxable","18":"purchasable","19":"product-type-simple"},"_links":{"self":[{"href":"https:\/\/mamaterra.lt\/fr\/wp-json\/wp\/v2\/product\/22062","targetHints":{"allow":["GET"]}}],"collection":[{"href":"https:\/\/mamaterra.lt\/fr\/wp-json\/wp\/v2\/product"}],"about":[{"href":"https:\/\/mamaterra.lt\/fr\/wp-json\/wp\/v2\/types\/product"}],"wp:featuredmedia":[{"embeddable":true,"href":"https:\/\/mamaterra.lt\/fr\/wp-json\/wp\/v2\/media\/22063"}],"wp:attachment":[{"href":"https:\/\/mamaterra.lt\/fr\/wp-json\/wp\/v2\/media?parent=22062"}],"wp:term":[{"taxonomy":"product_brand","embeddable":true,"href":"https:\/\/mamaterra.lt\/fr\/wp-json\/wp\/v2\/product_brand?post=22062"},{"taxonomy":"product_cat","embeddable":true,"href":"https:\/\/mamaterra.lt\/fr\/wp-json\/wp\/v2\/product_cat?post=22062"},{"taxonomy":"product_tag","embeddable":true,"href":"https:\/\/mamaterra.lt\/fr\/wp-json\/wp\/v2\/product_tag?post=22062"}],"curies":[{"name":"wp","href":"https:\/\/api.w.org\/{rel}","templated":true}]}}