{"id":22052,"date":"2021-04-18T17:17:09","date_gmt":"2021-04-18T16:17:09","guid":{"rendered":"https:\/\/mamaterra.lt\/parduotuve\/non%20class\u00e9\/doterra-clarycalm-eteriniu-alieju-misinys-moterims-10ml\/"},"modified":"2024-03-10T15:43:49","modified_gmt":"2024-03-10T14:43:49","slug":"doterra-clarycalm-melange-dhuiles-essentielles-pour-femmes-10ml","status":"publish","type":"product","link":"https:\/\/mamaterra.lt\/fr\/parduotuve\/huiles-essentielles\/melanges-dhuiles-essentielles\/doterra-clarycalm-melange-dhuiles-essentielles-pour-femmes-10ml\/","title":{"rendered":"doTERRA clarycalm M\u00e9lange d&rsquo;huiles essentielles pour Femmes 10ml"},"content":{"rendered":"<h6>doTERRA clarycalm M\u00e9lange d&rsquo;huiles essentielles pour Femmes 10ml<\/h6>\n<p>Flacon de 10 ml avec applicateur \u00e0 bille<\/p>\n<p>Cr\u00e9\u00e9e sp\u00e9cialement pour les femmes, l&rsquo;huile clarycalm aide \u00e0 \u00e9quilibrer votre humeur et \u00e0 calmer vos \u00e9motions fluctuantes pendant un mois.<\/p>\n<p>Aide \u00e0 maintenir l&rsquo;\u00e9quilibre \u00e9motionnel tout au long du mois<br \/>\nAide \u00e0 calmer et \u00e0 \u00e9quilibrer les \u00e9motions fluctuantes<br \/>\nA un effet rafra\u00eechissant lorsqu&rsquo;elle est appliqu\u00e9e sur la peau<br \/>\nR\u00e9duit les sympt\u00f4mes du syndrome pr\u00e9menstruel et les sautes d&rsquo;humeur<br \/>\nAm\u00e9liore le bien-\u00eatre g\u00e9n\u00e9ral<br \/>\nSoulage les douleurs menstruelles<br \/>\nSupprime les bouff\u00e9es de chaleur<br \/>\nLorsqu&rsquo;il est appliqu\u00e9 sur la peau, le clarycalm a un effet rafra\u00eechissant et apaisant.<\/p>\n<p>M\u00e9lange d&rsquo;huiles essentielles doTERRA clarycalm\u2122 Ingr\u00e9dients :<\/p>\n<p>Sauge sclar\u00e9e, lavande, bergamote FCF, camomille romaine, ylang ylang, bois de c\u00e8dre, g\u00e9ranium, fenouil, graines de carotte, palmarosa et huiles essentielles de Vitex.<\/p>\n<p>M\u00e9lange d&rsquo;huiles essentielles doTERRA clarycalm\u2122 Application :<\/p>\n<p>Appliquer sur le bas-ventre pour les r\u00e8gles douloureuses, les ballonnements.<br \/>\nAppliquer sur la t\u00eate en cas de douleur<br \/>\nPour \u00e9quilibrer les \u00e9motions et les hormones, r\u00e9duire les bouff\u00e9es de chaleur Appliquer sur le cou, les poignets, les chevilles matin et soir.<\/p>\n<p>&nbsp;<\/p>\n<p>Pour plus d&rsquo;informations sur le m\u00e9lange d&rsquo;huiles essentielles doTERRA clarycalm\u2122, regardez la vid\u00e9o ci-dessous.<\/p>\n<p><iframe title=\"Balancing Emotions with doTERRA ClaryCalm\u00ae\" src=\"https:\/\/www.youtube.com\/embed\/KCIRNZM0ELo\" width=\"853\" height=\"480\" frameborder=\"0\" allowfullscreen=\"allowfullscreen\"><\/iframe><\/p>\n","protected":false},"excerpt":{"rendered":"<ul>\n<li>Aide \u00e0 maintenir l&rsquo;\u00e9quilibre \u00e9motionnel tout au long du mois<\/li>\n<li>Aide \u00e0 calmer et \u00e0 \u00e9quilibrer les \u00e9motions changeantes<\/li>\n<li>A un effet rafra\u00eechissant lorsqu&rsquo;il est appliqu\u00e9 sur la peau<\/li>\n<li>Soulage les d\u00e9sagr\u00e9ments de la m\u00e9nopause<\/li>\n<\/ul>\n","protected":false},"featured_media":22053,"template":"","meta":{"site-sidebar-layout":"default","site-content-layout":"default","ast-site-content-layout":"default","site-content-style":"default","site-sidebar-style":"default","ast-global-header-display":"","ast-banner-title-visibility":"","ast-main-header-display":"","ast-hfb-above-header-display":"","ast-hfb-below-header-display":"","ast-hfb-mobile-header-display":"","site-post-title":"","ast-breadcrumbs-content":"","ast-featured-img":"","footer-sml-layout":"","ast-disable-related-posts":"","theme-transparent-header-meta":"default","adv-header-id-meta":"","stick-header-meta":"","header-above-stick-meta":"","header-main-stick-meta":"","header-below-stick-meta":"","astra-migrate-meta-layouts":"set","ast-page-background-enabled":"default","ast-page-background-meta":{"desktop":{"background-color":"","background-image":"","background-repeat":"repeat","background-position":"center center","background-size":"auto","background-attachment":"scroll","background-type":"","background-media":"","overlay-type":"","overlay-color":"","overlay-opacity":"","overlay-gradient":""},"tablet":{"background-color":"","background-image":"","background-repeat":"repeat","background-position":"center center","background-size":"auto","background-attachment":"scroll","background-type":"","background-media":"","overlay-type":"","overlay-color":"","overlay-opacity":"","overlay-gradient":""},"mobile":{"background-color":"","background-image":"","background-repeat":"repeat","background-position":"center center","background-size":"auto","background-attachment":"scroll","background-type":"","background-media":"","overlay-type":"","overlay-color":"","overlay-opacity":"","overlay-gradient":""}},"ast-content-background-meta":{"desktop":{"background-color":"var(--ast-global-color-5)","background-image":"","background-repeat":"repeat","background-position":"center center","background-size":"auto","background-attachment":"scroll","background-type":"","background-media":"","overlay-type":"","overlay-color":"","overlay-opacity":"","overlay-gradient":""},"tablet":{"background-color":"var(--ast-global-color-5)","background-image":"","background-repeat":"repeat","background-position":"center center","background-size":"auto","background-attachment":"scroll","background-type":"","background-media":"","overlay-type":"","overlay-color":"","overlay-opacity":"","overlay-gradient":""},"mobile":{"background-color":"var(--ast-global-color-5)","background-image":"","background-repeat":"repeat","background-position":"center center","background-size":"auto","background-attachment":"scroll","background-type":"","background-media":"","overlay-type":"","overlay-color":"","overlay-opacity":"","overlay-gradient":""}}},"product_brand":[],"product_cat":[1940,2040,1945,2010],"product_tag":[2079,2867,3237],"class_list":{"0":"post-22052","1":"product","2":"type-product","3":"status-publish","4":"has-post-thumbnail","6":"product_cat-huiles-essentielles","7":"product_cat-la-gestion-du-stress","8":"product_cat-melanges-dhuiles-essentielles","9":"product_cat-pour-femme","10":"product_tag-10-ml-fr","11":"product_tag-clarycalm-fr","12":"product_tag-melanges-dhuiles-essentielles","13":"desktop-align-left","14":"tablet-align-left","15":"mobile-align-left","17":"first","18":"instock","19":"taxable","20":"shipping-taxable","21":"purchasable","22":"product-type-simple"},"_links":{"self":[{"href":"https:\/\/mamaterra.lt\/fr\/wp-json\/wp\/v2\/product\/22052","targetHints":{"allow":["GET"]}}],"collection":[{"href":"https:\/\/mamaterra.lt\/fr\/wp-json\/wp\/v2\/product"}],"about":[{"href":"https:\/\/mamaterra.lt\/fr\/wp-json\/wp\/v2\/types\/product"}],"wp:featuredmedia":[{"embeddable":true,"href":"https:\/\/mamaterra.lt\/fr\/wp-json\/wp\/v2\/media\/22053"}],"wp:attachment":[{"href":"https:\/\/mamaterra.lt\/fr\/wp-json\/wp\/v2\/media?parent=22052"}],"wp:term":[{"taxonomy":"product_brand","embeddable":true,"href":"https:\/\/mamaterra.lt\/fr\/wp-json\/wp\/v2\/product_brand?post=22052"},{"taxonomy":"product_cat","embeddable":true,"href":"https:\/\/mamaterra.lt\/fr\/wp-json\/wp\/v2\/product_cat?post=22052"},{"taxonomy":"product_tag","embeddable":true,"href":"https:\/\/mamaterra.lt\/fr\/wp-json\/wp\/v2\/product_tag?post=22052"}],"curies":[{"name":"wp","href":"https:\/\/api.w.org\/{rel}","templated":true}]}}