{"id":22040,"date":"2021-04-19T08:34:36","date_gmt":"2021-04-19T07:34:36","guid":{"rendered":"https:\/\/mamaterra.lt\/parduotuve\/non%20class\u00e9\/doterra-kramtomosios-tabletes-digestzen-digesttab\/"},"modified":"2024-03-09T21:22:34","modified_gmt":"2024-03-09T20:22:34","slug":"doterra-comprimes-a-croquer-digesttab","status":"publish","type":"product","link":"https:\/\/mamaterra.lt\/fr\/parduotuve\/huiles-essentielles\/doterra-comprimes-a-croquer-digesttab\/","title":{"rendered":"doTERRA Comprim\u00e9s \u00e0 croquer DigestTab"},"content":{"rendered":"<h6>doTERRA Comprim\u00e9s \u00e0 croquer DigestTab<\/h6>\n<p>100 pcs<\/p>\n<p>DigestZen est l&rsquo;un des m\u00e9langes doTERRA les plus populaires en raison de ses nombreux avantages. Ce m\u00e9lange extr\u00eamement efficace peut maintenant \u00eatre pris sous forme de comprim\u00e9s \u00e0 croquer pratiques.<\/p>\n<p>Comprim\u00e9 de carbonate de calcium avec le m\u00e9lange DigestZen de gingembre, de fenouil, de graines de coriandre, de menthe poivr\u00e9e et d&rsquo;autres huiles essentielles.<br \/>\nCon\u00e7u sp\u00e9cifiquement pour les personnes ayant un estomac sensible<br \/>\nPour les personnes souffrant d&rsquo;acides rebelles<\/p>\n<p>&nbsp;<\/p>\n<p>Regardez la vid\u00e9o sur doTERRA DigestTab\u2122.<\/p>\n<p><iframe title=\"Top 3 Benefits Of doTERRA DigestTab\" src=\"https:\/\/www.youtube.com\/embed\/nZURPuLbWbg\" width=\"946\" height=\"532\" frameborder=\"0\" allowfullscreen=\"allowfullscreen\"><\/iframe><\/p>\n","protected":false},"excerpt":{"rendered":"<ul>\n<li>Comprim\u00e9 de carbonate de calcium avec le m\u00e9lange DigestZen de gingembre, de fenouil, de graines de coriandre, de menthe poivr\u00e9e et d&rsquo;autres huiles essentielles.<\/li>\n<li>Con\u00e7u sp\u00e9cialement pour les personnes ayant un estomac sensible<\/li>\n<li>Apaise le feu de l&rsquo;estomac<\/li>\n<\/ul>\n","protected":false},"featured_media":22041,"template":"","meta":{"site-sidebar-layout":"default","site-content-layout":"default","ast-site-content-layout":"default","site-content-style":"default","site-sidebar-style":"default","ast-global-header-display":"","ast-banner-title-visibility":"","ast-main-header-display":"","ast-hfb-above-header-display":"","ast-hfb-below-header-display":"","ast-hfb-mobile-header-display":"","site-post-title":"","ast-breadcrumbs-content":"","ast-featured-img":"","footer-sml-layout":"","ast-disable-related-posts":"","theme-transparent-header-meta":"default","adv-header-id-meta":"","stick-header-meta":"","header-above-stick-meta":"","header-main-stick-meta":"","header-below-stick-meta":"","astra-migrate-meta-layouts":"set","ast-page-background-enabled":"default","ast-page-background-meta":{"desktop":{"background-color":"","background-image":"","background-repeat":"repeat","background-position":"center center","background-size":"auto","background-attachment":"scroll","background-type":"","background-media":"","overlay-type":"","overlay-color":"","overlay-opacity":"","overlay-gradient":""},"tablet":{"background-color":"","background-image":"","background-repeat":"repeat","background-position":"center center","background-size":"auto","background-attachment":"scroll","background-type":"","background-media":"","overlay-type":"","overlay-color":"","overlay-opacity":"","overlay-gradient":""},"mobile":{"background-color":"","background-image":"","background-repeat":"repeat","background-position":"center center","background-size":"auto","background-attachment":"scroll","background-type":"","background-media":"","overlay-type":"","overlay-color":"","overlay-opacity":"","overlay-gradient":""}},"ast-content-background-meta":{"desktop":{"background-color":"var(--ast-global-color-5)","background-image":"","background-repeat":"repeat","background-position":"center center","background-size":"auto","background-attachment":"scroll","background-type":"","background-media":"","overlay-type":"","overlay-color":"","overlay-opacity":"","overlay-gradient":""},"tablet":{"background-color":"var(--ast-global-color-5)","background-image":"","background-repeat":"repeat","background-position":"center center","background-size":"auto","background-attachment":"scroll","background-type":"","background-media":"","overlay-type":"","overlay-color":"","overlay-opacity":"","overlay-gradient":""},"mobile":{"background-color":"var(--ast-global-color-5)","background-image":"","background-repeat":"repeat","background-position":"center center","background-size":"auto","background-attachment":"scroll","background-type":"","background-media":"","overlay-type":"","overlay-color":"","overlay-opacity":"","overlay-gradient":""}}},"product_brand":[],"product_cat":[1940],"product_tag":[2819,3247],"class_list":{"0":"post-22040","1":"product","2":"type-product","3":"status-publish","4":"has-post-thumbnail","6":"product_cat-huiles-essentielles","7":"product_tag-digesttab-fr","8":"product_tag-gelules","9":"desktop-align-left","10":"tablet-align-left","11":"mobile-align-left","13":"first","14":"instock","15":"taxable","16":"shipping-taxable","17":"purchasable","18":"product-type-simple"},"_links":{"self":[{"href":"https:\/\/mamaterra.lt\/fr\/wp-json\/wp\/v2\/product\/22040","targetHints":{"allow":["GET"]}}],"collection":[{"href":"https:\/\/mamaterra.lt\/fr\/wp-json\/wp\/v2\/product"}],"about":[{"href":"https:\/\/mamaterra.lt\/fr\/wp-json\/wp\/v2\/types\/product"}],"wp:featuredmedia":[{"embeddable":true,"href":"https:\/\/mamaterra.lt\/fr\/wp-json\/wp\/v2\/media\/22041"}],"wp:attachment":[{"href":"https:\/\/mamaterra.lt\/fr\/wp-json\/wp\/v2\/media?parent=22040"}],"wp:term":[{"taxonomy":"product_brand","embeddable":true,"href":"https:\/\/mamaterra.lt\/fr\/wp-json\/wp\/v2\/product_brand?post=22040"},{"taxonomy":"product_cat","embeddable":true,"href":"https:\/\/mamaterra.lt\/fr\/wp-json\/wp\/v2\/product_cat?post=22040"},{"taxonomy":"product_tag","embeddable":true,"href":"https:\/\/mamaterra.lt\/fr\/wp-json\/wp\/v2\/product_tag?post=22040"}],"curies":[{"name":"wp","href":"https:\/\/api.w.org\/{rel}","templated":true}]}}