{"id":22007,"date":"2021-09-12T10:26:40","date_gmt":"2021-09-12T09:26:40","guid":{"rendered":"https:\/\/mamaterra.lt\/parduotuve\/non%20class\u00e9\/doterra-serenity-minkstosios-kapsules-raminamasis-kompleksas-60-kapsuliu\/"},"modified":"2024-03-04T21:23:59","modified_gmt":"2024-03-04T20:23:59","slug":"doterra-serenity-softgels-complexe-calmant-60-capsules","status":"publish","type":"product","link":"https:\/\/mamaterra.lt\/fr\/parduotuve\/huiles-essentielles\/melanges-dhuiles-essentielles\/doterra-serenity-softgels-complexe-calmant-60-capsules\/","title":{"rendered":"doTERRA SERENITY softgels &#8211; Complexe calmant (60 Capsules)"},"content":{"rendered":"<p>Les g\u00e9lules doTERRA Serenity vous permettent de profiter facilement des bienfaits du m\u00e9lange apaisant Serenity de doTERRA, qui combine de fa\u00e7on unique les bienfaits bien document\u00e9s de l&rsquo;huile essentielle de lavande et de la L-th\u00e9anine avec les extraits de m\u00e9lisse, de passiflore et de camomille dans une g\u00e9lule v\u00e9g\u00e9tarienne.<\/p>\n<p>Les experts recommandent aux adultes de dormir au moins 7 \u00e0 8 heures par nuit. Malheureusement, environ 33 % des personnes ne dorment pas les heures recommand\u00e9es par nuit et environ 1 adulte sur 5 souffre d&rsquo;insomnie. Le manque de sommeil est associ\u00e9 \u00e0 de nombreux risques pour la sant\u00e9. Le manque de sommeil affecte notre capacit\u00e9 \u00e0 perdre du poids ou \u00e0 maintenir un poids sain ; il affecte nos \u00e9motions, notre apprentissage et notre comportement ; il a des effets n\u00e9gatifs sur notre sant\u00e9 cardiovasculaire et notre bien-\u00eatre g\u00e9n\u00e9ral ; il peut r\u00e9duire nos temps de r\u00e9action et alt\u00e9rer notre capacit\u00e9 \u00e0 conduire. Un sommeil ad\u00e9quat est essentiel pour r\u00e9cup\u00e9rer physiquement et mentalement des exigences de la vie quotidienne. Un sommeil de qualit\u00e9 est essentiel pour votre bien-\u00eatre quotidien, car il permet \u00e0 l&rsquo;organisme de r\u00e9cup\u00e9rer naturellement chaque nuit. Par exemple, le cerveau ne se d\u00e9barrasse de ses toxines que pendant le sommeil. Il existe des centaines de recommandations, de recettes familiales, de produits et de compl\u00e9ments qui pr\u00e9tendent tous \u00eatre utiles. Cependant, ce qui fonctionne pour une personne peut ne pas fonctionner du tout pour une autre. Nous disposons d\u00e9sormais d&rsquo;une solution qui utilise \u00e0 la fois des ingr\u00e9dients historiques et les meilleurs ingr\u00e9dients valid\u00e9s par la science moderne.<\/p>\n<p>Une fa\u00e7on simple de profiter des bienfaits du m\u00e9lange calmant doTERRA Serenity dans un format pratique de capsules molles.<br \/>\nCe m\u00e9lange unique de s\u00e9r\u00e9nit\u00e9 vous aide \u00e0 faire l&rsquo;exp\u00e9rience d&rsquo;un calme et d&rsquo;une relaxation profonds.<br \/>\n\u00c9limine l&rsquo;insomnie occasionnelle<br \/>\nFavorise une d\u00e9tente et un sommeil sains<br \/>\nVous aide \u00e0 passer une bonne nuit de sommeil sans vous sentir somnolent le lendemain.<br \/>\nAm\u00e9liore la qualit\u00e9 de votre sommeil et facilite l&rsquo;endormissement<br \/>\nFavorise un sommeil r\u00e9parateur<br \/>\nCalme le syst\u00e8me nerveux<br \/>\nAide \u00e0 r\u00e9duire le stress<\/p>\n<p>doTERRA SERENITY\u2122 Calming Complex Utilisations :<\/p>\n<p>Prendre 1 \u00e0 2 capsules une demi-heure avant le coucher.<\/p>\n<p>&nbsp;<\/p>\n<p>Voir la vid\u00e9o sur le complexe calmant doTERRA SERENITY :<\/p>\n<p><iframe title=\"Sleep Like A Baby With doTERRA Serenity Softgels\" src=\"https:\/\/www.youtube.com\/embed\/WdowVJaa82c\" width=\"946\" height=\"532\" frameborder=\"0\" allowfullscreen=\"allowfullscreen\"><\/iframe><\/p>\n","protected":false},"excerpt":{"rendered":"<p>Les g\u00e9lules doTERRA Serenity vous permettent de profiter facilement des bienfaits du m\u00e9lange calmant Serenity de doTERRA.<\/p>\n<p>Favorise un sommeil r\u00e9parateur<br \/>\nLe m\u00e9lange unique Serenity vous aide \u00e0 faire l&rsquo;exp\u00e9rience d&rsquo;un calme et d&rsquo;une d\u00e9tente profonds.<br \/>\nAm\u00e9liore la qualit\u00e9 du sommeil<\/p>\n","protected":false},"featured_media":22008,"template":"","meta":{"site-sidebar-layout":"default","site-content-layout":"default","ast-site-content-layout":"default","site-content-style":"default","site-sidebar-style":"default","ast-global-header-display":"","ast-banner-title-visibility":"","ast-main-header-display":"","ast-hfb-above-header-display":"","ast-hfb-below-header-display":"","ast-hfb-mobile-header-display":"","site-post-title":"","ast-breadcrumbs-content":"","ast-featured-img":"","footer-sml-layout":"","ast-disable-related-posts":"","theme-transparent-header-meta":"default","adv-header-id-meta":"","stick-header-meta":"","header-above-stick-meta":"","header-main-stick-meta":"","header-below-stick-meta":"","astra-migrate-meta-layouts":"set","ast-page-background-enabled":"default","ast-page-background-meta":{"desktop":{"background-color":"","background-image":"","background-repeat":"repeat","background-position":"center center","background-size":"auto","background-attachment":"scroll","background-type":"","background-media":"","overlay-type":"","overlay-color":"","overlay-opacity":"","overlay-gradient":""},"tablet":{"background-color":"","background-image":"","background-repeat":"repeat","background-position":"center center","background-size":"auto","background-attachment":"scroll","background-type":"","background-media":"","overlay-type":"","overlay-color":"","overlay-opacity":"","overlay-gradient":""},"mobile":{"background-color":"","background-image":"","background-repeat":"repeat","background-position":"center center","background-size":"auto","background-attachment":"scroll","background-type":"","background-media":"","overlay-type":"","overlay-color":"","overlay-opacity":"","overlay-gradient":""}},"ast-content-background-meta":{"desktop":{"background-color":"var(--ast-global-color-5)","background-image":"","background-repeat":"repeat","background-position":"center center","background-size":"auto","background-attachment":"scroll","background-type":"","background-media":"","overlay-type":"","overlay-color":"","overlay-opacity":"","overlay-gradient":""},"tablet":{"background-color":"var(--ast-global-color-5)","background-image":"","background-repeat":"repeat","background-position":"center center","background-size":"auto","background-attachment":"scroll","background-type":"","background-media":"","overlay-type":"","overlay-color":"","overlay-opacity":"","overlay-gradient":""},"mobile":{"background-color":"var(--ast-global-color-5)","background-image":"","background-repeat":"repeat","background-position":"center center","background-size":"auto","background-attachment":"scroll","background-type":"","background-media":"","overlay-type":"","overlay-color":"","overlay-opacity":"","overlay-gradient":""}}},"product_brand":[],"product_cat":[2005,1940,1945],"product_tag":[3247,3062],"class_list":{"0":"post-22007","1":"product","2":"type-product","3":"status-publish","4":"has-post-thumbnail","6":"product_cat-dormir-fr","7":"product_cat-huiles-essentielles","8":"product_cat-melanges-dhuiles-essentielles","9":"product_tag-gelules","10":"product_tag-serenity-fr","11":"desktop-align-left","12":"tablet-align-left","13":"mobile-align-left","15":"first","16":"instock","17":"taxable","18":"shipping-taxable","19":"purchasable","20":"product-type-simple"},"_links":{"self":[{"href":"https:\/\/mamaterra.lt\/fr\/wp-json\/wp\/v2\/product\/22007","targetHints":{"allow":["GET"]}}],"collection":[{"href":"https:\/\/mamaterra.lt\/fr\/wp-json\/wp\/v2\/product"}],"about":[{"href":"https:\/\/mamaterra.lt\/fr\/wp-json\/wp\/v2\/types\/product"}],"wp:featuredmedia":[{"embeddable":true,"href":"https:\/\/mamaterra.lt\/fr\/wp-json\/wp\/v2\/media\/22008"}],"wp:attachment":[{"href":"https:\/\/mamaterra.lt\/fr\/wp-json\/wp\/v2\/media?parent=22007"}],"wp:term":[{"taxonomy":"product_brand","embeddable":true,"href":"https:\/\/mamaterra.lt\/fr\/wp-json\/wp\/v2\/product_brand?post=22007"},{"taxonomy":"product_cat","embeddable":true,"href":"https:\/\/mamaterra.lt\/fr\/wp-json\/wp\/v2\/product_cat?post=22007"},{"taxonomy":"product_tag","embeddable":true,"href":"https:\/\/mamaterra.lt\/fr\/wp-json\/wp\/v2\/product_tag?post=22007"}],"curies":[{"name":"wp","href":"https:\/\/api.w.org\/{rel}","templated":true}]}}