{"id":21968,"date":"2024-03-01T20:25:42","date_gmt":"2024-03-01T19:25:42","guid":{"rendered":"https:\/\/mamaterra.lt\/parduotuve\/non%20class\u00e9\/myst-sieninis-kistukinis-difuzorius-su-malama-15ml\/"},"modified":"2024-03-01T20:51:18","modified_gmt":"2024-03-01T19:51:18","slug":"diffuseur-myst-et-malama-15ml","status":"publish","type":"product","link":"https:\/\/mamaterra.lt\/fr\/parduotuve\/huiles-essentielles\/melanges-dhuiles-essentielles\/diffuseur-myst-et-malama-15ml\/","title":{"rendered":"Diffuseur Myst et Malama 15ml"},"content":{"rendered":"<p>Une offre exclusive r\u00e9unissant le captivant m\u00e9lange M\u0101lama\u2122 et l&rsquo;innovant Diffuseur Myst.<\/p>\n<p>M\u0101lama\u2122 fait \u00e9cho aux soins nourrissants de M\u00e8re Nature et des femmes importantes dans nos vies, compl\u00e9t\u00e9s par le caract\u00e8re unique du diffuseur Myst qui utilise une technologie d&rsquo;atomisation sans eau et sans chaleur pour rafra\u00eechir instantan\u00e9ment n&rsquo;importe quel espace.<\/p>\n<p>Le diffuseur d\u014dTERRA\u2122 Myst se branche directement au mur et est livr\u00e9 avec une prise europ\u00e9enne<\/p>\n<p>Pr\u00e9parez-vous \u00e0 d\u00e9couvrir la derni\u00e8re innovation en mati\u00e8re de technologie de diffusion &#8211; le diffuseur \u00e0 branchement mural doTERRA Myst ! Ce diffuseur au design in\u00e9dit infuse instantan\u00e9ment tout espace gr\u00e2ce \u00e0 une atomisation de pointe sans eau et sans chaleur. Il suffit d&rsquo;ins\u00e9rer un flacon de 5 ou 15 ml, de le brancher et de laisser la magie du mouvement commencer ! Avec des fonctions telles que des modes de brumisation personnalisables, un mode sombre pour la tranquillit\u00e9 nocturne et un format d&rsquo;alimentation g\u00e9nial, Myst rend l&rsquo;\u00e9l\u00e9vation de votre ambiance plus facile que jamais.<\/p>\n<p>Dimensions : 4,6 x 4,6 x 4,6 x 4,6 x 4,6 4,6 x 4,6 x 7,55 cm. Voir le manuel du diffuseur pour les instructions de nettoyage.<\/p>\n<p>Pr\u00e9cautions<br \/>\nLes huiles essentielles de consistance plus \u00e9paisse peuvent emp\u00eacher le diffuseur de brumiser correctement. Les formules contenant de l&rsquo;huile de coco fractionn\u00e9e ne doivent pas \u00eatre utilis\u00e9es avec ce diffuseur.<\/p>\n","protected":false},"excerpt":{"rendered":"<ul>\n<li>Il suffit d&rsquo;ins\u00e9rer un flacon de 5 ou 15 ml, de le brancher et de laisser la magie du mouvement commencer ! Avec des fonctions telles que des modes de brumisation personnalisables, un mode sombre pour la tranquillit\u00e9 nocturne et un format d&rsquo;alimentation g\u00e9nial, Myst rend l&rsquo;\u00e9l\u00e9vation de votre ambiance plus facile que jamais.\n<p>Dimensions : 4,6 x 4,6 x 4,6 x 4,6 x 4,6 4,6 x 4,6 x 7,55 cm. Voir le manuel du diffuseur pour les instructions de nettoyage.<\/li>\n<\/ul>\n","protected":false},"featured_media":21962,"template":"","meta":{"site-sidebar-layout":"default","site-content-layout":"","ast-site-content-layout":"default","site-content-style":"default","site-sidebar-style":"default","ast-global-header-display":"","ast-banner-title-visibility":"","ast-main-header-display":"","ast-hfb-above-header-display":"","ast-hfb-below-header-display":"","ast-hfb-mobile-header-display":"","site-post-title":"","ast-breadcrumbs-content":"","ast-featured-img":"","footer-sml-layout":"","ast-disable-related-posts":"","theme-transparent-header-meta":"","adv-header-id-meta":"","stick-header-meta":"","header-above-stick-meta":"","header-main-stick-meta":"","header-below-stick-meta":"","astra-migrate-meta-layouts":"set","ast-page-background-enabled":"default","ast-page-background-meta":{"desktop":{"background-color":"","background-image":"","background-repeat":"repeat","background-position":"center center","background-size":"auto","background-attachment":"scroll","background-type":"","background-media":"","overlay-type":"","overlay-color":"","overlay-opacity":"","overlay-gradient":""},"tablet":{"background-color":"","background-image":"","background-repeat":"repeat","background-position":"center center","background-size":"auto","background-attachment":"scroll","background-type":"","background-media":"","overlay-type":"","overlay-color":"","overlay-opacity":"","overlay-gradient":""},"mobile":{"background-color":"","background-image":"","background-repeat":"repeat","background-position":"center center","background-size":"auto","background-attachment":"scroll","background-type":"","background-media":"","overlay-type":"","overlay-color":"","overlay-opacity":"","overlay-gradient":""}},"ast-content-background-meta":{"desktop":{"background-color":"var(--ast-global-color-5)","background-image":"","background-repeat":"repeat","background-position":"center center","background-size":"auto","background-attachment":"scroll","background-type":"","background-media":"","overlay-type":"","overlay-color":"","overlay-opacity":"","overlay-gradient":""},"tablet":{"background-color":"var(--ast-global-color-5)","background-image":"","background-repeat":"repeat","background-position":"center center","background-size":"auto","background-attachment":"scroll","background-type":"","background-media":"","overlay-type":"","overlay-color":"","overlay-opacity":"","overlay-gradient":""},"mobile":{"background-color":"var(--ast-global-color-5)","background-image":"","background-repeat":"repeat","background-position":"center center","background-size":"auto","background-attachment":"scroll","background-type":"","background-media":"","overlay-type":"","overlay-color":"","overlay-opacity":"","overlay-gradient":""}}},"product_brand":[],"product_cat":[1923,1935,1918,1945],"product_tag":[],"class_list":{"0":"post-21968","1":"product","2":"type-product","3":"status-publish","4":"has-post-thumbnail","6":"product_cat-cadeaux","7":"product_cat-cadeaux-pour-hommes","8":"product_cat-diffuseurs","9":"product_cat-melanges-dhuiles-essentielles","10":"desktop-align-left","11":"tablet-align-left","12":"mobile-align-left","14":"first","15":"instock","16":"taxable","17":"shipping-taxable","18":"product-type-simple"},"_links":{"self":[{"href":"https:\/\/mamaterra.lt\/fr\/wp-json\/wp\/v2\/product\/21968","targetHints":{"allow":["GET"]}}],"collection":[{"href":"https:\/\/mamaterra.lt\/fr\/wp-json\/wp\/v2\/product"}],"about":[{"href":"https:\/\/mamaterra.lt\/fr\/wp-json\/wp\/v2\/types\/product"}],"wp:featuredmedia":[{"embeddable":true,"href":"https:\/\/mamaterra.lt\/fr\/wp-json\/wp\/v2\/media\/21962"}],"wp:attachment":[{"href":"https:\/\/mamaterra.lt\/fr\/wp-json\/wp\/v2\/media?parent=21968"}],"wp:term":[{"taxonomy":"product_brand","embeddable":true,"href":"https:\/\/mamaterra.lt\/fr\/wp-json\/wp\/v2\/product_brand?post=21968"},{"taxonomy":"product_cat","embeddable":true,"href":"https:\/\/mamaterra.lt\/fr\/wp-json\/wp\/v2\/product_cat?post=21968"},{"taxonomy":"product_tag","embeddable":true,"href":"https:\/\/mamaterra.lt\/fr\/wp-json\/wp\/v2\/product_tag?post=21968"}],"curies":[{"name":"wp","href":"https:\/\/api.w.org\/{rel}","templated":true}]}}