{"id":21800,"date":"2023-08-24T21:20:20","date_gmt":"2023-08-24T20:20:20","guid":{"rendered":"https:\/\/mamaterra.lt\/parduotuve\/non%20class\u00e9\/litsea-japoniniu-laureniu-eterinis-aliejus-15-ml\/"},"modified":"2024-02-28T22:36:41","modified_gmt":"2024-02-28T21:36:41","slug":"doterra-litsea-15-ml","status":"publish","type":"product","link":"https:\/\/mamaterra.lt\/fr\/parduotuve\/huiles-essentielles\/melanges-dhuiles-essentielles\/doterra-litsea-15-ml\/","title":{"rendered":"doTERRA Litsea 15 ml"},"content":{"rendered":"<p>Litsea cubeba<br \/>\nLitsea cubeba est un arbre ou un arbuste \u00e0 feuilles persistantes appartenant \u00e0 la famille des Lauraceae. Son fruit produit de la litsea, une huile essentielle qui rappelle le citron. Originaire d&rsquo;Asie de l&rsquo;Est, la litsea est utilis\u00e9e depuis longtemps par les populations indig\u00e8nes de Ta\u00efwan et a \u00e9t\u00e9 largement diffus\u00e9e au Japon, \u00e0 Ta\u00efwan, en Chine m\u00e9ridionale et en Asie du Sud-Est. Le g\u00e9ranium et le n\u00e9ral sont \u00e9galement pr\u00e9sents dans la citronnelle, dont les odeurs et les propri\u00e9t\u00e9s sont tr\u00e8s similaires.<\/p>\n<p>Utilisations<br \/>\nAjouter \u00e0 votre smoothie matinal pr\u00e9f\u00e9r\u00e9 pour une explosion de saveur rafra\u00eechissante.<br \/>\nUtiliser dans la cuisine asiatique, les soupes, les th\u00e9s et les currys.<br \/>\nSe m\u00e9lange bien avec le basilic, la cardamome ou la menthe verte.<br \/>\nMode d&#8217;emploi<br \/>\nPour l&rsquo;aromatisation des aliments.<br \/>\nPr\u00e9cautions<br \/>\nN&rsquo;utiliser que dilu\u00e9. Ne pas prendre plus d&rsquo;une goutte par jour. Tenir hors de port\u00e9e des enfants. Tenir \u00e0 l&rsquo;\u00e9cart des yeux et des muqueuses.<\/p>\n","protected":false},"excerpt":{"rendered":"<p>Litsea cubeba est un arbre ou un arbuste \u00e0 feuilles persistantes appartenant \u00e0 la famille des Laurac\u00e9es. Son fruit produit la lits\u00e9e, une huile essentielle qui rappelle le citron. Originaire d&rsquo;Asie de l&rsquo;Est, la litsea est utilis\u00e9e depuis longtemps par les populations indig\u00e8nes de Ta\u00efwan et a \u00e9t\u00e9 largement diffus\u00e9e au Japon, \u00e0 Ta\u00efwan, en Chine du Sud et en Asie du Sud-Est. Le g\u00e9ranium et le n\u00e9ral sont \u00e9galement pr\u00e9sents dans la citronnelle, dont les senteurs et les propri\u00e9t\u00e9s sont tr\u00e8s similaires.<\/p>\n","protected":false},"featured_media":21801,"template":"","meta":{"site-sidebar-layout":"default","site-content-layout":"","ast-site-content-layout":"default","site-content-style":"default","site-sidebar-style":"default","ast-global-header-display":"","ast-banner-title-visibility":"","ast-main-header-display":"","ast-hfb-above-header-display":"","ast-hfb-below-header-display":"","ast-hfb-mobile-header-display":"","site-post-title":"","ast-breadcrumbs-content":"","ast-featured-img":"","footer-sml-layout":"","ast-disable-related-posts":"","theme-transparent-header-meta":"default","adv-header-id-meta":"","stick-header-meta":"","header-above-stick-meta":"","header-main-stick-meta":"","header-below-stick-meta":"","astra-migrate-meta-layouts":"set","ast-page-background-enabled":"default","ast-page-background-meta":{"desktop":{"background-color":"","background-image":"","background-repeat":"repeat","background-position":"center center","background-size":"auto","background-attachment":"scroll","background-type":"","background-media":"","overlay-type":"","overlay-color":"","overlay-opacity":"","overlay-gradient":""},"tablet":{"background-color":"","background-image":"","background-repeat":"repeat","background-position":"center center","background-size":"auto","background-attachment":"scroll","background-type":"","background-media":"","overlay-type":"","overlay-color":"","overlay-opacity":"","overlay-gradient":""},"mobile":{"background-color":"","background-image":"","background-repeat":"repeat","background-position":"center center","background-size":"auto","background-attachment":"scroll","background-type":"","background-media":"","overlay-type":"","overlay-color":"","overlay-opacity":"","overlay-gradient":""}},"ast-content-background-meta":{"desktop":{"background-color":"var(--ast-global-color-5)","background-image":"","background-repeat":"repeat","background-position":"center center","background-size":"auto","background-attachment":"scroll","background-type":"","background-media":"","overlay-type":"","overlay-color":"","overlay-opacity":"","overlay-gradient":""},"tablet":{"background-color":"var(--ast-global-color-5)","background-image":"","background-repeat":"repeat","background-position":"center center","background-size":"auto","background-attachment":"scroll","background-type":"","background-media":"","overlay-type":"","overlay-color":"","overlay-opacity":"","overlay-gradient":""},"mobile":{"background-color":"var(--ast-global-color-5)","background-image":"","background-repeat":"repeat","background-position":"center center","background-size":"auto","background-attachment":"scroll","background-type":"","background-media":"","overlay-type":"","overlay-color":"","overlay-opacity":"","overlay-gradient":""}}},"product_brand":[],"product_cat":[1940,1945],"product_tag":[],"class_list":{"0":"post-21800","1":"product","2":"type-product","3":"status-publish","4":"has-post-thumbnail","6":"product_cat-huiles-essentielles","7":"product_cat-melanges-dhuiles-essentielles","8":"desktop-align-left","9":"tablet-align-left","10":"mobile-align-left","12":"first","13":"outofstock","14":"taxable","15":"shipping-taxable","16":"purchasable","17":"product-type-simple"},"_links":{"self":[{"href":"https:\/\/mamaterra.lt\/fr\/wp-json\/wp\/v2\/product\/21800","targetHints":{"allow":["GET"]}}],"collection":[{"href":"https:\/\/mamaterra.lt\/fr\/wp-json\/wp\/v2\/product"}],"about":[{"href":"https:\/\/mamaterra.lt\/fr\/wp-json\/wp\/v2\/types\/product"}],"wp:featuredmedia":[{"embeddable":true,"href":"https:\/\/mamaterra.lt\/fr\/wp-json\/wp\/v2\/media\/21801"}],"wp:attachment":[{"href":"https:\/\/mamaterra.lt\/fr\/wp-json\/wp\/v2\/media?parent=21800"}],"wp:term":[{"taxonomy":"product_brand","embeddable":true,"href":"https:\/\/mamaterra.lt\/fr\/wp-json\/wp\/v2\/product_brand?post=21800"},{"taxonomy":"product_cat","embeddable":true,"href":"https:\/\/mamaterra.lt\/fr\/wp-json\/wp\/v2\/product_cat?post=21800"},{"taxonomy":"product_tag","embeddable":true,"href":"https:\/\/mamaterra.lt\/fr\/wp-json\/wp\/v2\/product_tag?post=21800"}],"curies":[{"name":"wp","href":"https:\/\/api.w.org\/{rel}","templated":true}]}}