{"id":21779,"date":"2023-04-30T17:42:56","date_gmt":"2023-04-30T16:42:56","guid":{"rendered":"https:\/\/mamaterra.lt\/parduotuve\/non%20class\u00e9\/doterra-abode-eteriniu-alieju-misinys-15ml\/"},"modified":"2024-03-10T19:31:29","modified_gmt":"2024-03-10T18:31:29","slug":"doterra-abode-melange-dhuiles-essentielles-15ml","status":"publish","type":"product","link":"https:\/\/mamaterra.lt\/fr\/parduotuve\/huiles-essentielles\/melanges-dhuiles-essentielles\/doterra-abode-melange-dhuiles-essentielles-15ml\/","title":{"rendered":"doTERRA Abode M\u00e9lange d&rsquo;huiles essentielles 15ml"},"content":{"rendered":"<p>M\u00e9lange rafra\u00eechissant<\/p>\n<p>Le m\u00e9lange exclusif doTERRA abode est un m\u00e9lange dynamique d&rsquo;huiles essentielles CPTG\u2122 contenant du citron vert distill\u00e9, de la lits\u00e9e, de la casse et de la cannelle, Eucalyptus citronn\u00e9, Tea Tree, Arborvitae, Eucalyptus kochii, Coriandre, Lavandin, Myrte citronn\u00e9. Elle est riche en composants efficaces tels que le limon\u00e8ne, le g\u00e9ranium, le n\u00e9ral et le 1,8-cin\u00e9ole. L&rsquo;huile extraite de l&rsquo;eucalyptus Kochii, qui ne pousse que dans le climat semi-aride de l&rsquo;Australie occidentale, a une concentration en 1,8-cin\u00e9ole (ou eucalyptol) plus \u00e9lev\u00e9e que toute autre huile d&rsquo;eucalyptus. Le m\u00e9lange dans la maison doTERRA est toujours rafra\u00eechissant.<\/p>\n<p>Utilisation<br \/>\nConservez cette huile dans votre salle de bain et profitez de son effet nettoyant et rafra\u00eechissant sur votre peau.<br \/>\nO\u00f9 que vous alliez, emportez l&rsquo;ar\u00f4me frais de abode avec vous.<br \/>\nCr\u00e9ez un sanctuaire personnel avant une journ\u00e9e bien remplie en utilisant abode dans le cadre de votre routine matinale.<br \/>\nMode d&#8217;emploi<\/p>\n<p>M\u00e9langez 5 gouttes d&rsquo;huile \u00e0 10 ml d&rsquo;huile de base pour le massage. Pour le bain, m\u00e9langez 5 gouttes d&rsquo;huile \u00e0 5 ml d&rsquo;huile de base. Pour le parfum, m\u00e9langer 1 goutte \u00e0 10 gouttes d&rsquo;huile de base. Pour usage externe uniquement.<br \/>\nPr\u00e9cautions d&#8217;emploi<\/p>\n<p>Peut provoquer une irritation de la peau. Tenir hors de port\u00e9e des enfants. En cas de grossesse ou de traitement m\u00e9dical, consultez votre m\u00e9decin. \u00c9viter tout contact avec les yeux, l&rsquo;oreille interne et le lobe de l&rsquo;oreille.<\/p>\n","protected":false},"excerpt":{"rendered":"<p>Aux huiles essentielles CPTG\u2122, connues pour leurs ingr\u00e9dients purifiants tels que le limon\u00e8ne, le g\u00e9ranial et le n\u00e9ral.<br \/>\nAvec l&rsquo;huile essentielle d&rsquo;eucalyptus de Kochii (huile d&rsquo;eucalyptus), qui a la teneur la plus \u00e9lev\u00e9e en 1,8-cin\u00e9ole.<br \/>\nAr\u00f4me frais d&rsquo;agrumes.<\/p>\n","protected":false},"featured_media":21780,"template":"","meta":{"site-sidebar-layout":"default","site-content-layout":"default","ast-site-content-layout":"default","site-content-style":"default","site-sidebar-style":"default","ast-global-header-display":"","ast-banner-title-visibility":"","ast-main-header-display":"","ast-hfb-above-header-display":"","ast-hfb-below-header-display":"","ast-hfb-mobile-header-display":"","site-post-title":"","ast-breadcrumbs-content":"","ast-featured-img":"","footer-sml-layout":"","ast-disable-related-posts":"","theme-transparent-header-meta":"default","adv-header-id-meta":"","stick-header-meta":"","header-above-stick-meta":"","header-main-stick-meta":"","header-below-stick-meta":"","astra-migrate-meta-layouts":"set","ast-page-background-enabled":"default","ast-page-background-meta":{"desktop":{"background-color":"","background-image":"","background-repeat":"repeat","background-position":"center center","background-size":"auto","background-attachment":"scroll","background-type":"","background-media":"","overlay-type":"","overlay-color":"","overlay-opacity":"","overlay-gradient":""},"tablet":{"background-color":"","background-image":"","background-repeat":"repeat","background-position":"center center","background-size":"auto","background-attachment":"scroll","background-type":"","background-media":"","overlay-type":"","overlay-color":"","overlay-opacity":"","overlay-gradient":""},"mobile":{"background-color":"","background-image":"","background-repeat":"repeat","background-position":"center center","background-size":"auto","background-attachment":"scroll","background-type":"","background-media":"","overlay-type":"","overlay-color":"","overlay-opacity":"","overlay-gradient":""}},"ast-content-background-meta":{"desktop":{"background-color":"var(--ast-global-color-5)","background-image":"","background-repeat":"repeat","background-position":"center center","background-size":"auto","background-attachment":"scroll","background-type":"","background-media":"","overlay-type":"","overlay-color":"","overlay-opacity":"","overlay-gradient":""},"tablet":{"background-color":"var(--ast-global-color-5)","background-image":"","background-repeat":"repeat","background-position":"center center","background-size":"auto","background-attachment":"scroll","background-type":"","background-media":"","overlay-type":"","overlay-color":"","overlay-opacity":"","overlay-gradient":""},"mobile":{"background-color":"var(--ast-global-color-5)","background-image":"","background-repeat":"repeat","background-position":"center center","background-size":"auto","background-attachment":"scroll","background-type":"","background-media":"","overlay-type":"","overlay-color":"","overlay-opacity":"","overlay-gradient":""}}},"product_brand":[],"product_cat":[2013,1940,1990,1945,2035],"product_tag":[],"class_list":{"0":"post-21779","1":"product","2":"type-product","3":"status-publish","4":"has-post-thumbnail","6":"product_cat-contre-les-moustiques-et-les-tiques","7":"product_cat-huiles-essentielles","8":"product_cat-immunite","9":"product_cat-melanges-dhuiles-essentielles","10":"product_cat-purification-de-lair","11":"desktop-align-left","12":"tablet-align-left","13":"mobile-align-left","15":"first","16":"instock","17":"taxable","18":"shipping-taxable","19":"purchasable","20":"product-type-simple"},"_links":{"self":[{"href":"https:\/\/mamaterra.lt\/fr\/wp-json\/wp\/v2\/product\/21779","targetHints":{"allow":["GET"]}}],"collection":[{"href":"https:\/\/mamaterra.lt\/fr\/wp-json\/wp\/v2\/product"}],"about":[{"href":"https:\/\/mamaterra.lt\/fr\/wp-json\/wp\/v2\/types\/product"}],"wp:featuredmedia":[{"embeddable":true,"href":"https:\/\/mamaterra.lt\/fr\/wp-json\/wp\/v2\/media\/21780"}],"wp:attachment":[{"href":"https:\/\/mamaterra.lt\/fr\/wp-json\/wp\/v2\/media?parent=21779"}],"wp:term":[{"taxonomy":"product_brand","embeddable":true,"href":"https:\/\/mamaterra.lt\/fr\/wp-json\/wp\/v2\/product_brand?post=21779"},{"taxonomy":"product_cat","embeddable":true,"href":"https:\/\/mamaterra.lt\/fr\/wp-json\/wp\/v2\/product_cat?post=21779"},{"taxonomy":"product_tag","embeddable":true,"href":"https:\/\/mamaterra.lt\/fr\/wp-json\/wp\/v2\/product_tag?post=21779"}],"curies":[{"name":"wp","href":"https:\/\/api.w.org\/{rel}","templated":true}]}}