{"id":21623,"date":"2023-06-22T21:16:29","date_gmt":"2023-06-22T20:16:29","guid":{"rendered":"https:\/\/mamaterra.lt\/parduotuve\/non%20class\u00e9\/doterra-helichrysum-touch\/"},"modified":"2024-03-10T19:23:19","modified_gmt":"2024-03-10T18:23:19","slug":"doterra-helichrysum-touch","status":"publish","type":"product","link":"https:\/\/mamaterra.lt\/fr\/parduotuve\/huiles-essentielles\/huiles-essentielles-pures\/doterra-helichrysum-touch\/","title":{"rendered":"doTERRA Helichrysum Touch"},"content":{"rendered":"<h6>doTERRA Helichrysum Touch, 10 ml<\/h6>\n<p>Un \u00e9quilibre parfait entre l&rsquo;huile essentielle de mol\u00e8ne italienne et l&rsquo;huile de noix de coco fractionn\u00e9e compose doTERRA Helichrysum Touch. L&rsquo;Helichrysum italicum, mieux connu pour ses propri\u00e9t\u00e9s r\u00e9paratrices locales, est utilis\u00e9 dans les pratiques de sant\u00e9 \u00e0 base de plantes depuis la Gr\u00e8ce antique. Helichrysum Touch favorise un teint \u00e9clatant et jeune et peut aider \u00e0 r\u00e9duire les signes du vieillissement.<\/p>\n<p>L&rsquo;huile essentielle d&rsquo;h\u00e9lichryse italique est un miracle pour la peau. Si vous cherchez un moyen naturel de r\u00e9duire les rides, les cicatrices et les rougeurs, vous devriez donner une chance \u00e0 cette merveille naturelle.<\/p>\n<p>L&rsquo;huile essentielle de millepertuis a un effet anti-\u00e2ge tr\u00e8s puissant et est utilis\u00e9e comme ingr\u00e9dient actif dans les lignes cosm\u00e9tiques les plus luxueuses con\u00e7ues pour ralentir les signes du passage du temps.<\/p>\n<p>Connue en France comme l&rsquo;\u00e9lixir de jeunesse, l&rsquo;huile augmente la teneur naturelle en collag\u00e8ne, ce qui se traduit par une r\u00e9duction significative des rides, une plus grande fermet\u00e9 et une am\u00e9lioration visible de l&rsquo;aspect de la peau.<\/p>\n<p>L&rsquo;huile p\u00e9n\u00e8tre profond\u00e9ment dans la peau, stimule la r\u00e9g\u00e9n\u00e9ration cellulaire, poss\u00e8de des propri\u00e9t\u00e9s antioxydantes, aide les personnes souffrant de capillaires dilat\u00e9s, d&rsquo;h\u00e9matomes et est consid\u00e9r\u00e9e comme tr\u00e8s efficace pour r\u00e9duire les cicatrices.<\/p>\n","protected":false},"excerpt":{"rendered":"<p>L&rsquo;huile essentielle d&rsquo;h\u00e9lichryse italique est un miracle pour la peau. Si vous cherchez un moyen naturel de r\u00e9duire les rides, les cicatrices et les rougeurs, vous devriez donner une chance \u00e0 cette merveille naturelle.<\/p>\n","protected":false},"featured_media":21624,"template":"","meta":{"site-sidebar-layout":"default","site-content-layout":"default","ast-site-content-layout":"default","site-content-style":"default","site-sidebar-style":"default","ast-global-header-display":"","ast-banner-title-visibility":"","ast-main-header-display":"","ast-hfb-above-header-display":"","ast-hfb-below-header-display":"","ast-hfb-mobile-header-display":"","site-post-title":"","ast-breadcrumbs-content":"","ast-featured-img":"","footer-sml-layout":"","ast-disable-related-posts":"","theme-transparent-header-meta":"default","adv-header-id-meta":"","stick-header-meta":"","header-above-stick-meta":"","header-main-stick-meta":"","header-below-stick-meta":"","astra-migrate-meta-layouts":"set","ast-page-background-enabled":"default","ast-page-background-meta":{"desktop":{"background-color":"","background-image":"","background-repeat":"repeat","background-position":"center center","background-size":"auto","background-attachment":"scroll","background-type":"","background-media":"","overlay-type":"","overlay-color":"","overlay-opacity":"","overlay-gradient":""},"tablet":{"background-color":"","background-image":"","background-repeat":"repeat","background-position":"center center","background-size":"auto","background-attachment":"scroll","background-type":"","background-media":"","overlay-type":"","overlay-color":"","overlay-opacity":"","overlay-gradient":""},"mobile":{"background-color":"","background-image":"","background-repeat":"repeat","background-position":"center center","background-size":"auto","background-attachment":"scroll","background-type":"","background-media":"","overlay-type":"","overlay-color":"","overlay-opacity":"","overlay-gradient":""}},"ast-content-background-meta":{"desktop":{"background-color":"var(--ast-global-color-5)","background-image":"","background-repeat":"repeat","background-position":"center center","background-size":"auto","background-attachment":"scroll","background-type":"","background-media":"","overlay-type":"","overlay-color":"","overlay-opacity":"","overlay-gradient":""},"tablet":{"background-color":"var(--ast-global-color-5)","background-image":"","background-repeat":"repeat","background-position":"center center","background-size":"auto","background-attachment":"scroll","background-type":"","background-media":"","overlay-type":"","overlay-color":"","overlay-opacity":"","overlay-gradient":""},"mobile":{"background-color":"var(--ast-global-color-5)","background-image":"","background-repeat":"repeat","background-position":"center center","background-size":"auto","background-attachment":"scroll","background-type":"","background-media":"","overlay-type":"","overlay-color":"","overlay-opacity":"","overlay-gradient":""}}},"product_brand":[],"product_cat":[1950],"product_tag":[],"class_list":{"0":"post-21623","1":"product","2":"type-product","3":"status-publish","4":"has-post-thumbnail","6":"product_cat-huiles-essentielles-pures","7":"desktop-align-left","8":"tablet-align-left","9":"mobile-align-left","11":"first","12":"instock","13":"taxable","14":"shipping-taxable","15":"purchasable","16":"product-type-simple"},"_links":{"self":[{"href":"https:\/\/mamaterra.lt\/fr\/wp-json\/wp\/v2\/product\/21623","targetHints":{"allow":["GET"]}}],"collection":[{"href":"https:\/\/mamaterra.lt\/fr\/wp-json\/wp\/v2\/product"}],"about":[{"href":"https:\/\/mamaterra.lt\/fr\/wp-json\/wp\/v2\/types\/product"}],"wp:featuredmedia":[{"embeddable":true,"href":"https:\/\/mamaterra.lt\/fr\/wp-json\/wp\/v2\/media\/21624"}],"wp:attachment":[{"href":"https:\/\/mamaterra.lt\/fr\/wp-json\/wp\/v2\/media?parent=21623"}],"wp:term":[{"taxonomy":"product_brand","embeddable":true,"href":"https:\/\/mamaterra.lt\/fr\/wp-json\/wp\/v2\/product_brand?post=21623"},{"taxonomy":"product_cat","embeddable":true,"href":"https:\/\/mamaterra.lt\/fr\/wp-json\/wp\/v2\/product_cat?post=21623"},{"taxonomy":"product_tag","embeddable":true,"href":"https:\/\/mamaterra.lt\/fr\/wp-json\/wp\/v2\/product_tag?post=21623"}],"curies":[{"name":"wp","href":"https:\/\/api.w.org\/{rel}","templated":true}]}}