{"id":21607,"date":"2021-04-19T08:09:21","date_gmt":"2021-04-19T07:09:21","guid":{"rendered":"https:\/\/mamaterra.lt\/parduotuve\/non%20class\u00e9\/roziu-rose-touch-doterra-eteriniu-alieju-misinys-10ml\/"},"modified":"2024-02-23T22:20:18","modified_gmt":"2024-02-23T21:20:18","slug":"rose-touch-doterra-10ml","status":"publish","type":"product","link":"https:\/\/mamaterra.lt\/fr\/parduotuve\/huiles-essentielles\/melanges-dhuiles-essentielles\/rose-touch-doterra-10ml\/","title":{"rendered":"ROSE TOUCH doTERRA 10ml"},"content":{"rendered":"<p><strong>ROSE TOUCH doTERRA\u00a0<\/strong><\/p>\n<p>10 ml<\/p>\n<p>&nbsp;<\/p>\n<p>doTERRA Rose Touch vous permet de profiter des puissants bienfaits de l&rsquo;huile essentielle de rose dans un flacon pratique dot\u00e9 d&rsquo;un applicateur \u00e0 bille. Vous pouvez utiliser ce m\u00e9lange tout au long de la journ\u00e9e pour stimuler votre humeur ou dans le cadre de votre routine de soins pour une peau d&rsquo;apparence saine.<\/p>\n<p>Stimulant sur le plan \u00e9motionnel<br \/>\nMaintient l&rsquo;\u00e9quilibre hydrique de la peau<br \/>\nDonne un teint uniforme et une apparence saine \u00e0 la peau.<\/p>\n<p>&nbsp;<\/p>\n<p>Pour plus d&rsquo;informations sur le m\u00e9lange d&rsquo;huiles ROSE TOUCH doTERRAether, regardez la vid\u00e9o ci-dessous.<\/p>\n<p><iframe title=\"doTERRA Rose Touch (Translated Subtitles)\" src=\"https:\/\/www.youtube.com\/embed\/ikQYvXgTiJA\" width=\"942\" height=\"530\" frameborder=\"0\" allowfullscreen=\"allowfullscreen\"><\/iframe><\/p>\n","protected":false},"excerpt":{"rendered":"<ul>\n<li>\n<h6>23 &#8211; 29 f\u00e9vrier 2024 vous recevrez 15ml Geranium en cadeau<\/h6>\n<\/li>\n<\/ul>\n","protected":false},"featured_media":21608,"template":"","meta":{"site-sidebar-layout":"default","site-content-layout":"default","ast-site-content-layout":"default","site-content-style":"default","site-sidebar-style":"default","ast-global-header-display":"","ast-banner-title-visibility":"","ast-main-header-display":"","ast-hfb-above-header-display":"","ast-hfb-below-header-display":"","ast-hfb-mobile-header-display":"","site-post-title":"","ast-breadcrumbs-content":"","ast-featured-img":"","footer-sml-layout":"","ast-disable-related-posts":"","theme-transparent-header-meta":"default","adv-header-id-meta":"","stick-header-meta":"","header-above-stick-meta":"","header-main-stick-meta":"","header-below-stick-meta":"","astra-migrate-meta-layouts":"set","ast-page-background-enabled":"default","ast-page-background-meta":{"desktop":{"background-color":"","background-image":"","background-repeat":"repeat","background-position":"center center","background-size":"auto","background-attachment":"scroll","background-type":"","background-media":"","overlay-type":"","overlay-color":"","overlay-opacity":"","overlay-gradient":""},"tablet":{"background-color":"","background-image":"","background-repeat":"repeat","background-position":"center center","background-size":"auto","background-attachment":"scroll","background-type":"","background-media":"","overlay-type":"","overlay-color":"","overlay-opacity":"","overlay-gradient":""},"mobile":{"background-color":"","background-image":"","background-repeat":"repeat","background-position":"center center","background-size":"auto","background-attachment":"scroll","background-type":"","background-media":"","overlay-type":"","overlay-color":"","overlay-opacity":"","overlay-gradient":""}},"ast-content-background-meta":{"desktop":{"background-color":"var(--ast-global-color-5)","background-image":"","background-repeat":"repeat","background-position":"center center","background-size":"auto","background-attachment":"scroll","background-type":"","background-media":"","overlay-type":"","overlay-color":"","overlay-opacity":"","overlay-gradient":""},"tablet":{"background-color":"var(--ast-global-color-5)","background-image":"","background-repeat":"repeat","background-position":"center center","background-size":"auto","background-attachment":"scroll","background-type":"","background-media":"","overlay-type":"","overlay-color":"","overlay-opacity":"","overlay-gradient":""},"mobile":{"background-color":"var(--ast-global-color-5)","background-image":"","background-repeat":"repeat","background-position":"center center","background-size":"auto","background-attachment":"scroll","background-type":"","background-media":"","overlay-type":"","overlay-color":"","overlay-opacity":"","overlay-gradient":""}}},"product_brand":[],"product_cat":[1940,1945],"product_tag":[2079,3237,2526],"class_list":{"0":"post-21607","1":"product","2":"type-product","3":"status-publish","4":"has-post-thumbnail","6":"product_cat-huiles-essentielles","7":"product_cat-melanges-dhuiles-essentielles","8":"product_tag-10-ml-fr","9":"product_tag-melanges-dhuiles-essentielles","10":"product_tag-rose-touch-fr","11":"desktop-align-left","12":"tablet-align-left","13":"mobile-align-left","15":"first","16":"instock","17":"sale","18":"taxable","19":"shipping-taxable","20":"purchasable","21":"product-type-simple"},"_links":{"self":[{"href":"https:\/\/mamaterra.lt\/fr\/wp-json\/wp\/v2\/product\/21607","targetHints":{"allow":["GET"]}}],"collection":[{"href":"https:\/\/mamaterra.lt\/fr\/wp-json\/wp\/v2\/product"}],"about":[{"href":"https:\/\/mamaterra.lt\/fr\/wp-json\/wp\/v2\/types\/product"}],"wp:featuredmedia":[{"embeddable":true,"href":"https:\/\/mamaterra.lt\/fr\/wp-json\/wp\/v2\/media\/21608"}],"wp:attachment":[{"href":"https:\/\/mamaterra.lt\/fr\/wp-json\/wp\/v2\/media?parent=21607"}],"wp:term":[{"taxonomy":"product_brand","embeddable":true,"href":"https:\/\/mamaterra.lt\/fr\/wp-json\/wp\/v2\/product_brand?post=21607"},{"taxonomy":"product_cat","embeddable":true,"href":"https:\/\/mamaterra.lt\/fr\/wp-json\/wp\/v2\/product_cat?post=21607"},{"taxonomy":"product_tag","embeddable":true,"href":"https:\/\/mamaterra.lt\/fr\/wp-json\/wp\/v2\/product_tag?post=21607"}],"curies":[{"name":"wp","href":"https:\/\/api.w.org\/{rel}","templated":true}]}}