{"id":21590,"date":"2024-02-23T21:32:35","date_gmt":"2024-02-23T20:32:35","guid":{"rendered":"https:\/\/mamaterra.lt\/parduotuve\/non%20class\u00e9\/doterra-citrus-spring-15ml\/"},"modified":"2024-03-07T20:40:55","modified_gmt":"2024-03-07T19:40:55","slug":"doterra-citrus-spring-15ml","status":"publish","type":"product","link":"https:\/\/mamaterra.lt\/fr\/parduotuve\/huiles-essentielles\/melanges-dhuiles-essentielles\/doterra-citrus-spring-15ml\/","title":{"rendered":"doTERRA Citrus Spring 15ml"},"content":{"rendered":"<h6 class=\"spotlight__head-title\">Citrus Spring<\/h6>\n<h6 class=\"spotlight__head-latin-title\">M\u00e9lange Fleuri<\/h6>\n<div class=\"spotlight__head-copy\">\n<p>Le printemps apporte un regain de vie et d&rsquo;\u00e9nergie au monde. Le soleil brille, les oiseaux chantent, les arbres et les jardins fleurissent. De m\u00eame, le m\u00e9lange doTERRA Citrus Spring Blooming Blend est le m\u00e9lange parfait pour vous aider \u00e0 accueillir les nouvelles saisons de votre vie. Ce m\u00e9lange calmant et relaxant peut aider \u00e0 cr\u00e9er un environnement et une humeur positifs lorsqu&rsquo;il est appliqu\u00e9 par voie topique. Son ar\u00f4me rappelle une fra\u00eeche journ\u00e9e de printemps, avec des notes d&rsquo;agrumes et de fleurs douces. doTERRA Citrus Spring r\u00e9unit les huiles essentielles CPTG\u2122 d&rsquo;orange sauvage, de lavande, de bergamote, de sapin Douglas, de bois de c\u00e8dre, de sauge sclar\u00e9e et de lits\u00e9e, toutes reconnues pour leurs bienfaits uniques. Commencez \u00e0 vous rafra\u00eechir tous les jours avec doTERRA Citrus Spring !<\/p>\n<ul class=\"spotlight__list-custom custom-list\">\n<li>Appliquer localement chaque matin pour accueillir la nouvelle journ\u00e9e.<br \/>\nUtiliser avant le coucher ou dans le cadre d&rsquo;une routine de relaxation pour favoriser la positivit\u00e9 et le calme.<br \/>\nM\u00e9langer avec de l&rsquo;huile de coco fractionn\u00e9e ou une lotion non parfum\u00e9e et utiliser dans le cadre d&rsquo;un massage relaxant.<br \/>\nMode d&#8217;emploi<br \/>\nPour le massage, m\u00e9langer 5 gouttes avec \u2248 10 ml d&rsquo;huile de support. Pour le bain, m\u00e9langez 5 gouttes avec \u2248 5 ml d&rsquo;huile de support. Pour parfumer, m\u00e9langer 1 goutte \u00e0 10 gouttes d&rsquo;huile de support. Pour usage topique uniquement.<br \/>\nPr\u00e9cautions<br \/>\nSensibilit\u00e9 cutan\u00e9e possible. Tenir hors de port\u00e9e des enfants. Consulter votre m\u00e9decin en cas de grossesse ou de traitement. \u00c9viter les yeux, les oreilles internes et les zones sensibles. \u00c9viter la lumi\u00e8re du soleil et les rayons UV pendant au moins 12 heures apr\u00e8s l&rsquo;application.<\/li>\n<\/ul>\n<\/div>\n","protected":false},"excerpt":{"rendered":"<p>Utiliser avant le coucher ou dans le cadre d&rsquo;une routine de relaxation pour favoriser la positivit\u00e9 et le calme.M\u00e9langer avec de l&rsquo;huile de coco fractionn\u00e9e ou une lotion non parfum\u00e9e et utiliser dans le cadre d&rsquo;un massage relaxant.<\/p>\n","protected":false},"featured_media":23735,"template":"","meta":{"site-sidebar-layout":"default","site-content-layout":"","ast-site-content-layout":"default","site-content-style":"default","site-sidebar-style":"default","ast-global-header-display":"","ast-banner-title-visibility":"","ast-main-header-display":"","ast-hfb-above-header-display":"","ast-hfb-below-header-display":"","ast-hfb-mobile-header-display":"","site-post-title":"","ast-breadcrumbs-content":"","ast-featured-img":"","footer-sml-layout":"","ast-disable-related-posts":"","theme-transparent-header-meta":"","adv-header-id-meta":"","stick-header-meta":"","header-above-stick-meta":"","header-main-stick-meta":"","header-below-stick-meta":"","astra-migrate-meta-layouts":"set","ast-page-background-enabled":"default","ast-page-background-meta":{"desktop":{"background-color":"","background-image":"","background-repeat":"repeat","background-position":"center center","background-size":"auto","background-attachment":"scroll","background-type":"","background-media":"","overlay-type":"","overlay-color":"","overlay-opacity":"","overlay-gradient":""},"tablet":{"background-color":"","background-image":"","background-repeat":"repeat","background-position":"center center","background-size":"auto","background-attachment":"scroll","background-type":"","background-media":"","overlay-type":"","overlay-color":"","overlay-opacity":"","overlay-gradient":""},"mobile":{"background-color":"","background-image":"","background-repeat":"repeat","background-position":"center center","background-size":"auto","background-attachment":"scroll","background-type":"","background-media":"","overlay-type":"","overlay-color":"","overlay-opacity":"","overlay-gradient":""}},"ast-content-background-meta":{"desktop":{"background-color":"var(--ast-global-color-5)","background-image":"","background-repeat":"repeat","background-position":"center center","background-size":"auto","background-attachment":"scroll","background-type":"","background-media":"","overlay-type":"","overlay-color":"","overlay-opacity":"","overlay-gradient":""},"tablet":{"background-color":"var(--ast-global-color-5)","background-image":"","background-repeat":"repeat","background-position":"center center","background-size":"auto","background-attachment":"scroll","background-type":"","background-media":"","overlay-type":"","overlay-color":"","overlay-opacity":"","overlay-gradient":""},"mobile":{"background-color":"var(--ast-global-color-5)","background-image":"","background-repeat":"repeat","background-position":"center center","background-size":"auto","background-attachment":"scroll","background-type":"","background-media":"","overlay-type":"","overlay-color":"","overlay-opacity":"","overlay-gradient":""}}},"product_brand":[],"product_cat":[2005,1940,2040,1945],"product_tag":[],"class_list":{"0":"post-21590","1":"product","2":"type-product","3":"status-publish","4":"has-post-thumbnail","6":"product_cat-dormir-fr","7":"product_cat-huiles-essentielles","8":"product_cat-la-gestion-du-stress","9":"product_cat-melanges-dhuiles-essentielles","10":"desktop-align-left","11":"tablet-align-left","12":"mobile-align-left","14":"first","15":"instock","16":"taxable","17":"shipping-taxable","18":"product-type-simple"},"_links":{"self":[{"href":"https:\/\/mamaterra.lt\/fr\/wp-json\/wp\/v2\/product\/21590","targetHints":{"allow":["GET"]}}],"collection":[{"href":"https:\/\/mamaterra.lt\/fr\/wp-json\/wp\/v2\/product"}],"about":[{"href":"https:\/\/mamaterra.lt\/fr\/wp-json\/wp\/v2\/types\/product"}],"wp:featuredmedia":[{"embeddable":true,"href":"https:\/\/mamaterra.lt\/fr\/wp-json\/wp\/v2\/media\/23735"}],"wp:attachment":[{"href":"https:\/\/mamaterra.lt\/fr\/wp-json\/wp\/v2\/media?parent=21590"}],"wp:term":[{"taxonomy":"product_brand","embeddable":true,"href":"https:\/\/mamaterra.lt\/fr\/wp-json\/wp\/v2\/product_brand?post=21590"},{"taxonomy":"product_cat","embeddable":true,"href":"https:\/\/mamaterra.lt\/fr\/wp-json\/wp\/v2\/product_cat?post=21590"},{"taxonomy":"product_tag","embeddable":true,"href":"https:\/\/mamaterra.lt\/fr\/wp-json\/wp\/v2\/product_tag?post=21590"}],"curies":[{"name":"wp","href":"https:\/\/api.w.org\/{rel}","templated":true}]}}