{"id":21527,"date":"2023-10-01T16:25:49","date_gmt":"2023-10-01T15:25:49","guid":{"rendered":"https:\/\/mamaterra.lt\/parduotuve\/non%20class\u00e9\/kvapiuju-auksabarzdziu-vetiver-touch-10ml\/"},"modified":"2024-03-10T18:50:30","modified_gmt":"2024-03-10T17:50:30","slug":"doterra-vetiver-touch-10ml","status":"publish","type":"product","link":"https:\/\/mamaterra.lt\/fr\/parduotuve\/huiles-essentielles\/huiles-essentielles-pures\/doterra-vetiver-touch-10ml\/","title":{"rendered":"doTERRA VETIVER TOUCH 10ml"},"content":{"rendered":"<h6>Huile essentielle de VETIVER avec de l&rsquo;huile de coco fractionn\u00e9e pr\u00eate \u00e0 \u00eatre appliqu\u00e9e sur la peau.<\/h6>\n<p>Vetiveria zizanioides | 10ml<\/p>\n<p>&nbsp;<\/p>\n<p>Le v\u00e9tiver poss\u00e8de un parfum complexe et exotique, riche et s\u00e9duisant. Extrait par distillation \u00e0 la vapeur d&rsquo;eau des racines robustes d&rsquo;une grande herbe, le v\u00e9tiver est souvent appel\u00e9 \u00ab\u00a0parfum du sol\u00a0\u00bb et \u00ab\u00a0huile de tranquillit\u00e9\u00a0\u00bb. Cette huile est largement reconnue pour ses vertus apaisantes et ancr\u00e9es dans le sol. Pour cr\u00e9er Vetiver Touch, doTERRA m\u00e9lange de mani\u00e8re experte l&rsquo;huile essentielle de v\u00e9tiver avec de l&rsquo;huile de coco fractionn\u00e9e, con\u00e7ue pour \u00eatre utilis\u00e9e avant le repos ou dans le cadre d&rsquo;un r\u00e9gime de soins de la peau nourrissant qui conditionne et hydrate. Contrairement \u00e0 son \u00e9quivalent en huile essentielle, son ar\u00f4me est plus doux, et il est livr\u00e9 avec un rouleau pratique pour une application facile.<br \/>\n<iframe title=\"Vetiver Oil Uses and Benefits | doTERRA Essential Oils\" src=\"https:\/\/www.youtube.com\/embed\/3AY8sSF2VUA\" width=\"853\" height=\"480\" frameborder=\"0\" allowfullscreen=\"allowfullscreen\"><\/iframe><\/p>\n","protected":false},"excerpt":{"rendered":"<ul>\n<li>Ar\u00f4me chaud, doux, bois\u00e9 et terreux.<\/li>\n<li>En application topique, il est ancr\u00e9 et apaisant.<\/li>\n<li>Utilis\u00e9 la nuit pour favoriser un environnement apaisant et reposant.<\/li>\n<li>Couramment utilis\u00e9e dans les massages pour ses propri\u00e9t\u00e9s calmantes.<\/li>\n<li>Combin\u00e9e \u00e0 l&rsquo;huile de coco fractionn\u00e9e pour conditionner et hydrater la peau.<\/li>\n<\/ul>\n","protected":false},"featured_media":21529,"template":"","meta":{"site-sidebar-layout":"default","site-content-layout":"default","ast-site-content-layout":"default","site-content-style":"default","site-sidebar-style":"default","ast-global-header-display":"","ast-banner-title-visibility":"","ast-main-header-display":"","ast-hfb-above-header-display":"","ast-hfb-below-header-display":"","ast-hfb-mobile-header-display":"","site-post-title":"","ast-breadcrumbs-content":"","ast-featured-img":"","footer-sml-layout":"","ast-disable-related-posts":"","theme-transparent-header-meta":"default","adv-header-id-meta":"","stick-header-meta":"","header-above-stick-meta":"","header-main-stick-meta":"","header-below-stick-meta":"","astra-migrate-meta-layouts":"set","ast-page-background-enabled":"default","ast-page-background-meta":{"desktop":{"background-color":"","background-image":"","background-repeat":"repeat","background-position":"center center","background-size":"auto","background-attachment":"scroll","background-type":"","background-media":"","overlay-type":"","overlay-color":"","overlay-opacity":"","overlay-gradient":""},"tablet":{"background-color":"","background-image":"","background-repeat":"repeat","background-position":"center center","background-size":"auto","background-attachment":"scroll","background-type":"","background-media":"","overlay-type":"","overlay-color":"","overlay-opacity":"","overlay-gradient":""},"mobile":{"background-color":"","background-image":"","background-repeat":"repeat","background-position":"center center","background-size":"auto","background-attachment":"scroll","background-type":"","background-media":"","overlay-type":"","overlay-color":"","overlay-opacity":"","overlay-gradient":""}},"ast-content-background-meta":{"desktop":{"background-color":"var(--ast-global-color-5)","background-image":"","background-repeat":"repeat","background-position":"center center","background-size":"auto","background-attachment":"scroll","background-type":"","background-media":"","overlay-type":"","overlay-color":"","overlay-opacity":"","overlay-gradient":""},"tablet":{"background-color":"var(--ast-global-color-5)","background-image":"","background-repeat":"repeat","background-position":"center center","background-size":"auto","background-attachment":"scroll","background-type":"","background-media":"","overlay-type":"","overlay-color":"","overlay-opacity":"","overlay-gradient":""},"mobile":{"background-color":"var(--ast-global-color-5)","background-image":"","background-repeat":"repeat","background-position":"center center","background-size":"auto","background-attachment":"scroll","background-type":"","background-media":"","overlay-type":"","overlay-color":"","overlay-opacity":"","overlay-gradient":""}}},"product_brand":[],"product_cat":[2005,1940,1950,2040],"product_tag":[2094,3232,2313],"class_list":{"0":"post-21527","1":"product","2":"type-product","3":"status-publish","4":"has-post-thumbnail","6":"product_cat-dormir-fr","7":"product_cat-huiles-essentielles","8":"product_cat-huiles-essentielles-pures","9":"product_cat-la-gestion-du-stress","10":"product_tag-15-ml-fr","11":"product_tag-huiles-essentielles","12":"product_tag-vetiver-fr","13":"desktop-align-left","14":"tablet-align-left","15":"mobile-align-left","17":"first","18":"instock","19":"taxable","20":"shipping-taxable","21":"purchasable","22":"product-type-simple"},"_links":{"self":[{"href":"https:\/\/mamaterra.lt\/fr\/wp-json\/wp\/v2\/product\/21527","targetHints":{"allow":["GET"]}}],"collection":[{"href":"https:\/\/mamaterra.lt\/fr\/wp-json\/wp\/v2\/product"}],"about":[{"href":"https:\/\/mamaterra.lt\/fr\/wp-json\/wp\/v2\/types\/product"}],"wp:featuredmedia":[{"embeddable":true,"href":"https:\/\/mamaterra.lt\/fr\/wp-json\/wp\/v2\/media\/21529"}],"wp:attachment":[{"href":"https:\/\/mamaterra.lt\/fr\/wp-json\/wp\/v2\/media?parent=21527"}],"wp:term":[{"taxonomy":"product_brand","embeddable":true,"href":"https:\/\/mamaterra.lt\/fr\/wp-json\/wp\/v2\/product_brand?post=21527"},{"taxonomy":"product_cat","embeddable":true,"href":"https:\/\/mamaterra.lt\/fr\/wp-json\/wp\/v2\/product_cat?post=21527"},{"taxonomy":"product_tag","embeddable":true,"href":"https:\/\/mamaterra.lt\/fr\/wp-json\/wp\/v2\/product_tag?post=21527"}],"curies":[{"name":"wp","href":"https:\/\/api.w.org\/{rel}","templated":true}]}}