{"id":21504,"date":"2021-04-18T16:37:09","date_gmt":"2021-04-18T15:37:09","guid":{"rendered":"https:\/\/mamaterra.lt\/parduotuve\/non%20class\u00e9\/bosveliju-frankincense-tyras-eterinis-aliejus-15ml\/"},"modified":"2024-03-15T19:32:24","modified_gmt":"2024-03-15T18:32:24","slug":"boswellia-frankincense-huile-essentielle-pure-doterra-15ml","status":"publish","type":"product","link":"https:\/\/mamaterra.lt\/fr\/parduotuve\/huiles-essentielles\/huiles-essentielles-pures\/boswellia-frankincense-huile-essentielle-pure-doterra-15ml\/","title":{"rendered":"Boswellia (FRANKINCENSE) Huile Essentielle Pure doTERRA 15ml"},"content":{"rendered":"<p><strong>Boswellia (FRANKINCENSE) Huile Essentielle Pure doTERRA\u00a0<\/strong><\/p>\n<p>Boswellia carterii, frereana, sacra | 15ml<\/p>\n<p>&nbsp;<\/p>\n<p>Boswellia (FRANKINCENSE) Pure doTERRA Essential Oil Description, utilisation et propri\u00e9t\u00e9s g\u00e9n\u00e9rales :<\/p>\n<p>Une huile essentielle populaire et particuli\u00e8re<\/p>\n<p>L&rsquo;huile essentielle d&rsquo;encens Boswellia est extraite de l&rsquo;arbre Boswellia et est utilis\u00e9e en aromath\u00e9rapie. L&rsquo;\u00e9corce de l&rsquo;arbre est incis\u00e9e et la s\u00e8ve de la plante s&rsquo;\u00e9coule \u00e0 travers les incisions, r\u00e9agissant avec l&rsquo;air et se transformant en une r\u00e9sine dure sur une p\u00e9riode de plusieurs semaines.<\/p>\n<p>Cette r\u00e9sine d&rsquo;arbre, ou r\u00e9sine, est distill\u00e9e pour produire l&rsquo;huile essentielle d&rsquo;encens. Elle a une odeur caract\u00e9ristique, quelque peu similaire \u00e0 celle de la r\u00e9sine que nous connaissons, et est consid\u00e9r\u00e9e comme l&rsquo;un des parfums les plus luxueux au monde. Dans l&rsquo;Antiquit\u00e9, la r\u00e9sine de boswellia \u00e9tait br\u00fbl\u00e9e sur les autels et dans les temples parce qu&rsquo;elle ralentit et approfondit la respiration, ce qui calme l&rsquo;esprit et permet la pri\u00e8re et la m\u00e9ditation.<\/p>\n<p>Combat les \u00e9motions n\u00e9gatives et am\u00e9liore l&rsquo;humeur<\/p>\n<p>L&rsquo;encens tire son nom du terme fran\u00e7ais \u00ab\u00a0franc encens\u00a0\u00bb, qui signifie \u00ab\u00a0encens de haute qualit\u00e9\u00a0\u00bb. On peut donc supposer que ce parfum terreux combat les \u00e9motions n\u00e9gatives et aide \u00e0 calmer l&rsquo;esprit.<\/p>\n<p>Nous avons mentionn\u00e9 au d\u00e9but que ce parfum \u00e9tait utilis\u00e9 dans l&rsquo;antiquit\u00e9, dans les temples, pour aider \u00e0 se calmer et \u00e0 entrer dans une profonde m\u00e9ditation. Quelques gouttes dans le dfuzori enveloppent l&rsquo;environnement de calme et \u00e9liminent les \u00e9nergies n\u00e9gatives pr\u00e9sentes dans la pi\u00e8ce. Une goutte dans le bain d\u00e9tend les muscles et l&rsquo;\u00e2me. Vous vous sentirez calme et repos\u00e9.<\/p>\n<p>Soins de la peau<\/p>\n<p>Probablement la plus pr\u00e9cieuse de toutes les huiles anciennes, l&rsquo;huile essentielle de boswellia est tr\u00e8s polyvalente et poss\u00e8de de nombreuses propri\u00e9t\u00e9s b\u00e9n\u00e9fiques.<\/p>\n<p>En m\u00e9langeant l&rsquo;huile essentielle avec des huiles de base telles que la noix de coco ou l&rsquo;olive, vous obtiendrez un excellent rem\u00e8de contre les rides et le vieillissement de la peau. L&rsquo;huile essentielle d&rsquo;encens est compatible avec les huiles essentielles d&rsquo;agrumes telles que la bergamote, le citron et l&rsquo;orange. Si vous pr\u00e9f\u00e9rez les senteurs plus riches, m\u00e9langez-les aux huiles essentielles de bois de c\u00e8dre, de bois de santal et de myrrhe. Et pour des senteurs douces et f\u00e9minines : les huiles essentielles d&rsquo;ylang ylang, de rose et de lavande.<\/p>\n<p>Cette huile ancienne, aux senteurs de bois, de r\u00e9sine, de nature et de religion, est toujours d&rsquo;actualit\u00e9. Dans un monde moderne avec tant de produits synth\u00e9tiques, d&rsquo;ingr\u00e9dients flous et de produits chimiques non test\u00e9s, tournez-vous vers la nature et faites confiance aux bienfaits qu&rsquo;elle vous offre. Vous \u00eates un enfant de la nature.<\/p>\n<p>Le National Geographic a publi\u00e9 un article sur les raisons pour lesquelles les arbres Boswellia sont en danger, qui mentionne \u00e9galement doTERRA, qui extrait l&rsquo;huile d&rsquo;encens de mani\u00e8re \u00e9thique, pr\u00e9servant ainsi ce bien.<\/p>\n<p>Probablement la plus pr\u00e9cieuse de toutes les huiles anciennes, l&rsquo;huile essentielle de Boswellia doTERRA est tr\u00e8s polyvalente et poss\u00e8de de nombreuses propri\u00e9t\u00e9s b\u00e9n\u00e9fiques.<\/p>\n<p>&nbsp;<\/p>\n","protected":false},"excerpt":{"rendered":"<p>Probablement la plus pr\u00e9cieuse de toutes les huiles anciennes, l&rsquo;huile essentielle de boswellia est tr\u00e8s polyvalente et poss\u00e8de de nombreuses propri\u00e9t\u00e9s b\u00e9n\u00e9fiques.<\/p>\n","protected":false},"featured_media":21508,"template":"","meta":{"site-sidebar-layout":"default","site-content-layout":"default","ast-site-content-layout":"default","site-content-style":"default","site-sidebar-style":"default","ast-global-header-display":"","ast-banner-title-visibility":"","ast-main-header-display":"","ast-hfb-above-header-display":"","ast-hfb-below-header-display":"","ast-hfb-mobile-header-display":"","site-post-title":"","ast-breadcrumbs-content":"","ast-featured-img":"","footer-sml-layout":"","ast-disable-related-posts":"","theme-transparent-header-meta":"default","adv-header-id-meta":"","stick-header-meta":"","header-above-stick-meta":"","header-main-stick-meta":"","header-below-stick-meta":"","astra-migrate-meta-layouts":"set","ast-page-background-enabled":"default","ast-page-background-meta":{"desktop":{"background-color":"","background-image":"","background-repeat":"repeat","background-position":"center center","background-size":"auto","background-attachment":"scroll","background-type":"","background-media":"","overlay-type":"","overlay-color":"","overlay-opacity":"","overlay-gradient":""},"tablet":{"background-color":"","background-image":"","background-repeat":"repeat","background-position":"center center","background-size":"auto","background-attachment":"scroll","background-type":"","background-media":"","overlay-type":"","overlay-color":"","overlay-opacity":"","overlay-gradient":""},"mobile":{"background-color":"","background-image":"","background-repeat":"repeat","background-position":"center center","background-size":"auto","background-attachment":"scroll","background-type":"","background-media":"","overlay-type":"","overlay-color":"","overlay-opacity":"","overlay-gradient":""}},"ast-content-background-meta":{"desktop":{"background-color":"var(--ast-global-color-5)","background-image":"","background-repeat":"repeat","background-position":"center center","background-size":"auto","background-attachment":"scroll","background-type":"","background-media":"","overlay-type":"","overlay-color":"","overlay-opacity":"","overlay-gradient":""},"tablet":{"background-color":"var(--ast-global-color-5)","background-image":"","background-repeat":"repeat","background-position":"center center","background-size":"auto","background-attachment":"scroll","background-type":"","background-media":"","overlay-type":"","overlay-color":"","overlay-opacity":"","overlay-gradient":""},"mobile":{"background-color":"var(--ast-global-color-5)","background-image":"","background-repeat":"repeat","background-position":"center center","background-size":"auto","background-attachment":"scroll","background-type":"","background-media":"","overlay-type":"","overlay-color":"","overlay-opacity":"","overlay-gradient":""}}},"product_brand":[],"product_cat":[1995,1940,1950,1960,1990,2040,2000],"product_tag":[2094,2760,3232],"class_list":{"0":"post-21504","1":"product","2":"type-product","3":"status-publish","4":"has-post-thumbnail","6":"product_cat-concentration-fr","7":"product_cat-huiles-essentielles","8":"product_cat-huiles-essentielles-pures","9":"product_cat-hygiene-et-soins-de-la-peau","10":"product_cat-immunite","11":"product_cat-la-gestion-du-stress","12":"product_cat-massage-fr","13":"product_tag-15-ml-fr","14":"product_tag-geranium-fr","15":"product_tag-huiles-essentielles","16":"desktop-align-left","17":"tablet-align-left","18":"mobile-align-left","20":"first","21":"instock","22":"taxable","23":"shipping-taxable","24":"purchasable","25":"product-type-simple"},"_links":{"self":[{"href":"https:\/\/mamaterra.lt\/fr\/wp-json\/wp\/v2\/product\/21504","targetHints":{"allow":["GET"]}}],"collection":[{"href":"https:\/\/mamaterra.lt\/fr\/wp-json\/wp\/v2\/product"}],"about":[{"href":"https:\/\/mamaterra.lt\/fr\/wp-json\/wp\/v2\/types\/product"}],"wp:featuredmedia":[{"embeddable":true,"href":"https:\/\/mamaterra.lt\/fr\/wp-json\/wp\/v2\/media\/21508"}],"wp:attachment":[{"href":"https:\/\/mamaterra.lt\/fr\/wp-json\/wp\/v2\/media?parent=21504"}],"wp:term":[{"taxonomy":"product_brand","embeddable":true,"href":"https:\/\/mamaterra.lt\/fr\/wp-json\/wp\/v2\/product_brand?post=21504"},{"taxonomy":"product_cat","embeddable":true,"href":"https:\/\/mamaterra.lt\/fr\/wp-json\/wp\/v2\/product_cat?post=21504"},{"taxonomy":"product_tag","embeddable":true,"href":"https:\/\/mamaterra.lt\/fr\/wp-json\/wp\/v2\/product_tag?post=21504"}],"curies":[{"name":"wp","href":"https:\/\/api.w.org\/{rel}","templated":true}]}}