{"id":21455,"date":"2021-04-18T16:24:22","date_gmt":"2021-04-18T15:24:22","guid":{"rendered":"https:\/\/mamaterra.lt\/parduotuve\/non%20class\u00e9\/bergamociu-bergamot-tyras-doterra-eterinis-aliejus-15ml\/"},"modified":"2024-02-10T20:53:04","modified_gmt":"2024-02-10T19:53:04","slug":"bergamote-huile-essentielle-pure-doterra","status":"publish","type":"product","link":"https:\/\/mamaterra.lt\/fr\/parduotuve\/huiles-essentielles\/huiles-essentielles-pures\/bergamote-huile-essentielle-pure-doterra\/","title":{"rendered":"Bergamote Huile essentielle pure doTERRA"},"content":{"rendered":"<p>Bergamote Huile essentielle pure doTERRA<br \/>\nCitrus bergamia | 15ml<\/p>\n<p>La bergamote est la plante d&rsquo;agrumes la plus choy\u00e9e, exigeant des conditions climatiques et de sol particuli\u00e8res. Pourtant, cette plante fragile d\u00e9gage un ar\u00f4me puissant et sucr\u00e9 d&rsquo;agrumes ! En Gr\u00e8ce, le fruit non m\u00fbr se mange \u00e0 la cuill\u00e8re en dessert ou avec du caf\u00e9. Utilisez l&rsquo;huile essentielle de bergamote dans votre maison pour aromatiser les smoothies, l&rsquo;eau ou le th\u00e9 ! L&rsquo;huile de bergamote est une huile d&rsquo;agrume particuli\u00e8re car elle \u00e9l\u00e8ve l&rsquo;humeur et apaise en m\u00eame temps. L&rsquo;huile essentielle de bergamote est utilis\u00e9e depuis des centaines d&rsquo;ann\u00e9es pour calmer et revitaliser la couleur de la peau<\/p>\n<p>De essenti\u00eble olie van bergamot wordt koud geperst uit de schil van de bergamotvrucht en is uniek en de zachtste van alle citrusoli\u00ebn. Het wordt zeer gewaardeerd om zijn citrus eigenschappen.<br \/>\nBergamot etherische olie wordt vaak gebruikt in massagetherapie omdat het de huid en geest kalmeert.<br \/>\nBergamotolie, die vele toepassingen kent, is een krachtige huidverhelderaar.<br \/>\nVanwege het kalmerende effect en de geur wordt het gebruikt in een breed scala aan parfums, cr\u00e8mes, lotions, zepen en huidverzorgingsproducten.<\/p>\n<p>Mode d&#8217;emploi<br \/>\nUsage interne : diluer une goutte dans 125 ml de liquide.<br \/>\nUsage topique : pour le massage, m\u00e9langer 5 gouttes \u00e0 10 ml d&rsquo;huile de base. Pour le bain, m\u00e9langer 5 gouttes \u00e0 5 ml d&rsquo;huile de base. En parfumerie, m\u00e9langer 1 goutte \u00e0 10 gouttes d&rsquo;huile de base.<br \/>\nPr\u00e9cautions d&#8217;emploi<br \/>\nPeut provoquer une irritation de la peau. Tenir hors de port\u00e9e des enfants. Si vous \u00eates enceinte, si vous allaitez ou si vous \u00eates sous surveillance m\u00e9dicale, consultez votre m\u00e9decin. Tenir \u00e0 l&rsquo;\u00e9cart des yeux, de l&rsquo;oreille interne et des zones sensibles. \u00c9viter l&rsquo;exposition au soleil ou aux rayons UV pendant au moins 12 heures apr\u00e8s l&rsquo;utilisation.<\/p>\n<p>&nbsp;<\/p>\n<p><iframe title=\"d\u014dTERRA Bergamot Essential Oil\" src=\"https:\/\/www.youtube.com\/embed\/OdVXDA9-T2w\" width=\"853\" height=\"480\" frameborder=\"0\" allowfullscreen=\"allowfullscreen\"><\/iframe><\/p>\n","protected":false},"excerpt":{"rendered":"<p>Bergamotolie, die vele toepassingen kent, is een krachtige huidverhelderaar.<br \/>\nVanwege het kalmerende effect en de geur wordt het gebruikt in een breed scala aan parfums, cr\u00e8mes, lotions, zepen en huidverzorgingsproducten.<\/p>\n","protected":false},"featured_media":21456,"template":"","meta":{"site-sidebar-layout":"default","site-content-layout":"default","ast-site-content-layout":"default","site-content-style":"default","site-sidebar-style":"default","ast-global-header-display":"","ast-banner-title-visibility":"","ast-main-header-display":"","ast-hfb-above-header-display":"","ast-hfb-below-header-display":"","ast-hfb-mobile-header-display":"","site-post-title":"","ast-breadcrumbs-content":"","ast-featured-img":"","footer-sml-layout":"","ast-disable-related-posts":"","theme-transparent-header-meta":"default","adv-header-id-meta":"","stick-header-meta":"","header-above-stick-meta":"","header-main-stick-meta":"","header-below-stick-meta":"","astra-migrate-meta-layouts":"set","ast-page-background-enabled":"default","ast-page-background-meta":{"desktop":{"background-color":"","background-image":"","background-repeat":"repeat","background-position":"center center","background-size":"auto","background-attachment":"scroll","background-type":"","background-media":"","overlay-type":"","overlay-color":"","overlay-opacity":"","overlay-gradient":""},"tablet":{"background-color":"","background-image":"","background-repeat":"repeat","background-position":"center center","background-size":"auto","background-attachment":"scroll","background-type":"","background-media":"","overlay-type":"","overlay-color":"","overlay-opacity":"","overlay-gradient":""},"mobile":{"background-color":"","background-image":"","background-repeat":"repeat","background-position":"center center","background-size":"auto","background-attachment":"scroll","background-type":"","background-media":"","overlay-type":"","overlay-color":"","overlay-opacity":"","overlay-gradient":""}},"ast-content-background-meta":{"desktop":{"background-color":"var(--ast-global-color-5)","background-image":"","background-repeat":"repeat","background-position":"center center","background-size":"auto","background-attachment":"scroll","background-type":"","background-media":"","overlay-type":"","overlay-color":"","overlay-opacity":"","overlay-gradient":""},"tablet":{"background-color":"var(--ast-global-color-5)","background-image":"","background-repeat":"repeat","background-position":"center center","background-size":"auto","background-attachment":"scroll","background-type":"","background-media":"","overlay-type":"","overlay-color":"","overlay-opacity":"","overlay-gradient":""},"mobile":{"background-color":"var(--ast-global-color-5)","background-image":"","background-repeat":"repeat","background-position":"center center","background-size":"auto","background-attachment":"scroll","background-type":"","background-media":"","overlay-type":"","overlay-color":"","overlay-opacity":"","overlay-gradient":""}}},"product_brand":[],"product_cat":[2005,1940,1950,2040],"product_tag":[2094,2959,3232],"class_list":{"0":"post-21455","1":"product","2":"type-product","3":"status-publish","4":"has-post-thumbnail","6":"product_cat-dormir-fr","7":"product_cat-huiles-essentielles","8":"product_cat-huiles-essentielles-pures","9":"product_cat-la-gestion-du-stress","10":"product_tag-15-ml-fr","11":"product_tag-bergamot-fr","12":"product_tag-huiles-essentielles","13":"desktop-align-left","14":"tablet-align-left","15":"mobile-align-left","17":"first","18":"instock","19":"sale","20":"taxable","21":"shipping-taxable","22":"purchasable","23":"product-type-simple"},"_links":{"self":[{"href":"https:\/\/mamaterra.lt\/fr\/wp-json\/wp\/v2\/product\/21455","targetHints":{"allow":["GET"]}}],"collection":[{"href":"https:\/\/mamaterra.lt\/fr\/wp-json\/wp\/v2\/product"}],"about":[{"href":"https:\/\/mamaterra.lt\/fr\/wp-json\/wp\/v2\/types\/product"}],"wp:featuredmedia":[{"embeddable":true,"href":"https:\/\/mamaterra.lt\/fr\/wp-json\/wp\/v2\/media\/21456"}],"wp:attachment":[{"href":"https:\/\/mamaterra.lt\/fr\/wp-json\/wp\/v2\/media?parent=21455"}],"wp:term":[{"taxonomy":"product_brand","embeddable":true,"href":"https:\/\/mamaterra.lt\/fr\/wp-json\/wp\/v2\/product_brand?post=21455"},{"taxonomy":"product_cat","embeddable":true,"href":"https:\/\/mamaterra.lt\/fr\/wp-json\/wp\/v2\/product_cat?post=21455"},{"taxonomy":"product_tag","embeddable":true,"href":"https:\/\/mamaterra.lt\/fr\/wp-json\/wp\/v2\/product_tag?post=21455"}],"curies":[{"name":"wp","href":"https:\/\/api.w.org\/{rel}","templated":true}]}}