{"id":21428,"date":"2023-05-10T20:52:19","date_gmt":"2023-05-10T19:52:19","guid":{"rendered":"https:\/\/mamaterra.lt\/parduotuve\/non%20class\u00e9\/metapwr-advantage-kolagenai\/"},"modified":"2024-02-10T19:15:35","modified_gmt":"2024-02-10T18:15:35","slug":"avantage-metapwr-avec-du-collagene-des-substances-vegetales-des-huiles-essentielles-des-vitamines","status":"publish","type":"product","link":"https:\/\/mamaterra.lt\/fr\/parduotuve\/huiles-essentielles\/avantage-metapwr-avec-du-collagene-des-substances-vegetales-des-huiles-essentielles-des-vitamines\/","title":{"rendered":"Avantage MetaPWR\u2122 avec du collag\u00e8ne, des substances v\u00e9g\u00e9tales, des huiles essentielles, des vitamines"},"content":{"rendered":"<h6>Avantage MetaPWR\u2122<br \/>\navec du collag\u00e8ne, des substances v\u00e9g\u00e9tales, des huiles essentielles, des vitamines<\/h6>\n<p>Avec le temps, la production naturelle de NAD+\/NADH (nicotinamide ad\u00e9nine dinucl\u00e9otide) et de collag\u00e8ne dans notre corps diminue, de sorte que nos fonctions corporelles ne peuvent pas fonctionner \u00e0 plein r\u00e9gime. C&rsquo;est l\u00e0 que les bienfaits de MetaPWR\u2122 Advantage entrent en jeu. Les neuf types de tripeptides de collag\u00e8ne d&rsquo;origine marine et le NMN (nicotinamide mononucl\u00e9otide) contenus dans la formule peuvent contribuer \u00e0 la production de NADH et de NAD+. Am\u00e9liorez pleinement votre composition corporelle globale en prenant la d\u00e9licieuse poudre MetaPWR Advantage.<\/p>\n<p>Ne contient pas d&rsquo;OGM, de produits laitiers, de soja, de gluten, de conservateurs, d&rsquo;\u00e9dulcorants ou d&rsquo;ar\u00f4mes artificiels.<br \/>\nLe collag\u00e8ne peut contribuer \u00e0 am\u00e9liorer l&rsquo;apparence de la peau en favorisant sa densit\u00e9, en aidant \u00e0 augmenter sa fermet\u00e9 et en am\u00e9liorant son hydratation.<br \/>\nContient de l&rsquo;extrait de p\u00e9pins de raisin (Vitis vinifera) :<br \/>\nSoutient le m\u00e9tabolisme, aide \u00e0 maintenir un c\u0153ur sain et a un effet positif sur la tension art\u00e9rielle*.<br \/>\nContient des antioxydants d&rsquo;origine naturelle pour prot\u00e9ger les cellules, aide \u00e0 prot\u00e9ger les cellules des effets nocifs des radicaux libres*.<br \/>\nLes antioxydants augmentent la capacit\u00e9 antioxydante globale de l&rsquo;organisme et peuvent contribuer \u00e0 renforcer les d\u00e9fenses de l&rsquo;organisme*.<br \/>\nIl est cliniquement et scientifiquement prouv\u00e9 que les antioxydants prot\u00e8gent les cellules et les tissus contre les dommages oxydatifs caus\u00e9s par les radicaux libres*.<br \/>\nContient de l&rsquo;acide L-ascorbique :<br \/>\nRalentit le processus de vieillissement*.<br \/>\nProt\u00e8ge la peau des agressions environnementales*.<br \/>\nScientifiquement prouv\u00e9 pour aider \u00e0 prot\u00e9ger la peau du vieillissement pr\u00e9matur\u00e9, r\u00e9duire l&rsquo;\u00e9ryth\u00e8me et le stress caus\u00e9s par les radicaux libres nocifs*.<br \/>\nFavorise la sant\u00e9 cardiovasculaire<\/p>\n","protected":false},"excerpt":{"rendered":"<p>Ne contient aucun OGM, produits laitiers, soja, gluten, conservateurs, \u00e9dulcorants ou ar\u00f4mes artificiels.<br \/>\nLe collag\u00e8ne peut aider \u00e0 am\u00e9liorer l\u2019apparence de la peau en favorisant sa densit\u00e9, en aidant \u00e0 augmenter sa fermet\u00e9 et en am\u00e9liorant son hydratation.<\/p>\n","protected":false},"featured_media":21429,"template":"","meta":{"site-sidebar-layout":"default","site-content-layout":"default","ast-site-content-layout":"default","site-content-style":"default","site-sidebar-style":"default","ast-global-header-display":"","ast-banner-title-visibility":"","ast-main-header-display":"","ast-hfb-above-header-display":"","ast-hfb-below-header-display":"","ast-hfb-mobile-header-display":"","site-post-title":"","ast-breadcrumbs-content":"","ast-featured-img":"","footer-sml-layout":"","ast-disable-related-posts":"","theme-transparent-header-meta":"default","adv-header-id-meta":"","stick-header-meta":"","header-above-stick-meta":"","header-main-stick-meta":"","header-below-stick-meta":"","astra-migrate-meta-layouts":"set","ast-page-background-enabled":"default","ast-page-background-meta":{"desktop":{"background-color":"","background-image":"","background-repeat":"repeat","background-position":"center center","background-size":"auto","background-attachment":"scroll","background-type":"","background-media":"","overlay-type":"","overlay-color":"","overlay-opacity":"","overlay-gradient":""},"tablet":{"background-color":"","background-image":"","background-repeat":"repeat","background-position":"center center","background-size":"auto","background-attachment":"scroll","background-type":"","background-media":"","overlay-type":"","overlay-color":"","overlay-opacity":"","overlay-gradient":""},"mobile":{"background-color":"","background-image":"","background-repeat":"repeat","background-position":"center center","background-size":"auto","background-attachment":"scroll","background-type":"","background-media":"","overlay-type":"","overlay-color":"","overlay-opacity":"","overlay-gradient":""}},"ast-content-background-meta":{"desktop":{"background-color":"var(--ast-global-color-5)","background-image":"","background-repeat":"repeat","background-position":"center center","background-size":"auto","background-attachment":"scroll","background-type":"","background-media":"","overlay-type":"","overlay-color":"","overlay-opacity":"","overlay-gradient":""},"tablet":{"background-color":"var(--ast-global-color-5)","background-image":"","background-repeat":"repeat","background-position":"center center","background-size":"auto","background-attachment":"scroll","background-type":"","background-media":"","overlay-type":"","overlay-color":"","overlay-opacity":"","overlay-gradient":""},"mobile":{"background-color":"var(--ast-global-color-5)","background-image":"","background-repeat":"repeat","background-position":"center center","background-size":"auto","background-attachment":"scroll","background-type":"","background-media":"","overlay-type":"","overlay-color":"","overlay-opacity":"","overlay-gradient":""}}},"product_brand":[],"product_cat":[1940],"product_tag":[],"class_list":{"0":"post-21428","1":"product","2":"type-product","3":"status-publish","4":"has-post-thumbnail","6":"product_cat-huiles-essentielles","7":"desktop-align-left","8":"tablet-align-left","9":"mobile-align-left","11":"first","12":"instock","13":"sale","14":"taxable","15":"shipping-taxable","16":"purchasable","17":"product-type-simple"},"_links":{"self":[{"href":"https:\/\/mamaterra.lt\/fr\/wp-json\/wp\/v2\/product\/21428","targetHints":{"allow":["GET"]}}],"collection":[{"href":"https:\/\/mamaterra.lt\/fr\/wp-json\/wp\/v2\/product"}],"about":[{"href":"https:\/\/mamaterra.lt\/fr\/wp-json\/wp\/v2\/types\/product"}],"wp:featuredmedia":[{"embeddable":true,"href":"https:\/\/mamaterra.lt\/fr\/wp-json\/wp\/v2\/media\/21429"}],"wp:attachment":[{"href":"https:\/\/mamaterra.lt\/fr\/wp-json\/wp\/v2\/media?parent=21428"}],"wp:term":[{"taxonomy":"product_brand","embeddable":true,"href":"https:\/\/mamaterra.lt\/fr\/wp-json\/wp\/v2\/product_brand?post=21428"},{"taxonomy":"product_cat","embeddable":true,"href":"https:\/\/mamaterra.lt\/fr\/wp-json\/wp\/v2\/product_cat?post=21428"},{"taxonomy":"product_tag","embeddable":true,"href":"https:\/\/mamaterra.lt\/fr\/wp-json\/wp\/v2\/product_tag?post=21428"}],"curies":[{"name":"wp","href":"https:\/\/api.w.org\/{rel}","templated":true}]}}