{"id":21402,"date":"2023-08-24T20:43:11","date_gmt":"2023-08-24T19:43:11","guid":{"rendered":"https:\/\/mamaterra.lt\/parduotuve\/non%20class\u00e9\/doterra-metapwr-misinys-15ml\/"},"modified":"2024-02-10T18:50:16","modified_gmt":"2024-02-10T17:50:16","slug":"doterra-metapwr-melange-dhuiles-essentielles-15ml","status":"publish","type":"product","link":"https:\/\/mamaterra.lt\/fr\/parduotuve\/huiles-essentielles\/melanges-dhuiles-essentielles\/doterra-metapwr-melange-dhuiles-essentielles-15ml\/","title":{"rendered":"doTERRA MetaPWR M\u00e9lange d&rsquo;huiles essentielles 15ml"},"content":{"rendered":"<div class=\"spotlight__head\">\n<div class=\"ui container\">\n<div class=\"spotlight__wrap\">\n<div class=\"spotlight__head-item spotlight__head-item--copy\">\n<h3 class=\"spotlight__head-title\">MetaPWR\u2122<\/h3>\n<h3 class=\"spotlight__head-latin-title\">Eterini\u0173 aliej\u0173 mi\u0161inys<\/h3>\n<div class=\"spotlight__head-copy\">\n<p>Le m\u00e9lange d&rsquo;huiles essentielles MetaPWR\u2122 est con\u00e7u pour soutenir un mode de vie ax\u00e9 sur une vitalit\u00e9 accrue, de meilleurs choix nutritionnels et le bien-\u00eatre. D\u00e9velopp\u00e9 par des cliniciens et des scientifiques m\u00e9dicaux de d\u014dTERRA, le m\u00e9lange MetaPWR est un m\u00e9lange sp\u00e9cial d&rsquo;huiles essentielles CPTG\u2122 de pamplemousse, de citron, de menthe poivr\u00e9e, de gingembre et de cannelle. La combinaison des huiles d&rsquo;agrumes, de menthe et d&rsquo;\u00e9pices fait de MetaPWR un assaisonnement alimentaire efficace pour aider \u00e0 calmer les envies de sucreries !<\/p>\n<h6>Utilisation de<\/h6>\n<p>Prenez MetaPWR avec de l&rsquo;eau avant les repas &#8211; int\u00e9grez-le \u00e0 votre routine quotidienne.<br \/>\nAjoutez-le \u00e0 un smoothie ou \u00e0 un jus et cr\u00e9ez un environnement stimulant pour vous aider \u00e0 r\u00e9cup\u00e9rer et \u00e0 vous pr\u00e9parer \u00e0 votre entra\u00eenement.<br \/>\nAppr\u00e9ciez ensemble un r\u00e9gime alimentaire vari\u00e9 et \u00e9quilibr\u00e9 et un mode de vie sain.<br \/>\nLorsque vous avez envie de quelque chose de sucr\u00e9, ajoutez une goutte \u00e0 un bol de fruits hach\u00e9s et profitez d&rsquo;un en-cas rafra\u00eechissant qui satisfait vos papilles gustatives.<br \/>\nPrenez-le avec le syst\u00e8me complet MetaPWR\u2122 pour vivre votre vie la plus \u00e9nergique.<\/p>\n<\/div>\n<\/div>\n<\/div>\n<\/div>\n<\/div>\n","protected":false},"excerpt":{"rendered":"<ul>\n<li>Lorsque vous avez envie de quelque chose de sucr\u00e9, ajoutez une goutte \u00e0 un bol de fruits coup\u00e9s et profitez d&rsquo;une collation rafra\u00eechissante qui satisfait vos papilles gustatives.<\/li>\n<li>Prenez-le avec le syst\u00e8me complet MetaPWR\u2122 pour vivre votre vie la plus \u00e9nergique.<\/li>\n<\/ul>\n","protected":false},"featured_media":21404,"template":"","meta":{"site-sidebar-layout":"default","site-content-layout":"","ast-site-content-layout":"default","site-content-style":"default","site-sidebar-style":"default","ast-global-header-display":"","ast-banner-title-visibility":"","ast-main-header-display":"","ast-hfb-above-header-display":"","ast-hfb-below-header-display":"","ast-hfb-mobile-header-display":"","site-post-title":"","ast-breadcrumbs-content":"","ast-featured-img":"","footer-sml-layout":"","ast-disable-related-posts":"","theme-transparent-header-meta":"default","adv-header-id-meta":"","stick-header-meta":"","header-above-stick-meta":"","header-main-stick-meta":"","header-below-stick-meta":"","astra-migrate-meta-layouts":"set","ast-page-background-enabled":"default","ast-page-background-meta":{"desktop":{"background-color":"","background-image":"","background-repeat":"repeat","background-position":"center center","background-size":"auto","background-attachment":"scroll","background-type":"","background-media":"","overlay-type":"","overlay-color":"","overlay-opacity":"","overlay-gradient":""},"tablet":{"background-color":"","background-image":"","background-repeat":"repeat","background-position":"center center","background-size":"auto","background-attachment":"scroll","background-type":"","background-media":"","overlay-type":"","overlay-color":"","overlay-opacity":"","overlay-gradient":""},"mobile":{"background-color":"","background-image":"","background-repeat":"repeat","background-position":"center center","background-size":"auto","background-attachment":"scroll","background-type":"","background-media":"","overlay-type":"","overlay-color":"","overlay-opacity":"","overlay-gradient":""}},"ast-content-background-meta":{"desktop":{"background-color":"var(--ast-global-color-5)","background-image":"","background-repeat":"repeat","background-position":"center center","background-size":"auto","background-attachment":"scroll","background-type":"","background-media":"","overlay-type":"","overlay-color":"","overlay-opacity":"","overlay-gradient":""},"tablet":{"background-color":"var(--ast-global-color-5)","background-image":"","background-repeat":"repeat","background-position":"center center","background-size":"auto","background-attachment":"scroll","background-type":"","background-media":"","overlay-type":"","overlay-color":"","overlay-opacity":"","overlay-gradient":""},"mobile":{"background-color":"var(--ast-global-color-5)","background-image":"","background-repeat":"repeat","background-position":"center center","background-size":"auto","background-attachment":"scroll","background-type":"","background-media":"","overlay-type":"","overlay-color":"","overlay-opacity":"","overlay-gradient":""}}},"product_brand":[],"product_cat":[2050,1940,1945],"product_tag":[],"class_list":{"0":"post-21402","1":"product","2":"type-product","3":"status-publish","4":"has-post-thumbnail","6":"product_cat-digestion-fr","7":"product_cat-huiles-essentielles","8":"product_cat-melanges-dhuiles-essentielles","9":"desktop-align-left","10":"tablet-align-left","11":"mobile-align-left","13":"first","14":"instock","15":"taxable","16":"shipping-taxable","17":"purchasable","18":"product-type-simple"},"_links":{"self":[{"href":"https:\/\/mamaterra.lt\/fr\/wp-json\/wp\/v2\/product\/21402","targetHints":{"allow":["GET"]}}],"collection":[{"href":"https:\/\/mamaterra.lt\/fr\/wp-json\/wp\/v2\/product"}],"about":[{"href":"https:\/\/mamaterra.lt\/fr\/wp-json\/wp\/v2\/types\/product"}],"wp:featuredmedia":[{"embeddable":true,"href":"https:\/\/mamaterra.lt\/fr\/wp-json\/wp\/v2\/media\/21404"}],"wp:attachment":[{"href":"https:\/\/mamaterra.lt\/fr\/wp-json\/wp\/v2\/media?parent=21402"}],"wp:term":[{"taxonomy":"product_brand","embeddable":true,"href":"https:\/\/mamaterra.lt\/fr\/wp-json\/wp\/v2\/product_brand?post=21402"},{"taxonomy":"product_cat","embeddable":true,"href":"https:\/\/mamaterra.lt\/fr\/wp-json\/wp\/v2\/product_cat?post=21402"},{"taxonomy":"product_tag","embeddable":true,"href":"https:\/\/mamaterra.lt\/fr\/wp-json\/wp\/v2\/product_tag?post=21402"}],"curies":[{"name":"wp","href":"https:\/\/api.w.org\/{rel}","templated":true}]}}