{"id":21390,"date":"2021-04-18T16:38:40","date_gmt":"2021-04-18T15:38:40","guid":{"rendered":"https:\/\/mamaterra.lt\/parduotuve\/non%20class\u00e9\/greipfrutu-grapefruit-tyras-doterra-eterinis-aliejus-15ml\/"},"modified":"2024-02-10T22:07:33","modified_gmt":"2024-02-10T21:07:33","slug":"doterra-huile-essentielle-de-pamplemousse-grapefruit-15ml","status":"publish","type":"product","link":"https:\/\/mamaterra.lt\/fr\/parduotuve\/huiles-essentielles\/huiles-essentielles-pures\/doterra-huile-essentielle-de-pamplemousse-grapefruit-15ml\/","title":{"rendered":"doTERRA Huile essentielle de pamplemousse (GRAPEFRUIT) 15ml"},"content":{"rendered":"<h6>doTERRA Huile essentielle de pamplemousse (GRAPEFRUIT)<\/h6>\n<p>Citrus X paradisi | 15ml<\/p>\n<p>&nbsp;<\/p>\n<p>Principaux avantages<br \/>\nGr\u00e2ce \u00e0 ses propri\u00e9t\u00e9s d&rsquo;agrumes robustes, il conf\u00e8re \u00e0 la nourriture et aux boissons des saveurs parfum\u00e9es et exceptionnellement vivifiantes.<br \/>\nAutrefois connu comme un \u00ab\u00a0fruit d\u00e9fendu\u00a0\u00bb et l&rsquo;une des \u00ab\u00a0sept merveilles de la Barbade\u00a0\u00bb.<br \/>\nElle est appr\u00e9ci\u00e9e pour son go\u00fbt acide et piquant qui s&rsquo;harmonise avec les autres huiles essentielles d&rsquo;agrumes lorsqu&rsquo;elles sont combin\u00e9es.<br \/>\nL&rsquo;ar\u00f4me rafra\u00eechissant d&rsquo;agrumes est b\u00e9n\u00e9fique pour revigorer les sens.<\/p>\n<p>Utilisation<br \/>\nL&rsquo;huile essentielle de pamplemousse cr\u00e9e une saveur fruit\u00e9e et \u00e9pic\u00e9e lorsqu&rsquo;elle est ajout\u00e9e \u00e0 des boissons ou \u00e0 des aliments.<br \/>\nPour rehausser la saveur de vos smoothies, ajoutez une goutte d&rsquo;huile essentielle de pamplemousse \u00e0 votre smoothie pr\u00e9f\u00e9r\u00e9.<br \/>\nMode d&#8217;emploi<br \/>\nPour aromatiser les aliments.<br \/>\nPr\u00e9cautions d&#8217;emploi<br \/>\nN&rsquo;utiliser que dilu\u00e9e. Ne pas prendre plus d&rsquo;une goutte par jour. Tenir hors de port\u00e9e des enfants. Tenir \u00e0 l&rsquo;\u00e9cart des yeux et des muqueuses. En cas de contact avec la peau, \u00e9viter le soleil et les rayons UV pendant au moins 12 heures.<br \/>\n<iframe title=\"Stop Consuming Unnecessary Calories by Using Grapefruit Essential Oil\" src=\"https:\/\/www.youtube.com\/embed\/YtzPivHLO9I\" width=\"853\" height=\"480\" frameborder=\"0\" allowfullscreen=\"allowfullscreen\"><\/iframe><\/p>\n","protected":false},"excerpt":{"rendered":"<ul>\n<li>Am\u00e9liore l&rsquo;humeur<\/li>\n<li>Un condiment fort et acide pour les aliments<\/li>\n<li>Aide \u00e0 la concentration<\/li>\n<\/ul>\n","protected":false},"featured_media":21391,"template":"","meta":{"site-sidebar-layout":"default","site-content-layout":"default","ast-site-content-layout":"default","site-content-style":"default","site-sidebar-style":"default","ast-global-header-display":"","ast-banner-title-visibility":"","ast-main-header-display":"","ast-hfb-above-header-display":"","ast-hfb-below-header-display":"","ast-hfb-mobile-header-display":"","site-post-title":"","ast-breadcrumbs-content":"","ast-featured-img":"","footer-sml-layout":"","ast-disable-related-posts":"","theme-transparent-header-meta":"default","adv-header-id-meta":"","stick-header-meta":"","header-above-stick-meta":"","header-main-stick-meta":"","header-below-stick-meta":"","astra-migrate-meta-layouts":"set","ast-page-background-enabled":"default","ast-page-background-meta":{"desktop":{"background-color":"","background-image":"","background-repeat":"repeat","background-position":"center center","background-size":"auto","background-attachment":"scroll","background-type":"","background-media":"","overlay-type":"","overlay-color":"","overlay-opacity":"","overlay-gradient":""},"tablet":{"background-color":"","background-image":"","background-repeat":"repeat","background-position":"center center","background-size":"auto","background-attachment":"scroll","background-type":"","background-media":"","overlay-type":"","overlay-color":"","overlay-opacity":"","overlay-gradient":""},"mobile":{"background-color":"","background-image":"","background-repeat":"repeat","background-position":"center center","background-size":"auto","background-attachment":"scroll","background-type":"","background-media":"","overlay-type":"","overlay-color":"","overlay-opacity":"","overlay-gradient":""}},"ast-content-background-meta":{"desktop":{"background-color":"var(--ast-global-color-5)","background-image":"","background-repeat":"repeat","background-position":"center center","background-size":"auto","background-attachment":"scroll","background-type":"","background-media":"","overlay-type":"","overlay-color":"","overlay-opacity":"","overlay-gradient":""},"tablet":{"background-color":"var(--ast-global-color-5)","background-image":"","background-repeat":"repeat","background-position":"center center","background-size":"auto","background-attachment":"scroll","background-type":"","background-media":"","overlay-type":"","overlay-color":"","overlay-opacity":"","overlay-gradient":""},"mobile":{"background-color":"var(--ast-global-color-5)","background-image":"","background-repeat":"repeat","background-position":"center center","background-size":"auto","background-attachment":"scroll","background-type":"","background-media":"","overlay-type":"","overlay-color":"","overlay-opacity":"","overlay-gradient":""}}},"product_brand":[],"product_cat":[1940,1950],"product_tag":[2094,2749,3232],"class_list":{"0":"post-21390","1":"product","2":"type-product","3":"status-publish","4":"has-post-thumbnail","6":"product_cat-huiles-essentielles","7":"product_cat-huiles-essentielles-pures","8":"product_tag-15-ml-fr","9":"product_tag-grapefruit-fr","10":"product_tag-huiles-essentielles","11":"desktop-align-left","12":"tablet-align-left","13":"mobile-align-left","15":"first","16":"instock","17":"taxable","18":"shipping-taxable","19":"purchasable","20":"product-type-simple"},"_links":{"self":[{"href":"https:\/\/mamaterra.lt\/fr\/wp-json\/wp\/v2\/product\/21390","targetHints":{"allow":["GET"]}}],"collection":[{"href":"https:\/\/mamaterra.lt\/fr\/wp-json\/wp\/v2\/product"}],"about":[{"href":"https:\/\/mamaterra.lt\/fr\/wp-json\/wp\/v2\/types\/product"}],"wp:featuredmedia":[{"embeddable":true,"href":"https:\/\/mamaterra.lt\/fr\/wp-json\/wp\/v2\/media\/21391"}],"wp:attachment":[{"href":"https:\/\/mamaterra.lt\/fr\/wp-json\/wp\/v2\/media?parent=21390"}],"wp:term":[{"taxonomy":"product_brand","embeddable":true,"href":"https:\/\/mamaterra.lt\/fr\/wp-json\/wp\/v2\/product_brand?post=21390"},{"taxonomy":"product_cat","embeddable":true,"href":"https:\/\/mamaterra.lt\/fr\/wp-json\/wp\/v2\/product_cat?post=21390"},{"taxonomy":"product_tag","embeddable":true,"href":"https:\/\/mamaterra.lt\/fr\/wp-json\/wp\/v2\/product_tag?post=21390"}],"curies":[{"name":"wp","href":"https:\/\/api.w.org\/{rel}","templated":true}]}}