{"id":21349,"date":"2022-04-27T13:22:40","date_gmt":"2022-04-27T12:22:40","guid":{"rendered":"https:\/\/mamaterra.lt\/parduotuve\/non%20class\u00e9\/doterra-breath-pastiles-kvepavimo-sistemai-air-drops-120g\/"},"modified":"2024-02-09T21:45:35","modified_gmt":"2024-02-09T20:45:35","slug":"doterra-breathe-pastilles-pour-le-systeme-respiratoire-doterra-air-drops-120g","status":"publish","type":"product","link":"https:\/\/mamaterra.lt\/fr\/parduotuve\/huiles-essentielles\/melanges-dhuiles-essentielles\/doterra-breathe-pastilles-pour-le-systeme-respiratoire-doterra-air-drops-120g\/","title":{"rendered":"doTERRA Breathe Pastilles pour le syst\u00e8me respiratoire (doTERRA Air Drops) 120g"},"content":{"rendered":"<p>doTERRA Breathe Pastilles pour le syst\u00e8me respiratoire (doTERRA Air Drops) 120g<\/p>\n<p>doTERRA Air est un m\u00e9lange d&rsquo;huiles essentielles de longue date qui aide \u00e0 apaiser et \u00e0 calmer les voies respiratoires. Les gouttes d&rsquo;air doTERRA rendent cette combinaison \u00e9prouv\u00e9e d&rsquo;huiles essentielles certifi\u00e9es Pure Tested Grade CPTG plus pratique que jamais. Profitez des bienfaits des huiles essentielles de citron, menthe poivr\u00e9e, eucalyptus, thym, m\u00e9lisse et cardamome livr\u00e9es dans une pastille savoureuse !<\/p>\n<ul>\n<li>Pastille pratique et savoureuse.<\/li>\n<li>Comprend les huiles essentielles de citron, de menthe poivr\u00e9e, d&rsquo;eucalyptus, de thym, de m\u00e9lisse et de cardamome.<\/li>\n<li>Facile \u00e0 avoir \u00e0 port\u00e9e de main lorsque vous en avez le plus besoin.<\/li>\n<\/ul>\n<div class=\"QFw9Te BLojaf\">\n<p id=\"ow81\">Pr\u00e9cautions<br \/>\nRisque d&rsquo;\u00e9touffement. Conserver hors de port\u00e9e des enfants de moins de 3 ans. Conserver dans un endroit frais et sec.<\/p>\n<\/div>\n","protected":false},"excerpt":{"rendered":"<ul>\n<li>Utilisez-le comme une alternative rapide et sans d\u00e9g\u00e2ts au m\u00e9lange d\u014dTERRA Air.<\/li>\n<li>Gardez-les \u00e0 port\u00e9e de main dans votre sac \u00e0 main ou votre sac de voyage pour un soutien cibl\u00e9 lors de vos d\u00e9placements.<\/li>\n<li>30 pcs<\/li>\n<\/ul>\n","protected":false},"featured_media":21350,"template":"","meta":{"site-sidebar-layout":"default","site-content-layout":"default","ast-site-content-layout":"default","site-content-style":"default","site-sidebar-style":"default","ast-global-header-display":"","ast-banner-title-visibility":"","ast-main-header-display":"","ast-hfb-above-header-display":"","ast-hfb-below-header-display":"","ast-hfb-mobile-header-display":"","site-post-title":"","ast-breadcrumbs-content":"","ast-featured-img":"","footer-sml-layout":"","ast-disable-related-posts":"","theme-transparent-header-meta":"default","adv-header-id-meta":"","stick-header-meta":"","header-above-stick-meta":"","header-main-stick-meta":"","header-below-stick-meta":"","astra-migrate-meta-layouts":"set","ast-page-background-enabled":"default","ast-page-background-meta":{"desktop":{"background-color":"","background-image":"","background-repeat":"repeat","background-position":"center center","background-size":"auto","background-attachment":"scroll","background-type":"","background-media":"","overlay-type":"","overlay-color":"","overlay-opacity":"","overlay-gradient":""},"tablet":{"background-color":"","background-image":"","background-repeat":"repeat","background-position":"center center","background-size":"auto","background-attachment":"scroll","background-type":"","background-media":"","overlay-type":"","overlay-color":"","overlay-opacity":"","overlay-gradient":""},"mobile":{"background-color":"","background-image":"","background-repeat":"repeat","background-position":"center center","background-size":"auto","background-attachment":"scroll","background-type":"","background-media":"","overlay-type":"","overlay-color":"","overlay-opacity":"","overlay-gradient":""}},"ast-content-background-meta":{"desktop":{"background-color":"var(--ast-global-color-5)","background-image":"","background-repeat":"repeat","background-position":"center center","background-size":"auto","background-attachment":"scroll","background-type":"","background-media":"","overlay-type":"","overlay-color":"","overlay-opacity":"","overlay-gradient":""},"tablet":{"background-color":"var(--ast-global-color-5)","background-image":"","background-repeat":"repeat","background-position":"center center","background-size":"auto","background-attachment":"scroll","background-type":"","background-media":"","overlay-type":"","overlay-color":"","overlay-opacity":"","overlay-gradient":""},"mobile":{"background-color":"var(--ast-global-color-5)","background-image":"","background-repeat":"repeat","background-position":"center center","background-size":"auto","background-attachment":"scroll","background-type":"","background-media":"","overlay-type":"","overlay-color":"","overlay-opacity":"","overlay-gradient":""}}},"product_brand":[],"product_cat":[1940,1945],"product_tag":[2440,3440],"class_list":{"0":"post-21349","1":"product","2":"type-product","3":"status-publish","4":"has-post-thumbnail","6":"product_cat-huiles-essentielles","7":"product_cat-melanges-dhuiles-essentielles","8":"product_tag-des-sucreries","9":"product_tag-pastilles-fr","10":"desktop-align-left","11":"tablet-align-left","12":"mobile-align-left","14":"first","15":"instock","16":"taxable","17":"shipping-taxable","18":"purchasable","19":"product-type-simple"},"_links":{"self":[{"href":"https:\/\/mamaterra.lt\/fr\/wp-json\/wp\/v2\/product\/21349","targetHints":{"allow":["GET"]}}],"collection":[{"href":"https:\/\/mamaterra.lt\/fr\/wp-json\/wp\/v2\/product"}],"about":[{"href":"https:\/\/mamaterra.lt\/fr\/wp-json\/wp\/v2\/types\/product"}],"wp:featuredmedia":[{"embeddable":true,"href":"https:\/\/mamaterra.lt\/fr\/wp-json\/wp\/v2\/media\/21350"}],"wp:attachment":[{"href":"https:\/\/mamaterra.lt\/fr\/wp-json\/wp\/v2\/media?parent=21349"}],"wp:term":[{"taxonomy":"product_brand","embeddable":true,"href":"https:\/\/mamaterra.lt\/fr\/wp-json\/wp\/v2\/product_brand?post=21349"},{"taxonomy":"product_cat","embeddable":true,"href":"https:\/\/mamaterra.lt\/fr\/wp-json\/wp\/v2\/product_cat?post=21349"},{"taxonomy":"product_tag","embeddable":true,"href":"https:\/\/mamaterra.lt\/fr\/wp-json\/wp\/v2\/product_tag?post=21349"}],"curies":[{"name":"wp","href":"https:\/\/api.w.org\/{rel}","templated":true}]}}