{"id":21318,"date":"2021-04-18T16:43:53","date_gmt":"2021-04-18T15:43:53","guid":{"rendered":"https:\/\/mamaterra.lt\/parduotuve\/non%20class\u00e9\/raudoneliu-oregano-tyras-doterra-eterinis-aliejus-15ml\/"},"modified":"2024-02-09T20:24:02","modified_gmt":"2024-02-09T19:24:02","slug":"huile-essentielle-doterra-pure-dorigan-15ml","status":"publish","type":"product","link":"https:\/\/mamaterra.lt\/fr\/parduotuve\/huiles-essentielles\/huiles-essentielles-pures\/huile-essentielle-doterra-pure-dorigan-15ml\/","title":{"rendered":"Huile essentielle doTERRA pure d\u2019origan 15ml"},"content":{"rendered":"<h6>Huile essentielle doTERRA pure d\u2019origan<\/h6>\n<p>Origanum vulgare | 15ml<\/p>\n<p>Depuis des centaines d\u2019ann\u00e9es, l\u2019origan est connue comme l\u2019une des huiles essentielles les plus puissantes et les plus b\u00e9n\u00e9fiques. L&rsquo;origan peut \u00eatre trouv\u00e9 dans les livres de cuisine et les armoires du monde entier, car sa saveur polyvalente compl\u00e8te une vari\u00e9t\u00e9 de cuisines. L&rsquo;huile essentielle est extraite des feuilles parfum\u00e9es de la plante. L\u2019un des principaux composants chimiques de l\u2019origan est le carvacol, un ph\u00e9nol, ce qui en fait l\u2019une des huiles essentielles les plus polyvalentes et les plus puissantes au monde. En cas de contact avec la peau, l&rsquo;origan doit \u00eatre dilu\u00e9 avec une huile de support.<\/p>\n<p>&nbsp;<\/p>\n<p>Daugiau informacijos apie <strong>raudon\u0117li\u0173 (OREGANO) <\/strong><strong>doTERRA<\/strong><strong>\u00a0<\/strong><strong>eterin\u012f aliej\u0173 <\/strong>rasite \u017eemiau esan\u010diame vaizdo \u012fra\u0161e.<\/p>\n<p><iframe title=\"doTERRA\u00ae Oregano Oil Uses and Benefits\" src=\"https:\/\/www.youtube.com\/embed\/uOh4CyEy2hU\" width=\"853\" height=\"480\" frameborder=\"0\" allowfullscreen=\"allowfullscreen\"><\/iframe><\/p>\n","protected":false},"excerpt":{"rendered":"<p>Un composant aromatisant polyvalent largement utilis\u00e9 dans le monde entier dans les plats sal\u00e9s, couramment utilis\u00e9 comme herbe s\u00e8che.<br \/>\nParfum et saveur incroyablement piquants lorsqu&rsquo;ils sont utilis\u00e9s en cuisine, permettant \u00e0 l&rsquo;utilisateur d&rsquo;aller un peu plus loin dans chaque plat.<br \/>\nSaveur \u00e9pic\u00e9e et herbac\u00e9e id\u00e9ale pour les soupes, les salades et pour assaisonner tout plat sal\u00e9.<\/p>\n","protected":false},"featured_media":21319,"template":"","meta":{"site-sidebar-layout":"default","site-content-layout":"default","ast-site-content-layout":"default","site-content-style":"default","site-sidebar-style":"default","ast-global-header-display":"","ast-banner-title-visibility":"","ast-main-header-display":"","ast-hfb-above-header-display":"","ast-hfb-below-header-display":"","ast-hfb-mobile-header-display":"","site-post-title":"","ast-breadcrumbs-content":"","ast-featured-img":"","footer-sml-layout":"","ast-disable-related-posts":"","theme-transparent-header-meta":"default","adv-header-id-meta":"","stick-header-meta":"","header-above-stick-meta":"","header-main-stick-meta":"","header-below-stick-meta":"","astra-migrate-meta-layouts":"set","ast-page-background-enabled":"default","ast-page-background-meta":{"desktop":{"background-color":"","background-image":"","background-repeat":"repeat","background-position":"center center","background-size":"auto","background-attachment":"scroll","background-type":"","background-media":"","overlay-type":"","overlay-color":"","overlay-opacity":"","overlay-gradient":""},"tablet":{"background-color":"","background-image":"","background-repeat":"repeat","background-position":"center center","background-size":"auto","background-attachment":"scroll","background-type":"","background-media":"","overlay-type":"","overlay-color":"","overlay-opacity":"","overlay-gradient":""},"mobile":{"background-color":"","background-image":"","background-repeat":"repeat","background-position":"center center","background-size":"auto","background-attachment":"scroll","background-type":"","background-media":"","overlay-type":"","overlay-color":"","overlay-opacity":"","overlay-gradient":""}},"ast-content-background-meta":{"desktop":{"background-color":"var(--ast-global-color-5)","background-image":"","background-repeat":"repeat","background-position":"center center","background-size":"auto","background-attachment":"scroll","background-type":"","background-media":"","overlay-type":"","overlay-color":"","overlay-opacity":"","overlay-gradient":""},"tablet":{"background-color":"var(--ast-global-color-5)","background-image":"","background-repeat":"repeat","background-position":"center center","background-size":"auto","background-attachment":"scroll","background-type":"","background-media":"","overlay-type":"","overlay-color":"","overlay-opacity":"","overlay-gradient":""},"mobile":{"background-color":"var(--ast-global-color-5)","background-image":"","background-repeat":"repeat","background-position":"center center","background-size":"auto","background-attachment":"scroll","background-type":"","background-media":"","overlay-type":"","overlay-color":"","overlay-opacity":"","overlay-gradient":""}}},"product_brand":[],"product_cat":[1940,1950,1990,2035],"product_tag":[2094,3232,2566],"class_list":{"0":"post-21318","1":"product","2":"type-product","3":"status-publish","4":"has-post-thumbnail","6":"product_cat-huiles-essentielles","7":"product_cat-huiles-essentielles-pures","8":"product_cat-immunite","9":"product_cat-purification-de-lair","10":"product_tag-15-ml-fr","11":"product_tag-huiles-essentielles","12":"product_tag-oregano-fr","13":"desktop-align-left","14":"tablet-align-left","15":"mobile-align-left","17":"first","18":"instock","19":"sale","20":"taxable","21":"shipping-taxable","22":"purchasable","23":"product-type-simple"},"_links":{"self":[{"href":"https:\/\/mamaterra.lt\/fr\/wp-json\/wp\/v2\/product\/21318","targetHints":{"allow":["GET"]}}],"collection":[{"href":"https:\/\/mamaterra.lt\/fr\/wp-json\/wp\/v2\/product"}],"about":[{"href":"https:\/\/mamaterra.lt\/fr\/wp-json\/wp\/v2\/types\/product"}],"wp:featuredmedia":[{"embeddable":true,"href":"https:\/\/mamaterra.lt\/fr\/wp-json\/wp\/v2\/media\/21319"}],"wp:attachment":[{"href":"https:\/\/mamaterra.lt\/fr\/wp-json\/wp\/v2\/media?parent=21318"}],"wp:term":[{"taxonomy":"product_brand","embeddable":true,"href":"https:\/\/mamaterra.lt\/fr\/wp-json\/wp\/v2\/product_brand?post=21318"},{"taxonomy":"product_cat","embeddable":true,"href":"https:\/\/mamaterra.lt\/fr\/wp-json\/wp\/v2\/product_cat?post=21318"},{"taxonomy":"product_tag","embeddable":true,"href":"https:\/\/mamaterra.lt\/fr\/wp-json\/wp\/v2\/product_tag?post=21318"}],"curies":[{"name":"wp","href":"https:\/\/api.w.org\/{rel}","templated":true}]}}