{"id":21290,"date":"2021-04-18T17:34:12","date_gmt":"2021-04-18T16:34:12","guid":{"rendered":"https:\/\/mamaterra.lt\/parduotuve\/non%20class\u00e9\/doterra-pasttense-touch-atsipalaiduoti-padedantis-eteriniu-alieju-misinys-10ml\/"},"modified":"2024-02-09T15:37:28","modified_gmt":"2024-02-09T14:37:28","slug":"doterra-pasttense-touch-melange-dhuiles-essentielles-relaxantes-10-ml","status":"publish","type":"product","link":"https:\/\/mamaterra.lt\/fr\/parduotuve\/huiles-essentielles\/melanges-dhuiles-essentielles\/doterra-pasttense-touch-melange-dhuiles-essentielles-relaxantes-10-ml\/","title":{"rendered":"doTERRA PastTense touch M\u00e9lange d\u2019huiles essentielles relaxantes 10 ml"},"content":{"rendered":"<h6>doTERRA PastTense touch M\u00e9lange d\u2019huiles essentielles relaxantes 10 ml<\/h6>\n<p>&nbsp;<\/p>\n<p><span class=\"jCAhz ChMk0b\"><span class=\"ryNqvb\">M\u00e9lange d&rsquo;huiles essentielles apaisantes et rafra\u00eechissantes, PastTense est con\u00e7u pour apaiser votre corps et votre esprit \u00e0 tout moment, \u00e0 l&rsquo;aide d&rsquo;un flacon pratique dot\u00e9 d&rsquo;un applicateur \u00e0 bille.<\/span><\/span><\/p>\n<ul>\n<li><span class=\"jCAhz ChMk0b\"><span class=\"ryNqvb\">Gardez-le au travail, dans votre sac \u00e0 main ou votre sac de voyage pour qu&rsquo;il soit toujours \u00e0 port\u00e9e de main lorsque vous en avez besoin<\/span><\/span><\/li>\n<li><span class=\"jCAhz ChMk0b\"><span class=\"ryNqvb\">Favorise un sentiment de d\u00e9tente et de paix<\/span><\/span><\/li>\n<li><span class=\"jCAhz ChMk0b\"><span class=\"ryNqvb\">Aide \u00e0 ancrer et \u00e9quilibrer les \u00e9motions<\/span><\/span> <span class=\"jCAhz ChMk0b\"><span class=\"ryNqvb\">Am\u00e9liore l&rsquo;activit\u00e9 c\u00e9r\u00e9brale<\/span><\/span><\/li>\n<\/ul>\n<h6><span class=\"jCAhz ChMk0b\"><span class=\"ryNqvb\">Ingr\u00e9dients du m\u00e9lange d&rsquo;huiles essentielles relaxantes doTERRA PastTense<\/span><\/span><\/h6>\n<p><span class=\"jCAhz ChMk0b\"><span class=\"ryNqvb\">Huiles essentielles de canneberge, lavande, menthe poivr\u00e9e, boswellia, coriandre, marjolaine, camomille romaine, basilic et romarin et huile de noix de coco fractionn\u00e9e<\/span><\/span><\/p>\n<ul>\n<li><\/li>\n<\/ul>\n<p>&nbsp;<\/p>\n<p>Pour plus d\u2019informations sur le m\u00e9lange d\u2019huiles essentielles doTERRA PastTense\u2122, voir la vid\u00e9o ci-dessous.<\/p>\n<p><iframe title=\"d\u014dTERRA Past Tense\" src=\"https:\/\/www.youtube.com\/embed\/Vxp0xRLtkug\" width=\"853\" height=\"480\" frameborder=\"0\" allowfullscreen=\"allowfullscreen\"><\/iframe><\/p>\n","protected":false},"excerpt":{"rendered":"<ul>\n<li><span class=\"jCAhz ChMk0b\"><span class=\"ryNqvb\">En usage externe : appliquer sur la zone souhait\u00e9e.<\/span><\/span><\/li>\n<li><span class=\"jCAhz ChMk0b\"><span class=\"ryNqvb\">Diluer avec une huile de support pour r\u00e9duire la sensibilit\u00e9 cutan\u00e9e.<\/span><\/span><\/li>\n<li><span class=\"jCAhz ChMk0b\"><span class=\"ryNqvb\">Massez vos \u00e9paules, votre cou et votre dos pour un effet rafra\u00eechissant et apaisant.<\/span><\/span><\/li>\n<li><span class=\"jCAhz ChMk0b\"><span class=\"ryNqvb\">Appliquer sur les tempes et sur la nuque avant un examen ou une pr\u00e9sentation publique.<\/span><\/span><\/li>\n<li><span class=\"jCAhz ChMk0b\"><span class=\"ryNqvb\">ppliquez sur vos poignets pour un ar\u00f4me relaxant en voyage.<\/span><\/span><\/li>\n<\/ul>\n","protected":false},"featured_media":21291,"template":"","meta":{"site-sidebar-layout":"default","site-content-layout":"default","ast-site-content-layout":"default","site-content-style":"default","site-sidebar-style":"default","ast-global-header-display":"","ast-banner-title-visibility":"","ast-main-header-display":"","ast-hfb-above-header-display":"","ast-hfb-below-header-display":"","ast-hfb-mobile-header-display":"","site-post-title":"","ast-breadcrumbs-content":"","ast-featured-img":"","footer-sml-layout":"","ast-disable-related-posts":"","theme-transparent-header-meta":"default","adv-header-id-meta":"","stick-header-meta":"","header-above-stick-meta":"","header-main-stick-meta":"","header-below-stick-meta":"","astra-migrate-meta-layouts":"set","ast-page-background-enabled":"default","ast-page-background-meta":{"desktop":{"background-color":"","background-image":"","background-repeat":"repeat","background-position":"center center","background-size":"auto","background-attachment":"scroll","background-type":"","background-media":"","overlay-type":"","overlay-color":"","overlay-opacity":"","overlay-gradient":""},"tablet":{"background-color":"","background-image":"","background-repeat":"repeat","background-position":"center center","background-size":"auto","background-attachment":"scroll","background-type":"","background-media":"","overlay-type":"","overlay-color":"","overlay-opacity":"","overlay-gradient":""},"mobile":{"background-color":"","background-image":"","background-repeat":"repeat","background-position":"center center","background-size":"auto","background-attachment":"scroll","background-type":"","background-media":"","overlay-type":"","overlay-color":"","overlay-opacity":"","overlay-gradient":""}},"ast-content-background-meta":{"desktop":{"background-color":"var(--ast-global-color-5)","background-image":"","background-repeat":"repeat","background-position":"center center","background-size":"auto","background-attachment":"scroll","background-type":"","background-media":"","overlay-type":"","overlay-color":"","overlay-opacity":"","overlay-gradient":""},"tablet":{"background-color":"var(--ast-global-color-5)","background-image":"","background-repeat":"repeat","background-position":"center center","background-size":"auto","background-attachment":"scroll","background-type":"","background-media":"","overlay-type":"","overlay-color":"","overlay-opacity":"","overlay-gradient":""},"mobile":{"background-color":"var(--ast-global-color-5)","background-image":"","background-repeat":"repeat","background-position":"center center","background-size":"auto","background-attachment":"scroll","background-type":"","background-media":"","overlay-type":"","overlay-color":"","overlay-opacity":"","overlay-gradient":""}}},"product_brand":[],"product_cat":[1940,1945],"product_tag":[2079,3237,2554],"class_list":{"0":"post-21290","1":"product","2":"type-product","3":"status-publish","4":"has-post-thumbnail","6":"product_cat-huiles-essentielles","7":"product_cat-melanges-dhuiles-essentielles","8":"product_tag-10-ml-fr","9":"product_tag-melanges-dhuiles-essentielles","10":"product_tag-pasttense-fr","11":"desktop-align-left","12":"tablet-align-left","13":"mobile-align-left","15":"first","16":"instock","17":"taxable","18":"shipping-taxable","19":"purchasable","20":"product-type-simple"},"_links":{"self":[{"href":"https:\/\/mamaterra.lt\/fr\/wp-json\/wp\/v2\/product\/21290","targetHints":{"allow":["GET"]}}],"collection":[{"href":"https:\/\/mamaterra.lt\/fr\/wp-json\/wp\/v2\/product"}],"about":[{"href":"https:\/\/mamaterra.lt\/fr\/wp-json\/wp\/v2\/types\/product"}],"wp:featuredmedia":[{"embeddable":true,"href":"https:\/\/mamaterra.lt\/fr\/wp-json\/wp\/v2\/media\/21291"}],"wp:attachment":[{"href":"https:\/\/mamaterra.lt\/fr\/wp-json\/wp\/v2\/media?parent=21290"}],"wp:term":[{"taxonomy":"product_brand","embeddable":true,"href":"https:\/\/mamaterra.lt\/fr\/wp-json\/wp\/v2\/product_brand?post=21290"},{"taxonomy":"product_cat","embeddable":true,"href":"https:\/\/mamaterra.lt\/fr\/wp-json\/wp\/v2\/product_cat?post=21290"},{"taxonomy":"product_tag","embeddable":true,"href":"https:\/\/mamaterra.lt\/fr\/wp-json\/wp\/v2\/product_tag?post=21290"}],"curies":[{"name":"wp","href":"https:\/\/api.w.org\/{rel}","templated":true}]}}