{"id":21263,"date":"2024-01-31T19:48:51","date_gmt":"2024-01-31T18:48:51","guid":{"rendered":"https:\/\/mamaterra.lt\/parduotuve\/non%20class\u00e9\/doterra-kremas-nuo-issutimu-kudikiams-baby-diaper-cream\/"},"modified":"2024-02-10T19:53:08","modified_gmt":"2024-02-10T18:53:08","slug":"creme-pour-couches-doterra-baby","status":"publish","type":"product","link":"https:\/\/mamaterra.lt\/fr\/parduotuve\/hygiene-et-soins-de-la-peau\/creme-pour-couches-doterra-baby\/","title":{"rendered":"Cr\u00e8me pour couches doTERRA Baby"},"content":{"rendered":"<p>S\u00fbre et efficace, la cr\u00e8me doTERRA Baby Bumps s&rsquo;\u00e9tale facilement sur la peau sensible pour la gu\u00e9rir, l&rsquo;apaiser et pr\u00e9venir les \u00e9ruptions cutan\u00e9es. La cr\u00e8me doTERRA Baby Bumps contient des huiles essentielles CPTG\u2122 de lavande, de graines de carotte et d&rsquo;arbre \u00e0 th\u00e9 pour apaiser la peau et lui donner un aspect sain. Elle est \u00e9galement riche en beurre de karit\u00e9 Muyao, qui hydrate la peau et la rend douce et lisse. Prot\u00e9gez vos petits avec cette cr\u00e8me douce sp\u00e9cialement formul\u00e9e pour la peau sensible des b\u00e9b\u00e9s.<\/p>\n<p>Le beurre de karit\u00e9 pur de Muyao, originaire d&rsquo;Afrique de l&rsquo;Est, contribue \u00e0 maintenir l&rsquo;hydratation de la peau.<br \/>\nLes huiles essentielles CPTG de lavande, de graines de carotte et d&rsquo;arbre \u00e0 th\u00e9 apaisent la peau pour lui donner une apparence saine.<br \/>\nAbsorbe facilement la peau sensible pour la gu\u00e9rir, l&rsquo;apaiser et pr\u00e9venir les \u00e9ruptions cutan\u00e9es.<br \/>\nSoigneusement formul\u00e9 pour la peau sensible des b\u00e9b\u00e9s<br \/>\nUtilisation<br \/>\nUtiliser comme alternative douce pour apaiser la peau gerc\u00e9e.<br \/>\nUtiliser apr\u00e8s le bain du b\u00e9b\u00e9 au coucher pour apaiser la peau sensible<br \/>\nUtiliser pour les tout-petits et les enfants plus \u00e2g\u00e9s comme solution de rechange douce aux autres lotions et cr\u00e8mes.<br \/>\nUtiliser avec d&rsquo;autres produits doTERRA Baby pour de meilleurs r\u00e9sultats.<\/p>\n<p>Mode d&#8217;emploi<br \/>\nChangez imm\u00e9diatement les couches mouill\u00e9es ou souill\u00e9es, essuyez le fond de la couche et laissez-la s\u00e9cher. Appliquez une cr\u00e8me \u00e0 chaque fois que vous changez la couche.<br \/>\nPr\u00e9cautions d&#8217;emploi<\/p>\n<p>Pour usage externe uniquement. Tenir \u00e0 l&rsquo;\u00e9cart des yeux. Tenir hors de port\u00e9e des enfants. Conserver \u00e0 une temp\u00e9rature comprise entre 20 et 25 \u00b0C. Ne pas utiliser si le sceau de qualit\u00e9 est bris\u00e9.<\/p>\n","protected":false},"excerpt":{"rendered":"<p>60 g<br \/>\nLe beurre de karit\u00e9 pur Muyao d&rsquo;Afrique de l&rsquo;Est aide \u00e0 garder la peau hydrat\u00e9e<br \/>\nLes huiles essentielles de lavande CPTG, de graines de carotte et d&rsquo;arbre \u00e0 th\u00e9 apaisent la peau et lui donnent une apparence saine<\/p>\n","protected":false},"featured_media":23770,"template":"","meta":{"site-sidebar-layout":"default","site-content-layout":"","ast-site-content-layout":"default","site-content-style":"default","site-sidebar-style":"default","ast-global-header-display":"","ast-banner-title-visibility":"","ast-main-header-display":"","ast-hfb-above-header-display":"","ast-hfb-below-header-display":"","ast-hfb-mobile-header-display":"","site-post-title":"","ast-breadcrumbs-content":"","ast-featured-img":"","footer-sml-layout":"","ast-disable-related-posts":"","theme-transparent-header-meta":"","adv-header-id-meta":"","stick-header-meta":"","header-above-stick-meta":"","header-main-stick-meta":"","header-below-stick-meta":"","astra-migrate-meta-layouts":"set","ast-page-background-enabled":"default","ast-page-background-meta":{"desktop":{"background-color":"","background-image":"","background-repeat":"repeat","background-position":"center center","background-size":"auto","background-attachment":"scroll","background-type":"","background-media":"","overlay-type":"","overlay-color":"","overlay-opacity":"","overlay-gradient":""},"tablet":{"background-color":"","background-image":"","background-repeat":"repeat","background-position":"center center","background-size":"auto","background-attachment":"scroll","background-type":"","background-media":"","overlay-type":"","overlay-color":"","overlay-opacity":"","overlay-gradient":""},"mobile":{"background-color":"","background-image":"","background-repeat":"repeat","background-position":"center center","background-size":"auto","background-attachment":"scroll","background-type":"","background-media":"","overlay-type":"","overlay-color":"","overlay-opacity":"","overlay-gradient":""}},"ast-content-background-meta":{"desktop":{"background-color":"var(--ast-global-color-5)","background-image":"","background-repeat":"repeat","background-position":"center center","background-size":"auto","background-attachment":"scroll","background-type":"","background-media":"","overlay-type":"","overlay-color":"","overlay-opacity":"","overlay-gradient":""},"tablet":{"background-color":"var(--ast-global-color-5)","background-image":"","background-repeat":"repeat","background-position":"center center","background-size":"auto","background-attachment":"scroll","background-type":"","background-media":"","overlay-type":"","overlay-color":"","overlay-opacity":"","overlay-gradient":""},"mobile":{"background-color":"var(--ast-global-color-5)","background-image":"","background-repeat":"repeat","background-position":"center center","background-size":"auto","background-attachment":"scroll","background-type":"","background-media":"","overlay-type":"","overlay-color":"","overlay-opacity":"","overlay-gradient":""}}},"product_brand":[],"product_cat":[1960,2045],"product_tag":[],"class_list":{"0":"post-21263","1":"product","2":"type-product","3":"status-publish","4":"has-post-thumbnail","6":"product_cat-hygiene-et-soins-de-la-peau","7":"product_cat-pour-les-enfants","8":"desktop-align-left","9":"tablet-align-left","10":"mobile-align-left","12":"first","13":"instock","14":"taxable","15":"shipping-taxable","16":"product-type-simple"},"_links":{"self":[{"href":"https:\/\/mamaterra.lt\/fr\/wp-json\/wp\/v2\/product\/21263","targetHints":{"allow":["GET"]}}],"collection":[{"href":"https:\/\/mamaterra.lt\/fr\/wp-json\/wp\/v2\/product"}],"about":[{"href":"https:\/\/mamaterra.lt\/fr\/wp-json\/wp\/v2\/types\/product"}],"wp:featuredmedia":[{"embeddable":true,"href":"https:\/\/mamaterra.lt\/fr\/wp-json\/wp\/v2\/media\/23770"}],"wp:attachment":[{"href":"https:\/\/mamaterra.lt\/fr\/wp-json\/wp\/v2\/media?parent=21263"}],"wp:term":[{"taxonomy":"product_brand","embeddable":true,"href":"https:\/\/mamaterra.lt\/fr\/wp-json\/wp\/v2\/product_brand?post=21263"},{"taxonomy":"product_cat","embeddable":true,"href":"https:\/\/mamaterra.lt\/fr\/wp-json\/wp\/v2\/product_cat?post=21263"},{"taxonomy":"product_tag","embeddable":true,"href":"https:\/\/mamaterra.lt\/fr\/wp-json\/wp\/v2\/product_tag?post=21263"}],"curies":[{"name":"wp","href":"https:\/\/api.w.org\/{rel}","templated":true}]}}