{"id":21173,"date":"2023-11-23T21:42:57","date_gmt":"2023-11-23T20:42:57","guid":{"rendered":"https:\/\/mamaterra.lt\/parduotuve\/non%20class\u00e9\/doterra-niaouli-eterinis-aliejus-15-ml\/"},"modified":"2024-01-20T21:16:47","modified_gmt":"2024-01-20T20:16:47","slug":"doterra-huile-essentielle-de-niaouli-15-ml","status":"publish","type":"product","link":"https:\/\/mamaterra.lt\/fr\/parduotuve\/huiles-essentielles\/huiles-essentielles-pures\/doterra-huile-essentielle-de-niaouli-15-ml\/","title":{"rendered":"doTERRA Huile essentielle de Niaouli 15 ml"},"content":{"rendered":"<h6 class=\"spotlight__head-latin-title\">Melaleuca quinquenervia<\/h6>\n<div class=\"spotlight__head-copy\">\n<p>Le myrte \u00e0 cinq aiguilles est un grand arbre \u00e0 feuilles persistantes originaire d&rsquo;Australie. Les feuilles mesurent jusqu&rsquo;\u00e0 13 cm de long et les fleurs \u00e0 l&rsquo;extr\u00e9mit\u00e9 des branches sont jaun\u00e2tres et ressemblent \u00e0 de petits balais. En raison de son apparence inhabituelle, les gens ont donn\u00e9 de nombreux noms \u00e0 cet arbre, comme l&rsquo;arbre \u00e0 \u00e9corce de papier ou le goupillon. Le myrte \u00e0 cinq aiguilles est une plante apparent\u00e9e \u00e0 l&rsquo;arbre \u00e0 th\u00e9 qui d\u00e9gage un ar\u00f4me bois\u00e9 doux. La combinaison d&rsquo;eucalyptol et de monoterp\u00e8nes dans cette huile essentielle a un effet stimulant. Largement utilis\u00e9e dans divers produits cosm\u00e9tiques tels que les lotions, les cr\u00e8mes et les savons, l&rsquo;huile essentielle de niaouli donne \u00e0 la peau un aspect sain et propre. Utilis\u00e9e en massage, cette huile peut aider \u00e0 d\u00e9tendre des zones sp\u00e9cifiques.<\/p>\n<p>Dans les temps anciens, les indig\u00e8nes d&rsquo;Australie appr\u00e9ciaient les propri\u00e9t\u00e9s d\u00e9sinfectantes de cette huile et, en cas de blessures ou d&rsquo;irritations cutan\u00e9es, ils appliquaient simplement les feuilles sur le site de l&rsquo;irritation.<\/p>\n<p>Elle a \u00e9galement un effet positif sur les voies respiratoires, le syst\u00e8me immunitaire et le renouvellement cellulaire.<\/p>\n<p>Pr\u00e9cautions d&#8217;emploi<\/p>\n<p>Peut provoquer des irritations cutan\u00e9es. Tenir hors de port\u00e9e des enfants. En cas de grossesse, d&rsquo;allaitement ou de maladie, consultez votre m\u00e9decin. Tenir \u00e0 l&rsquo;\u00e9cart des yeux, de l&rsquo;oreille interne, du visage et des zones sensibles.<\/p>\n<\/div>\n","protected":false},"excerpt":{"rendered":"<p>Largement utilis\u00e9e dans divers produits cosm\u00e9tiques tels que les lotions, les cr\u00e8mes et les savons, l&rsquo;huile essentielle de niaouli donne \u00e0 la peau un aspect sain et propre. Utilis\u00e9e en massage, cette huile peut aider \u00e0 d\u00e9tendre des zones sp\u00e9cifiques.<\/p>\n","protected":false},"featured_media":21174,"template":"","meta":{"site-sidebar-layout":"default","site-content-layout":"","ast-site-content-layout":"default","site-content-style":"default","site-sidebar-style":"default","ast-global-header-display":"","ast-banner-title-visibility":"","ast-main-header-display":"","ast-hfb-above-header-display":"","ast-hfb-below-header-display":"","ast-hfb-mobile-header-display":"","site-post-title":"","ast-breadcrumbs-content":"","ast-featured-img":"","footer-sml-layout":"","ast-disable-related-posts":"","theme-transparent-header-meta":"default","adv-header-id-meta":"","stick-header-meta":"","header-above-stick-meta":"","header-main-stick-meta":"","header-below-stick-meta":"","astra-migrate-meta-layouts":"set","ast-page-background-enabled":"default","ast-page-background-meta":{"desktop":{"background-color":"","background-image":"","background-repeat":"repeat","background-position":"center center","background-size":"auto","background-attachment":"scroll","background-type":"","background-media":"","overlay-type":"","overlay-color":"","overlay-opacity":"","overlay-gradient":""},"tablet":{"background-color":"","background-image":"","background-repeat":"repeat","background-position":"center center","background-size":"auto","background-attachment":"scroll","background-type":"","background-media":"","overlay-type":"","overlay-color":"","overlay-opacity":"","overlay-gradient":""},"mobile":{"background-color":"","background-image":"","background-repeat":"repeat","background-position":"center center","background-size":"auto","background-attachment":"scroll","background-type":"","background-media":"","overlay-type":"","overlay-color":"","overlay-opacity":"","overlay-gradient":""}},"ast-content-background-meta":{"desktop":{"background-color":"var(--ast-global-color-5)","background-image":"","background-repeat":"repeat","background-position":"center center","background-size":"auto","background-attachment":"scroll","background-type":"","background-media":"","overlay-type":"","overlay-color":"","overlay-opacity":"","overlay-gradient":""},"tablet":{"background-color":"var(--ast-global-color-5)","background-image":"","background-repeat":"repeat","background-position":"center center","background-size":"auto","background-attachment":"scroll","background-type":"","background-media":"","overlay-type":"","overlay-color":"","overlay-opacity":"","overlay-gradient":""},"mobile":{"background-color":"var(--ast-global-color-5)","background-image":"","background-repeat":"repeat","background-position":"center center","background-size":"auto","background-attachment":"scroll","background-type":"","background-media":"","overlay-type":"","overlay-color":"","overlay-opacity":"","overlay-gradient":""}}},"product_brand":[],"product_cat":[1940,1950,1960,2000,2035],"product_tag":[],"class_list":{"0":"post-21173","1":"product","2":"type-product","3":"status-publish","4":"has-post-thumbnail","6":"product_cat-huiles-essentielles","7":"product_cat-huiles-essentielles-pures","8":"product_cat-hygiene-et-soins-de-la-peau","9":"product_cat-massage-fr","10":"product_cat-purification-de-lair","11":"desktop-align-left","12":"tablet-align-left","13":"mobile-align-left","15":"first","16":"outofstock","17":"sale","18":"taxable","19":"shipping-taxable","20":"purchasable","21":"product-type-simple"},"_links":{"self":[{"href":"https:\/\/mamaterra.lt\/fr\/wp-json\/wp\/v2\/product\/21173","targetHints":{"allow":["GET"]}}],"collection":[{"href":"https:\/\/mamaterra.lt\/fr\/wp-json\/wp\/v2\/product"}],"about":[{"href":"https:\/\/mamaterra.lt\/fr\/wp-json\/wp\/v2\/types\/product"}],"wp:featuredmedia":[{"embeddable":true,"href":"https:\/\/mamaterra.lt\/fr\/wp-json\/wp\/v2\/media\/21174"}],"wp:attachment":[{"href":"https:\/\/mamaterra.lt\/fr\/wp-json\/wp\/v2\/media?parent=21173"}],"wp:term":[{"taxonomy":"product_brand","embeddable":true,"href":"https:\/\/mamaterra.lt\/fr\/wp-json\/wp\/v2\/product_brand?post=21173"},{"taxonomy":"product_cat","embeddable":true,"href":"https:\/\/mamaterra.lt\/fr\/wp-json\/wp\/v2\/product_cat?post=21173"},{"taxonomy":"product_tag","embeddable":true,"href":"https:\/\/mamaterra.lt\/fr\/wp-json\/wp\/v2\/product_tag?post=21173"}],"curies":[{"name":"wp","href":"https:\/\/api.w.org\/{rel}","templated":true}]}}