{"id":21157,"date":"2023-12-02T21:16:39","date_gmt":"2023-12-02T20:16:39","guid":{"rendered":"https:\/\/mamaterra.lt\/parduotuve\/non%20class\u00e9\/doterra-glow-diffuser-difuzorius-ir-hygge-15-ml\/"},"modified":"2024-01-20T20:45:51","modified_gmt":"2024-01-20T19:45:51","slug":"diffuseur-doterra-glow-et-melange-hugge-15-ml","status":"publish","type":"product","link":"https:\/\/mamaterra.lt\/fr\/parduotuve\/huiles-essentielles\/melanges-dhuiles-essentielles\/diffuseur-doterra-glow-et-melange-hugge-15-ml\/","title":{"rendered":"Diffuseur doTERRA Glow et m\u00e9lange H\u00fcgge (15 ml)"},"content":{"rendered":"<h5 class=\"spotlight__head-title\">Diffuseur doTERRA Glow et m\u00e9lange H\u00fcgge (15 ml)<\/h5>\n<p class=\"spotlight__head-title\">\nAjoutez du confort \u00e0 votre int\u00e9rieur avec le m\u00e9lange exclusif H\u00fcgge et le diffuseur Glow. La combinaison de ces produits a \u00e9t\u00e9 inspir\u00e9e par le concept danois de \u00ab\u00a0h\u00fcgge\u00a0\u00bb, dont l&rsquo;essence est d&rsquo;\u00e9veiller un sentiment de bien-\u00eatre.<\/p>\n<div class=\"spotlight__head-copy\">\n<h6>Propri\u00e9t\u00e9s du produit<\/h6>\n<ul>\n<li>Jusqu&rsquo;\u00e0 10 heures de fonctionnement pour apporter une lumi\u00e8re chaude et immersive \u00e0 tout environnement.<\/li>\n<li>Mode r\u00e9glable : lumi\u00e8re chaude et bougie vacillante.<\/li>\n<li>Superbe design fait \u00e0 la main avec un plateau en verre et un cordon tress\u00e9.<\/li>\n<li>Fonctionnement continu : jusqu&rsquo;\u00e0 5 heures.<\/li>\n<li>Mode intervalle : jusqu&rsquo;\u00e0 10 heures de fonctionnement<\/li>\n<li>Arr\u00eat d&rsquo;urgence automatique.<\/li>\n<li>Livr\u00e9 avec adaptateur.<\/li>\n<li>Garantie de 2 ans.<\/li>\n<\/ul>\n<p>Diffuseur Glow de doTERRA<br \/>\nTransformez votre maison en un paradis paisible avec le diffuseur Glow de doTERRA. Dans la culture danoise, le mot \u00a0\u00bb h\u00fcgge \u00a0\u00bb fait r\u00e9f\u00e9rence \u00e0 un sentiment agr\u00e9able de confort et de satisfaction totale. Ce concept a inspir\u00e9 doTERRA pour la cr\u00e9ation du diffuseur Glow, dont la partie sup\u00e9rieure est en verre d\u00e9poli. Il \u00e9met une lumi\u00e8re calme et chatoyante qui remplit de chaleur n&rsquo;importe quelle pi\u00e8ce. Ce diffuseur vous aidera \u00e0 cr\u00e9er le genre d&rsquo;atmosph\u00e8re que vous imaginez lorsque vous entendez le mot \u00ab\u00a0h\u00fcgge\u00a0\u00bb.<\/p>\n<p>Dimensions : 15 \u00d7 15 \u00d7 12,2 cm. Pour les instructions de nettoyage, veuillez vous r\u00e9f\u00e9rer au mode d&#8217;emploi du diffuseur.<\/p>\n<h6 class=\"spotlight__foot-block-title\">Application<\/h6>\n<p class=\"spotlight__foot-block-title\">Remplir le diffuseur avec de l&rsquo;eau du robinet \u00e0 temp\u00e9rature ambiante. Veillez \u00e0 ce que le niveau d&rsquo;eau ne d\u00e9passe pas le rep\u00e8re appropri\u00e9.<br \/>\nAjouter 5 \u00e0 10 gouttes d&rsquo;huiles essentielles.<br \/>\n* Se r\u00e9f\u00e9rer au mode d&#8217;emploi du diffuseur pour les pr\u00e9cautions et recommandations d&rsquo;utilisation.<\/p>\n<h6 class=\"spotlight__foot-block-title\">Avertissement<\/h6>\n<p class=\"spotlight__foot-block-title\">Nettoyer les r\u00e9servoirs d&rsquo;eau et d&rsquo;huile au moins deux fois par semaine. Utiliser un chiffon en coton et un d\u00e9tergent neutre pour le nettoyage. Rincer \u00e0 l&rsquo;eau claire et s\u00e9cher avec un chiffon.<\/p>\n<\/div>\n","protected":false},"excerpt":{"rendered":"<p>Transformez votre maison en un paradis paisible avec le diffuseur Glow de doTERRA. Dans la culture danoise, le mot \u00a0\u00bb h\u00fcgge \u00a0\u00bb fait r\u00e9f\u00e9rence \u00e0 un sentiment agr\u00e9able de confort et de satisfaction totale. Ce concept a inspir\u00e9 doTERRA pour la cr\u00e9ation du diffuseur Glow, dont la partie sup\u00e9rieure est en verre d\u00e9poli.<\/p>\n","protected":false},"featured_media":23684,"template":"","meta":{"site-sidebar-layout":"default","site-content-layout":"","ast-site-content-layout":"default","site-content-style":"default","site-sidebar-style":"default","ast-global-header-display":"","ast-banner-title-visibility":"","ast-main-header-display":"","ast-hfb-above-header-display":"","ast-hfb-below-header-display":"","ast-hfb-mobile-header-display":"","site-post-title":"","ast-breadcrumbs-content":"","ast-featured-img":"","footer-sml-layout":"","ast-disable-related-posts":"","theme-transparent-header-meta":"default","adv-header-id-meta":"","stick-header-meta":"","header-above-stick-meta":"","header-main-stick-meta":"","header-below-stick-meta":"","astra-migrate-meta-layouts":"set","ast-page-background-enabled":"default","ast-page-background-meta":{"desktop":{"background-color":"","background-image":"","background-repeat":"repeat","background-position":"center center","background-size":"auto","background-attachment":"scroll","background-type":"","background-media":"","overlay-type":"","overlay-color":"","overlay-opacity":"","overlay-gradient":""},"tablet":{"background-color":"","background-image":"","background-repeat":"repeat","background-position":"center center","background-size":"auto","background-attachment":"scroll","background-type":"","background-media":"","overlay-type":"","overlay-color":"","overlay-opacity":"","overlay-gradient":""},"mobile":{"background-color":"","background-image":"","background-repeat":"repeat","background-position":"center center","background-size":"auto","background-attachment":"scroll","background-type":"","background-media":"","overlay-type":"","overlay-color":"","overlay-opacity":"","overlay-gradient":""}},"ast-content-background-meta":{"desktop":{"background-color":"var(--ast-global-color-5)","background-image":"","background-repeat":"repeat","background-position":"center center","background-size":"auto","background-attachment":"scroll","background-type":"","background-media":"","overlay-type":"","overlay-color":"","overlay-opacity":"","overlay-gradient":""},"tablet":{"background-color":"var(--ast-global-color-5)","background-image":"","background-repeat":"repeat","background-position":"center center","background-size":"auto","background-attachment":"scroll","background-type":"","background-media":"","overlay-type":"","overlay-color":"","overlay-opacity":"","overlay-gradient":""},"mobile":{"background-color":"var(--ast-global-color-5)","background-image":"","background-repeat":"repeat","background-position":"center center","background-size":"auto","background-attachment":"scroll","background-type":"","background-media":"","overlay-type":"","overlay-color":"","overlay-opacity":"","overlay-gradient":""}}},"product_brand":[],"product_cat":[1923,1930,1935,1918,2005,2040,1945],"product_tag":[],"class_list":{"0":"post-21157","1":"product","2":"type-product","3":"status-publish","4":"has-post-thumbnail","6":"product_cat-cadeaux","7":"product_cat-cadeaux-pour-femmes","8":"product_cat-cadeaux-pour-hommes","9":"product_cat-diffuseurs","10":"product_cat-dormir-fr","11":"product_cat-la-gestion-du-stress","12":"product_cat-melanges-dhuiles-essentielles","13":"desktop-align-left","14":"tablet-align-left","15":"mobile-align-left","17":"first","18":"outofstock","19":"sold-individually","20":"taxable","21":"shipping-taxable","22":"purchasable","23":"product-type-simple"},"_links":{"self":[{"href":"https:\/\/mamaterra.lt\/fr\/wp-json\/wp\/v2\/product\/21157","targetHints":{"allow":["GET"]}}],"collection":[{"href":"https:\/\/mamaterra.lt\/fr\/wp-json\/wp\/v2\/product"}],"about":[{"href":"https:\/\/mamaterra.lt\/fr\/wp-json\/wp\/v2\/types\/product"}],"wp:featuredmedia":[{"embeddable":true,"href":"https:\/\/mamaterra.lt\/fr\/wp-json\/wp\/v2\/media\/23684"}],"wp:attachment":[{"href":"https:\/\/mamaterra.lt\/fr\/wp-json\/wp\/v2\/media?parent=21157"}],"wp:term":[{"taxonomy":"product_brand","embeddable":true,"href":"https:\/\/mamaterra.lt\/fr\/wp-json\/wp\/v2\/product_brand?post=21157"},{"taxonomy":"product_cat","embeddable":true,"href":"https:\/\/mamaterra.lt\/fr\/wp-json\/wp\/v2\/product_cat?post=21157"},{"taxonomy":"product_tag","embeddable":true,"href":"https:\/\/mamaterra.lt\/fr\/wp-json\/wp\/v2\/product_tag?post=21157"}],"curies":[{"name":"wp","href":"https:\/\/api.w.org\/{rel}","templated":true}]}}