{"id":21142,"date":"2023-11-17T19:31:34","date_gmt":"2023-11-17T18:31:34","guid":{"rendered":"https:\/\/mamaterra.lt\/parduotuve\/non%20class\u00e9\/jasmine-oil-jasminum-grandiflorum-25-ml\/"},"modified":"2024-01-20T20:26:37","modified_gmt":"2024-01-20T19:26:37","slug":"doterra-huile-essentielle-de-jasmin-jasminum-grandiflorum-25-ml","status":"publish","type":"product","link":"https:\/\/mamaterra.lt\/fr\/parduotuve\/huiles-essentielles\/huiles-essentielles-pures\/doterra-huile-essentielle-de-jasmin-jasminum-grandiflorum-25-ml\/","title":{"rendered":"doTERRA Huile essentielle de Jasmin Jasminum grandiflorum 2,5 ml"},"content":{"rendered":"<h6>Jasminum grandiflorum<\/h6>\n<p>La fleur de jasmin, blanche comme neige, si belle et unique, est associ\u00e9e \u00e0 l&rsquo;amour et \u00e0 la romance. L&rsquo;huile de jasmin peut \u00eatre appliqu\u00e9e en externe pour cr\u00e9er un ar\u00f4me \u00e0 la fois apaisant et euphorisant qui am\u00e9liore l&rsquo;humeur et favorise une vision positive du monde. En outre, l&rsquo;huile de jasmin, connue pour ses propri\u00e9t\u00e9s th\u00e9rapeutiques, peut \u00eatre utilis\u00e9e pour am\u00e9liorer la sant\u00e9 de la peau. Le jasmin ayant un parfum intense (ce qui lui a valu le titre de \u00ab\u00a0roi des fleurs\u00a0\u00bb), son huile est parfaite pour \u00eatre utilis\u00e9e comme parfum pendant la journ\u00e9e.<\/p>\n<h6>Principaux b\u00e9n\u00e9fices<\/h6>\n<p>Aide \u00e0 rendre les imperfections de la peau moins visibles.<br \/>\nLe jasmin est connu pour ses nombreux bienfaits pour la peau.<br \/>\nIl favorise une vision positive du monde et contribue \u00e0 am\u00e9liorer l&rsquo;humeur gr\u00e2ce \u00e0 son ar\u00f4me euphorique et distinct.<\/p>\n<h6>Application<\/h6>\n<ul>\n<li>Appliquer sur les zones \u00e0 probl\u00e8mes et les taches de vieillesse pour r\u00e9duire leur visibilit\u00e9.<\/li>\n<li>Appliquer apr\u00e8s la douche pour r\u00e9duire le stress \u00e9motionnel avant la journ\u00e9e de travail, afin de cr\u00e9er une humeur positive.<\/li>\n<li>Appliquer pendant un massage pour calmer et d\u00e9tendre apr\u00e8s une longue journ\u00e9e de travail ou une s\u00e9ance d&rsquo;entra\u00eenement intense.<\/li>\n<li>Appliquer sur les poignets et le cou pour cr\u00e9er un parfum personnel unique qui peut \u00eatre utilis\u00e9 de jour comme de nuit.<\/li>\n<li>Incorporez-le \u00e0 votre routine quotidienne de soins de la peau pour un teint lumineux et \u00e9clatant.<\/li>\n<\/ul>\n<h6>Mode d&#8217;emploi<\/h6>\n<ul>\n<li>En massage, m\u00e9langez 5 gouttes \u00e0 10 ml d&rsquo;huile de base.<\/li>\n<li>Pour le bain, m\u00e9langez 5 gouttes \u00e0 5 ml d&rsquo;huile de base.<\/li>\n<li>Pour le parfum, m\u00e9langer 1 goutte \u00e0 10 gouttes d&rsquo;huile de base.<\/li>\n<li>Pour usage externe uniquement.<\/li>\n<\/ul>\n<h6>Avertissement<\/h6>\n<p>Peut provoquer une sensibilit\u00e9 de la peau. Tenir hors de port\u00e9e des enfants. Consulter un m\u00e9decin en cas de grossesse ou de traitement m\u00e9dical. \u00c9viter tout contact avec les yeux, les oreilles et les zones sensibles de la peau.<\/p>\n","protected":false},"excerpt":{"rendered":"<ul>\n<li>Appliquer pendant un massage pour calmer et d\u00e9tendre apr\u00e8s une longue journ\u00e9e de travail ou une s\u00e9ance d&rsquo;entra\u00eenement intense.<\/li>\n<li>Appliquer sur les poignets et le cou pour cr\u00e9er un parfum personnel unique qui peut \u00eatre utilis\u00e9 de jour comme de nuit.<\/li>\n<li>Incorporez-le \u00e0 votre routine quotidienne de soins de la peau pour un teint lumineux et \u00e9clatant.<\/li>\n<\/ul>\n","protected":false},"featured_media":21143,"template":"","meta":{"site-sidebar-layout":"default","site-content-layout":"","ast-site-content-layout":"default","site-content-style":"default","site-sidebar-style":"default","ast-global-header-display":"","ast-banner-title-visibility":"","ast-main-header-display":"","ast-hfb-above-header-display":"","ast-hfb-below-header-display":"","ast-hfb-mobile-header-display":"","site-post-title":"","ast-breadcrumbs-content":"","ast-featured-img":"","footer-sml-layout":"","ast-disable-related-posts":"","theme-transparent-header-meta":"default","adv-header-id-meta":"","stick-header-meta":"","header-above-stick-meta":"","header-main-stick-meta":"","header-below-stick-meta":"","astra-migrate-meta-layouts":"set","ast-page-background-enabled":"default","ast-page-background-meta":{"desktop":{"background-color":"","background-image":"","background-repeat":"repeat","background-position":"center center","background-size":"auto","background-attachment":"scroll","background-type":"","background-media":"","overlay-type":"","overlay-color":"","overlay-opacity":"","overlay-gradient":""},"tablet":{"background-color":"","background-image":"","background-repeat":"repeat","background-position":"center center","background-size":"auto","background-attachment":"scroll","background-type":"","background-media":"","overlay-type":"","overlay-color":"","overlay-opacity":"","overlay-gradient":""},"mobile":{"background-color":"","background-image":"","background-repeat":"repeat","background-position":"center center","background-size":"auto","background-attachment":"scroll","background-type":"","background-media":"","overlay-type":"","overlay-color":"","overlay-opacity":"","overlay-gradient":""}},"ast-content-background-meta":{"desktop":{"background-color":"var(--ast-global-color-5)","background-image":"","background-repeat":"repeat","background-position":"center center","background-size":"auto","background-attachment":"scroll","background-type":"","background-media":"","overlay-type":"","overlay-color":"","overlay-opacity":"","overlay-gradient":""},"tablet":{"background-color":"var(--ast-global-color-5)","background-image":"","background-repeat":"repeat","background-position":"center center","background-size":"auto","background-attachment":"scroll","background-type":"","background-media":"","overlay-type":"","overlay-color":"","overlay-opacity":"","overlay-gradient":""},"mobile":{"background-color":"var(--ast-global-color-5)","background-image":"","background-repeat":"repeat","background-position":"center center","background-size":"auto","background-attachment":"scroll","background-type":"","background-media":"","overlay-type":"","overlay-color":"","overlay-opacity":"","overlay-gradient":""}}},"product_brand":[],"product_cat":[1940,1950],"product_tag":[],"class_list":{"0":"post-21142","1":"product","2":"type-product","3":"status-publish","4":"has-post-thumbnail","6":"product_cat-huiles-essentielles","7":"product_cat-huiles-essentielles-pures","8":"desktop-align-left","9":"tablet-align-left","10":"mobile-align-left","12":"first","13":"outofstock","14":"sale","15":"taxable","16":"shipping-taxable","17":"purchasable","18":"product-type-simple"},"_links":{"self":[{"href":"https:\/\/mamaterra.lt\/fr\/wp-json\/wp\/v2\/product\/21142","targetHints":{"allow":["GET"]}}],"collection":[{"href":"https:\/\/mamaterra.lt\/fr\/wp-json\/wp\/v2\/product"}],"about":[{"href":"https:\/\/mamaterra.lt\/fr\/wp-json\/wp\/v2\/types\/product"}],"wp:featuredmedia":[{"embeddable":true,"href":"https:\/\/mamaterra.lt\/fr\/wp-json\/wp\/v2\/media\/21143"}],"wp:attachment":[{"href":"https:\/\/mamaterra.lt\/fr\/wp-json\/wp\/v2\/media?parent=21142"}],"wp:term":[{"taxonomy":"product_brand","embeddable":true,"href":"https:\/\/mamaterra.lt\/fr\/wp-json\/wp\/v2\/product_brand?post=21142"},{"taxonomy":"product_cat","embeddable":true,"href":"https:\/\/mamaterra.lt\/fr\/wp-json\/wp\/v2\/product_cat?post=21142"},{"taxonomy":"product_tag","embeddable":true,"href":"https:\/\/mamaterra.lt\/fr\/wp-json\/wp\/v2\/product_tag?post=21142"}],"curies":[{"name":"wp","href":"https:\/\/api.w.org\/{rel}","templated":true}]}}