{"id":21123,"date":"2023-08-09T15:53:20","date_gmt":"2023-08-09T14:53:20","guid":{"rendered":"https:\/\/mamaterra.lt\/parduotuve\/non%20class\u00e9\/doterra-gardenia-touch-gardenija-10-ml\/"},"modified":"2024-01-20T20:00:27","modified_gmt":"2024-01-20T19:00:27","slug":"doterra-gardenia-touch-10-ml","status":"publish","type":"product","link":"https:\/\/mamaterra.lt\/fr\/parduotuve\/cadeaux\/cadeaux-pour-femmes\/doterra-gardenia-touch-10-ml\/","title":{"rendered":"doTERRA Gardenia touch 10 ml"},"content":{"rendered":"<p>Gardenia jasminoides<\/p>\n<p>Gardenia jasminoides, cultiv\u00e9 en Asie du Sud-Est, est un arbre \u00e0 fleurs \u00e0 feuilles persistantes connu en Chine sous le nom de \u00ab\u00a0Zhi Zi\u00a0\u00bb. Il est originaire de Chine et du Japon. Recouverts de feuilles elliptiques vert fonc\u00e9, les gard\u00e9nias en fleurs d\u00e9gagent un parfum p\u00e9n\u00e9trant et enivrant, extr\u00eamement riche. Lors de la floraison de l&rsquo;arbre, les p\u00e9tales s&rsquo;organisent en spirale, cr\u00e9ant une belle sym\u00e9trie. Comme le jasmin, l&rsquo;huile essentielle de ces plantes est distill\u00e9e \u00e0 la vapeur d&rsquo;eau \u00e0 partir de la fleur, et une petite quantit\u00e9 n\u00e9cessite une grande quantit\u00e9. En diluant cette huile avec de l&rsquo;huile de coco fractionn\u00e9e, on obtient un parfum doux et d\u00e9licat, pr\u00e9sent\u00e9 dans un flacon pratique muni d&rsquo;un applicateur \u00e0 bille.<\/p>\n<h6>Utilisation<\/h6>\n<ul>\n<li>Massez d\u00e9licatement une petite quantit\u00e9 sur la peau avant d&rsquo;utiliser des produits pour le visage afin d&rsquo;am\u00e9liorer l&rsquo;\u00e9tat de la peau et de conserver son hydratation.<\/li>\n<li>Apr\u00e8s avoir rinc\u00e9 vos cheveux, utilisez une petite quantit\u00e9 dans la paume de vos mains et appliquez sur vos cheveux et votre cuir chevelu pour les nourrir et les hydrater.<\/li>\n<li>Appliquer sur les points de pulsation, utiliser comme parfum stimulant la positivit\u00e9.<\/li>\n<li>Rafra\u00eechit les sens pendant le massage.<\/li>\n<\/ul>\n<h6>Conseils d&rsquo;utilisation<\/h6>\n<p>Usage externe uniquement. Masser la peau pour la parfumer, la soigner ou la masser.<\/p>\n<h6>Avertissement<\/h6>\n<p>Sensibilit\u00e9 cutan\u00e9e possible. Tenir hors de port\u00e9e des enfants. Si vous \u00eates enceinte ou si vous \u00eates suivie par un m\u00e9decin, consultez votre m\u00e9decin. \u00c9viter tout contact avec les yeux, les oreilles internes et les zones sensibles.<\/p>\n","protected":false},"excerpt":{"rendered":"<ul>\n<li>Massez d\u00e9licatement une petite quantit\u00e9 sur la peau avant d&rsquo;utiliser des produits pour le visage afin d&rsquo;am\u00e9liorer l&rsquo;\u00e9tat de la peau et de conserver son hydratation.<\/li>\n<li>Apr\u00e8s avoir rinc\u00e9 vos cheveux, utilisez une petite quantit\u00e9 dans la paume de vos mains et appliquez sur vos cheveux et votre cuir chevelu pour les nourrir et les hydrater.<\/li>\n<li><\/li>\n<li>\u00a0Tepkite od\u0105, kad palaikytum\u0117te sveik\u0105 jos i\u0161vaizd\u0105.<\/li>\n<li>\u00a0Naudokite atpalaiduojan\u010diam masa\u017eui, kaip raminant\u012f ir dr\u0117kinant\u012f pried\u0105.<\/li>\n<\/ul>\n","protected":false},"featured_media":21125,"template":"","meta":{"site-sidebar-layout":"default","site-content-layout":"default","ast-site-content-layout":"default","site-content-style":"default","site-sidebar-style":"default","ast-global-header-display":"","ast-banner-title-visibility":"","ast-main-header-display":"","ast-hfb-above-header-display":"","ast-hfb-below-header-display":"","ast-hfb-mobile-header-display":"","site-post-title":"","ast-breadcrumbs-content":"","ast-featured-img":"","footer-sml-layout":"","ast-disable-related-posts":"","theme-transparent-header-meta":"default","adv-header-id-meta":"","stick-header-meta":"","header-above-stick-meta":"","header-main-stick-meta":"","header-below-stick-meta":"","astra-migrate-meta-layouts":"set","ast-page-background-enabled":"default","ast-page-background-meta":{"desktop":{"background-color":"","background-image":"","background-repeat":"repeat","background-position":"center center","background-size":"auto","background-attachment":"scroll","background-type":"","background-media":"","overlay-type":"","overlay-color":"","overlay-opacity":"","overlay-gradient":""},"tablet":{"background-color":"","background-image":"","background-repeat":"repeat","background-position":"center center","background-size":"auto","background-attachment":"scroll","background-type":"","background-media":"","overlay-type":"","overlay-color":"","overlay-opacity":"","overlay-gradient":""},"mobile":{"background-color":"","background-image":"","background-repeat":"repeat","background-position":"center center","background-size":"auto","background-attachment":"scroll","background-type":"","background-media":"","overlay-type":"","overlay-color":"","overlay-opacity":"","overlay-gradient":""}},"ast-content-background-meta":{"desktop":{"background-color":"var(--ast-global-color-5)","background-image":"","background-repeat":"repeat","background-position":"center center","background-size":"auto","background-attachment":"scroll","background-type":"","background-media":"","overlay-type":"","overlay-color":"","overlay-opacity":"","overlay-gradient":""},"tablet":{"background-color":"var(--ast-global-color-5)","background-image":"","background-repeat":"repeat","background-position":"center center","background-size":"auto","background-attachment":"scroll","background-type":"","background-media":"","overlay-type":"","overlay-color":"","overlay-opacity":"","overlay-gradient":""},"mobile":{"background-color":"var(--ast-global-color-5)","background-image":"","background-repeat":"repeat","background-position":"center center","background-size":"auto","background-attachment":"scroll","background-type":"","background-media":"","overlay-type":"","overlay-color":"","overlay-opacity":"","overlay-gradient":""}}},"product_brand":[],"product_cat":[1923,1930,1940,1960,2040,2010],"product_tag":[],"class_list":{"0":"post-21123","1":"product","2":"type-product","3":"status-publish","4":"has-post-thumbnail","6":"product_cat-cadeaux","7":"product_cat-cadeaux-pour-femmes","8":"product_cat-huiles-essentielles","9":"product_cat-hygiene-et-soins-de-la-peau","10":"product_cat-la-gestion-du-stress","11":"product_cat-pour-femme","12":"desktop-align-left","13":"tablet-align-left","14":"mobile-align-left","16":"first","17":"instock","18":"sale","19":"taxable","20":"shipping-taxable","21":"purchasable","22":"product-type-simple"},"_links":{"self":[{"href":"https:\/\/mamaterra.lt\/fr\/wp-json\/wp\/v2\/product\/21123","targetHints":{"allow":["GET"]}}],"collection":[{"href":"https:\/\/mamaterra.lt\/fr\/wp-json\/wp\/v2\/product"}],"about":[{"href":"https:\/\/mamaterra.lt\/fr\/wp-json\/wp\/v2\/types\/product"}],"wp:featuredmedia":[{"embeddable":true,"href":"https:\/\/mamaterra.lt\/fr\/wp-json\/wp\/v2\/media\/21125"}],"wp:attachment":[{"href":"https:\/\/mamaterra.lt\/fr\/wp-json\/wp\/v2\/media?parent=21123"}],"wp:term":[{"taxonomy":"product_brand","embeddable":true,"href":"https:\/\/mamaterra.lt\/fr\/wp-json\/wp\/v2\/product_brand?post=21123"},{"taxonomy":"product_cat","embeddable":true,"href":"https:\/\/mamaterra.lt\/fr\/wp-json\/wp\/v2\/product_cat?post=21123"},{"taxonomy":"product_tag","embeddable":true,"href":"https:\/\/mamaterra.lt\/fr\/wp-json\/wp\/v2\/product_tag?post=21123"}],"curies":[{"name":"wp","href":"https:\/\/api.w.org\/{rel}","templated":true}]}}