{"id":21107,"date":"2021-04-18T16:30:53","date_gmt":"2021-04-18T15:30:53","guid":{"rendered":"https:\/\/mamaterra.lt\/parduotuve\/non%20class\u00e9\/cinamonu-zieves-cinnamon-tyras-doterra-eterinis-aliejus-5ml\/"},"modified":"2024-01-20T19:22:47","modified_gmt":"2024-01-20T18:22:47","slug":"ecorce-de-cannelle-cinnamon-huile-essentielle-doterra-pure-5ml","status":"publish","type":"product","link":"https:\/\/mamaterra.lt\/fr\/parduotuve\/huiles-essentielles\/huiles-essentielles-pures\/ecorce-de-cannelle-cinnamon-huile-essentielle-doterra-pure-5ml\/","title":{"rendered":"\u00c9corce de cannelle (CINNAMON) Huile essentielle doTERRA pure 5ml"},"content":{"rendered":"<h6>\u00c9corce de cannelle (CINNAMON) Huile essentielle doTERRA pure<\/h6>\n<p>Cinnamomum zeylanicum | 5ml<\/p>\n<p>L&rsquo;\u00e9corce de cannelle est \u00e9galement un ingr\u00e9dient tr\u00e8s appr\u00e9ci\u00e9 pour la pr\u00e9paration de nombreux ap\u00e9ritifs, pains et desserts.<\/p>\n<p>R\u00e9chauffez-vous avec la cannelle !<br \/>\nLa cannelle est un ingr\u00e9dient populaire dans diff\u00e9rents plats, pains, boissons chaudes et desserts. Essayez-la dans un chocolat chaud pour vous r\u00e9chauffer quand il fait froid dehors<\/p>\n<h6>Utilisations<\/h6>\n<ul>\n<li>Mettre 1 goutte d&rsquo;huile essentielle de Cannelle dans de l&rsquo;eau chaude ou du th\u00e9 et boire lentement.<\/li>\n<li>Dans votre prochaine recette contenant de la cannelle, remplacez la cannelle moulue par de l&rsquo;huile essentielle de cannelle pour une saveur d\u00e9licieusement \u00e9pic\u00e9e.<\/li>\n<li>Ajouter une goutte \u00e0 100 ml d&rsquo;eau et se gargariser.<\/li>\n<\/ul>\n<h6>Pr\u00e9cautions<\/h6>\n<p>N&rsquo;utiliser que dilu\u00e9. Ne pas prendre plus d&rsquo;une goutte par jour. Tenir hors de port\u00e9e des enfants. En cas de grossesse ou de suivi m\u00e9dical, consultez votre m\u00e9decin. Tenir \u00e0 l&rsquo;\u00e9cart des yeux, des oreilles internes, du visage, des zones sensibles et des muqueuses. En cas de contact avec la peau, diluer g\u00e9n\u00e9reusement avec une huile de support.<\/p>\n<p><iframe title=\"What is Cinnamon Essential Oil Good for?\" src=\"https:\/\/www.youtube.com\/embed\/La5-vUkm34Y\" width=\"853\" height=\"480\" frameborder=\"0\" allowfullscreen=\"allowfullscreen\"><\/iframe><\/p>\n","protected":false},"excerpt":{"rendered":"<p>L&rsquo;huile essentielle doTERRA d&rsquo;\u00e9corce de cannelle est chaude, \u00e9pic\u00e9e et pr\u00e9sente de nombreux avantages pour la sant\u00e9. Aide \u00e0 maintenir la sant\u00e9 bucco-dentaire.<\/p>\n","protected":false},"featured_media":21108,"template":"","meta":{"site-sidebar-layout":"default","site-content-layout":"default","ast-site-content-layout":"default","site-content-style":"default","site-sidebar-style":"default","ast-global-header-display":"","ast-banner-title-visibility":"","ast-main-header-display":"","ast-hfb-above-header-display":"","ast-hfb-below-header-display":"","ast-hfb-mobile-header-display":"","site-post-title":"","ast-breadcrumbs-content":"","ast-featured-img":"","footer-sml-layout":"","ast-disable-related-posts":"","theme-transparent-header-meta":"default","adv-header-id-meta":"","stick-header-meta":"","header-above-stick-meta":"","header-main-stick-meta":"","header-below-stick-meta":"","astra-migrate-meta-layouts":"set","ast-page-background-enabled":"default","ast-page-background-meta":{"desktop":{"background-color":"","background-image":"","background-repeat":"repeat","background-position":"center center","background-size":"auto","background-attachment":"scroll","background-type":"","background-media":"","overlay-type":"","overlay-color":"","overlay-opacity":"","overlay-gradient":""},"tablet":{"background-color":"","background-image":"","background-repeat":"repeat","background-position":"center center","background-size":"auto","background-attachment":"scroll","background-type":"","background-media":"","overlay-type":"","overlay-color":"","overlay-opacity":"","overlay-gradient":""},"mobile":{"background-color":"","background-image":"","background-repeat":"repeat","background-position":"center center","background-size":"auto","background-attachment":"scroll","background-type":"","background-media":"","overlay-type":"","overlay-color":"","overlay-opacity":"","overlay-gradient":""}},"ast-content-background-meta":{"desktop":{"background-color":"var(--ast-global-color-5)","background-image":"","background-repeat":"repeat","background-position":"center center","background-size":"auto","background-attachment":"scroll","background-type":"","background-media":"","overlay-type":"","overlay-color":"","overlay-opacity":"","overlay-gradient":""},"tablet":{"background-color":"var(--ast-global-color-5)","background-image":"","background-repeat":"repeat","background-position":"center center","background-size":"auto","background-attachment":"scroll","background-type":"","background-media":"","overlay-type":"","overlay-color":"","overlay-opacity":"","overlay-gradient":""},"mobile":{"background-color":"var(--ast-global-color-5)","background-image":"","background-repeat":"repeat","background-position":"center center","background-size":"auto","background-attachment":"scroll","background-type":"","background-media":"","overlay-type":"","overlay-color":"","overlay-opacity":"","overlay-gradient":""}}},"product_brand":[],"product_cat":[2013,2050,1940,1950,2035],"product_tag":[2063,2890,3232],"class_list":{"0":"post-21107","1":"product","2":"type-product","3":"status-publish","4":"has-post-thumbnail","6":"product_cat-contre-les-moustiques-et-les-tiques","7":"product_cat-digestion-fr","8":"product_cat-huiles-essentielles","9":"product_cat-huiles-essentielles-pures","10":"product_cat-purification-de-lair","11":"product_tag-5-ml-fr","12":"product_tag-cinnamon-fr","13":"product_tag-huiles-essentielles","14":"desktop-align-left","15":"tablet-align-left","16":"mobile-align-left","18":"first","19":"instock","20":"sale","21":"taxable","22":"shipping-taxable","23":"purchasable","24":"product-type-simple"},"_links":{"self":[{"href":"https:\/\/mamaterra.lt\/fr\/wp-json\/wp\/v2\/product\/21107","targetHints":{"allow":["GET"]}}],"collection":[{"href":"https:\/\/mamaterra.lt\/fr\/wp-json\/wp\/v2\/product"}],"about":[{"href":"https:\/\/mamaterra.lt\/fr\/wp-json\/wp\/v2\/types\/product"}],"wp:featuredmedia":[{"embeddable":true,"href":"https:\/\/mamaterra.lt\/fr\/wp-json\/wp\/v2\/media\/21108"}],"wp:attachment":[{"href":"https:\/\/mamaterra.lt\/fr\/wp-json\/wp\/v2\/media?parent=21107"}],"wp:term":[{"taxonomy":"product_brand","embeddable":true,"href":"https:\/\/mamaterra.lt\/fr\/wp-json\/wp\/v2\/product_brand?post=21107"},{"taxonomy":"product_cat","embeddable":true,"href":"https:\/\/mamaterra.lt\/fr\/wp-json\/wp\/v2\/product_cat?post=21107"},{"taxonomy":"product_tag","embeddable":true,"href":"https:\/\/mamaterra.lt\/fr\/wp-json\/wp\/v2\/product_tag?post=21107"}],"curies":[{"name":"wp","href":"https:\/\/api.w.org\/{rel}","templated":true}]}}