{"id":21080,"date":"2021-04-18T16:33:11","date_gmt":"2021-04-18T15:33:11","guid":{"rendered":"https:\/\/mamaterra.lt\/parduotuve\/non%20class\u00e9\/gvazdikeliu-clove-tyras-doterra-eterinis-aliejus-15ml\/"},"modified":"2024-01-20T19:06:26","modified_gmt":"2024-01-20T18:06:26","slug":"girofle-clove-huile-essentielle-doterra-pure-15ml","status":"publish","type":"product","link":"https:\/\/mamaterra.lt\/fr\/parduotuve\/huiles-essentielles\/huiles-essentielles-pures\/girofle-clove-huile-essentielle-doterra-pure-15ml\/","title":{"rendered":"Girofle (CLOVE) Huile Essentielle doTERRA Pure 15ml"},"content":{"rendered":"<h6>Girofle (CLOVE) Huile Essentielle doTERRA Pure 15ml<\/h6>\n<p>Eugenia caryophyllata<\/p>\n<h6>Avantages principaux<\/h6>\n<p>Commun\u00e9ment reconnu comme une \u00e9pice domestique moulue, le clou de girofle peut \u00eatre utilis\u00e9 en dehors de la cuisine gr\u00e2ce \u00e0 ses propri\u00e9t\u00e9s uniques et puissantes.<\/p>\n<p>Ses caract\u00e9ristiques chaudes et \u00e9pic\u00e9es font de l&rsquo;huile essentielle de clou de girofle un ingr\u00e9dient id\u00e9al \u00e0 incorporer dans les recettes de saison.<\/p>\n<p>Elle est fr\u00e9quemment utilis\u00e9e dans les desserts pour sa saveur vivifiante et son parfum aromatique, notamment dans les biscuits au sucre.<\/p>\n<h6>Cuisiner avec du clou de girofle<\/h6>\n<p>Les huiles essentielles sont tr\u00e8s puissantes par rapport aux assaisonnements secs, aux \u00e9pices ou \u00e0 d&rsquo;autres agents aromatisants, de sorte que m\u00eame la plus petite quantit\u00e9 peut ajouter une s\u00e9rieuse explosion de saveur \u00e0 votre plat. Lorsque vous utilisez le clou de girofle en cuisine, il est pr\u00e9f\u00e9rable d&rsquo;utiliser la m\u00e9thode du cure-dent : trempez la pointe d&rsquo;un cure-dent propre dans le flacon d&rsquo;huile essentielle et m\u00e9langez le cure-dent \u00e0 vos ingr\u00e9dients. Apr\u00e8s avoir remu\u00e9 le cure-dent dans le plat, faites un test de go\u00fbt pour voir si vous voulez ajouter plus d&rsquo;huile ou non.<\/p>\n<p>&nbsp;<\/p>\n<h6>Pr\u00e9cautions<\/h6>\n<p>N&rsquo;utiliser que dilu\u00e9. Ne pas prendre plus d&rsquo;une goutte par jour. Tenir hors de port\u00e9e des enfants. En cas de grossesse ou de suivi m\u00e9dical, consultez votre m\u00e9decin. Tenir \u00e0 l&rsquo;\u00e9cart des yeux, des oreilles internes, du visage, des zones sensibles et des muqueuses. En cas de contact avec la peau, diluer g\u00e9n\u00e9reusement avec une huile de support.<\/p>\n<p><iframe title=\"doTERRA Clove (15ml) (Translated Subtitles)\" src=\"https:\/\/www.youtube.com\/embed\/bU6gEQzkLT4\" width=\"853\" height=\"480\" frameborder=\"0\" allowfullscreen=\"allowfullscreen\"><\/iframe><\/p>\n","protected":false},"excerpt":{"rendered":"<p>L&rsquo;huile essentielle de clou de girofle doTERRA, tr\u00e8s populaire, favorise la sant\u00e9 des dents et des gencives. Souvent utilis\u00e9e comme assaisonnement alimentaire.<\/p>\n","protected":false},"featured_media":21081,"template":"","meta":{"site-sidebar-layout":"default","site-content-layout":"default","ast-site-content-layout":"default","site-content-style":"default","site-sidebar-style":"default","ast-global-header-display":"","ast-banner-title-visibility":"","ast-main-header-display":"","ast-hfb-above-header-display":"","ast-hfb-below-header-display":"","ast-hfb-mobile-header-display":"","site-post-title":"","ast-breadcrumbs-content":"","ast-featured-img":"","footer-sml-layout":"","ast-disable-related-posts":"","theme-transparent-header-meta":"default","adv-header-id-meta":"","stick-header-meta":"","header-above-stick-meta":"","header-main-stick-meta":"","header-below-stick-meta":"","astra-migrate-meta-layouts":"set","ast-page-background-enabled":"default","ast-page-background-meta":{"desktop":{"background-color":"","background-image":"","background-repeat":"repeat","background-position":"center center","background-size":"auto","background-attachment":"scroll","background-type":"","background-media":"","overlay-type":"","overlay-color":"","overlay-opacity":"","overlay-gradient":""},"tablet":{"background-color":"","background-image":"","background-repeat":"repeat","background-position":"center center","background-size":"auto","background-attachment":"scroll","background-type":"","background-media":"","overlay-type":"","overlay-color":"","overlay-opacity":"","overlay-gradient":""},"mobile":{"background-color":"","background-image":"","background-repeat":"repeat","background-position":"center center","background-size":"auto","background-attachment":"scroll","background-type":"","background-media":"","overlay-type":"","overlay-color":"","overlay-opacity":"","overlay-gradient":""}},"ast-content-background-meta":{"desktop":{"background-color":"var(--ast-global-color-5)","background-image":"","background-repeat":"repeat","background-position":"center center","background-size":"auto","background-attachment":"scroll","background-type":"","background-media":"","overlay-type":"","overlay-color":"","overlay-opacity":"","overlay-gradient":""},"tablet":{"background-color":"var(--ast-global-color-5)","background-image":"","background-repeat":"repeat","background-position":"center center","background-size":"auto","background-attachment":"scroll","background-type":"","background-media":"","overlay-type":"","overlay-color":"","overlay-opacity":"","overlay-gradient":""},"mobile":{"background-color":"var(--ast-global-color-5)","background-image":"","background-repeat":"repeat","background-position":"center center","background-size":"auto","background-attachment":"scroll","background-type":"","background-media":"","overlay-type":"","overlay-color":"","overlay-opacity":"","overlay-gradient":""}}},"product_brand":[],"product_cat":[2013,2050,1940,1950,2035],"product_tag":[2094,2860,3232],"class_list":{"0":"post-21080","1":"product","2":"type-product","3":"status-publish","4":"has-post-thumbnail","6":"product_cat-contre-les-moustiques-et-les-tiques","7":"product_cat-digestion-fr","8":"product_cat-huiles-essentielles","9":"product_cat-huiles-essentielles-pures","10":"product_cat-purification-de-lair","11":"product_tag-15-ml-fr","12":"product_tag-clove-fr","13":"product_tag-huiles-essentielles","14":"desktop-align-left","15":"tablet-align-left","16":"mobile-align-left","18":"first","19":"instock","20":"sale","21":"taxable","22":"shipping-taxable","23":"purchasable","24":"product-type-simple"},"_links":{"self":[{"href":"https:\/\/mamaterra.lt\/fr\/wp-json\/wp\/v2\/product\/21080","targetHints":{"allow":["GET"]}}],"collection":[{"href":"https:\/\/mamaterra.lt\/fr\/wp-json\/wp\/v2\/product"}],"about":[{"href":"https:\/\/mamaterra.lt\/fr\/wp-json\/wp\/v2\/types\/product"}],"wp:featuredmedia":[{"embeddable":true,"href":"https:\/\/mamaterra.lt\/fr\/wp-json\/wp\/v2\/media\/21081"}],"wp:attachment":[{"href":"https:\/\/mamaterra.lt\/fr\/wp-json\/wp\/v2\/media?parent=21080"}],"wp:term":[{"taxonomy":"product_brand","embeddable":true,"href":"https:\/\/mamaterra.lt\/fr\/wp-json\/wp\/v2\/product_brand?post=21080"},{"taxonomy":"product_cat","embeddable":true,"href":"https:\/\/mamaterra.lt\/fr\/wp-json\/wp\/v2\/product_cat?post=21080"},{"taxonomy":"product_tag","embeddable":true,"href":"https:\/\/mamaterra.lt\/fr\/wp-json\/wp\/v2\/product_tag?post=21080"}],"curies":[{"name":"wp","href":"https:\/\/api.w.org\/{rel}","templated":true}]}}