{"id":20541,"date":"2021-09-19T19:24:48","date_gmt":"2021-09-19T18:24:48","guid":{"rendered":"https:\/\/mamaterra.lt\/parduotuve\/non%20class\u00e9\/air-eteriniu-alieju-misinys-15ml\/"},"modified":"2024-03-15T18:24:47","modified_gmt":"2024-03-15T17:24:47","slug":"air-breathe-doterra-melange-dhuiles-essentielles-15ml","status":"publish","type":"product","link":"https:\/\/mamaterra.lt\/fr\/parduotuve\/huiles-essentielles\/melanges-dhuiles-essentielles\/air-breathe-doterra-melange-dhuiles-essentielles-15ml\/","title":{"rendered":"AIR \/ BREATHE doTERRA M\u00e9lange d&rsquo;huiles essentielles 15ml"},"content":{"rendered":"<p><strong>AIR \/ BREATHE doTERRA M\u00e9lange d&rsquo;huiles essentielles<\/strong><\/p>\n<p>15ml<\/p>\n<p>&nbsp;<\/p>\n<p>M\u00e9lange d&rsquo;huiles essentielles AIR \/ BREATHE doTERRA Propri\u00e9t\u00e9s g\u00e9n\u00e9rales :<\/p>\n<p>doTERRA Air\/Breathe maintient une sensation d&rsquo;ouverture des voies respiratoires et de respiration facile, tout en r\u00e9duisant les effets des changements saisonniers.<br \/>\nLe m\u00e9lange air\/respiration doTERRA peut \u00eatre appliqu\u00e9 localement sur la poitrine, le dos ou les pieds, ou diffus\u00e9 le soir pour apaiser les sens et favoriser un sommeil r\u00e9parateur.<br \/>\nVaporisez AIR \u00e0 l&rsquo;aide d&rsquo;un diffuseur, appliquez-le sur les points r\u00e9flexes, la poitrine, le cou lorsque vous ressentez de l&rsquo;inconfort et que votre sommeil est agit\u00e9.<\/p>\n<p>AIR \/ BREATHE m\u00e9lange d&rsquo;huiles essentielles doTERRA Ingr\u00e9dients :<\/p>\n<p>Feuille de laurier, menthe poivr\u00e9e, eucalyptus, arbre \u00e0 th\u00e9, citron, cardamome, ravintsara et ravensara.<\/p>\n<p>M\u00e9lange d&rsquo;huiles essentielles AIR \/ BREATHE doTERRA Utilisation :<\/p>\n<p>Vaporiser \u00e0 l&rsquo;aide d&rsquo;un diffuseur, respirer directement dans la paume des mains ou frictionner la poitrine ou les jambes.<br \/>\nA utiliser lorsque vous allez \u00e0 l&rsquo;ext\u00e9rieur.<br \/>\nVaporiser avant le coucher pour cr\u00e9er un environnement calme.<br \/>\nAppliquer sur la poitrine avant une s\u00e9ance d&rsquo;entra\u00eenement pour faciliter la respiration et l&rsquo;absorption d&rsquo;oxyg\u00e8ne.<br \/>\nSi vous \u00eates sensible au pollen, inhalez pendant la saison pour faciliter la respiration.<br \/>\nL&rsquo;ar\u00f4me est rafra\u00eechissant, a un effet calmant, vous aide \u00e0 vous d\u00e9tendre et \u00e0 mieux dormir, vous aide \u00e0 surmonter la tristesse, la fermeture, la douleur \u00e9motionnelle et vous aide \u00e0 vous d\u00e9faire de vos \u00e9motions.<\/p>\n<p>Utilisez trois ou quatre gouttes dans le diffuseur de votre choix pour faire de la vapeur.<\/p>\n<p>Usage topique : diluer 1-2 gouttes selon les recommandations de l&rsquo;\u00e2ge et appliquer sur la zone d\u00e9sir\u00e9e. Diluez avec de l&rsquo;huile de noix de coco fractionn\u00e9e doTERRA pour r\u00e9duire la sensibilit\u00e9 de la peau.<\/p>\n<p>Ce m\u00e9lange ne doit PAS \u00eatre utilis\u00e9 en interne.<\/p>\n<p>&nbsp;<\/p>\n<p>Pour plus d&rsquo;informations, visitez le site<\/p>\n<p><iframe title=\"How To Use doTERRA Breathe Essential Oil Blend\" src=\"https:\/\/www.youtube.com\/embed\/TRpOEtBYYRE\" width=\"946\" height=\"532\" frameborder=\"0\" allowfullscreen=\"allowfullscreen\"><\/iframe><\/p>\n","protected":false},"excerpt":{"rendered":"<ul>\n<li>Le m\u00e9lange d&rsquo;huiles essentielles doTERRA Air\/Respiration maintient une sensation de voies respiratoires libres et de respiration facile tout en r\u00e9duisant les effets des changements saisonniers.<\/li>\n<li>doTERRA Air\/Respiration peut \u00eatre appliqu\u00e9 localement sur la poitrine, le dos ou les pieds, ou diffus\u00e9 le soir pour apaiser les sens et favoriser un sommeil r\u00e9parateur.<\/li>\n<\/ul>\n","protected":false},"featured_media":20542,"template":"","meta":{"site-sidebar-layout":"default","site-content-layout":"default","ast-site-content-layout":"default","site-content-style":"default","site-sidebar-style":"default","ast-global-header-display":"","ast-banner-title-visibility":"","ast-main-header-display":"","ast-hfb-above-header-display":"","ast-hfb-below-header-display":"","ast-hfb-mobile-header-display":"","site-post-title":"","ast-breadcrumbs-content":"","ast-featured-img":"","footer-sml-layout":"","ast-disable-related-posts":"","theme-transparent-header-meta":"default","adv-header-id-meta":"","stick-header-meta":"","header-above-stick-meta":"","header-main-stick-meta":"","header-below-stick-meta":"","astra-migrate-meta-layouts":"set","ast-page-background-enabled":"default","ast-page-background-meta":{"desktop":{"background-color":"","background-image":"","background-repeat":"repeat","background-position":"center center","background-size":"auto","background-attachment":"scroll","background-type":"","background-media":"","overlay-type":"","overlay-color":"","overlay-opacity":"","overlay-gradient":""},"tablet":{"background-color":"","background-image":"","background-repeat":"repeat","background-position":"center center","background-size":"auto","background-attachment":"scroll","background-type":"","background-media":"","overlay-type":"","overlay-color":"","overlay-opacity":"","overlay-gradient":""},"mobile":{"background-color":"","background-image":"","background-repeat":"repeat","background-position":"center center","background-size":"auto","background-attachment":"scroll","background-type":"","background-media":"","overlay-type":"","overlay-color":"","overlay-opacity":"","overlay-gradient":""}},"ast-content-background-meta":{"desktop":{"background-color":"var(--ast-global-color-5)","background-image":"","background-repeat":"repeat","background-position":"center center","background-size":"auto","background-attachment":"scroll","background-type":"","background-media":"","overlay-type":"","overlay-color":"","overlay-opacity":"","overlay-gradient":""},"tablet":{"background-color":"var(--ast-global-color-5)","background-image":"","background-repeat":"repeat","background-position":"center center","background-size":"auto","background-attachment":"scroll","background-type":"","background-media":"","overlay-type":"","overlay-color":"","overlay-opacity":"","overlay-gradient":""},"mobile":{"background-color":"var(--ast-global-color-5)","background-image":"","background-repeat":"repeat","background-position":"center center","background-size":"auto","background-attachment":"scroll","background-type":"","background-media":"","overlay-type":"","overlay-color":"","overlay-opacity":"","overlay-gradient":""}}},"product_brand":[],"product_cat":[2005,1940,1945],"product_tag":[2100,3006,3237],"class_list":{"0":"post-20541","1":"product","2":"type-product","3":"status-publish","4":"has-post-thumbnail","6":"product_cat-dormir-fr","7":"product_cat-huiles-essentielles","8":"product_cat-melanges-dhuiles-essentielles","9":"product_tag-15ml-fr","10":"product_tag-air-fr","11":"product_tag-melanges-dhuiles-essentielles","12":"desktop-align-left","13":"tablet-align-left","14":"mobile-align-left","16":"first","17":"instock","18":"featured","19":"taxable","20":"shipping-taxable","21":"purchasable","22":"product-type-simple"},"_links":{"self":[{"href":"https:\/\/mamaterra.lt\/fr\/wp-json\/wp\/v2\/product\/20541","targetHints":{"allow":["GET"]}}],"collection":[{"href":"https:\/\/mamaterra.lt\/fr\/wp-json\/wp\/v2\/product"}],"about":[{"href":"https:\/\/mamaterra.lt\/fr\/wp-json\/wp\/v2\/types\/product"}],"wp:featuredmedia":[{"embeddable":true,"href":"https:\/\/mamaterra.lt\/fr\/wp-json\/wp\/v2\/media\/20542"}],"wp:attachment":[{"href":"https:\/\/mamaterra.lt\/fr\/wp-json\/wp\/v2\/media?parent=20541"}],"wp:term":[{"taxonomy":"product_brand","embeddable":true,"href":"https:\/\/mamaterra.lt\/fr\/wp-json\/wp\/v2\/product_brand?post=20541"},{"taxonomy":"product_cat","embeddable":true,"href":"https:\/\/mamaterra.lt\/fr\/wp-json\/wp\/v2\/product_cat?post=20541"},{"taxonomy":"product_tag","embeddable":true,"href":"https:\/\/mamaterra.lt\/fr\/wp-json\/wp\/v2\/product_tag?post=20541"}],"curies":[{"name":"wp","href":"https:\/\/api.w.org\/{rel}","templated":true}]}}