{"id":20526,"date":"2021-04-18T17:31:29","date_gmt":"2021-04-18T16:31:29","guid":{"rendered":"https:\/\/mamaterra.lt\/parduotuve\/non%20class\u00e9\/doterra-on-guard-eteriniu-alieju-misinys-15ml\/"},"modified":"2024-01-08T20:07:21","modified_gmt":"2024-01-08T19:07:21","slug":"doterra-on-guard-melange-dhuiles-essentielles-15ml","status":"publish","type":"product","link":"https:\/\/mamaterra.lt\/fr\/parduotuve\/huiles-essentielles\/melanges-dhuiles-essentielles\/doterra-on-guard-melange-dhuiles-essentielles-15ml\/","title":{"rendered":"doTERRA On Guard M\u00e9lange d\u2019huiles essentielles 15ml"},"content":{"rendered":"<p><strong>doTERRA On Guard\u2122 doTERRA On Guard M\u00e9lange d\u2019huiles essentielles 15ml<\/strong><\/p>\n<p>doTERRA On Guard, l&rsquo;un des m\u00e9langes les plus pl\u00e9biscit\u00e9s de doTERRA, est un essentiel en raison de ses incroyables bienfaits. On Guard peut \u00e9galement ajouter une saveur d\u00e9licieuse aux boissons chaudes et desserts!<\/p>\n<h6 class=\"spotlight__foot-block-title\">Principaux Bienfaits<\/h6>\n<div class=\"spotlight__foot-block-content\">\n<ul class=\"spotlight__list-custom custom-list\">\n<li>Poss\u00e8de un ar\u00f4me \u00e9nergisant et exaltant.<\/li>\n<li>Apporte une touche d&rsquo;agrumes \u00e9pic\u00e9e et chaleureuse \u00e0 vos boissons chaudes et desserts<\/li>\n<\/ul>\n<h6 class=\"product-whats-inside__footer-title\">Liste compl\u00e8te des ingr\u00e9dients<\/h6>\n<div class=\"product-whats-inside__footer-content\" data-js-clip-word-length-mob=\"\">\n<p>Huiles essentielles de zeste d\u2019Orange douce, de Clou de girofle, d\u2019\u00c9corce de Cannelle de Ceylan, de feuilles d\u2019Eucalyptus et de feuilles\/fleurs de Romarin.<\/p>\n<\/div>\n<\/div>\n<h6 class=\"product-benefits__title\">Activit\u00e9\u00a0cr\u00e9ative avec doTERRA On Guard\u2122<\/h6>\n<div class=\"product-benefits__copy\">\n<div>R\u00e9v\u00e9lez votre cr\u00e9ativit\u00e9 avec l&rsquo;huile essentielle doTERRA On Guard, en fabriquant un pot-pourri maison Ce projet \u00e0 r\u00e9aliser vous-m\u00eame est une fa\u00e7on simple de parfumer votre maison d&rsquo;un ar\u00f4me frais et chaleureux. Rassemblez simplement vos \u00e9pices et herbes pr\u00e9f\u00e9r\u00e9es dans la coupelle de votre choix, et versez-y quelques gouttes de doTERRA On Guard pour obtenir un ar\u00f4me exaltant. Vous l&rsquo;appr\u00e9cierez particuli\u00e8rement en hiver<\/div>\n<\/div>\n<h6 class=\"product-uses__block-title\">Utilisations<\/h6>\n<div class=\"product-uses__block-list\">\n<ul class=\"custom-list\">\n<li>Faites infuser des tranches de pomme dans un bol d&rsquo;eau avec une goutte d&rsquo;On Guard pour un en-cas sain.<\/li>\n<li>Ajoutez une goutte d&rsquo;On Guard \u00e0 votre eau ou \u00e0 votre th\u00e9.<\/li>\n<\/ul>\n<\/div>\n<ul>\n<li>Ajouter deux ou trois gouttes \u00e0 une capsule vide et boire en pr\u00e9vision de la saison froide.<\/li>\n<li>Ajouter \u00e0 l&rsquo;eau pour obtenir un nettoyant de surface efficace et universel.<\/li>\n<li>Faites tremper des tranches de pommes dans de l&rsquo;eau avec quelques gouttes pour une collation saine et fortifiante.<\/li>\n<li>M\u00e9langez quelques gouttes de doTERRA On Guard \u00e0 de l&rsquo;huile de noix de coco fractionn\u00e9e pour obtenir un nettoyant naturel pour les mains.<\/li>\n<\/ul>\n<p><strong>Composition :<\/strong><\/p>\n<p>Orange sauvage, girofle, cannelle de Chine, cannelle, eucalyptus, romarin<\/p>\n<h6 class=\"product-uses__block-title\">Pr\u00e9cautions d\u2019emploi<\/h6>\n<div class=\"product-uses__cautions-body\">\n<p>Utilisez en dilution uniquement.\u00a0 Ne pas d\u00e9passer la dose recommand\u00e9e d\u2019une goutte par jour.\u00a0 Conserver hors de port\u00e9e des enfants. \u00c9vitez le contact avec les yeux et la muqueuse. En cas de contact avec la peau, \u00e9vitez la lumi\u00e8re directe du soleil et les rayons UV dans les 12 heures suivant l\u2019application.<\/p>\n<\/div>\n<p><iframe title=\"What is On Guard Essential Oil Good For?\" src=\"https:\/\/www.youtube.com\/embed\/uBIWyCYwy30\" width=\"853\" height=\"480\" frameborder=\"0\" allowfullscreen=\"allowfullscreen\"><\/iframe><\/p>\n","protected":false},"excerpt":{"rendered":"<ul>\n<li>Renforce les fonctions naturelles du syst\u00e8me immunitaire<\/li>\n<li>Apporte une saveur d&rsquo;agrumes r\u00e9chauffante aux boissons chaudes et aux desserts<\/li>\n<li>Energisant et stimulant<\/li>\n<\/ul>\n","protected":false},"featured_media":20527,"template":"","meta":{"site-sidebar-layout":"default","site-content-layout":"default","ast-site-content-layout":"default","site-content-style":"default","site-sidebar-style":"default","ast-global-header-display":"","ast-banner-title-visibility":"","ast-main-header-display":"","ast-hfb-above-header-display":"","ast-hfb-below-header-display":"","ast-hfb-mobile-header-display":"","site-post-title":"","ast-breadcrumbs-content":"","ast-featured-img":"","footer-sml-layout":"","ast-disable-related-posts":"","theme-transparent-header-meta":"default","adv-header-id-meta":"","stick-header-meta":"","header-above-stick-meta":"","header-main-stick-meta":"","header-below-stick-meta":"","astra-migrate-meta-layouts":"set","ast-page-background-enabled":"default","ast-page-background-meta":{"desktop":{"background-color":"","background-image":"","background-repeat":"repeat","background-position":"center center","background-size":"auto","background-attachment":"scroll","background-type":"","background-media":"","overlay-type":"","overlay-color":"","overlay-opacity":"","overlay-gradient":""},"tablet":{"background-color":"","background-image":"","background-repeat":"repeat","background-position":"center center","background-size":"auto","background-attachment":"scroll","background-type":"","background-media":"","overlay-type":"","overlay-color":"","overlay-opacity":"","overlay-gradient":""},"mobile":{"background-color":"","background-image":"","background-repeat":"repeat","background-position":"center center","background-size":"auto","background-attachment":"scroll","background-type":"","background-media":"","overlay-type":"","overlay-color":"","overlay-opacity":"","overlay-gradient":""}},"ast-content-background-meta":{"desktop":{"background-color":"var(--ast-global-color-5)","background-image":"","background-repeat":"repeat","background-position":"center center","background-size":"auto","background-attachment":"scroll","background-type":"","background-media":"","overlay-type":"","overlay-color":"","overlay-opacity":"","overlay-gradient":""},"tablet":{"background-color":"var(--ast-global-color-5)","background-image":"","background-repeat":"repeat","background-position":"center center","background-size":"auto","background-attachment":"scroll","background-type":"","background-media":"","overlay-type":"","overlay-color":"","overlay-opacity":"","overlay-gradient":""},"mobile":{"background-color":"var(--ast-global-color-5)","background-image":"","background-repeat":"repeat","background-position":"center center","background-size":"auto","background-attachment":"scroll","background-type":"","background-media":"","overlay-type":"","overlay-color":"","overlay-opacity":"","overlay-gradient":""}}},"product_brand":[],"product_cat":[1940,1945,2020],"product_tag":[2094,3237,3089,3292],"class_list":{"0":"post-20526","1":"product","2":"type-product","3":"status-publish","4":"has-post-thumbnail","6":"product_cat-huiles-essentielles","7":"product_cat-melanges-dhuiles-essentielles","8":"product_cat-produits-on-guard","9":"product_tag-15-ml-fr","10":"product_tag-melanges-dhuiles-essentielles","11":"product_tag-on-guard-fr","12":"product_tag-populaire","13":"desktop-align-left","14":"tablet-align-left","15":"mobile-align-left","17":"first","18":"instock","19":"sale","20":"featured","21":"taxable","22":"shipping-taxable","23":"purchasable","24":"product-type-simple"},"_links":{"self":[{"href":"https:\/\/mamaterra.lt\/fr\/wp-json\/wp\/v2\/product\/20526","targetHints":{"allow":["GET"]}}],"collection":[{"href":"https:\/\/mamaterra.lt\/fr\/wp-json\/wp\/v2\/product"}],"about":[{"href":"https:\/\/mamaterra.lt\/fr\/wp-json\/wp\/v2\/types\/product"}],"wp:featuredmedia":[{"embeddable":true,"href":"https:\/\/mamaterra.lt\/fr\/wp-json\/wp\/v2\/media\/20527"}],"wp:attachment":[{"href":"https:\/\/mamaterra.lt\/fr\/wp-json\/wp\/v2\/media?parent=20526"}],"wp:term":[{"taxonomy":"product_brand","embeddable":true,"href":"https:\/\/mamaterra.lt\/fr\/wp-json\/wp\/v2\/product_brand?post=20526"},{"taxonomy":"product_cat","embeddable":true,"href":"https:\/\/mamaterra.lt\/fr\/wp-json\/wp\/v2\/product_cat?post=20526"},{"taxonomy":"product_tag","embeddable":true,"href":"https:\/\/mamaterra.lt\/fr\/wp-json\/wp\/v2\/product_tag?post=20526"}],"curies":[{"name":"wp","href":"https:\/\/api.w.org\/{rel}","templated":true}]}}