{"id":20515,"date":"2021-09-08T10:01:02","date_gmt":"2021-09-08T09:01:02","guid":{"rendered":"https:\/\/mamaterra.lt\/parduotuve\/non%20class\u00e9\/doterra-on-guard-naturali-balinanti-dantu-pasta-125g\/"},"modified":"2024-01-08T19:08:15","modified_gmt":"2024-01-08T18:08:15","slug":"doterra-on-guard-dentifrice-blanchissant-naturel-125g","status":"publish","type":"product","link":"https:\/\/mamaterra.lt\/fr\/parduotuve\/huiles-essentielles\/melanges-dhuiles-essentielles\/doterra-on-guard-dentifrice-blanchissant-naturel-125g\/","title":{"rendered":"doTERRA On Guard Dentifrice blanchissant naturel 125g"},"content":{"rendered":"<h6>doTERRA On Guard Dentifrice blanchissant naturel<\/h6>\n<p>&nbsp;<\/p>\n<h6>doTERRA On Guard Natural Whitening Toothpaste Composition et propri\u00e9t\u00e9s g\u00e9n\u00e9rales :<\/h6>\n<p>Saviez-vous que votre corps utilise l&rsquo;hydroxyapatite de calcium pour aider \u00e0 maintenir un \u00e9mail dentaire fort ? C&rsquo;est pourquoi le dentifrice blanchissant naturel doTERRA On Guard\u00ae contient ce min\u00e9ral important.<\/p>\n<p>Les huiles essentielles qui entrent dans sa composition agissent ensemble pour nettoyer les dents et rafra\u00eechir l&rsquo;odorat. Le dentifrice combine les bienfaits du m\u00e9lange d&rsquo;huiles essentielles brevet\u00e9 doTERRA On Guard avec le xylitol et le silicium hydrat\u00e9 pour aider \u00e0 nettoyer les dents, \u00e0 r\u00e9duire la plaque dentaire et \u00e0 blanchir les dents en douceur.<br \/>\nDe plus, l&rsquo;huile essentielle de myrrhe apaise la muqueuse buccale, les gencives et la gorge, et la menthe poivr\u00e9e avec le m\u00e9lange doTERRA On Guard donne \u00e0 l&rsquo;haleine l&rsquo;odeur de la cannelle et de la menthe.<br \/>\nEn utilisant r\u00e9guli\u00e8rement cette p\u00e2te, vos dents seront saines et votre sourire sera d&rsquo;une blancheur \u00e9blouissante.<\/p>\n<p>Pour plus d&rsquo;informations sur la p\u00e2te naturelle pour brosse \u00e0 dents On Guard, voir la vid\u00e9o ci-dessous.<\/p>\n<p><iframe title=\"Reformulated doTERRA On Guard\u00ae Natural Whitening Toothpaste\" src=\"https:\/\/www.youtube.com\/embed\/s-1v3-cLP5M\" width=\"946\" height=\"532\" frameborder=\"0\" allowfullscreen=\"allowfullscreen\" data-mce-fragment=\"1\"><\/iframe><\/p>\n<p><iframe title=\"Reformulated doTERRA On Guard\u00ae Natural Whitening Toothpaste\" src=\"https:\/\/www.youtube.com\/embed\/s-1v3-cLP5M\" width=\"946\" height=\"532\" frameborder=\"0\" allowfullscreen=\"allowfullscreen\"><\/iframe><\/p>\n","protected":false},"excerpt":{"rendered":"<ul>\n<li>Les huiles essentielles contenues dans la formule agissent ensemble pour nettoyer les dents et rafra\u00eechir l&rsquo;haleine.<\/li>\n<li>L&rsquo;utilisation r\u00e9guli\u00e8re de ce dentifrice permet de conserver des dents saines et un sourire d&rsquo;une blancheur \u00e9clatante.<\/li>\n<\/ul>\n","protected":false},"featured_media":20472,"template":"","meta":{"site-sidebar-layout":"default","site-content-layout":"default","ast-site-content-layout":"default","site-content-style":"default","site-sidebar-style":"default","ast-global-header-display":"","ast-banner-title-visibility":"","ast-main-header-display":"","ast-hfb-above-header-display":"","ast-hfb-below-header-display":"","ast-hfb-mobile-header-display":"","site-post-title":"","ast-breadcrumbs-content":"","ast-featured-img":"","footer-sml-layout":"","ast-disable-related-posts":"","theme-transparent-header-meta":"default","adv-header-id-meta":"","stick-header-meta":"","header-above-stick-meta":"","header-main-stick-meta":"","header-below-stick-meta":"","astra-migrate-meta-layouts":"set","ast-page-background-enabled":"default","ast-page-background-meta":{"desktop":{"background-color":"","background-image":"","background-repeat":"repeat","background-position":"center center","background-size":"auto","background-attachment":"scroll","background-type":"","background-media":"","overlay-type":"","overlay-color":"","overlay-opacity":"","overlay-gradient":""},"tablet":{"background-color":"","background-image":"","background-repeat":"repeat","background-position":"center center","background-size":"auto","background-attachment":"scroll","background-type":"","background-media":"","overlay-type":"","overlay-color":"","overlay-opacity":"","overlay-gradient":""},"mobile":{"background-color":"","background-image":"","background-repeat":"repeat","background-position":"center center","background-size":"auto","background-attachment":"scroll","background-type":"","background-media":"","overlay-type":"","overlay-color":"","overlay-opacity":"","overlay-gradient":""}},"ast-content-background-meta":{"desktop":{"background-color":"var(--ast-global-color-5)","background-image":"","background-repeat":"repeat","background-position":"center center","background-size":"auto","background-attachment":"scroll","background-type":"","background-media":"","overlay-type":"","overlay-color":"","overlay-opacity":"","overlay-gradient":""},"tablet":{"background-color":"var(--ast-global-color-5)","background-image":"","background-repeat":"repeat","background-position":"center center","background-size":"auto","background-attachment":"scroll","background-type":"","background-media":"","overlay-type":"","overlay-color":"","overlay-opacity":"","overlay-gradient":""},"mobile":{"background-color":"var(--ast-global-color-5)","background-image":"","background-repeat":"repeat","background-position":"center center","background-size":"auto","background-attachment":"scroll","background-type":"","background-media":"","overlay-type":"","overlay-color":"","overlay-opacity":"","overlay-gradient":""}}},"product_brand":[],"product_cat":[1960,1945,2020],"product_tag":[2207,3215,3089,3292],"class_list":{"0":"post-20515","1":"product","2":"type-product","3":"status-publish","4":"has-post-thumbnail","6":"product_cat-hygiene-et-soins-de-la-peau","7":"product_cat-melanges-dhuiles-essentielles","8":"product_cat-produits-on-guard","9":"product_tag-125g-fr","10":"product_tag-dentifrice","11":"product_tag-on-guard-fr","12":"product_tag-populaire","13":"desktop-align-left","14":"tablet-align-left","15":"mobile-align-left","17":"first","18":"instock","19":"sale","20":"featured","21":"taxable","22":"shipping-taxable","23":"purchasable","24":"product-type-simple"},"_links":{"self":[{"href":"https:\/\/mamaterra.lt\/fr\/wp-json\/wp\/v2\/product\/20515","targetHints":{"allow":["GET"]}}],"collection":[{"href":"https:\/\/mamaterra.lt\/fr\/wp-json\/wp\/v2\/product"}],"about":[{"href":"https:\/\/mamaterra.lt\/fr\/wp-json\/wp\/v2\/types\/product"}],"wp:featuredmedia":[{"embeddable":true,"href":"https:\/\/mamaterra.lt\/fr\/wp-json\/wp\/v2\/media\/20472"}],"wp:attachment":[{"href":"https:\/\/mamaterra.lt\/fr\/wp-json\/wp\/v2\/media?parent=20515"}],"wp:term":[{"taxonomy":"product_brand","embeddable":true,"href":"https:\/\/mamaterra.lt\/fr\/wp-json\/wp\/v2\/product_brand?post=20515"},{"taxonomy":"product_cat","embeddable":true,"href":"https:\/\/mamaterra.lt\/fr\/wp-json\/wp\/v2\/product_cat?post=20515"},{"taxonomy":"product_tag","embeddable":true,"href":"https:\/\/mamaterra.lt\/fr\/wp-json\/wp\/v2\/product_tag?post=20515"}],"curies":[{"name":"wp","href":"https:\/\/api.w.org\/{rel}","templated":true}]}}