{"id":20453,"date":"2022-08-19T19:33:48","date_gmt":"2022-08-19T18:33:48","guid":{"rendered":"https:\/\/mamaterra.lt\/parduotuve\/non%20class\u00e9\/doterra-stick-crayon-bleu-profond-48g\/"},"modified":"2024-01-08T17:49:11","modified_gmt":"2024-01-08T16:49:11","slug":"doterra-deep-blue-stick-crayon-48g","status":"publish","type":"product","link":"https:\/\/mamaterra.lt\/fr\/parduotuve\/huiles-essentielles\/melanges-dhuiles-essentielles\/doterra-deep-blue-stick-crayon-48g\/","title":{"rendered":"doTERRA Deep Blue Stick \/ Crayon 48g"},"content":{"rendered":"<p><strong>doTERRA Deep Blue Stick \/ Crayon\u00a0<\/strong><\/p>\n<p>48 grammes<\/p>\n<p>Ce crayon facile \u00e0 utiliser, qui contient du menthol d\u2019origine v\u00e9g\u00e9tale, du salicylate de m\u00e9thyle et du camphre, p\u00e9n\u00e8tre profond\u00e9ment dans la peau et provoque une sensation de fra\u00eecheur. C\u2019est un compl\u00e9ment indispensable \u00e0 l\u2019armoire de salle de bain ou au sac de sport Il contient des \u00e9mollients hydratants dans sa composition, ce qui rend la peau douce et non grasse. S\u00e9chant rapidement, il peut donc \u00eatre utilis\u00e9 avant, pendant ou apr\u00e8s une s\u00e9ance de sport, le crayon Deep Blue est apaisant, confortable et efficace.<\/p>\n<ul>\n<li>doTERRA Deep Blue Stick Pencil contient un m\u00e9lange apaisant Deep Blue, des taillis et d\u2019autres ingr\u00e9dients naturels<\/li>\n<li>Menthol en vente libre d\u2019origine v\u00e9g\u00e9tale de la plus haute concentration<\/li>\n<li>Soulage temporairement les douleurs musculaires et articulaires mineures associ\u00e9es aux maux de dos, \u00e0 l\u2019arthrite, aux entorses, aux luxations et aux ecchymoses.<\/li>\n<li>Contient des \u00e9mollients hydratants, rendant la peau douce et sans huile<\/li>\n<li>Cr\u00e9e une sensation de fra\u00eecheur et d\u2019apaisement<\/li>\n<\/ul>\n<p><strong>Mode d\u2019emploi du b\u00e2ton \/ crayon bleu profond doTERRA :<\/strong><\/p>\n<p>Appliquer directement sur les zones touch\u00e9es. Si vous souhaitez une proc\u00e9dure plus intense, appliquez un m\u00e9lange d\u2019huiles essentielles Deep Blue sur la peau avant l\u2019application.<\/p>\n<p><strong>Doterra B\u00e2ton bleu fonc\u00e9 \/ Crayon<\/strong> Pi\u00e8ces Sred<strong>:<\/strong><\/p>\n<p>Huile de Cocos nucifera (noix de coco), amidon de tapioca, huile de feuille de Gaultheria procumbens (gaulth\u00e9rie), cire de graines d\u2019Helianthus annuus (tournesol), huile de r\u00e9sine de Copaifera coriacea\/langsdorffii\/officinalis\/reticulata (copaibos), eau (Aqua), extrait de fruit de Sambucus nigra, huile de Prunus amygdalus dulcis (amande douce), laurate de glyc\u00e9ryle, caprylate de glyc\u00e9ryle, huile de Mentha piperita (menthe poivr\u00e9e), huile de cannelle camphre (Cinnamomum camphora), huile de feuille d\u2019eucalyptus, fleur de Tanacetum annuum (tanaces bleu), huile de feuille et de tige, und\u00e9c\u00e8ne de glyc\u00e9ryle, huile de fleur de Cananga odorata (Ylang Ylang), extrait de fruit de Capsicum frutescens, glyc\u00e9rine, acide laurique, huile de Chamomilla recutita (Matricaria), huile de fleur, de feuille et de tige d\u2019Helichrysum italicum (Helichrysum), acide citrique<\/p>\n","protected":false},"excerpt":{"rendered":"<ul>\n<li>doTERRA Deep Blue Stick contient un m\u00e9lange apaisant Deep Blue, du copa\u00efba et d\u2019autres ingr\u00e9dients naturels \u00e0 base d\u2019huiles essentielles<\/li>\n<li>Menthol en vente libre d\u2019origine v\u00e9g\u00e9tale de la plus haute concentration<\/li>\n<li>Soulage temporairement les douleurs musculaires et articulaires mineures associ\u00e9es aux maux de dos, \u00e0 l\u2019arthrite, aux entorses, aux luxations et aux ecchymoses<\/li>\n<li>Contient des \u00e9mollients hydratants, rendant la peau douce et sans huile<\/li>\n<li>Cr\u00e9e une sensation de fra\u00eecheur et d\u2019apaisement<\/li>\n<\/ul>\n","protected":false},"featured_media":20454,"template":"","meta":{"site-sidebar-layout":"default","site-content-layout":"default","ast-site-content-layout":"default","site-content-style":"default","site-sidebar-style":"default","ast-global-header-display":"","ast-banner-title-visibility":"","ast-main-header-display":"","ast-hfb-above-header-display":"","ast-hfb-below-header-display":"","ast-hfb-mobile-header-display":"","site-post-title":"","ast-breadcrumbs-content":"","ast-featured-img":"","footer-sml-layout":"","ast-disable-related-posts":"","theme-transparent-header-meta":"default","adv-header-id-meta":"","stick-header-meta":"","header-above-stick-meta":"","header-main-stick-meta":"","header-below-stick-meta":"","astra-migrate-meta-layouts":"set","ast-page-background-enabled":"default","ast-page-background-meta":{"desktop":{"background-color":"","background-image":"","background-repeat":"repeat","background-position":"center center","background-size":"auto","background-attachment":"scroll","background-type":"","background-media":"","overlay-type":"","overlay-color":"","overlay-opacity":"","overlay-gradient":""},"tablet":{"background-color":"","background-image":"","background-repeat":"repeat","background-position":"center center","background-size":"auto","background-attachment":"scroll","background-type":"","background-media":"","overlay-type":"","overlay-color":"","overlay-opacity":"","overlay-gradient":""},"mobile":{"background-color":"","background-image":"","background-repeat":"repeat","background-position":"center center","background-size":"auto","background-attachment":"scroll","background-type":"","background-media":"","overlay-type":"","overlay-color":"","overlay-opacity":"","overlay-gradient":""}},"ast-content-background-meta":{"desktop":{"background-color":"var(--ast-global-color-5)","background-image":"","background-repeat":"repeat","background-position":"center center","background-size":"auto","background-attachment":"scroll","background-type":"","background-media":"","overlay-type":"","overlay-color":"","overlay-opacity":"","overlay-gradient":""},"tablet":{"background-color":"var(--ast-global-color-5)","background-image":"","background-repeat":"repeat","background-position":"center center","background-size":"auto","background-attachment":"scroll","background-type":"","background-media":"","overlay-type":"","overlay-color":"","overlay-opacity":"","overlay-gradient":""},"mobile":{"background-color":"var(--ast-global-color-5)","background-image":"","background-repeat":"repeat","background-position":"center center","background-size":"auto","background-attachment":"scroll","background-type":"","background-media":"","overlay-type":"","overlay-color":"","overlay-opacity":"","overlay-gradient":""}}},"product_brand":[],"product_cat":[1940,1945,1896],"product_tag":[2146,2550,3171],"class_list":{"0":"post-20453","1":"product","2":"type-product","3":"status-publish","4":"has-post-thumbnail","6":"product_cat-huiles-essentielles","7":"product_cat-melanges-dhuiles-essentielles","8":"product_cat-produits-bleu-profond","9":"product_tag-48g-fr","10":"product_tag-crayon","11":"product_tag-deep-blue-fr","12":"desktop-align-left","13":"tablet-align-left","14":"mobile-align-left","16":"first","17":"instock","18":"taxable","19":"shipping-taxable","20":"purchasable","21":"product-type-simple"},"_links":{"self":[{"href":"https:\/\/mamaterra.lt\/fr\/wp-json\/wp\/v2\/product\/20453","targetHints":{"allow":["GET"]}}],"collection":[{"href":"https:\/\/mamaterra.lt\/fr\/wp-json\/wp\/v2\/product"}],"about":[{"href":"https:\/\/mamaterra.lt\/fr\/wp-json\/wp\/v2\/types\/product"}],"wp:featuredmedia":[{"embeddable":true,"href":"https:\/\/mamaterra.lt\/fr\/wp-json\/wp\/v2\/media\/20454"}],"wp:attachment":[{"href":"https:\/\/mamaterra.lt\/fr\/wp-json\/wp\/v2\/media?parent=20453"}],"wp:term":[{"taxonomy":"product_brand","embeddable":true,"href":"https:\/\/mamaterra.lt\/fr\/wp-json\/wp\/v2\/product_brand?post=20453"},{"taxonomy":"product_cat","embeddable":true,"href":"https:\/\/mamaterra.lt\/fr\/wp-json\/wp\/v2\/product_cat?post=20453"},{"taxonomy":"product_tag","embeddable":true,"href":"https:\/\/mamaterra.lt\/fr\/wp-json\/wp\/v2\/product_tag?post=20453"}],"curies":[{"name":"wp","href":"https:\/\/api.w.org\/{rel}","templated":true}]}}