{"id":19394,"date":"2021-09-03T10:27:20","date_gmt":"2021-09-03T09:27:20","guid":{"rendered":"https:\/\/mamaterra.lt\/politique-de-confidentialite\/"},"modified":"2024-03-02T16:47:39","modified_gmt":"2024-03-02T15:47:39","slug":"politique-de-confidentialite","status":"publish","type":"page","link":"https:\/\/mamaterra.lt\/fr\/politique-de-confidentialite\/","title":{"rendered":"Politique de confidentialit\u00e9"},"content":{"rendered":"\t\t<div data-elementor-type=\"wp-post\" data-elementor-id=\"19394\" class=\"elementor elementor-19394 elementor-2040\" data-elementor-post-type=\"page\">\n\t\t\t\t\t\t<section class=\"elementor-section elementor-top-section elementor-element elementor-element-e1a8f78 elementor-section-content-middle elementor-section-height-min-height elementor-section-boxed elementor-section-height-default elementor-section-items-middle\" data-id=\"e1a8f78\" data-element_type=\"section\" data-e-type=\"section\" data-settings=\"{&quot;background_background&quot;:&quot;classic&quot;}\">\n\t\t\t\t\t\t\t<div class=\"elementor-background-overlay\"><\/div>\n\t\t\t\t\t\t\t<div class=\"elementor-container elementor-column-gap-no\">\n\t\t\t\t\t<div class=\"elementor-column elementor-col-100 elementor-top-column elementor-element elementor-element-f204210\" data-id=\"f204210\" data-element_type=\"column\" data-e-type=\"column\" data-settings=\"{&quot;background_background&quot;:&quot;classic&quot;}\">\n\t\t\t<div class=\"elementor-widget-wrap elementor-element-populated\">\n\t\t\t\t\t\t<section class=\"elementor-section elementor-inner-section elementor-element elementor-element-c7c639a elementor-section-height-min-height elementor-section-boxed elementor-section-height-default\" data-id=\"c7c639a\" data-element_type=\"section\" data-e-type=\"section\">\n\t\t\t\t\t\t\t<div class=\"elementor-background-overlay\"><\/div>\n\t\t\t\t\t\t\t<div class=\"elementor-container elementor-column-gap-default\">\n\t\t\t\t\t<div class=\"elementor-column elementor-col-100 elementor-inner-column elementor-element elementor-element-4e18b6f\" data-id=\"4e18b6f\" data-element_type=\"column\" data-e-type=\"column\" data-settings=\"{&quot;background_background&quot;:&quot;classic&quot;}\">\n\t\t\t<div class=\"elementor-widget-wrap elementor-element-populated\">\n\t\t\t\t\t\t<div class=\"elementor-element elementor-element-626ce7d elementor-widget elementor-widget-heading\" data-id=\"626ce7d\" data-element_type=\"widget\" data-e-type=\"widget\" data-widget_type=\"heading.default\">\n\t\t\t\t<div class=\"elementor-widget-container\">\n\t\t\t\t\t<h1 class=\"elementor-heading-title elementor-size-default\">Politique de confidentialit\u00e9<\/h1>\t\t\t\t<\/div>\n\t\t\t\t<\/div>\n\t\t\t\t<div class=\"elementor-element elementor-element-e2ae439 elementor-align-center elementor-widget elementor-widget-breadcrumbs\" data-id=\"e2ae439\" data-element_type=\"widget\" data-e-type=\"widget\" data-widget_type=\"breadcrumbs.default\">\n\t\t\t\t<div class=\"elementor-widget-container\">\n\t\t\t\t\t<p id=\"breadcrumbs\"><span><span><a href=\"https:\/\/mamaterra.lt\/fr\/\">page d'accueil<\/a><\/span><\/span><\/p>\t\t\t\t<\/div>\n\t\t\t\t<\/div>\n\t\t\t\t\t<\/div>\n\t\t<\/div>\n\t\t\t\t\t<\/div>\n\t\t<\/section>\n\t\t\t\t\t<\/div>\n\t\t<\/div>\n\t\t\t\t\t<\/div>\n\t\t<\/section>\n\t\t\t\t<section class=\"elementor-section elementor-top-section elementor-element elementor-element-7d139c00 elementor-section-boxed elementor-section-height-default elementor-section-height-default\" data-id=\"7d139c00\" data-element_type=\"section\" data-e-type=\"section\" data-settings=\"{&quot;background_background&quot;:&quot;classic&quot;}\">\n\t\t\t\t\t\t\t<div class=\"elementor-background-overlay\"><\/div>\n\t\t\t\t\t\t\t<div class=\"elementor-container elementor-column-gap-default\">\n\t\t\t\t\t<div class=\"elementor-column elementor-col-100 elementor-top-column elementor-element elementor-element-5f9ac8ab\" data-id=\"5f9ac8ab\" data-element_type=\"column\" data-e-type=\"column\" data-settings=\"{&quot;background_background&quot;:&quot;classic&quot;}\">\n\t\t\t<div class=\"elementor-widget-wrap elementor-element-populated\">\n\t\t\t\t\t\t<div class=\"elementor-element elementor-element-50d2f331 elementor-widget elementor-widget-heading\" data-id=\"50d2f331\" data-element_type=\"widget\" data-e-type=\"widget\" data-widget_type=\"heading.default\">\n\t\t\t\t<div class=\"elementor-widget-container\">\n\t\t\t\t\t<h1 class=\"elementor-heading-title elementor-size-default\">Politique de confidentialit\u00e9<\/h1>\t\t\t\t<\/div>\n\t\t\t\t<\/div>\n\t\t\t\t<div class=\"elementor-element elementor-element-566e357 elementor-widget elementor-widget-text-editor\" data-id=\"566e357\" data-element_type=\"widget\" data-e-type=\"widget\" data-widget_type=\"text-editor.default\">\n\t\t\t\t<div class=\"elementor-widget-container\">\n\t\t\t\t\t\t\t\t\t<p>Derni\u00e8re mise \u00e0 jour le 01\/01\/2022<\/p>\n\t\t\t\t\t\t\t\t<\/div>\n\t\t\t\t<\/div>\n\t\t\t\t<div class=\"elementor-element elementor-element-2d248356 elementor-widget elementor-widget-text-editor\" data-id=\"2d248356\" data-element_type=\"widget\" data-e-type=\"widget\" data-widget_type=\"text-editor.default\">\n\t\t\t\t<div class=\"elementor-widget-container\">\n\t\t\t\t\t\t\t\t\t<ol>\n<li><strong>POURQUOI RECUEILLONS-NOUS DES INFORMATIONS VOUS CONCERNANT ?<\/strong>\n<ol>\n<li>Le responsable du traitement respecte ses obligations en vertu du R\u00e8glement g\u00e9n\u00e9ral sur la protection des donn\u00e9es (ci-apr\u00e8s &#8211; RGPD), en collectant et en traitant vos donn\u00e9es personnelles uniquement \u00e0 des fins et pour des motifs juridiques clairement d\u00e9finis, en mettant \u00e0 jour les donn\u00e9es personnelles, en les stockant et en les d\u00e9truisant en toute s\u00e9curit\u00e9, en ne collectant et en stockant pas trop de donn\u00e9es. , et en veillant \u00e0 ce que des mesures techniques et organisationnelles appropri\u00e9es pour la protection des donn\u00e9es personnelles soient appliqu\u00e9es.<\/li>\n<li>Voir E-mail. Vous pouvez \u00e9galement vendre des marchandises dans la boutique sans avoir \u00e0 cr\u00e9er de compte. Dans ce cas, le responsable du traitement collecte vos donn\u00e9es techniques sur l\u2019\u00e9quipement utilis\u00e9 (telles que le mod\u00e8le de l\u2019\u00e9quipement, l\u2019identifiant).<\/li>\n<li>Pour acheter le contr\u00f4leur E. Vous pouvez cr\u00e9er un compte pour les produits propos\u00e9s dans le magasin ou chaque fois que vous effectuez un nouvel achat, fournir les donn\u00e9es n\u00e9cessaires \u00e0 l\u2019achat, c\u2019est-\u00e0-dire nom, pr\u00e9nom, e-mail. adresse postale, adresse de livraison et num\u00e9ro de t\u00e9l\u00e9phone.<\/li>\n<li>En acceptant cette politique de confidentialit\u00e9 et en fournissant vos informations personnelles, vous confirmez que vous nous autorisez \u00e0 traiter vos donn\u00e9es personnelles afin de vous fournir un e-mail. les biens et services offerts dans le magasin.<\/li>\n<li>Nous pouvons \u00e9galement traiter vos donn\u00e9es, y compris les e-mails. adresse e-mail, pr\u00e9nom, nom, e-mail. \u00e0 des fins de commercialisation du magasin. Nous ne vous enverrons des newsletters que si vous avez indiqu\u00e9 au moment de l\u2019inscription que vous souhaitez recevoir la newsletter. Vous pouvez vous d\u00e9sabonner de la newsletter \u00e0 tout moment en cliquant sur le <strong>lien \u00ab se d\u00e9sabonner \u00bb qui se <\/strong>trouve au bas de chaque lettre entrante.<\/li>\n<li>La base juridique de la collecte et du traitement de vos donn\u00e9es personnelles dans le cadre des activit\u00e9s des Responsables du traitement est l\u2019accord conclu avec vous concernant l\u2019utilisation et l\u2019achat d\u2019e-mails. dans la boutique et\/ou votre consentement libre, sp\u00e9cifique, explicite et sans ambigu\u00eft\u00e9 \u00e0 la collecte et au traitement de ces donn\u00e9es.\n<\/li>\n<\/ol>\n<\/li>\n<li><strong style=\"font-style: inherit;\"><strong>LIMITE D\u2019\u00c2GE<\/strong><\/strong>\n<ol>\n<li>Utiliser et acheter des e-mails. Dans le magasin peuvent les personnes de tout \u00e2ge qui peuvent effectuer des transactions pour un tel achat.<\/li>\n<li>Dans le cas o\u00f9 vous avez moins de 16 ans, nous vous recommandons de consulter vos parents et \/ ou tuteurs en cas d\u2019achat de marchandises.\n<\/li>\n<\/ol>\n<\/li>\n<li><strong style=\"font-style: inherit;\"><strong>UTILISATION DES COOKIES<\/strong><\/strong>\n<ol>\n<li>En utilisant des cookies, nous nous effor\u00e7ons de vous assurer une exp\u00e9rience de navigation confortable. Certains d\u2019entre eux sont n\u00e9cessaires au fonctionnement de certaines sections du site Web, d\u2019autres sont con\u00e7us pour collecter des informations et utiliser des statistiques afin que nous puissions am\u00e9liorer le site Web \u00e0 l\u2019avenir. Les cookies de session sont supprim\u00e9s imm\u00e9diatement apr\u00e8s la fermeture du navigateur, les cookies persistants sont stock\u00e9s sur l\u2019ordinateur jusqu\u2019\u00e0 ce qu\u2019ils soient supprim\u00e9s ou expirent.<\/li>\n<li>Les cookies sont de plusieurs types, certains sont n\u00e9cessaires pour assurer le bon fonctionnement du site web, d\u2019autres visent \u00e0 am\u00e9liorer le fonctionnement du site web :\n<ol>\n<li>Les cookies sont n\u00e9cessaires au fonctionnement du site web :\n<ul>\n<li>Con\u00e7u pour se souvenir de ce qui a \u00e9t\u00e9 mis dans le panier.<\/li>\n<\/ul>\n<\/li>\n<li>Cookies fonctionnels :\n<ul>\n<li>Pour m\u00e9moriser vos informations de connexion.<\/li>\n<li>Con\u00e7u pour assurer la s\u00e9curit\u00e9 de vos donn\u00e9es et de vos connexions.<\/li>\n<li>Con\u00e7u pour assurer le fonctionnement coh\u00e9rent du site Web.<\/li>\n<li>Pour am\u00e9liorer les performances du site web.<\/li>\n<\/ul>\n<\/li>\n<li>Les cookies sont utilis\u00e9s aux fins suivantes :\n<ul>\n<li>Vous reconna\u00eetre en tant qu\u2019utilisateur afin que vous n\u2019ayez pas \u00e0 collecter d\u2019informations en double \u00e0 l\u2019avenir.<\/li>\n<li>Reconna\u00eetre le nombre d\u2019utilisateurs uniques qui naviguent sur le site Web permet d\u2019assurer son fonctionnement fluide et rapide.<\/li>\n<li>Analyser les informations collect\u00e9es sur la navigation des utilisateurs uniques, cela permet d\u2019adapter le fonctionnement du site web \u00e0 vos besoins.<\/li>\n<\/ul>\n<\/li>\n<li>Ce site web utilise \u00e9galement des cookies Google Analytics. Ces cookies vous permettent d\u2019analyser la fa\u00e7on dont vous utilisez le site web. En r\u00e8gle g\u00e9n\u00e9rale, toutes les informations collect\u00e9es par ces cookies sont transmises et stock\u00e9es sur un serveur de Google situ\u00e9 aux \u00c9tats-Unis. Gr\u00e2ce aux cookies de Google Analytics, nous serons en mesure d\u2019\u00e9valuer la fa\u00e7on dont le site web est utilis\u00e9, de d\u00e9terminer l\u2019activit\u00e9 du site web et d\u2019am\u00e9liorer ses performances sur la base des donn\u00e9es collect\u00e9es. Si vous souhaitez que les cookies de Google Analytics ne soient pas utilis\u00e9s lors de votre visite, vous pouvez t\u00e9l\u00e9charger et installer le plug-in de navigateur, que vous pouvez trouver <a href=\"https:\/\/tools.google.com\/dlpage\/gaoptout?hl=en\"><strong>ici<\/strong><\/a>.<\/li>\n<\/ol>\n<\/li>\n<li>Si vous d\u00e9cidez de refuser les cookies lors de l\u2019utilisation du site Web, nous devons vous avertir que certaines sections du site Web peuvent ne pas fonctionner. Par exemple, le service de panier d\u2019achat peut ne pas fonctionner correctement.<\/li>\n<li>Si vous souhaitez supprimer les cookies install\u00e9s sur votre ordinateur lors de votre pr\u00e9c\u00e9dente visite, recherchez la section \u00ab Aide \u00bb de votre navigateur, o\u00f9 vous trouverez les informations n\u00e9cessaires.<\/li>\n<li>Vous trouverez toutes les informations sur les cookies, leur utilisation, leur gestion et leur suppression sur <a href=\"http:\/\/www.aboutcookies.org\/\">le site web www.aboutcookies.org<\/a>\n<\/li>\n<\/ol>\n<\/li>\n<li><strong><strong>COMBIEN DE TEMPS VOS INFORMATIONS SERONT-ELLES CONSERV\u00c9ES ? <\/strong><\/strong>\n<ol>\n<li>Les donn\u00e9es \u00e0 caract\u00e8re personnel que nous traitons \u00e0 quelque fin que ce soit ne peuvent pas \u00eatre conserv\u00e9es plus longtemps que n\u00e9cessaire \u00e0 cette ou ces fins.<\/li>\n<li>Afin de fournir une adresse e-mail. Les donn\u00e9es que vous fournissez seront conserv\u00e9es pendant 3 (trois) ans \u00e0 compter du moment o\u00f9 vous nous avez fourni les informations n\u00e9cessaires ou de la derni\u00e8re fois que vous avez utilis\u00e9 nos services.<\/li>\n<li>Les donn\u00e9es que vous fournissez \u00e0 des fins de marketing seront conserv\u00e9es pendant 2 (deux) ans \u00e0 compter du moment o\u00f9 vous nous avez fourni les informations n\u00e9cessaires, ou de la derni\u00e8re fois que vous utilisez nos services, ou jusqu\u2019au moment o\u00f9 vous avez refus\u00e9 de traiter vos donn\u00e9es \u00e0 des fins de marketing.<\/li>\n<li>Les cookies ci-dessus seront stock\u00e9s jusqu\u2019\u00e0 2 ans \u00e0 compter de la derni\u00e8re visite sur le site web.<\/li>\n<li>Nous d\u00e9ployons des efforts raisonnables pour assurer la s\u00e9curit\u00e9 de vos renseignements personnels. Apr\u00e8s l\u2019expiration de la p\u00e9riode de conservation des donn\u00e9es correspondante, nous nous engageons \u00e0 d\u00e9truire les informations que vous fournissez.\n<\/li>\n<\/ol>\n<\/li>\n<li><strong><strong>VOS DROITS <\/strong><\/strong>\n<ol>\n<li>Sauf dans les cas o\u00f9 le RGPD ou les lois pertinentes pr\u00e9voient des exceptions, vous disposez des droits suivants en ce qui concerne vos donn\u00e9es personnelles :\n<ol>\n<li>Le droit d\u2019acc\u00e9der \u00e0 vos donn\u00e9es personnelles. Vous avez le droit de contacter le Responsable du traitement avec une demande libre d\u2019acc\u00e8s \u00e0 vos donn\u00e9es personnelles. D\u00e8s r\u00e9ception de cette demande, le Responsable du traitement vous fournira une copie des informations vous concernant, ainsi que vous expliquera pourquoi et comment il traite ces informations.<\/li>\n<li>Le droit de demander au Responsable du traitement de corriger, compl\u00e9ter ou supprimer vos donn\u00e9es personnelles si elles sont inexactes ou incompl\u00e8tes.<\/li>\n<li>Le droit de demander l\u2019effacement de vos donn\u00e9es \u00e0 caract\u00e8re personnel lorsque le Responsable du traitement n\u2019a plus besoin de les conserver (\u00ab droit \u00e0 l\u2019oubli \u00bb).<\/li>\n<li>Le droit \u00e0 la limitation du traitement des donn\u00e9es lorsque vous contestez l\u2019exactitude des donn\u00e9es, que le traitement est illicite et que vous n\u2019\u00eates pas d\u2019accord avec l\u2019effacement des donn\u00e9es, que nous n\u2019avons plus besoin des donn\u00e9es aux fins de leur traitement, mais que nous en avons besoin pour la constatation ou l\u2019ex\u00e9cution de droits en justice, ou, si vous vous opposez au traitement, il faut du temps pour v\u00e9rifier si les raisons l\u00e9gitimes du traitement l\u2019emportent sur les raisons que vous avez donn\u00e9es.<\/li>\n<li>Le droit de demander \u00e0 vous fournir vos donn\u00e9es personnelles et, si possible, de transf\u00e9rer ces donn\u00e9es directement \u00e0 un autre responsable du traitement.<\/li>\n<li>Le droit de retirer votre consentement au traitement des donn\u00e9es \u00e0 caract\u00e8re personnel \u00e0 tout moment lorsque le traitement des donn\u00e9es est fond\u00e9 sur votre consentement ou sur l\u2019existence d\u2019un int\u00e9r\u00eat l\u00e9gitime.<\/li>\n<li>Le droit de s\u2019opposer au traitement de vos donn\u00e9es personnelles.<\/li>\n<li>Le droit de d\u00e9poser une plainte aupr\u00e8s de l\u2019autorit\u00e9 comp\u00e9tente en mati\u00e8re de protection des donn\u00e9es en fonction de l\u2019adresse de votre lieu de r\u00e9sidence ou de travail, ainsi que du lieu de traitement des donn\u00e9es du responsable du traitement, qui est la R\u00e9publique de Lituanie, ou du lieu de la violation qui s\u2019est produite. En Lituanie, il s\u2019agit de l\u2019Inspection nationale de la protection des donn\u00e9es personnelles.<\/li>\n<li>Vous avez le droit d\u2019ordonner que nous cessions d\u2019utiliser vos informations personnelles \u00e0 des fins de marketing \u00e0 tout moment.<\/li>\n<li>Vous avez le droit de vous opposer \u00e0 une d\u00e9cision fond\u00e9e uniquement sur un traitement automatis\u00e9, y compris le profilage, qui aurait des cons\u00e9quences juridiques pour vous ou aurait un impact significatif sur vous.<\/li>\n<\/ol>\n<\/li>\n<li>Les actions concern\u00e9es seront effectu\u00e9es au plus tard trente (30) jours calendaires \u00e0 compter de la date de l\u2019appel. La fourniture d\u2019informations peut \u00eatre effectu\u00e9e gratuitement au maximum une fois par ann\u00e9e civile.<\/li>\n<li>Si vous souhaitez exercer vos droits, vous pouvez nous contacter par e-mail <a href=\"mailto:info@mamaterra.lt\" target=\"_blank\" rel=\"noopener\">info@mamaterra.lt<\/a>\n<\/li>\n<\/ol>\n<\/li>\n<li><strong><strong>SERVICES DE TIERS <\/strong><\/strong>\n<ol>\n<li>Vos donn\u00e9es personnelles seront trait\u00e9es de mani\u00e8re strictement confidentielle et ne seront mises \u00e0 la disposition que des prestataires de services ayant conclu des accords avec le Responsable du traitement. Les informations que nous divulguons aux tiers \u00e9num\u00e9r\u00e9s ci-dessous ne sont pas excessives par rapport aux services fournis par les tiers suivants :\n<ol>\n<li>Afin que le Responsable du traitement puisse livrer les marchandises que vous avez command\u00e9es, le Responsable du traitement fait appel \u00e0 des tiers \u2013 des coursiers qui fournissent des services de livraison. Aux fins de la livraison des marchandises, le responsable du traitement transmet les donn\u00e9es personnelles suivantes vous concernant aux coursiers : nom, pr\u00e9nom, num\u00e9ro de t\u00e9l\u00e9phone, e-mail. l\u2019adresse postale et l\u2019adresse de livraison de la marchandise.<\/li>\n<li>Afin d\u2019effectuer des paiements pour les commandes que vous avez pass\u00e9es, vous utilisez des services de paiement fournis par des tiers et fournissez les donn\u00e9es aux prestataires de services de paiement concern\u00e9s. Apr\u00e8s avoir effectu\u00e9 les paiements, le responsable du traitement ne re\u00e7oit que des informations confirmant l\u2019ex\u00e9cution de votre paiement.<\/li>\n<li>Afin de vous envoyer des newsletters, nous utilisons une plateforme professionnelle d\u2019envoi de newsletters tierce.<\/li>\n<\/ol>\n<\/li>\n<li>Notre politique de confidentialit\u00e9 ne s\u2019applique que lorsque vous exploitez et utilisez la boutique en ligne. Si vous quittez la boutique en ligne ou si vous \u00eates redirig\u00e9 vers des services tiers, tels que la section de paiement, notre politique de confidentialit\u00e9 ne s\u2019appliquera plus \u00e0 vous et ne s\u2019appliquera pas \u00e0 vous.<\/li>\n<li>Nous ne sommes en aucun cas responsables du contenu des sites Web ou des applications dans d\u2019autres pays.\n<\/li>\n<\/ol>\n<\/li>\n<li><strong><strong>DIVULGATION <\/strong><\/strong>\n<ol>\n<li>Nous essayons de nous assurer que les informations qui nous sont fournies sont confidentielles, par cons\u00e9quent, dans le cas d\u2019un e-mail normal. pour l\u2019utilisation de la boutique, nous n\u2019avons pas le droit de divulguer vos donn\u00e9es personnelles \u00e0 d\u2019autres destinataires de donn\u00e9es, si cela n\u2019est pas n\u00e9cessaire pour mettre en \u0153uvre correctement les services du responsable du traitement ou prot\u00e9ger des int\u00e9r\u00eats l\u00e9gitimes.<\/li>\n<li>Si vous \u00eates en violation de l\u2019adresse e-mail. les conditions d\u2019utilisation de la boutique ou, si la loi l\u2019exige, nous avons le droit de divulguer des informations vous concernant aux autorit\u00e9s comp\u00e9tentes. Nous pouvons divulguer vos donn\u00e9es personnelles \u00e0 des conseillers professionnels qui sont raisonnablement n\u00e9cessaires pour obtenir des conseils professionnels, pour r\u00e9soudre ou d\u00e9fendre des litiges juridiques, que ce soit dans le cadre de proc\u00e9dures judiciaires ou de proc\u00e9dures administratives ou extrajudiciaires.\n<\/li>\n<\/ol>\n<\/li>\n<li><strong>MODIFICATIONS DE LA POLITIQUE DE CONFIDENTIALIT\u00c9<\/strong>\n<ol>\n<li>Nous nous r\u00e9servons le droit de modifier cette politique de confidentialit\u00e9 \u00e0 tout moment et sans pr\u00e9avis. Toute nouvelle modification prend effet \u00e0 partir du moment o\u00f9 elle est publi\u00e9e dans l\u2019e-mail. dans le magasin, vous devez donc le consulter r\u00e9guli\u00e8rement.<\/li>\n<li>Si cette politique de confidentialit\u00e9 est mise \u00e0 jour, nous vous enverrons une notification par e-mail. Publier.<\/li>\n<li>Si nous cherchons \u00e0 utiliser vos donn\u00e9es personnelles \u00e0 de nouvelles fins qui ne sont pas couvertes par la pr\u00e9sente politique de confidentialit\u00e9, avant de commencer de nouvelles actions de traitement, nous pr\u00e9senterons un message expliquant cette nouvelle utilisation, indiquant les finalit\u00e9s et les conditions de traitement concern\u00e9es. Dans les cas o\u00f9 cela est n\u00e9cessaire, nous chercherons \u00e0 obtenir votre consentement pr\u00e9alable \u00e0 la nouvelle utilisation des donn\u00e9es personnelles.\n<\/li>\n<\/ol>\n<\/li>\n<li><strong><strong>DIFF\u00c9RENDS <\/strong><\/strong>\n<ol>\n<li>Tout litige relatif au Responsable du traitement, \u00e0 ses services et \u00e0 ses e-mails. les activit\u00e9s de la boutique, qui sont r\u00e9solues par des n\u00e9gociations entre vous et le Responsable du traitement, en contactant par e-mail. par courrier <a href=\"mailto:info@mamaterra.lt\" target=\"_blank\" rel=\"noopener\">info@mamaterra.lt<\/a>.<\/li>\n<li>En raison du fait que le traitement des donn\u00e9es est effectu\u00e9 en Lituanie, l\u2019Inspection nationale de la protection des donn\u00e9es de la R\u00e9publique de Lituanie est consid\u00e9r\u00e9e comme l\u2019autorit\u00e9 de contr\u00f4le comp\u00e9tente.<\/li>\n<li>Si le litige devait \u00eatre port\u00e9 devant les tribunaux, les lois de la R\u00e9publique de Lituanie s\u2019appliqueraient et le litige serait examin\u00e9 par le tribunal comp\u00e9tent de la R\u00e9publique de Lituanie.\n<\/li>\n<\/ol>\n<\/li>\n<li><strong style=\"font-size: 16px;\">COORDONN\u00c9ES<\/strong><\/li>\n<\/ol>\n<p style=\"padding-left: 40px;\"><span style=\"font-size: 16px;\">Regina Rainien\u0117, Krant 12th st., 18, Kaunas, Lituanie.<\/span><\/p>\n<p style=\"text-align: left; padding-left: 40px;\"><strong style=\"font-style: inherit;\">E-mail <i>du gestionnaire<\/i>. Adresse e-mail pour les questions de protection des donn\u00e9es<\/strong><strong> <a href=\"mailto:info@mamaterra.lt\" target=\"_blank\" rel=\"noopener\">info@mamaterra.lt<\/a><\/strong><\/p>\n<p style=\"text-align: left; padding-left: 40px;\">\n\t\t\t\t\t\t\t\t<\/div>\n\t\t\t\t<\/div>\n\t\t\t\t\t<\/div>\n\t\t<\/div>\n\t\t\t\t\t<\/div>\n\t\t<\/section>\n\t\t\t\t<\/div>\n\t\t","protected":false},"excerpt":{"rendered":"<p>Politique de confidentialit\u00e9 Politique de confidentialit\u00e9 Derni\u00e8re mise \u00e0 jour le 01\/01\/2022 POURQUOI RECUEILLONS-NOUS DES INFORMATIONS VOUS CONCERNANT ? Le responsable du traitement respecte ses obligations en vertu du R\u00e8glement g\u00e9n\u00e9ral sur la protection des donn\u00e9es (ci-apr\u00e8s &#8211; RGPD), en collectant et en traitant vos donn\u00e9es personnelles uniquement \u00e0 des fins et pour des motifs [&hellip;]<\/p>\n","protected":false},"author":1,"featured_media":0,"parent":0,"menu_order":0,"comment_status":"closed","ping_status":"closed","template":"","meta":{"site-sidebar-layout":"no-sidebar","site-content-layout":"page-builder","ast-site-content-layout":"default","site-content-style":"default","site-sidebar-style":"default","ast-global-header-display":"","ast-banner-title-visibility":"","ast-main-header-display":"","ast-hfb-above-header-display":"","ast-hfb-below-header-display":"","ast-hfb-mobile-header-display":"","site-post-title":"disabled","ast-breadcrumbs-content":"","ast-featured-img":"disabled","footer-sml-layout":"","ast-disable-related-posts":"","theme-transparent-header-meta":"enabled","adv-header-id-meta":"","stick-header-meta":"","header-above-stick-meta":"","header-main-stick-meta":"","header-below-stick-meta":"","astra-migrate-meta-layouts":"default","ast-page-background-enabled":"default","ast-page-background-meta":{"desktop":{"background-color":"","background-image":"","background-repeat":"repeat","background-position":"center center","background-size":"auto","background-attachment":"scroll","background-type":"","background-media":"","overlay-type":"","overlay-color":"","overlay-opacity":"","overlay-gradient":""},"tablet":{"background-color":"","background-image":"","background-repeat":"repeat","background-position":"center center","background-size":"auto","background-attachment":"scroll","background-type":"","background-media":"","overlay-type":"","overlay-color":"","overlay-opacity":"","overlay-gradient":""},"mobile":{"background-color":"","background-image":"","background-repeat":"repeat","background-position":"center center","background-size":"auto","background-attachment":"scroll","background-type":"","background-media":"","overlay-type":"","overlay-color":"","overlay-opacity":"","overlay-gradient":""}},"ast-content-background-meta":{"desktop":{"background-color":"var(--ast-global-color-5)","background-image":"","background-repeat":"repeat","background-position":"center center","background-size":"auto","background-attachment":"scroll","background-type":"","background-media":"","overlay-type":"","overlay-color":"","overlay-opacity":"","overlay-gradient":""},"tablet":{"background-color":"var(--ast-global-color-5)","background-image":"","background-repeat":"repeat","background-position":"center center","background-size":"auto","background-attachment":"scroll","background-type":"","background-media":"","overlay-type":"","overlay-color":"","overlay-opacity":"","overlay-gradient":""},"mobile":{"background-color":"var(--ast-global-color-5)","background-image":"","background-repeat":"repeat","background-position":"center center","background-size":"auto","background-attachment":"scroll","background-type":"","background-media":"","overlay-type":"","overlay-color":"","overlay-opacity":"","overlay-gradient":""}},"footnotes":""},"class_list":["post-19394","page","type-page","status-publish","hentry"],"_links":{"self":[{"href":"https:\/\/mamaterra.lt\/fr\/wp-json\/wp\/v2\/pages\/19394","targetHints":{"allow":["GET"]}}],"collection":[{"href":"https:\/\/mamaterra.lt\/fr\/wp-json\/wp\/v2\/pages"}],"about":[{"href":"https:\/\/mamaterra.lt\/fr\/wp-json\/wp\/v2\/types\/page"}],"author":[{"embeddable":true,"href":"https:\/\/mamaterra.lt\/fr\/wp-json\/wp\/v2\/users\/1"}],"replies":[{"embeddable":true,"href":"https:\/\/mamaterra.lt\/fr\/wp-json\/wp\/v2\/comments?post=19394"}],"version-history":[{"count":0,"href":"https:\/\/mamaterra.lt\/fr\/wp-json\/wp\/v2\/pages\/19394\/revisions"}],"wp:attachment":[{"href":"https:\/\/mamaterra.lt\/fr\/wp-json\/wp\/v2\/media?parent=19394"}],"curies":[{"name":"wp","href":"https:\/\/api.w.org\/{rel}","templated":true}]}}