{"id":25984,"date":"2025-11-11T19:41:40","date_gmt":"2025-11-11T18:41:40","guid":{"rendered":"https:\/\/mamaterra.lt\/parduotuve\/maaratlemata\/lumist-bubble-diffuser-bergamot-15-ml\/"},"modified":"2025-11-11T19:48:25","modified_gmt":"2025-11-11T18:48:25","slug":"lumist-bubble-diffuser-bergamot-15-ml","status":"publish","type":"product","link":"https:\/\/mamaterra.lt\/et\/parduotuve\/kingitused\/kingitused-naistele\/lumist-bubble-diffuser-bergamot-15-ml\/","title":{"rendered":"Lumist bubble diffuser + Bergamot 15 ml"},"content":{"rendered":"<p>Las Lumist valgustab teed t\u00e4hendusrikastele rahulikele hetkedele. See v\u00e4ike, liikumisanduriga difuusor eraldab vaikset, \u00f5rna udu, mis t\u00e4idab 10 ruutmeetri suuruse ruumi. See on kompaktne seade, millel on suur v\u00f5imsus. Kahe udu re\u017eiimiga (normaalne ja pikk) saate muuta iga ruumi atmosf\u00e4\u00e4ri vastavalt oma meeleolule. See \u00f6konoomne difuusor sobib 5 ml ja 15 ml doTERRA eeterlike \u00f5lide pudelitele ja ei vaja vett, vaid ainult eeterlike \u00f5lide puhast \u00f5ndsust!<\/p>\n<p>M\u00f5\u00f5tmed: 7,25 x 4,62 cm. Puhastamisjuhised leiate difuusori kasutusjuhendist.<\/p>\n<p>Kasutamine<br \/>\nTavaline pihustusre\u017eiim: pihustab 7 sekundit. Une re\u017eiim aktiveerub 3 minutiks. 3 minuti p\u00e4rast pihustab iga kord, kui liikumine tuvastatakse, seej\u00e4rel l\u00e4heb 3 minutiks une re\u017eiimi.<br \/>\nPikk pihustamismoodus: valgus vilgub kolm korda. Pihustab 10 sekundit. Uinaku re\u017eiim aktiveerub 3 minutiks. 3 minuti p\u00e4rast pihustab 7 sekundit iga kord, kui tuvastab liikumise, seej\u00e4rel l\u00fclitub 3 minutiks uinaku re\u017eiimi.<\/p>\n<p>Kasutusjuhend<\/p>\n<p>Valgustuse v\u00e4ljal\u00fclitamiseks vajutage kaks korda toitenuppu.<br \/>\nSeadme v\u00e4ljal\u00fclitamiseks vajutage kolm korda toitenuppu.<\/p>\n<div class=\"spotlight__foot-block-content\">\n<p>&nbsp;<\/p>\n<\/div>\n","protected":false},"excerpt":{"rendered":"<ul class=\"spotlight__list-custom custom-list\">\n<li>V\u00e4ike, liikumisanduriga difuusor t\u00f6\u00f6tab ilma veeta.<\/li>\n<li>See j\u00e4\u00e4b passiivseks, kuni tuvastab liikumise.<\/li>\n<li>Integreeritud infrapuna liikumisandur, mille ulatus on kuni neli meetrit ja vaatev\u00e4li 120 kraadi.<\/li>\n<li>Kaks re\u017eiimi: normaalne ja tugev, et saaksite luua igas ruumis ideaalse atmosf\u00e4\u00e4ri.<\/li>\n<li>Komplektis on C-t\u00fc\u00fcpi USB-kaabel.<\/li>\n<\/ul>\n","protected":false},"featured_media":25978,"template":"","meta":{"site-sidebar-layout":"default","site-content-layout":"","ast-site-content-layout":"default","site-content-style":"default","site-sidebar-style":"default","ast-global-header-display":"","ast-banner-title-visibility":"","ast-main-header-display":"","ast-hfb-above-header-display":"","ast-hfb-below-header-display":"","ast-hfb-mobile-header-display":"","site-post-title":"","ast-breadcrumbs-content":"","ast-featured-img":"","footer-sml-layout":"","ast-disable-related-posts":"","theme-transparent-header-meta":"default","adv-header-id-meta":"","stick-header-meta":"","header-above-stick-meta":"","header-main-stick-meta":"","header-below-stick-meta":"","astra-migrate-meta-layouts":"set","ast-page-background-enabled":"default","ast-page-background-meta":{"desktop":{"background-color":"","background-image":"","background-repeat":"repeat","background-position":"center center","background-size":"auto","background-attachment":"scroll","background-type":"","background-media":"","overlay-type":"","overlay-color":"","overlay-opacity":"","overlay-gradient":""},"tablet":{"background-color":"","background-image":"","background-repeat":"repeat","background-position":"center center","background-size":"auto","background-attachment":"scroll","background-type":"","background-media":"","overlay-type":"","overlay-color":"","overlay-opacity":"","overlay-gradient":""},"mobile":{"background-color":"","background-image":"","background-repeat":"repeat","background-position":"center center","background-size":"auto","background-attachment":"scroll","background-type":"","background-media":"","overlay-type":"","overlay-color":"","overlay-opacity":"","overlay-gradient":""}},"ast-content-background-meta":{"desktop":{"background-color":"var(--ast-global-color-5)","background-image":"","background-repeat":"repeat","background-position":"center center","background-size":"auto","background-attachment":"scroll","background-type":"","background-media":"","overlay-type":"","overlay-color":"","overlay-opacity":"","overlay-gradient":""},"tablet":{"background-color":"var(--ast-global-color-5)","background-image":"","background-repeat":"repeat","background-position":"center center","background-size":"auto","background-attachment":"scroll","background-type":"","background-media":"","overlay-type":"","overlay-color":"","overlay-opacity":"","overlay-gradient":""},"mobile":{"background-color":"var(--ast-global-color-5)","background-image":"","background-repeat":"repeat","background-position":"center center","background-size":"auto","background-attachment":"scroll","background-type":"","background-media":"","overlay-type":"","overlay-color":"","overlay-opacity":"","overlay-gradient":""}}},"product_brand":[],"product_cat":[1699,1687,1690,1696,1693],"product_tag":[],"class_list":{"0":"post-25984","1":"product","2":"type-product","3":"status-publish","4":"has-post-thumbnail","6":"product_cat-eeterlikud-olid","7":"product_cat-hajutid","8":"product_cat-kingitused","9":"product_cat-kingitused-meestele","10":"product_cat-kingitused-naistele","11":"desktop-align-left","12":"tablet-align-left","13":"mobile-align-left","15":"first","16":"instock","17":"sale","18":"taxable","19":"shipping-taxable","20":"purchasable","21":"product-type-simple"},"_links":{"self":[{"href":"https:\/\/mamaterra.lt\/et\/wp-json\/wp\/v2\/product\/25984","targetHints":{"allow":["GET"]}}],"collection":[{"href":"https:\/\/mamaterra.lt\/et\/wp-json\/wp\/v2\/product"}],"about":[{"href":"https:\/\/mamaterra.lt\/et\/wp-json\/wp\/v2\/types\/product"}],"wp:featuredmedia":[{"embeddable":true,"href":"https:\/\/mamaterra.lt\/et\/wp-json\/wp\/v2\/media\/25978"}],"wp:attachment":[{"href":"https:\/\/mamaterra.lt\/et\/wp-json\/wp\/v2\/media?parent=25984"}],"wp:term":[{"taxonomy":"product_brand","embeddable":true,"href":"https:\/\/mamaterra.lt\/et\/wp-json\/wp\/v2\/product_brand?post=25984"},{"taxonomy":"product_cat","embeddable":true,"href":"https:\/\/mamaterra.lt\/et\/wp-json\/wp\/v2\/product_cat?post=25984"},{"taxonomy":"product_tag","embeddable":true,"href":"https:\/\/mamaterra.lt\/et\/wp-json\/wp\/v2\/product_tag?post=25984"}],"curies":[{"name":"wp","href":"https:\/\/api.w.org\/{rel}","templated":true}]}}