{"id":25496,"date":"2025-05-24T18:24:18","date_gmt":"2025-05-24T17:24:18","guid":{"rendered":"https:\/\/mamaterra.lt\/parduotuve\/maaratlemata\/frankincense-stick-piestukas-su-naio-wood-aliejumi\/"},"modified":"2025-05-24T18:32:31","modified_gmt":"2025-05-24T17:32:31","slug":"frankincense-stick-pliiats-koos-naio-woodi-oliga","status":"publish","type":"product","link":"https:\/\/mamaterra.lt\/et\/parduotuve\/eeterlikud-olid\/frankincense-stick-pliiats-koos-naio-woodi-oliga\/","title":{"rendered":"Frankincense Stick (pliiats) koos Naio Woodi \u00f5liga"},"content":{"rendered":"<h6>Frankincense Stick (pliiats) koos Naio Woodi \u00f5liga<\/h6>\n<p>&nbsp;<\/p>\n<p>Kogemused Frankincense j\u00f5udu nagu kunagi varem. Selle h\u00f5lpsasti kasutatava pulgakese erakordne kasu muudab revolutsiooniliselt Frankincense eeterliku \u00f5li, tuues selle uuendavate ja kaunistavate omaduste jaoks t\u00e4iesti uue rakendusinnovatsiooni. See uskumatu pulk on v\u00e4lja t\u00f6\u00f6tatud Naio Woodi eeterliku \u00f5li ja optimeeritud alfa-bisabolooli sisaldusega ning sisaldab pehmendavaid ja nahka hooldavaid koostisosi, mis lukustavad niiskuse ning rahustava ja lohutava aroomiga. Taastab ja toetab naha loomuliku barj\u00e4\u00e4ri, et soodustada naha tervislikku v\u00e4limust t\u00e4nu kiirele imendumisele, \u00f5rnale pealekandmisele ning Frankincense ja Naio Woodi v\u00f5imsale s\u00fcnergiale.<\/p>\n","protected":false},"excerpt":{"rendered":"<ul class=\"spotlight__list-custom custom-list\">\n<li>See sisaldab Niao Woodi eeterlikku \u00f5li optimaalse alfa-bisabolooli sisaldusega.<\/li>\n<li>Frankincense (Boswellia) eeterlik \u00f5li annab nahale terve v\u00e4limuse.<\/li>\n<li>Kookos\u00f5li ja p\u00e4evalilleseemne vaha pehmendavad ja pehmendavad nahka.<\/li>\n<li>Mitte-rasvane pliiats koos aplikaatoriga pakub rahustavat ja hooldavat l\u00f5hna iga kasutuskorraga.<\/li>\n<li>Turvaline tundlikule nahale, ei takista, ei sisalda ftalaate ega s\u00fcnteetilisi l\u00f5hnaaineid.<\/li>\n<\/ul>\n","protected":false},"featured_media":25490,"template":"","meta":{"site-sidebar-layout":"default","site-content-layout":"","ast-site-content-layout":"default","site-content-style":"default","site-sidebar-style":"default","ast-global-header-display":"","ast-banner-title-visibility":"","ast-main-header-display":"","ast-hfb-above-header-display":"","ast-hfb-below-header-display":"","ast-hfb-mobile-header-display":"","site-post-title":"","ast-breadcrumbs-content":"","ast-featured-img":"","footer-sml-layout":"","ast-disable-related-posts":"","theme-transparent-header-meta":"default","adv-header-id-meta":"","stick-header-meta":"","header-above-stick-meta":"","header-main-stick-meta":"","header-below-stick-meta":"","astra-migrate-meta-layouts":"set","ast-page-background-enabled":"default","ast-page-background-meta":{"desktop":{"background-color":"","background-image":"","background-repeat":"repeat","background-position":"center center","background-size":"auto","background-attachment":"scroll","background-type":"","background-media":"","overlay-type":"","overlay-color":"","overlay-opacity":"","overlay-gradient":""},"tablet":{"background-color":"","background-image":"","background-repeat":"repeat","background-position":"center center","background-size":"auto","background-attachment":"scroll","background-type":"","background-media":"","overlay-type":"","overlay-color":"","overlay-opacity":"","overlay-gradient":""},"mobile":{"background-color":"","background-image":"","background-repeat":"repeat","background-position":"center center","background-size":"auto","background-attachment":"scroll","background-type":"","background-media":"","overlay-type":"","overlay-color":"","overlay-opacity":"","overlay-gradient":""}},"ast-content-background-meta":{"desktop":{"background-color":"var(--ast-global-color-5)","background-image":"","background-repeat":"repeat","background-position":"center center","background-size":"auto","background-attachment":"scroll","background-type":"","background-media":"","overlay-type":"","overlay-color":"","overlay-opacity":"","overlay-gradient":""},"tablet":{"background-color":"var(--ast-global-color-5)","background-image":"","background-repeat":"repeat","background-position":"center center","background-size":"auto","background-attachment":"scroll","background-type":"","background-media":"","overlay-type":"","overlay-color":"","overlay-opacity":"","overlay-gradient":""},"mobile":{"background-color":"var(--ast-global-color-5)","background-image":"","background-repeat":"repeat","background-position":"center center","background-size":"auto","background-attachment":"scroll","background-type":"","background-media":"","overlay-type":"","overlay-color":"","overlay-opacity":"","overlay-gradient":""}}},"product_brand":[],"product_cat":[1699],"product_tag":[],"class_list":{"0":"post-25496","1":"product","2":"type-product","3":"status-publish","4":"has-post-thumbnail","6":"product_cat-eeterlikud-olid","7":"desktop-align-left","8":"tablet-align-left","9":"mobile-align-left","11":"first","12":"instock","13":"taxable","14":"shipping-taxable","15":"purchasable","16":"product-type-simple"},"_links":{"self":[{"href":"https:\/\/mamaterra.lt\/et\/wp-json\/wp\/v2\/product\/25496","targetHints":{"allow":["GET"]}}],"collection":[{"href":"https:\/\/mamaterra.lt\/et\/wp-json\/wp\/v2\/product"}],"about":[{"href":"https:\/\/mamaterra.lt\/et\/wp-json\/wp\/v2\/types\/product"}],"wp:featuredmedia":[{"embeddable":true,"href":"https:\/\/mamaterra.lt\/et\/wp-json\/wp\/v2\/media\/25490"}],"wp:attachment":[{"href":"https:\/\/mamaterra.lt\/et\/wp-json\/wp\/v2\/media?parent=25496"}],"wp:term":[{"taxonomy":"product_brand","embeddable":true,"href":"https:\/\/mamaterra.lt\/et\/wp-json\/wp\/v2\/product_brand?post=25496"},{"taxonomy":"product_cat","embeddable":true,"href":"https:\/\/mamaterra.lt\/et\/wp-json\/wp\/v2\/product_cat?post=25496"},{"taxonomy":"product_tag","embeddable":true,"href":"https:\/\/mamaterra.lt\/et\/wp-json\/wp\/v2\/product_tag?post=25496"}],"curies":[{"name":"wp","href":"https:\/\/api.w.org\/{rel}","templated":true}]}}