{"id":25475,"date":"2025-05-24T17:40:29","date_gmt":"2025-05-24T16:40:29","guid":{"rendered":"https:\/\/mamaterra.lt\/parduotuve\/maaratlemata\/frankincense-bosveliju-mikrozirniuku-kapsules\/"},"modified":"2025-05-24T17:53:29","modified_gmt":"2025-05-24T16:53:29","slug":"frankincense-microbead-capsules","status":"publish","type":"product","link":"https:\/\/mamaterra.lt\/et\/parduotuve\/eeterlikud-olid\/eeterlike-olide-segud\/frankincense-microbead-capsules\/","title":{"rendered":"Frankincense Microbead Capsules"},"content":{"rendered":"<h6 class=\"spotlight__head-title\">Frankincense Microbead <strong>Capsules<\/strong><\/h6>\n<p class=\"spotlight__head-title\">\nToidulisand koos AKBA-ga Frankincense ekstraktist ja Frankincense Essential Oil<br \/>\nVabastage Frankincense v\u00e4gi nagu kunagi varem&#8230;.. See uuenduslikus formaadis sisalduv valem \u00fchendab iidse tarkuse Frankincense eeterliku \u00f5li ja Frankincense vaigu \u00fches h\u00e4mmastavas vedelikup\u00f5hises mikrohelmekapslis. Boswellia vaigust p\u00e4rit tugeva 60% AKBA (atset\u00fc\u00fcl-11-keto-beta-boswel\u00fc\u00fclhape) kontsentratsiooniga on see terviklik, kergesti alla neelatav annus, mis tagab sujuva integreerumise mis tahes terviserutiini. See oluline heaoluks sobib vaevata teie p\u00e4eva, tuues teile Frankincense eelised k\u00f5ige mugavamal ja v\u00f5imsamal viisil, mida on v\u00f5imalik ette kujutada.<\/p>\n","protected":false},"excerpt":{"rendered":"<ul class=\"spotlight__list-custom custom-list\">\n<li>See igap\u00e4evane heaolulahendus annab Frankincense (Boswellia) j\u00f5u teie rutiinis.<\/li>\n<li>Vegan, GMO-vaba ja gluteenivaba toode.<\/li>\n<li>30 mikroherne kapslit | 17 g.<\/li>\n<\/ul>\n","protected":false},"featured_media":25469,"template":"","meta":{"site-sidebar-layout":"default","site-content-layout":"","ast-site-content-layout":"default","site-content-style":"default","site-sidebar-style":"default","ast-global-header-display":"","ast-banner-title-visibility":"","ast-main-header-display":"","ast-hfb-above-header-display":"","ast-hfb-below-header-display":"","ast-hfb-mobile-header-display":"","site-post-title":"","ast-breadcrumbs-content":"","ast-featured-img":"","footer-sml-layout":"","ast-disable-related-posts":"","theme-transparent-header-meta":"default","adv-header-id-meta":"","stick-header-meta":"","header-above-stick-meta":"","header-main-stick-meta":"","header-below-stick-meta":"","astra-migrate-meta-layouts":"set","ast-page-background-enabled":"default","ast-page-background-meta":{"desktop":{"background-color":"","background-image":"","background-repeat":"repeat","background-position":"center center","background-size":"auto","background-attachment":"scroll","background-type":"","background-media":"","overlay-type":"","overlay-color":"","overlay-opacity":"","overlay-gradient":""},"tablet":{"background-color":"","background-image":"","background-repeat":"repeat","background-position":"center center","background-size":"auto","background-attachment":"scroll","background-type":"","background-media":"","overlay-type":"","overlay-color":"","overlay-opacity":"","overlay-gradient":""},"mobile":{"background-color":"","background-image":"","background-repeat":"repeat","background-position":"center center","background-size":"auto","background-attachment":"scroll","background-type":"","background-media":"","overlay-type":"","overlay-color":"","overlay-opacity":"","overlay-gradient":""}},"ast-content-background-meta":{"desktop":{"background-color":"var(--ast-global-color-5)","background-image":"","background-repeat":"repeat","background-position":"center center","background-size":"auto","background-attachment":"scroll","background-type":"","background-media":"","overlay-type":"","overlay-color":"","overlay-opacity":"","overlay-gradient":""},"tablet":{"background-color":"var(--ast-global-color-5)","background-image":"","background-repeat":"repeat","background-position":"center center","background-size":"auto","background-attachment":"scroll","background-type":"","background-media":"","overlay-type":"","overlay-color":"","overlay-opacity":"","overlay-gradient":""},"mobile":{"background-color":"var(--ast-global-color-5)","background-image":"","background-repeat":"repeat","background-position":"center center","background-size":"auto","background-attachment":"scroll","background-type":"","background-media":"","overlay-type":"","overlay-color":"","overlay-opacity":"","overlay-gradient":""}}},"product_brand":[],"product_cat":[1701],"product_tag":[],"class_list":{"0":"post-25475","1":"product","2":"type-product","3":"status-publish","4":"has-post-thumbnail","6":"product_cat-eeterlike-olide-segud","7":"desktop-align-left","8":"tablet-align-left","9":"mobile-align-left","11":"first","12":"instock","13":"taxable","14":"shipping-taxable","15":"purchasable","16":"product-type-simple"},"_links":{"self":[{"href":"https:\/\/mamaterra.lt\/et\/wp-json\/wp\/v2\/product\/25475","targetHints":{"allow":["GET"]}}],"collection":[{"href":"https:\/\/mamaterra.lt\/et\/wp-json\/wp\/v2\/product"}],"about":[{"href":"https:\/\/mamaterra.lt\/et\/wp-json\/wp\/v2\/types\/product"}],"wp:featuredmedia":[{"embeddable":true,"href":"https:\/\/mamaterra.lt\/et\/wp-json\/wp\/v2\/media\/25469"}],"wp:attachment":[{"href":"https:\/\/mamaterra.lt\/et\/wp-json\/wp\/v2\/media?parent=25475"}],"wp:term":[{"taxonomy":"product_brand","embeddable":true,"href":"https:\/\/mamaterra.lt\/et\/wp-json\/wp\/v2\/product_brand?post=25475"},{"taxonomy":"product_cat","embeddable":true,"href":"https:\/\/mamaterra.lt\/et\/wp-json\/wp\/v2\/product_cat?post=25475"},{"taxonomy":"product_tag","embeddable":true,"href":"https:\/\/mamaterra.lt\/et\/wp-json\/wp\/v2\/product_tag?post=25475"}],"curies":[{"name":"wp","href":"https:\/\/api.w.org\/{rel}","templated":true}]}}