{"id":25457,"date":"2025-05-24T14:36:57","date_gmt":"2025-05-24T13:36:57","guid":{"rendered":"https:\/\/mamaterra.lt\/parduotuve\/maaratlemata\/doterra-vmg\/"},"modified":"2025-05-24T14:43:37","modified_gmt":"2025-05-24T13:43:37","slug":"doterra-vmg","status":"publish","type":"product","link":"https:\/\/mamaterra.lt\/et\/parduotuve\/immuunsuse-tugevdamiseks\/doterra-vmg\/","title":{"rendered":"doTERRA VMG+"},"content":{"rendered":"<h6>VMG+<\/h6>\n<p data-start=\"156\" data-end=\"212\">VMG+\u2122 Whole-Food Nutrient Complex (terviktoidulisand) pakub multivitamiine maitsva biosaadava pulbri kujul, milles sisalduvad olulised toitained imenduvad t\u00f5husalt ja j\u00e4\u00e4vad organismi p\u00fcsima. VMG+ toidulisandis on \u00fchendatud Alpha CRS+\u2122, Microplex VMz\u2122-i (veganversiooni) ja TerraGreensi kasulik toime, mist\u00f5ttu pakub see k\u00f5ikeh\u00f5lmavat lahendust k\u00f5igi t\u00e4nap\u00e4eval t\u00fc\u00fcpiliste toitainevaeguste katmiseks. Sisaldab enam kui 70 hoolikalt valitud koostisosa, sealhulgas viit supersegu kvaliteetsetest terviktoidu vitamiinidest, mineraalainetest, puu- ja k\u00f6\u00f6giviljadest ning muudest kasulikest ainetest. Optimaalse toitainete imenduvuse tagab uuenduslik pulbrina manustamine. Mugavasse kotikesse pakendatud puhas, veganlik ja gluteenivaba VMG+ varustab organismi oluliste makro- ja mikrotoitainetega. See ei ole lihtsalt multivitamiin, vaid terviklik heaolulahendus.<\/p>\n","protected":false},"excerpt":{"rendered":"<ul class=\"spotlight__list-custom custom-list\">\n<li>M\u00f5eldud kasutamiseks lihtsa k\u00f5ik-\u00fches heaolulahendusena koos EO Mega+\u2122 ja d\u014dTERRA PB Restore\u2122-iga.<\/li>\n<li>Taimsed terviktoiduvitamiinid ja mineraalained j\u00f5uavad organismi uudse liposoomtehnoloogia abil, et tagada optimaalne imendumine ja organismis s\u00e4ilimine.<\/li>\n<li>Sisaldab enam kui 75 kvaliteetset teaduslikult uuritud koostisosa, sealhulgas puu- ja k\u00f6\u00f6givilju, seedeens\u00fc\u00fcme, probiootikume, eeterlikke \u00f5lisid ja teisi kasulikke toitaineid.<\/li>\n<li>Microplex VMZ\u2122-i, Alpha CRS\u2122-i, TerraGreensi ja teiste toidulisandite kasuliku toimega.<\/li>\n<li>Veganlik, ei sisalda GMO-d, soja ega gluteeni.<\/li>\n<li>30 kotikest | 282 g | \u00fcks kotike = 9,4 g.<\/li>\n<\/ul>\n","protected":false},"featured_media":25451,"template":"","meta":{"site-sidebar-layout":"default","site-content-layout":"","ast-site-content-layout":"default","site-content-style":"default","site-sidebar-style":"default","ast-global-header-display":"","ast-banner-title-visibility":"","ast-main-header-display":"","ast-hfb-above-header-display":"","ast-hfb-below-header-display":"","ast-hfb-mobile-header-display":"","site-post-title":"","ast-breadcrumbs-content":"","ast-featured-img":"","footer-sml-layout":"","ast-disable-related-posts":"","theme-transparent-header-meta":"default","adv-header-id-meta":"","stick-header-meta":"","header-above-stick-meta":"","header-main-stick-meta":"","header-below-stick-meta":"","astra-migrate-meta-layouts":"set","ast-page-background-enabled":"default","ast-page-background-meta":{"desktop":{"background-color":"","background-image":"","background-repeat":"repeat","background-position":"center center","background-size":"auto","background-attachment":"scroll","background-type":"","background-media":"","overlay-type":"","overlay-color":"","overlay-opacity":"","overlay-gradient":""},"tablet":{"background-color":"","background-image":"","background-repeat":"repeat","background-position":"center center","background-size":"auto","background-attachment":"scroll","background-type":"","background-media":"","overlay-type":"","overlay-color":"","overlay-opacity":"","overlay-gradient":""},"mobile":{"background-color":"","background-image":"","background-repeat":"repeat","background-position":"center center","background-size":"auto","background-attachment":"scroll","background-type":"","background-media":"","overlay-type":"","overlay-color":"","overlay-opacity":"","overlay-gradient":""}},"ast-content-background-meta":{"desktop":{"background-color":"var(--ast-global-color-5)","background-image":"","background-repeat":"repeat","background-position":"center center","background-size":"auto","background-attachment":"scroll","background-type":"","background-media":"","overlay-type":"","overlay-color":"","overlay-opacity":"","overlay-gradient":""},"tablet":{"background-color":"var(--ast-global-color-5)","background-image":"","background-repeat":"repeat","background-position":"center center","background-size":"auto","background-attachment":"scroll","background-type":"","background-media":"","overlay-type":"","overlay-color":"","overlay-opacity":"","overlay-gradient":""},"mobile":{"background-color":"var(--ast-global-color-5)","background-image":"","background-repeat":"repeat","background-position":"center center","background-size":"auto","background-attachment":"scroll","background-type":"","background-media":"","overlay-type":"","overlay-color":"","overlay-opacity":"","overlay-gradient":""}}},"product_brand":[],"product_cat":[1729],"product_tag":[],"class_list":{"0":"post-25457","1":"product","2":"type-product","3":"status-publish","4":"has-post-thumbnail","6":"product_cat-immuunsuse-tugevdamiseks","7":"desktop-align-left","8":"tablet-align-left","9":"mobile-align-left","11":"first","12":"instock","13":"taxable","14":"shipping-taxable","15":"purchasable","16":"product-type-simple"},"_links":{"self":[{"href":"https:\/\/mamaterra.lt\/et\/wp-json\/wp\/v2\/product\/25457","targetHints":{"allow":["GET"]}}],"collection":[{"href":"https:\/\/mamaterra.lt\/et\/wp-json\/wp\/v2\/product"}],"about":[{"href":"https:\/\/mamaterra.lt\/et\/wp-json\/wp\/v2\/types\/product"}],"wp:featuredmedia":[{"embeddable":true,"href":"https:\/\/mamaterra.lt\/et\/wp-json\/wp\/v2\/media\/25451"}],"wp:attachment":[{"href":"https:\/\/mamaterra.lt\/et\/wp-json\/wp\/v2\/media?parent=25457"}],"wp:term":[{"taxonomy":"product_brand","embeddable":true,"href":"https:\/\/mamaterra.lt\/et\/wp-json\/wp\/v2\/product_brand?post=25457"},{"taxonomy":"product_cat","embeddable":true,"href":"https:\/\/mamaterra.lt\/et\/wp-json\/wp\/v2\/product_cat?post=25457"},{"taxonomy":"product_tag","embeddable":true,"href":"https:\/\/mamaterra.lt\/et\/wp-json\/wp\/v2\/product_tag?post=25457"}],"curies":[{"name":"wp","href":"https:\/\/api.w.org\/{rel}","templated":true}]}}