{"id":25421,"date":"2025-05-01T09:59:37","date_gmt":"2025-05-01T08:59:37","guid":{"rendered":"https:\/\/mamaterra.lt\/parduotuve\/maaratlemata\/doterra-sun-lip-balm-lupu-balzamas\/"},"modified":"2025-05-01T10:08:05","modified_gmt":"2025-05-01T09:08:05","slug":"doterra-sun-huulepalsam","status":"publish","type":"product","link":"https:\/\/mamaterra.lt\/et\/parduotuve\/eeterlikud-olid\/doterra-sun-huulepalsam\/","title":{"rendered":"d\u014dTERRA sun huulepalsam"},"content":{"rendered":"<h6 class=\"spotlight__head-title\">d\u014dTERRA sun huulepalsam<\/h6>\n<p>&nbsp;<\/p>\n<p>Armastage oma huuli igap\u00e4evaselt, kasutades doTERRA p\u00e4ikest. See mineraalip\u00f5hine koostis pakub kaitsefaktoriga 15 UVA\/UVB kaitset, rahustab ja pehmendab huuli ning aitab kaitsta neid kuumuse, k\u00fclma ja tuule eest. DoTERRA sun huulepalsam on formuleeritud mitte-nano tsinkoksiidiga, mis j\u00e4\u00e4b nahale ilma imendumiseta. doTERRA sun huulepalsam on varustatud taimep\u00f5histe koostisosadega, nagu sheav\u00f5i ja mongongo\u00f5li, mis pakuvad rikkalikku, niisutavat toitu, sealhulgas Frankincense, Helichrysum, Lemongrass, Spearmint ja Manuka eeterlikud \u00f5lid.<\/p>\n<h6 class=\"spotlight__foot-block-title\">Esmased eelised<\/h6>\n<p class=\"spotlight__foot-block-title\">\nV\u00e4lja t\u00f6\u00f6tatud koos mittemano tsinkoksiidi, sheav\u00f5i, mongongo\u00f5li ja CPTG\u2122 eeterlike \u00f5lidega.<br \/>\nNiisutav, rahustav, dermatoloogiliselt testitud, ohutu tundlikule nahale.<br \/>\nVaba ftalaatidest, oks\u00fcbensoonist ja s\u00fcnteetilistest l\u00f5hnaainetest.<br \/>\nCruelty-free ja reef-safe.<\/p>\n","protected":false},"excerpt":{"rendered":"<p>See mineraalne koostis pakub kaitsefaktoriga 15 UVA ja UVB kaitset, rahustab, pehmendab ja aitab kaitsta huuli kuumuse, k\u00fclma ja tuule eest.<\/p>\n","protected":false},"featured_media":25415,"template":"","meta":{"site-sidebar-layout":"default","site-content-layout":"","ast-site-content-layout":"default","site-content-style":"default","site-sidebar-style":"default","ast-global-header-display":"","ast-banner-title-visibility":"","ast-main-header-display":"","ast-hfb-above-header-display":"","ast-hfb-below-header-display":"","ast-hfb-mobile-header-display":"","site-post-title":"","ast-breadcrumbs-content":"","ast-featured-img":"","footer-sml-layout":"","ast-disable-related-posts":"","theme-transparent-header-meta":"default","adv-header-id-meta":"","stick-header-meta":"","header-above-stick-meta":"","header-main-stick-meta":"","header-below-stick-meta":"","astra-migrate-meta-layouts":"set","ast-page-background-enabled":"default","ast-page-background-meta":{"desktop":{"background-color":"","background-image":"","background-repeat":"repeat","background-position":"center center","background-size":"auto","background-attachment":"scroll","background-type":"","background-media":"","overlay-type":"","overlay-color":"","overlay-opacity":"","overlay-gradient":""},"tablet":{"background-color":"","background-image":"","background-repeat":"repeat","background-position":"center center","background-size":"auto","background-attachment":"scroll","background-type":"","background-media":"","overlay-type":"","overlay-color":"","overlay-opacity":"","overlay-gradient":""},"mobile":{"background-color":"","background-image":"","background-repeat":"repeat","background-position":"center center","background-size":"auto","background-attachment":"scroll","background-type":"","background-media":"","overlay-type":"","overlay-color":"","overlay-opacity":"","overlay-gradient":""}},"ast-content-background-meta":{"desktop":{"background-color":"var(--ast-global-color-5)","background-image":"","background-repeat":"repeat","background-position":"center center","background-size":"auto","background-attachment":"scroll","background-type":"","background-media":"","overlay-type":"","overlay-color":"","overlay-opacity":"","overlay-gradient":""},"tablet":{"background-color":"var(--ast-global-color-5)","background-image":"","background-repeat":"repeat","background-position":"center center","background-size":"auto","background-attachment":"scroll","background-type":"","background-media":"","overlay-type":"","overlay-color":"","overlay-opacity":"","overlay-gradient":""},"mobile":{"background-color":"var(--ast-global-color-5)","background-image":"","background-repeat":"repeat","background-position":"center center","background-size":"auto","background-attachment":"scroll","background-type":"","background-media":"","overlay-type":"","overlay-color":"","overlay-opacity":"","overlay-gradient":""}}},"product_brand":[],"product_cat":[3578,1699],"product_tag":[],"class_list":{"0":"post-25421","1":"product","2":"type-product","3":"status-publish","4":"has-post-thumbnail","6":"product_cat-doterra-saules-linija-et","7":"product_cat-eeterlikud-olid","8":"desktop-align-left","9":"tablet-align-left","10":"mobile-align-left","12":"first","13":"instock","14":"taxable","15":"shipping-taxable","16":"purchasable","17":"product-type-simple"},"_links":{"self":[{"href":"https:\/\/mamaterra.lt\/et\/wp-json\/wp\/v2\/product\/25421","targetHints":{"allow":["GET"]}}],"collection":[{"href":"https:\/\/mamaterra.lt\/et\/wp-json\/wp\/v2\/product"}],"about":[{"href":"https:\/\/mamaterra.lt\/et\/wp-json\/wp\/v2\/types\/product"}],"wp:featuredmedia":[{"embeddable":true,"href":"https:\/\/mamaterra.lt\/et\/wp-json\/wp\/v2\/media\/25415"}],"wp:attachment":[{"href":"https:\/\/mamaterra.lt\/et\/wp-json\/wp\/v2\/media?parent=25421"}],"wp:term":[{"taxonomy":"product_brand","embeddable":true,"href":"https:\/\/mamaterra.lt\/et\/wp-json\/wp\/v2\/product_brand?post=25421"},{"taxonomy":"product_cat","embeddable":true,"href":"https:\/\/mamaterra.lt\/et\/wp-json\/wp\/v2\/product_cat?post=25421"},{"taxonomy":"product_tag","embeddable":true,"href":"https:\/\/mamaterra.lt\/et\/wp-json\/wp\/v2\/product_tag?post=25421"}],"curies":[{"name":"wp","href":"https:\/\/api.w.org\/{rel}","templated":true}]}}