{"id":25372,"date":"2025-04-04T19:05:54","date_gmt":"2025-04-04T18:05:54","guid":{"rendered":"https:\/\/mamaterra.lt\/?post_type=product&#038;p=25372"},"modified":"2025-04-04T19:25:35","modified_gmt":"2025-04-04T18:25:35","slug":"copaiba-cp-softgels-geelkapslid","status":"publish","type":"product","link":"https:\/\/mamaterra.lt\/et\/parduotuve\/eeterlikud-olid\/puhtad-eeterlikud-olid\/copaiba-cp-softgels-geelkapslid\/","title":{"rendered":"COPAIBA CP+ Softgels (geelkapslid)"},"content":{"rendered":"<h6>COPAIBA CP+ Softgels (geelkapslid)<\/h6>\n<p>Copaifera reticulata, officinalis, coriacea, langsdorffii<\/p>\n<p>&nbsp;<\/p>\n<p>CP+ Softgels (geelkapslid) sisaldavad maitsestamiseks Copaiba (kopaiiva) \u00f5li, mida on lahjendatud oliivi\u00f5liga, et kopaiiva\u00f5li kasutegureid saaks nautida mugavalt taimsete geelkapslite kujul. See ainulaadne kombinatsioon aitab rahustada seedes\u00fcsteemi ja tuua leevendust seedeh\u00e4dade korral.<\/p>\n<h3 class=\"product-uses__block-title\">Kasutusalad<\/h3>\n<div class=\"product-uses__block-list\">\n<ul class=\"custom-list\">\n<li>Kuigi toidulisandid on suurep\u00e4rane t\u00e4iendus igap\u00e4evaelule, ei asenda need mitmek\u00fclgset ja tasakaalustatud toitumist ega tervislikku eluviisi.<\/li>\n<li>Enne kasutamist tutvuge hoiatustega.<\/li>\n<li>\u00c4rge \u00fcletage soovituslikku p\u00e4evast annust.<\/li>\n<\/ul>\n<\/div>\n<h3 class=\"product-uses__block-title\">Kasutusjuhised<\/h3>\n<div class=\"product-uses__directions-for-use\">\n<div class=\"product-uses__directions-for-use-item\">\n<div class=\"product-uses__directions-for-use-icon\">\n<div class=\"icon--internally icon--xxl\"><\/div>\n<\/div>\n<div class=\"product-uses__directions-for-use-copy\">V\u00f5tke \u00fcks geelkapsel p\u00e4evas.<\/div>\n<\/div>\n<\/div>\n<div class=\"product-uses__cautions\">\n<h3 class=\"product-uses__block-title\">Hoiatused<\/h3>\n<div class=\"product-uses__cautions-body\">\n<p>Hoida lastele k\u00e4ttesaamatus kohas. \u00c4rge \u00fcletage p\u00e4evast soovituslikku annust. Toidulisandid ei asenda mitmek\u00fclgset ja tasakaalustatud toitumist ega tervislikku eluviisi. Rasedad v\u00f5i imetavad naised ja teadaolevalt haiged inimesed peavad enne kasutamist pidama n\u00f5u arstiga. Hoida jahedas ja kuivas kohas. Parim enne kuup\u00e4ev ja partiinr: vt pudeli p\u00f5hjalt.<\/p>\n<\/div>\n<\/div>\n<p><iframe title=\"Copaiba \u00f5li avastamine: lisateave doTERRA Copaiba eeterliku \u00f5li eeliste kohta\" src=\"https:\/\/www.youtube.com\/embed\/VtQtsM4qs-0\" width=\"853\" height=\"480\" frameborder=\"0\" allowfullscreen=\"allowfullscreen\"><\/iframe><\/p>\n","protected":false},"excerpt":{"rendered":"<p>CP+ Softgels (geelkapslid) sisaldavad maitsestamiseks Copaiba (kopaiiva) \u00f5li, mida on lahjendatud oliivi\u00f5liga, et kopaiiva\u00f5li kasutegureid saaks nautida mugavalt taimsete geelkapslite kujul.<\/p>\n","protected":false},"featured_media":25386,"template":"","meta":{"site-sidebar-layout":"default","site-content-layout":"default","ast-site-content-layout":"default","site-content-style":"default","site-sidebar-style":"default","ast-global-header-display":"","ast-banner-title-visibility":"","ast-main-header-display":"","ast-hfb-above-header-display":"","ast-hfb-below-header-display":"","ast-hfb-mobile-header-display":"","site-post-title":"","ast-breadcrumbs-content":"","ast-featured-img":"","footer-sml-layout":"","ast-disable-related-posts":"","theme-transparent-header-meta":"default","adv-header-id-meta":"","stick-header-meta":"","header-above-stick-meta":"","header-main-stick-meta":"","header-below-stick-meta":"","astra-migrate-meta-layouts":"set","ast-page-background-enabled":"default","ast-page-background-meta":{"desktop":{"background-color":"","background-image":"","background-repeat":"repeat","background-position":"center center","background-size":"auto","background-attachment":"scroll","background-type":"","background-media":"","overlay-type":"","overlay-color":"","overlay-opacity":"","overlay-gradient":""},"tablet":{"background-color":"","background-image":"","background-repeat":"repeat","background-position":"center center","background-size":"auto","background-attachment":"scroll","background-type":"","background-media":"","overlay-type":"","overlay-color":"","overlay-opacity":"","overlay-gradient":""},"mobile":{"background-color":"","background-image":"","background-repeat":"repeat","background-position":"center center","background-size":"auto","background-attachment":"scroll","background-type":"","background-media":"","overlay-type":"","overlay-color":"","overlay-opacity":"","overlay-gradient":""}},"ast-content-background-meta":{"desktop":{"background-color":"var(--ast-global-color-5)","background-image":"","background-repeat":"repeat","background-position":"center center","background-size":"auto","background-attachment":"scroll","background-type":"","background-media":"","overlay-type":"","overlay-color":"","overlay-opacity":"","overlay-gradient":""},"tablet":{"background-color":"var(--ast-global-color-5)","background-image":"","background-repeat":"repeat","background-position":"center center","background-size":"auto","background-attachment":"scroll","background-type":"","background-media":"","overlay-type":"","overlay-color":"","overlay-opacity":"","overlay-gradient":""},"mobile":{"background-color":"var(--ast-global-color-5)","background-image":"","background-repeat":"repeat","background-position":"center center","background-size":"auto","background-attachment":"scroll","background-type":"","background-media":"","overlay-type":"","overlay-color":"","overlay-opacity":"","overlay-gradient":""}}},"product_brand":[],"product_cat":[1699,1737,1734,1705,1759,1753],"product_tag":[724,1245,1532,1579],"class_list":{"0":"post-25372","1":"product","2":"type-product","3":"status-publish","4":"has-post-thumbnail","6":"product_cat-eeterlikud-olid","7":"product_cat-magamiseks","8":"product_cat-massaaz","9":"product_cat-puhtad-eeterlikud-olid","10":"product_cat-seedimine","11":"product_cat-stressi-juhtimine","12":"product_tag-15-ml-et-2","13":"product_tag-copaiba-et","14":"product_tag-eeterlikud-olid","15":"product_tag-populaarne","16":"desktop-align-left","17":"tablet-align-left","18":"mobile-align-left","20":"first","21":"instock","22":"featured","23":"taxable","24":"shipping-taxable","25":"purchasable","26":"product-type-simple"},"_links":{"self":[{"href":"https:\/\/mamaterra.lt\/et\/wp-json\/wp\/v2\/product\/25372","targetHints":{"allow":["GET"]}}],"collection":[{"href":"https:\/\/mamaterra.lt\/et\/wp-json\/wp\/v2\/product"}],"about":[{"href":"https:\/\/mamaterra.lt\/et\/wp-json\/wp\/v2\/types\/product"}],"wp:featuredmedia":[{"embeddable":true,"href":"https:\/\/mamaterra.lt\/et\/wp-json\/wp\/v2\/media\/25386"}],"wp:attachment":[{"href":"https:\/\/mamaterra.lt\/et\/wp-json\/wp\/v2\/media?parent=25372"}],"wp:term":[{"taxonomy":"product_brand","embeddable":true,"href":"https:\/\/mamaterra.lt\/et\/wp-json\/wp\/v2\/product_brand?post=25372"},{"taxonomy":"product_cat","embeddable":true,"href":"https:\/\/mamaterra.lt\/et\/wp-json\/wp\/v2\/product_cat?post=25372"},{"taxonomy":"product_tag","embeddable":true,"href":"https:\/\/mamaterra.lt\/et\/wp-json\/wp\/v2\/product_tag?post=25372"}],"curies":[{"name":"wp","href":"https:\/\/api.w.org\/{rel}","templated":true}]}}