{"id":25335,"date":"2025-03-12T20:27:34","date_gmt":"2025-03-12T19:27:34","guid":{"rendered":"https:\/\/mamaterra.lt\/parduotuve\/maaratlemata\/doterra-turmeric-dual-chamber-capsules\/"},"modified":"2025-03-12T20:33:09","modified_gmt":"2025-03-12T19:33:09","slug":"doterra-kurkuma-kahekambrilised-kapslid","status":"publish","type":"product","link":"https:\/\/mamaterra.lt\/et\/parduotuve\/eeterlikud-olid\/doterra-kurkuma-kahekambrilised-kapslid\/","title":{"rendered":"doTERRA Kurkuma Kahekambrilised kapslid"},"content":{"rendered":"<h6 class=\"spotlight__head-title\">doTERRA Kurkuma Kahekambrilised kapslid<\/h6>\n<p>doTERRA on esimene, mis \u00fchendab kurkumat eeterliku \u00f5li ja kurkumiekstrakti spetsiaalselt disainitud kahekambrilistes kapslites. Kombineerides kurkumi eeterlikku \u00f5li ja kurkumiekstrakti, on m\u00f5lema komponendi t\u00f5husus maksimeeritud. Tulemuseks on revolutsiooniline bioaktiivsete taime\u00fchendite toode, mis loob unikaalselt v\u00f5imsa kurkumoonide ja kurkuminoidide s\u00fcnergia. Saadaval mugavas, allaneelatavas formaadis, iga kapsel sisaldab 2 tilka kurkuma eeterlikku \u00f5li.<\/p>\n<p>&nbsp;<\/p>\n<ul class=\"spotlight__list-custom custom-list\">\n<li>Kurkumi ekstrakt (risoom) koos kurkuminoididega<br \/>\nSisaldab looduslikke antioks\u00fcdante. *<br \/>\nAitab s\u00e4ilitada liigeste ja luude tervist. *<br \/>\nAitab s\u00e4ilitada naha tervist. *<br \/>\nToetab vere tootmist ja kvaliteeti. *<br \/>\nToetab s\u00fcdametegevust. *<br \/>\nToetab vereringet. *<br \/>\nToetab seedimist. *<br \/>\nAitab kaasa normaalsele seedetrakti funktsioonile.*<br \/>\nAitab kaasa normaalsele sapieritusele. *<br \/>\nAitab s\u00e4ilitada immuuns\u00fcsteemi t\u00f5husust. *<br \/>\nAitab s\u00e4ilitada allergiakindlust. *<br \/>\n* Need tervisealased v\u00e4ited on veel ELi ja Euroopa Toiduohutusameti poolt kaalumisel.<\/li>\n<\/ul>\n<p>V\u00f5tke 2 kapslit p\u00e4evas.<br \/>\nEttevaatusabin\u00f5ud<br \/>\nHoida lastele k\u00e4ttesaamatus kohas. \u00c4rge \u00fcletage soovitatavat \u00f6\u00f6p\u00e4evast annust. Toidulisandid ei tohi asendada mitmek\u00fclgset ja tasakaalustatud toitumist ning tervislikku eluviisi. Rasedad v\u00f5i imetavad naised ja teadaolevate terviseh\u00e4iretega inimesed peaksid enne kasutamist konsulteerima arstiga. Ei soovitata alla 12-aastastele lastele. Konsulteerige oma arsti v\u00f5i apteekriga, kui te v\u00f5tate samaaegselt antikoagulantravimeid. Kui te v\u00f5tate ravimeid, peate k\u00fcsima n\u00f5u oma arstilt. Maksafunktsiooni, sapifunktsiooni v\u00f5i sapikivide muutuste korral ei ole toote kasutamine soovitatav. S\u00e4ilitada jahedas ja kuivas kohas.<\/p>\n<p>&nbsp;<\/p>\n","protected":false},"excerpt":{"rendered":"<p>doTERRA is the first to combine Turmeric essential oil and Turmeric extract in a specially-designed, dual-chamber capsule. By bringing together the Turmeric essential oil and the Turmeric extract, the effectiveness of each component is maximised<\/p>\n","protected":false},"featured_media":25329,"template":"","meta":{"site-sidebar-layout":"default","site-content-layout":"","ast-site-content-layout":"default","site-content-style":"default","site-sidebar-style":"default","ast-global-header-display":"","ast-banner-title-visibility":"","ast-main-header-display":"","ast-hfb-above-header-display":"","ast-hfb-below-header-display":"","ast-hfb-mobile-header-display":"","site-post-title":"","ast-breadcrumbs-content":"","ast-featured-img":"","footer-sml-layout":"","ast-disable-related-posts":"","theme-transparent-header-meta":"default","adv-header-id-meta":"","stick-header-meta":"","header-above-stick-meta":"","header-main-stick-meta":"","header-below-stick-meta":"","astra-migrate-meta-layouts":"set","ast-page-background-enabled":"default","ast-page-background-meta":{"desktop":{"background-color":"","background-image":"","background-repeat":"repeat","background-position":"center center","background-size":"auto","background-attachment":"scroll","background-type":"","background-media":"","overlay-type":"","overlay-color":"","overlay-opacity":"","overlay-gradient":""},"tablet":{"background-color":"","background-image":"","background-repeat":"repeat","background-position":"center center","background-size":"auto","background-attachment":"scroll","background-type":"","background-media":"","overlay-type":"","overlay-color":"","overlay-opacity":"","overlay-gradient":""},"mobile":{"background-color":"","background-image":"","background-repeat":"repeat","background-position":"center center","background-size":"auto","background-attachment":"scroll","background-type":"","background-media":"","overlay-type":"","overlay-color":"","overlay-opacity":"","overlay-gradient":""}},"ast-content-background-meta":{"desktop":{"background-color":"var(--ast-global-color-5)","background-image":"","background-repeat":"repeat","background-position":"center center","background-size":"auto","background-attachment":"scroll","background-type":"","background-media":"","overlay-type":"","overlay-color":"","overlay-opacity":"","overlay-gradient":""},"tablet":{"background-color":"var(--ast-global-color-5)","background-image":"","background-repeat":"repeat","background-position":"center center","background-size":"auto","background-attachment":"scroll","background-type":"","background-media":"","overlay-type":"","overlay-color":"","overlay-opacity":"","overlay-gradient":""},"mobile":{"background-color":"var(--ast-global-color-5)","background-image":"","background-repeat":"repeat","background-position":"center center","background-size":"auto","background-attachment":"scroll","background-type":"","background-media":"","overlay-type":"","overlay-color":"","overlay-opacity":"","overlay-gradient":""}}},"product_brand":[],"product_cat":[1699,1729,1759],"product_tag":[],"class_list":{"0":"post-25335","1":"product","2":"type-product","3":"status-publish","4":"has-post-thumbnail","6":"product_cat-eeterlikud-olid","7":"product_cat-immuunsuse-tugevdamiseks","8":"product_cat-seedimine","9":"desktop-align-left","10":"tablet-align-left","11":"mobile-align-left","13":"first","14":"instock","15":"taxable","16":"shipping-taxable","17":"purchasable","18":"product-type-simple"},"_links":{"self":[{"href":"https:\/\/mamaterra.lt\/et\/wp-json\/wp\/v2\/product\/25335","targetHints":{"allow":["GET"]}}],"collection":[{"href":"https:\/\/mamaterra.lt\/et\/wp-json\/wp\/v2\/product"}],"about":[{"href":"https:\/\/mamaterra.lt\/et\/wp-json\/wp\/v2\/types\/product"}],"wp:featuredmedia":[{"embeddable":true,"href":"https:\/\/mamaterra.lt\/et\/wp-json\/wp\/v2\/media\/25329"}],"wp:attachment":[{"href":"https:\/\/mamaterra.lt\/et\/wp-json\/wp\/v2\/media?parent=25335"}],"wp:term":[{"taxonomy":"product_brand","embeddable":true,"href":"https:\/\/mamaterra.lt\/et\/wp-json\/wp\/v2\/product_brand?post=25335"},{"taxonomy":"product_cat","embeddable":true,"href":"https:\/\/mamaterra.lt\/et\/wp-json\/wp\/v2\/product_cat?post=25335"},{"taxonomy":"product_tag","embeddable":true,"href":"https:\/\/mamaterra.lt\/et\/wp-json\/wp\/v2\/product_tag?post=25335"}],"curies":[{"name":"wp","href":"https:\/\/api.w.org\/{rel}","templated":true}]}}