{"id":25205,"date":"2025-02-09T17:18:59","date_gmt":"2025-02-09T16:18:59","guid":{"rendered":"https:\/\/mamaterra.lt\/?post_type=product&#038;p=25205"},"modified":"2025-02-09T17:27:21","modified_gmt":"2025-02-09T16:27:21","slug":"citrus-bloom-touch","status":"publish","type":"product","link":"https:\/\/mamaterra.lt\/et\/parduotuve\/eeterlikud-olid\/citrus-bloom-touch\/","title":{"rendered":"Citrus bloom touch"},"content":{"rendered":"<p><strong>Citrus Bloom<\/strong><\/p>\n<p>Citrus Bloom\u2122 eeterlike \u00f5lide segu \u00e4ratab m\u00e4lestusi kevadest, mis on kaunilt loodud heledate tsitruste ja l\u00f5hnavate lillede sulamina. Metsiku apelsini ja greibi eeterlikud \u00f5lid annavad Citrus Bloom&#8217;ile p\u00e4ikeselisi ja magusaid aroomi noote, samas kui lavendli\u00f5li, Rooma kummeli\u00f5li ja magnoolia\u00f5li \u00f5itsvad aroomid lisavad pehmemat, lillelist l\u00f5hna. Segu annab positiivse, r\u00f5\u00f5msameelse aroomi, mida saab hajutada, kanda nahal ilusa l\u00f5hna saamiseks v\u00f5i lisada luksuslikku \u00f5htusse eneseh\u00e4irimiseks.<\/p>\n<p>Eeterlikud \u00f5lid<br \/>\nWild Orange \u00f5li on tuntud oma magusa ja elava aroomi poolest. Nagu teisedki tsitruseliste \u00f5lid, puhastab see t\u00f5husalt pindu.<br \/>\nGreibi\u00f5li on tuntud oma ereda ja s\u00e4rava l\u00f5hna poolest ning seda kasutatakse sageli nahahoolduses selle paiksete puhastavate omaduste t\u00f5ttu.<br \/>\nLavendli\u00f5li lilleline aroom on eksimatu ja armastatud. See on ka nahka rahustav.<br \/>\nRooma kummel ja magnoolia on m\u00f5lemad dekadentne ja rahustav aroom, mida tavaliselt leidub parf\u00fc\u00fcmides. Nii Rooma kummeli kui ka magnoolia eeterlike \u00f5lide aroomid aitavad luua rahustavat keskkonda.<\/p>\n<p>&nbsp;<\/p>\n","protected":false},"excerpt":{"rendered":"<p>\u201eCitrus Bloom\u201c segu annab positiivse, r\u00f5\u00f5msameelse aroomi, mida saab hajutada, kanda oma nahal ilusa l\u00f5hna saamiseks v\u00f5i lisada luksusliku \u00f5htu enesehooldusse.Kombineerituna fraktsioneeritud kookos\u00f5liga Touch formaadis, saab kasutaja kergesti kasutada ja kogeda doTERRA Citrus Bloom&#8217;i omadusi.Kasutajad saavad h\u00f5lpsasti kasutada ja kogeda doTERRA Citrus Bloom&#8217;i omadusi.<\/p>\n","protected":false},"featured_media":25212,"template":"","meta":{"site-sidebar-layout":"default","site-content-layout":"","ast-site-content-layout":"default","site-content-style":"default","site-sidebar-style":"default","ast-global-header-display":"","ast-banner-title-visibility":"","ast-main-header-display":"","ast-hfb-above-header-display":"","ast-hfb-below-header-display":"","ast-hfb-mobile-header-display":"","site-post-title":"","ast-breadcrumbs-content":"","ast-featured-img":"","footer-sml-layout":"","ast-disable-related-posts":"","theme-transparent-header-meta":"default","adv-header-id-meta":"","stick-header-meta":"","header-above-stick-meta":"","header-main-stick-meta":"","header-below-stick-meta":"","astra-migrate-meta-layouts":"set","ast-page-background-enabled":"default","ast-page-background-meta":{"desktop":{"background-color":"","background-image":"","background-repeat":"repeat","background-position":"center center","background-size":"auto","background-attachment":"scroll","background-type":"","background-media":"","overlay-type":"","overlay-color":"","overlay-opacity":"","overlay-gradient":""},"tablet":{"background-color":"","background-image":"","background-repeat":"repeat","background-position":"center center","background-size":"auto","background-attachment":"scroll","background-type":"","background-media":"","overlay-type":"","overlay-color":"","overlay-opacity":"","overlay-gradient":""},"mobile":{"background-color":"","background-image":"","background-repeat":"repeat","background-position":"center center","background-size":"auto","background-attachment":"scroll","background-type":"","background-media":"","overlay-type":"","overlay-color":"","overlay-opacity":"","overlay-gradient":""}},"ast-content-background-meta":{"desktop":{"background-color":"var(--ast-global-color-5)","background-image":"","background-repeat":"repeat","background-position":"center center","background-size":"auto","background-attachment":"scroll","background-type":"","background-media":"","overlay-type":"","overlay-color":"","overlay-opacity":"","overlay-gradient":""},"tablet":{"background-color":"var(--ast-global-color-5)","background-image":"","background-repeat":"repeat","background-position":"center center","background-size":"auto","background-attachment":"scroll","background-type":"","background-media":"","overlay-type":"","overlay-color":"","overlay-opacity":"","overlay-gradient":""},"mobile":{"background-color":"var(--ast-global-color-5)","background-image":"","background-repeat":"repeat","background-position":"center center","background-size":"auto","background-attachment":"scroll","background-type":"","background-media":"","overlay-type":"","overlay-color":"","overlay-opacity":"","overlay-gradient":""}}},"product_brand":[],"product_cat":[1699],"product_tag":[],"class_list":{"0":"post-25205","1":"product","2":"type-product","3":"status-publish","4":"has-post-thumbnail","6":"product_cat-eeterlikud-olid","7":"desktop-align-left","8":"tablet-align-left","9":"mobile-align-left","11":"first","12":"outofstock","13":"taxable","14":"shipping-taxable","15":"purchasable","16":"product-type-simple"},"_links":{"self":[{"href":"https:\/\/mamaterra.lt\/et\/wp-json\/wp\/v2\/product\/25205","targetHints":{"allow":["GET"]}}],"collection":[{"href":"https:\/\/mamaterra.lt\/et\/wp-json\/wp\/v2\/product"}],"about":[{"href":"https:\/\/mamaterra.lt\/et\/wp-json\/wp\/v2\/types\/product"}],"wp:featuredmedia":[{"embeddable":true,"href":"https:\/\/mamaterra.lt\/et\/wp-json\/wp\/v2\/media\/25212"}],"wp:attachment":[{"href":"https:\/\/mamaterra.lt\/et\/wp-json\/wp\/v2\/media?parent=25205"}],"wp:term":[{"taxonomy":"product_brand","embeddable":true,"href":"https:\/\/mamaterra.lt\/et\/wp-json\/wp\/v2\/product_brand?post=25205"},{"taxonomy":"product_cat","embeddable":true,"href":"https:\/\/mamaterra.lt\/et\/wp-json\/wp\/v2\/product_cat?post=25205"},{"taxonomy":"product_tag","embeddable":true,"href":"https:\/\/mamaterra.lt\/et\/wp-json\/wp\/v2\/product_tag?post=25205"}],"curies":[{"name":"wp","href":"https:\/\/api.w.org\/{rel}","templated":true}]}}