{"id":24981,"date":"2025-01-04T20:29:26","date_gmt":"2025-01-04T19:29:26","guid":{"rendered":"https:\/\/mamaterra.lt\/parduotuve\/maaratlemata\/metapwr-recharge-elektrolitai\/"},"modified":"2025-01-04T20:37:24","modified_gmt":"2025-01-04T19:37:24","slug":"metapwr-recharge-elektroluutide-segu","status":"publish","type":"product","link":"https:\/\/mamaterra.lt\/et\/parduotuve\/immuunsuse-tugevdamiseks\/metapwr-recharge-elektroluutide-segu\/","title":{"rendered":"MetaPWR Recharge elektrol\u00fc\u00fctide segu"},"content":{"rendered":"<h6 class=\"product__title mb-3\">MetaPWR Recharge elektrol\u00fc\u00fctide segu<\/h6>\n<p>MetaPWR Recharge pakub eksklusiivset, tasakaalustatud elektrol\u00fc\u00fctide segu &#8211; sealhulgas kaaliumi, naatriumi ja magneesiumi -, mis sobib ideaalselt k\u00f5igile, mitte ainult tippsportlastele. See sisaldab ka baobabi ekstrakti ja Vaikse ookeani Kuroshio voolust p\u00e4rit s\u00fcvamere mineraale, nagu mol\u00fcbdeen, magneesium ja vanaadium, mis aitavad veel teie rakkudega paremini koost\u00f6\u00f6d teha, nii et te ei pea h\u00fcdratatsiooni s\u00e4ilitamiseks k\u00f5vasti pingutama.<\/p>\n<p>MetaPWR Recharge Electrolyte Drink Mix on maitsva metsiku sidruni-laimi maitsega, mis v\u00f5ib anda teie kehale vajaliku h\u00fcdreerimisv\u00f5ime! Ja see sobib suurep\u00e4raselt MetaPWR\u00ae \u00fcldisesse s\u00fcsteemi, parandades teie h\u00fcdratsiooni ja suurendades teie \u00fcldist energiat ja eluj\u00f5udu, et saaksite elada oma k\u00f5ige v\u00f5imsamat elu<\/p>\n","protected":false},"excerpt":{"rendered":"<ul>\n<li>parandab rakkude h\u00fcdratsiooni.<\/li>\n<li>h\u00f5lbustab vee transportimist rakkude vahel.<\/li>\n<li>Tagab kuue p\u00f5hilise elektrol\u00fc\u00fcdi tasakaalustatud vahekorra: kaalium, naatrium, magneesium, kaltsium, kloriid ja fosfaat.<\/li>\n<li>Sisaldab \u00fcle 75 s\u00fcvamere mineraalide, nagu mol\u00fcbdeen, magneesium, vanaadium.<\/li>\n<li>Ei sisalda GMOsid, gluteeni, piimatooteid, s\u00e4ilitusaineid ega kunstlikke koostisosi.<\/li>\n<li>30 kotikest<\/li>\n<\/ul>\n","protected":false},"featured_media":24975,"template":"","meta":{"site-sidebar-layout":"default","site-content-layout":"","ast-site-content-layout":"default","site-content-style":"default","site-sidebar-style":"default","ast-global-header-display":"","ast-banner-title-visibility":"","ast-main-header-display":"","ast-hfb-above-header-display":"","ast-hfb-below-header-display":"","ast-hfb-mobile-header-display":"","site-post-title":"","ast-breadcrumbs-content":"","ast-featured-img":"","footer-sml-layout":"","ast-disable-related-posts":"","theme-transparent-header-meta":"default","adv-header-id-meta":"","stick-header-meta":"","header-above-stick-meta":"","header-main-stick-meta":"","header-below-stick-meta":"","astra-migrate-meta-layouts":"set","ast-page-background-enabled":"default","ast-page-background-meta":{"desktop":{"background-color":"","background-image":"","background-repeat":"repeat","background-position":"center center","background-size":"auto","background-attachment":"scroll","background-type":"","background-media":"","overlay-type":"","overlay-color":"","overlay-opacity":"","overlay-gradient":""},"tablet":{"background-color":"","background-image":"","background-repeat":"repeat","background-position":"center center","background-size":"auto","background-attachment":"scroll","background-type":"","background-media":"","overlay-type":"","overlay-color":"","overlay-opacity":"","overlay-gradient":""},"mobile":{"background-color":"","background-image":"","background-repeat":"repeat","background-position":"center center","background-size":"auto","background-attachment":"scroll","background-type":"","background-media":"","overlay-type":"","overlay-color":"","overlay-opacity":"","overlay-gradient":""}},"ast-content-background-meta":{"desktop":{"background-color":"var(--ast-global-color-5)","background-image":"","background-repeat":"repeat","background-position":"center center","background-size":"auto","background-attachment":"scroll","background-type":"","background-media":"","overlay-type":"","overlay-color":"","overlay-opacity":"","overlay-gradient":""},"tablet":{"background-color":"var(--ast-global-color-5)","background-image":"","background-repeat":"repeat","background-position":"center center","background-size":"auto","background-attachment":"scroll","background-type":"","background-media":"","overlay-type":"","overlay-color":"","overlay-opacity":"","overlay-gradient":""},"mobile":{"background-color":"var(--ast-global-color-5)","background-image":"","background-repeat":"repeat","background-position":"center center","background-size":"auto","background-attachment":"scroll","background-type":"","background-media":"","overlay-type":"","overlay-color":"","overlay-opacity":"","overlay-gradient":""}}},"product_brand":[],"product_cat":[1729],"product_tag":[],"class_list":{"0":"post-24981","1":"product","2":"type-product","3":"status-publish","4":"has-post-thumbnail","6":"product_cat-immuunsuse-tugevdamiseks","7":"desktop-align-left","8":"tablet-align-left","9":"mobile-align-left","11":"first","12":"instock","13":"taxable","14":"shipping-taxable","15":"purchasable","16":"product-type-simple"},"_links":{"self":[{"href":"https:\/\/mamaterra.lt\/et\/wp-json\/wp\/v2\/product\/24981","targetHints":{"allow":["GET"]}}],"collection":[{"href":"https:\/\/mamaterra.lt\/et\/wp-json\/wp\/v2\/product"}],"about":[{"href":"https:\/\/mamaterra.lt\/et\/wp-json\/wp\/v2\/types\/product"}],"wp:featuredmedia":[{"embeddable":true,"href":"https:\/\/mamaterra.lt\/et\/wp-json\/wp\/v2\/media\/24975"}],"wp:attachment":[{"href":"https:\/\/mamaterra.lt\/et\/wp-json\/wp\/v2\/media?parent=24981"}],"wp:term":[{"taxonomy":"product_brand","embeddable":true,"href":"https:\/\/mamaterra.lt\/et\/wp-json\/wp\/v2\/product_brand?post=24981"},{"taxonomy":"product_cat","embeddable":true,"href":"https:\/\/mamaterra.lt\/et\/wp-json\/wp\/v2\/product_cat?post=24981"},{"taxonomy":"product_tag","embeddable":true,"href":"https:\/\/mamaterra.lt\/et\/wp-json\/wp\/v2\/product_tag?post=24981"}],"curies":[{"name":"wp","href":"https:\/\/api.w.org\/{rel}","templated":true}]}}