{"id":24947,"date":"2025-01-04T18:41:11","date_gmt":"2025-01-04T17:41:11","guid":{"rendered":"https:\/\/mamaterra.lt\/parduotuve\/maaratlemata\/doterra-yarrow-pom-paakiu-kaukes-yarrowpom-revitalizing-eye-mask\/"},"modified":"2025-01-04T19:29:29","modified_gmt":"2025-01-04T18:29:29","slug":"doterra-revitaliseeriv-silmamask-yarrowpom-revitalizing-eye-mask","status":"publish","type":"product","link":"https:\/\/mamaterra.lt\/et\/parduotuve\/hugieen-ja-nahahooldus\/doterra-sun-et\/doterra-revitaliseeriv-silmamask-yarrowpom-revitalizing-eye-mask\/","title":{"rendered":"doTERRA Revitaliseeriv silmamask (Yarrow|Pom Revitalizing Eye Mask)"},"content":{"rendered":"<h6>doTERRA Yarrow Pom Revitaliseeriv silmamask (8 paari)<\/h6>\n<p>&nbsp;<\/p>\n<p>Yarrow|Pom Eye Mask on uus nahahooldusvahend ja see on spetsiaalselt m\u00f5eldud silmade alla ning see pakub sihip\u00e4rast kasu, et nahka siluda ja pinguldada. Teine boonus selle toote puhul on see, et see aitab v\u00e4hendada peeneid jooni ja kortse. Samuti on see t\u00e4is palju v\u00f5imsaid bioaktiivseid \u00fchendeid ja see on immutatud Yarrow|Pom eeliseid.<br \/>\nPaar muud asja, mida ma tahan r\u00f5hutada, on see mask on ka Argireline\u00ae-ga immutatud. See on ainulaadne peptiid, mis on tuntud h\u00e4mmastavate tulemuste poolest, vastavalt selle kohta tehtud prekliinilistele uuringutele. Selles on ka kofeiini, mis aitab v\u00e4hendada paistetust ja tumedaid ringe. Ja selles on roosi ekstrakti, mis aitab suurendada naha elastsust.<\/p>\n<p>Argireline , kuigi &#8211; nagu see on t\u00f5esti lahe &#8211; on loomulik viis saata nahale s\u00f5numeid, mis aitavad tal nooremana v\u00e4lja n\u00e4ha, nooremana tegutseda ja v\u00e4hendada neid peeneid jooni ja kortse. Nii et me armastame seda koostisosa.<\/p>\n","protected":false},"excerpt":{"rendered":"<p>Yarrow|Pom Eye Mask on uus nahahooldusvahend ja see on spetsiaalselt m\u00f5eldud silmade alla ning see pakub sihip\u00e4rast kasu, et nahka siluda ja pinguldada. Teine boonus selle toote puhul on see, et see aitab v\u00e4hendada peeneid jooni ja kortse. Samuti on see t\u00e4is palju v\u00f5imsaid bioaktiivseid \u00fchendeid ja see on immutatud Yarrow|Pom eeliseid.<\/p>\n","protected":false},"featured_media":24941,"template":"","meta":{"site-sidebar-layout":"default","site-content-layout":"","ast-site-content-layout":"default","site-content-style":"default","site-sidebar-style":"default","ast-global-header-display":"","ast-banner-title-visibility":"","ast-main-header-display":"","ast-hfb-above-header-display":"","ast-hfb-below-header-display":"","ast-hfb-mobile-header-display":"","site-post-title":"","ast-breadcrumbs-content":"","ast-featured-img":"","footer-sml-layout":"","ast-disable-related-posts":"","theme-transparent-header-meta":"default","adv-header-id-meta":"","stick-header-meta":"","header-above-stick-meta":"","header-main-stick-meta":"","header-below-stick-meta":"","astra-migrate-meta-layouts":"set","ast-page-background-enabled":"default","ast-page-background-meta":{"desktop":{"background-color":"","background-image":"","background-repeat":"repeat","background-position":"center center","background-size":"auto","background-attachment":"scroll","background-type":"","background-media":"","overlay-type":"","overlay-color":"","overlay-opacity":"","overlay-gradient":""},"tablet":{"background-color":"","background-image":"","background-repeat":"repeat","background-position":"center center","background-size":"auto","background-attachment":"scroll","background-type":"","background-media":"","overlay-type":"","overlay-color":"","overlay-opacity":"","overlay-gradient":""},"mobile":{"background-color":"","background-image":"","background-repeat":"repeat","background-position":"center center","background-size":"auto","background-attachment":"scroll","background-type":"","background-media":"","overlay-type":"","overlay-color":"","overlay-opacity":"","overlay-gradient":""}},"ast-content-background-meta":{"desktop":{"background-color":"var(--ast-global-color-5)","background-image":"","background-repeat":"repeat","background-position":"center center","background-size":"auto","background-attachment":"scroll","background-type":"","background-media":"","overlay-type":"","overlay-color":"","overlay-opacity":"","overlay-gradient":""},"tablet":{"background-color":"var(--ast-global-color-5)","background-image":"","background-repeat":"repeat","background-position":"center center","background-size":"auto","background-attachment":"scroll","background-type":"","background-media":"","overlay-type":"","overlay-color":"","overlay-opacity":"","overlay-gradient":""},"mobile":{"background-color":"var(--ast-global-color-5)","background-image":"","background-repeat":"repeat","background-position":"center center","background-size":"auto","background-attachment":"scroll","background-type":"","background-media":"","overlay-type":"","overlay-color":"","overlay-opacity":"","overlay-gradient":""}}},"product_brand":[],"product_cat":[3578,3577,1710,1690,1693,1741],"product_tag":[],"class_list":{"0":"post-24947","1":"product","2":"type-product","3":"status-publish","4":"has-post-thumbnail","6":"product_cat-doterra-saules-linija-et","7":"product_cat-doterra-sun-et","8":"product_cat-hugieen-ja-nahahooldus","9":"product_cat-kingitused","10":"product_cat-kingitused-naistele","11":"product_cat-naistele","12":"desktop-align-left","13":"tablet-align-left","14":"mobile-align-left","16":"first","17":"instock","18":"taxable","19":"shipping-taxable","20":"purchasable","21":"product-type-simple"},"_links":{"self":[{"href":"https:\/\/mamaterra.lt\/et\/wp-json\/wp\/v2\/product\/24947","targetHints":{"allow":["GET"]}}],"collection":[{"href":"https:\/\/mamaterra.lt\/et\/wp-json\/wp\/v2\/product"}],"about":[{"href":"https:\/\/mamaterra.lt\/et\/wp-json\/wp\/v2\/types\/product"}],"wp:featuredmedia":[{"embeddable":true,"href":"https:\/\/mamaterra.lt\/et\/wp-json\/wp\/v2\/media\/24941"}],"wp:attachment":[{"href":"https:\/\/mamaterra.lt\/et\/wp-json\/wp\/v2\/media?parent=24947"}],"wp:term":[{"taxonomy":"product_brand","embeddable":true,"href":"https:\/\/mamaterra.lt\/et\/wp-json\/wp\/v2\/product_brand?post=24947"},{"taxonomy":"product_cat","embeddable":true,"href":"https:\/\/mamaterra.lt\/et\/wp-json\/wp\/v2\/product_cat?post=24947"},{"taxonomy":"product_tag","embeddable":true,"href":"https:\/\/mamaterra.lt\/et\/wp-json\/wp\/v2\/product_tag?post=24947"}],"curies":[{"name":"wp","href":"https:\/\/api.w.org\/{rel}","templated":true}]}}