{"id":23979,"date":"2024-11-28T18:08:43","date_gmt":"2024-11-28T17:08:43","guid":{"rendered":"https:\/\/mamaterra.lt\/parduotuve\/maaratlemata\/doterra-pb-restore\/"},"modified":"2024-11-28T18:21:50","modified_gmt":"2024-11-28T17:21:50","slug":"doterra-pb-restore","status":"publish","type":"product","link":"https:\/\/mamaterra.lt\/et\/parduotuve\/seedimine\/doterra-pb-restore\/","title":{"rendered":"DoTERRA PB Restore"},"content":{"rendered":"<h6>DoTERRA PB Restore<\/h6>\n<h6 class=\"spotlight__head-latin-title\">elusate bakterikultuuride ja fruktooligosahhariididega<\/h6>\n<p>PB Restore on formuleeritud p\u00f5hiliseks toidulisandiks, mis on kasulik teie organismile. Kahekambrilistesse kapslitesse suletuna sisaldab see 30 bioaktiivset prebiootikumide, probiootikumide ja postbiootikumide komponenti. Iga kapsel annab kasutamise ajal 18 miljardit tugevat elusrakku. Kasutades t\u00e4iustatud kapseldamistehnoloogiat, kaitseb v\u00e4limine kapsel prebiootikumid ja postbiootikumid, samas kui sisemine kapsel, mis vabaneb aja jooksul, sisaldab 28 probiootilist t\u00fcve. See uuenduslik kahekihiline kapslis\u00fcsteem kaitseb bioaktiivseid kultuure karmi maokeskkonna eest, tagades nende aktiivse kasu optimaalse manustamise.<\/p>\n<p>V\u00f5tke 1 kapsel p\u00e4evas vahetult enne s\u00f6\u00f6ki.<\/p>\n","protected":false},"excerpt":{"rendered":"<ul class=\"spotlight__list-custom custom-list\">\n<li>Pakub ainulaadset 30 prebiootikumide, probiootikumide ja postbiootikumide koostist.<br \/>\nSisaldab 28 probiootilist t\u00fcve, mis erinevad PB Assist+\u2122-st.<br \/>\nSisaldab olulist prebiootilist fruktooligosahhariidi (FOS), looduslikult esinevat s\u00fcsivesikut, mis soodustab selektiivselt kasulike bakterite kasvu.<br \/>\nPakub kolooniaid moodustavaid \u00fchikuid (CFU) probiootikumidest, mis sisaldab 28 aktiivset kultuuri, mis on hoolikalt valitud 20 erinevast liigist, tagades erakordse mikroobide mitmekesisuse.<br \/>\nUnikaalne kahekihiline kapslitehnoloogia kaitseb bioaktiivseid kultuure mao karmi keskkonna eest, pakkudes nende aktiivset kasu.<\/li>\n<\/ul>\n","protected":false},"featured_media":23973,"template":"","meta":{"site-sidebar-layout":"default","site-content-layout":"","ast-site-content-layout":"default","site-content-style":"default","site-sidebar-style":"default","ast-global-header-display":"","ast-banner-title-visibility":"","ast-main-header-display":"","ast-hfb-above-header-display":"","ast-hfb-below-header-display":"","ast-hfb-mobile-header-display":"","site-post-title":"","ast-breadcrumbs-content":"","ast-featured-img":"","footer-sml-layout":"","ast-disable-related-posts":"","theme-transparent-header-meta":"default","adv-header-id-meta":"","stick-header-meta":"","header-above-stick-meta":"","header-main-stick-meta":"","header-below-stick-meta":"","astra-migrate-meta-layouts":"set","ast-page-background-enabled":"default","ast-page-background-meta":{"desktop":{"background-color":"","background-image":"","background-repeat":"repeat","background-position":"center center","background-size":"auto","background-attachment":"scroll","background-type":"","background-media":"","overlay-type":"","overlay-color":"","overlay-opacity":"","overlay-gradient":""},"tablet":{"background-color":"","background-image":"","background-repeat":"repeat","background-position":"center center","background-size":"auto","background-attachment":"scroll","background-type":"","background-media":"","overlay-type":"","overlay-color":"","overlay-opacity":"","overlay-gradient":""},"mobile":{"background-color":"","background-image":"","background-repeat":"repeat","background-position":"center center","background-size":"auto","background-attachment":"scroll","background-type":"","background-media":"","overlay-type":"","overlay-color":"","overlay-opacity":"","overlay-gradient":""}},"ast-content-background-meta":{"desktop":{"background-color":"var(--ast-global-color-5)","background-image":"","background-repeat":"repeat","background-position":"center center","background-size":"auto","background-attachment":"scroll","background-type":"","background-media":"","overlay-type":"","overlay-color":"","overlay-opacity":"","overlay-gradient":""},"tablet":{"background-color":"var(--ast-global-color-5)","background-image":"","background-repeat":"repeat","background-position":"center center","background-size":"auto","background-attachment":"scroll","background-type":"","background-media":"","overlay-type":"","overlay-color":"","overlay-opacity":"","overlay-gradient":""},"mobile":{"background-color":"var(--ast-global-color-5)","background-image":"","background-repeat":"repeat","background-position":"center center","background-size":"auto","background-attachment":"scroll","background-type":"","background-media":"","overlay-type":"","overlay-color":"","overlay-opacity":"","overlay-gradient":""}}},"product_brand":[],"product_cat":[1759],"product_tag":[],"class_list":{"0":"post-23979","1":"product","2":"type-product","3":"status-publish","4":"has-post-thumbnail","6":"product_cat-seedimine","7":"desktop-align-left","8":"tablet-align-left","9":"mobile-align-left","11":"first","12":"instock","13":"taxable","14":"shipping-taxable","15":"purchasable","16":"product-type-simple"},"_links":{"self":[{"href":"https:\/\/mamaterra.lt\/et\/wp-json\/wp\/v2\/product\/23979","targetHints":{"allow":["GET"]}}],"collection":[{"href":"https:\/\/mamaterra.lt\/et\/wp-json\/wp\/v2\/product"}],"about":[{"href":"https:\/\/mamaterra.lt\/et\/wp-json\/wp\/v2\/types\/product"}],"wp:featuredmedia":[{"embeddable":true,"href":"https:\/\/mamaterra.lt\/et\/wp-json\/wp\/v2\/media\/23973"}],"wp:attachment":[{"href":"https:\/\/mamaterra.lt\/et\/wp-json\/wp\/v2\/media?parent=23979"}],"wp:term":[{"taxonomy":"product_brand","embeddable":true,"href":"https:\/\/mamaterra.lt\/et\/wp-json\/wp\/v2\/product_brand?post=23979"},{"taxonomy":"product_cat","embeddable":true,"href":"https:\/\/mamaterra.lt\/et\/wp-json\/wp\/v2\/product_cat?post=23979"},{"taxonomy":"product_tag","embeddable":true,"href":"https:\/\/mamaterra.lt\/et\/wp-json\/wp\/v2\/product_tag?post=23979"}],"curies":[{"name":"wp","href":"https:\/\/api.w.org\/{rel}","templated":true}]}}