{"id":23857,"date":"2024-11-03T19:39:24","date_gmt":"2024-11-03T18:39:24","guid":{"rendered":"https:\/\/mamaterra.lt\/parduotuve\/maaratlemata\/doterra-karsto-vandens-sildykle-ir-holiday-love-5-ml\/"},"modified":"2024-11-03T19:44:29","modified_gmt":"2024-11-03T18:44:29","slug":"doterra-kuumaveepudel-puhade-armastus-5-ml","status":"publish","type":"product","link":"https:\/\/mamaterra.lt\/et\/parduotuve\/kingitused\/doterra-kuumaveepudel-puhade-armastus-5-ml\/","title":{"rendered":"doTERRA kuumaveepudel &#038; P\u00fchade armastus (5 ml)"},"content":{"rendered":"<h6 class=\"spotlight__head-title\">d\u014dTERRA kuumaveepudel &amp; P\u00fchade armastus (5 ml)<\/h6>\n<p>&nbsp;<\/p>\n<p>Holiday Love sisaldab puhtaid eeterlikke \u00f5lisid ja absoluute, nagu seedripuu, siberi kuusk, metsapuu, palsam ja boswellia, Peruu palsam, Nootka, Labdanum, kaneel, Tonkauba ja vanilje.<\/p>\n<p>Mugavust ja kaitset pakkuv kummist soojendaja koos \u00fclipehme fliisist kattega soojendab iga eeterlike \u00f5lide armastaja s\u00fcdant ja meelt. Kombinatsioonil on v\u00f5luv v\u00e4limus ja tunne ning see on pakendatud ilusas d\u014dTERRA kaubam\u00e4rgi kinkekarbis.<\/p>\n","protected":false},"excerpt":{"rendered":"<p>doTERRA kuumaveepudel &amp; P\u00fchade armastus-Duo, mis haarab endasse p\u00fchade hubase soojuse.<\/p>\n","protected":false},"featured_media":23842,"template":"","meta":{"site-sidebar-layout":"default","site-content-layout":"","ast-site-content-layout":"default","site-content-style":"default","site-sidebar-style":"default","ast-global-header-display":"","ast-banner-title-visibility":"","ast-main-header-display":"","ast-hfb-above-header-display":"","ast-hfb-below-header-display":"","ast-hfb-mobile-header-display":"","site-post-title":"","ast-breadcrumbs-content":"","ast-featured-img":"","footer-sml-layout":"","ast-disable-related-posts":"","theme-transparent-header-meta":"default","adv-header-id-meta":"","stick-header-meta":"","header-above-stick-meta":"","header-main-stick-meta":"","header-below-stick-meta":"","astra-migrate-meta-layouts":"set","ast-page-background-enabled":"default","ast-page-background-meta":{"desktop":{"background-color":"","background-image":"","background-repeat":"repeat","background-position":"center center","background-size":"auto","background-attachment":"scroll","background-type":"","background-media":"","overlay-type":"","overlay-color":"","overlay-opacity":"","overlay-gradient":""},"tablet":{"background-color":"","background-image":"","background-repeat":"repeat","background-position":"center center","background-size":"auto","background-attachment":"scroll","background-type":"","background-media":"","overlay-type":"","overlay-color":"","overlay-opacity":"","overlay-gradient":""},"mobile":{"background-color":"","background-image":"","background-repeat":"repeat","background-position":"center center","background-size":"auto","background-attachment":"scroll","background-type":"","background-media":"","overlay-type":"","overlay-color":"","overlay-opacity":"","overlay-gradient":""}},"ast-content-background-meta":{"desktop":{"background-color":"var(--ast-global-color-5)","background-image":"","background-repeat":"repeat","background-position":"center center","background-size":"auto","background-attachment":"scroll","background-type":"","background-media":"","overlay-type":"","overlay-color":"","overlay-opacity":"","overlay-gradient":""},"tablet":{"background-color":"var(--ast-global-color-5)","background-image":"","background-repeat":"repeat","background-position":"center center","background-size":"auto","background-attachment":"scroll","background-type":"","background-media":"","overlay-type":"","overlay-color":"","overlay-opacity":"","overlay-gradient":""},"mobile":{"background-color":"var(--ast-global-color-5)","background-image":"","background-repeat":"repeat","background-position":"center center","background-size":"auto","background-attachment":"scroll","background-type":"","background-media":"","overlay-type":"","overlay-color":"","overlay-opacity":"","overlay-gradient":""}}},"product_brand":[],"product_cat":[1690],"product_tag":[],"class_list":{"0":"post-23857","1":"product","2":"type-product","3":"status-publish","4":"has-post-thumbnail","6":"product_cat-kingitused","7":"desktop-align-left","8":"tablet-align-left","9":"mobile-align-left","11":"first","12":"instock","13":"taxable","14":"shipping-taxable","15":"purchasable","16":"product-type-simple"},"_links":{"self":[{"href":"https:\/\/mamaterra.lt\/et\/wp-json\/wp\/v2\/product\/23857","targetHints":{"allow":["GET"]}}],"collection":[{"href":"https:\/\/mamaterra.lt\/et\/wp-json\/wp\/v2\/product"}],"about":[{"href":"https:\/\/mamaterra.lt\/et\/wp-json\/wp\/v2\/types\/product"}],"wp:featuredmedia":[{"embeddable":true,"href":"https:\/\/mamaterra.lt\/et\/wp-json\/wp\/v2\/media\/23842"}],"wp:attachment":[{"href":"https:\/\/mamaterra.lt\/et\/wp-json\/wp\/v2\/media?parent=23857"}],"wp:term":[{"taxonomy":"product_brand","embeddable":true,"href":"https:\/\/mamaterra.lt\/et\/wp-json\/wp\/v2\/product_brand?post=23857"},{"taxonomy":"product_cat","embeddable":true,"href":"https:\/\/mamaterra.lt\/et\/wp-json\/wp\/v2\/product_cat?post=23857"},{"taxonomy":"product_tag","embeddable":true,"href":"https:\/\/mamaterra.lt\/et\/wp-json\/wp\/v2\/product_tag?post=23857"}],"curies":[{"name":"wp","href":"https:\/\/api.w.org\/{rel}","templated":true}]}}