{"id":23584,"date":"2024-08-22T18:36:46","date_gmt":"2024-08-22T17:36:46","guid":{"rendered":"https:\/\/mamaterra.lt\/parduotuve\/maaratlemata\/pb-assist\/"},"modified":"2024-08-22T18:41:49","modified_gmt":"2024-08-22T17:41:49","slug":"pb-assist","status":"publish","type":"product","link":"https:\/\/mamaterra.lt\/et\/parduotuve\/immuunsuse-tugevdamiseks\/pb-assist\/","title":{"rendered":"PB Assist+"},"content":{"rendered":"<p>PB Assist+\u2122 ProBiome kogu perele sisaldab eksklusiivset segu erinevatest prebiootilistest ja probiootilistest perekondadest, liikidest ja t\u00fcvedest. PB Assist+, mis sisaldab 13 probiootilist t\u00fcve ja \u00fchte t\u00fc\u00fcpi prebiootilist kiudaineid, fruktooligosahhariide (FOS), aitab koloniseerida organismi mikroorganismidega, mis toetavad tervislikku soolestikku. PB Assist+ eristub eluskultuuride mikrokapseldamise poolest: see tagab nende elluj\u00e4\u00e4mise maos, nii et nad j\u00f5uavad elusana soolestikku, kus neil on optimaalsed tingimused arenemiseks. Pakkudes organismile 7 miljardit AFU (aktiivset fluorestseeruvat \u00fchikut) elusaid probiootilisi kultuure ja lahustuvat prebiootilist FOS-i, soodustab PB Assist+ s\u00f5bralike bakterite kasvu ja aitab s\u00e4ilitada tervislikku soolestiku mikrobioomi.<\/p>\n<p>&nbsp;<\/p>\n<p>Kasutamine<br \/>\nToidulisandid on suurep\u00e4rane t\u00e4iendus teie rutiinile, kuid need ei asenda mitmekesist ja tasakaalustatud toitumist ning tervislikku eluviisi.<br \/>\nEnne kasutamist lugege k\u00f5iki hoiatusi ja ettevaatusabin\u00f5usid.<br \/>\n\u00c4rge \u00fcletage soovitatud annust.<br \/>\nKasutusjuhend<\/p>\n<p>V\u00f5tke \u00fcks kotike p\u00e4evas. Mitte segada kuumade jookidega. Vala kotikese sisu otse suhu v\u00f5i sega 120 ml vee, mahla v\u00f5i enda valitud jaheda joogiga ja joo kohe. Sisu v\u00f5ib segada ka k\u00fclma toiduga, nagu jogurt, smuutid v\u00f5i hommikuhelbed. Hoida jahedas ja kuivas kohas.<br \/>\nEttevaatusabin\u00f5ud<\/p>\n<p>Hoida lastele k\u00e4ttesaamatus kohas. \u00c4rge \u00fcletage soovitatavat p\u00e4evast tarbimist. Toidulisandid ei asenda mitmek\u00fclgset ja tasakaalustatud toitumist ning tervislikku eluviisi. Rasedad ja rinnaga toitvad naised ning meditsiiniliste haigustega isikud peaksid enne v\u00f5tmist konsulteerima arstiga.<\/p>\n<p>T\u00e4ielik koostisosade loetelu<\/p>\n<p>Magusaine (ks\u00fclitool), fruktooligosahhariidid, l\u00f5hna- ja maitsetugevdaja (sidrunhape), kandja (kummiaraabikumi), glaseerimisvahend (rasvhapete gl\u00fctseriidid), Bifidobacterium lactis BS01, liimivahend (r\u00e4nidioksiid), Lactobacillus rhamnosus GG, Lactobacillus rhamnosus LR06, looduslik l\u00f5hna- ja maitseaine, Bifidobacterium breve B632, Bifidobacterium breve BR03, Bifidobacterium longum 04, Lactobacillus plantarum LP01, Lactobacillus plantarum LP02, Lactobacillus rhamnosus LR04, Bifidobacterium lactis BS05, Lactobacillus reuteri LRE02, Lactobacillus salivarius subsp. salivarius CRL1328, Streptococcus thermophilus FP4.<\/p>\n<p>&nbsp;<\/p>\n","protected":false},"excerpt":{"rendered":"<ul class=\"spotlight__list-custom custom-list\">\n<li>See on maitsev ja kergesti kasutatav toode lastele ja t\u00e4iskasvanutele.<br \/>\nPB Assist+ on peres\u00f5bralik probiootikumide segu prebiootikumidega ja 13 t\u00fcvega, mis erinevad PB Restore\u2122-st.<br \/>\nSeitsme miljardit AFU-d (aktiivset fluorestsentseerivat \u00fchikut) viiakse organismi tarbimise ajal, mis peegeldavad eluskultuure.<br \/>\nSisaldab prebiootilist FOS-inuliini.<br \/>\nAnnab organismile mikrokapseldatud probiootilised t\u00fcved, mis j\u00f5uavad mikrokapseldamise kaudu t\u00f5husalt teie soolestikku.<\/li>\n<\/ul>\n","protected":false},"featured_media":23578,"template":"","meta":{"site-sidebar-layout":"default","site-content-layout":"","ast-site-content-layout":"default","site-content-style":"default","site-sidebar-style":"default","ast-global-header-display":"","ast-banner-title-visibility":"","ast-main-header-display":"","ast-hfb-above-header-display":"","ast-hfb-below-header-display":"","ast-hfb-mobile-header-display":"","site-post-title":"","ast-breadcrumbs-content":"","ast-featured-img":"","footer-sml-layout":"","ast-disable-related-posts":"","theme-transparent-header-meta":"","adv-header-id-meta":"","stick-header-meta":"","header-above-stick-meta":"","header-main-stick-meta":"","header-below-stick-meta":"","astra-migrate-meta-layouts":"set","ast-page-background-enabled":"default","ast-page-background-meta":{"desktop":{"background-color":"","background-image":"","background-repeat":"repeat","background-position":"center center","background-size":"auto","background-attachment":"scroll","background-type":"","background-media":"","overlay-type":"","overlay-color":"","overlay-opacity":"","overlay-gradient":""},"tablet":{"background-color":"","background-image":"","background-repeat":"repeat","background-position":"center center","background-size":"auto","background-attachment":"scroll","background-type":"","background-media":"","overlay-type":"","overlay-color":"","overlay-opacity":"","overlay-gradient":""},"mobile":{"background-color":"","background-image":"","background-repeat":"repeat","background-position":"center center","background-size":"auto","background-attachment":"scroll","background-type":"","background-media":"","overlay-type":"","overlay-color":"","overlay-opacity":"","overlay-gradient":""}},"ast-content-background-meta":{"desktop":{"background-color":"var(--ast-global-color-5)","background-image":"","background-repeat":"repeat","background-position":"center center","background-size":"auto","background-attachment":"scroll","background-type":"","background-media":"","overlay-type":"","overlay-color":"","overlay-opacity":"","overlay-gradient":""},"tablet":{"background-color":"var(--ast-global-color-5)","background-image":"","background-repeat":"repeat","background-position":"center center","background-size":"auto","background-attachment":"scroll","background-type":"","background-media":"","overlay-type":"","overlay-color":"","overlay-opacity":"","overlay-gradient":""},"mobile":{"background-color":"var(--ast-global-color-5)","background-image":"","background-repeat":"repeat","background-position":"center center","background-size":"auto","background-attachment":"scroll","background-type":"","background-media":"","overlay-type":"","overlay-color":"","overlay-opacity":"","overlay-gradient":""}}},"product_brand":[],"product_cat":[1729,1756,1759],"product_tag":[],"class_list":{"0":"post-23584","1":"product","2":"type-product","3":"status-publish","4":"has-post-thumbnail","6":"product_cat-immuunsuse-tugevdamiseks","7":"product_cat-lastele","8":"product_cat-seedimine","9":"desktop-align-left","10":"tablet-align-left","11":"mobile-align-left","13":"first","14":"instock","15":"taxable","16":"shipping-taxable","17":"product-type-simple"},"_links":{"self":[{"href":"https:\/\/mamaterra.lt\/et\/wp-json\/wp\/v2\/product\/23584","targetHints":{"allow":["GET"]}}],"collection":[{"href":"https:\/\/mamaterra.lt\/et\/wp-json\/wp\/v2\/product"}],"about":[{"href":"https:\/\/mamaterra.lt\/et\/wp-json\/wp\/v2\/types\/product"}],"wp:featuredmedia":[{"embeddable":true,"href":"https:\/\/mamaterra.lt\/et\/wp-json\/wp\/v2\/media\/23578"}],"wp:attachment":[{"href":"https:\/\/mamaterra.lt\/et\/wp-json\/wp\/v2\/media?parent=23584"}],"wp:term":[{"taxonomy":"product_brand","embeddable":true,"href":"https:\/\/mamaterra.lt\/et\/wp-json\/wp\/v2\/product_brand?post=23584"},{"taxonomy":"product_cat","embeddable":true,"href":"https:\/\/mamaterra.lt\/et\/wp-json\/wp\/v2\/product_cat?post=23584"},{"taxonomy":"product_tag","embeddable":true,"href":"https:\/\/mamaterra.lt\/et\/wp-json\/wp\/v2\/product_tag?post=23584"}],"curies":[{"name":"wp","href":"https:\/\/api.w.org\/{rel}","templated":true}]}}