{"id":23469,"date":"2024-07-11T19:00:46","date_gmt":"2024-07-11T18:00:46","guid":{"rendered":"https:\/\/mamaterra.lt\/parduotuve\/maaratlemata\/pripildomas-ranku-prausiklio-dozatorius-stiklinis\/"},"modified":"2024-07-11T19:07:42","modified_gmt":"2024-07-11T18:07:42","slug":"taastaidetava-katepesu-dosaatoriklaas","status":"publish","type":"product","link":"https:\/\/mamaterra.lt\/et\/parduotuve\/hugieen-ja-nahahooldus\/taastaidetava-katepesu-dosaatoriklaas\/","title":{"rendered":"Taast\u00e4idetava k\u00e4tepesu dosaatoriklaas"},"content":{"rendered":"<p><strong>Taast\u00e4idetava k\u00e4tepesu dosaatoriklaas<\/strong><\/p>\n<p>See teadlikule tarbijale m\u00f5eldud vastupidav, korduvkasutatav klaaspudel on mugav ja lihtne t\u00e4ita oma lemmik doTERRA k\u00e4tepesuvahendiga. Meie d\u014dTERRA ab\u014dde\u2122 tootesarja tootena keskendume taaskasutatava klaasi v\u00f5imalikult suurele kasutamisele \u00fchekordselt kasutatava plasti asemel. See keskkonnas\u00f5bralik valik ei v\u00e4henda mitte ainult plastiku kasutamist kodumajapidamistes, vaid lisab ka esteetilist atraktiivsust tootele ja teie kodule. Pakkudes t\u00f5husust ja j\u00e4tkusuutlikkust, v\u00f5ite loota doTERRA-le, et pakkuda keskkonnateadlikke lahendusi, mis peegeldavad meie \u00fchist vastutust planeedi kaitsmisel.<\/p>\n<p>Kaunilt kujundatud ja esteetiliselt meeldiv.<br \/>\nV\u00e4ga vastupidav merevaigukollasest klaasist dosaator harjatud metallist pumbaga.<br \/>\nFunktsionaalne ja j\u00e4tkusuutlik, kergesti t\u00e4idetav.<br \/>\nM\u00f5eldud kasutamiseks koos doTERRA k\u00e4tepesukontsentraatidega.<\/p>\n","protected":false},"excerpt":{"rendered":"<p>1. Valage doTERRA vahutav k\u00e4tepesukontsentraat* klaaspudelisse, kuni see j\u00f5uab kontsentraadi t\u00e4itmisjooneni.<br \/>\n2. Lisage puhastatud vett, kuni segu j\u00f5uab vee t\u00e4itmise jooneni.<br \/>\n3. Kinnitage pump kindlalt pudelile ja raputage ettevaatlikult.<br \/>\n4. Kasutage vastavalt vajadusele k\u00e4te pesemiseks.<\/p>\n","protected":false},"featured_media":23460,"template":"","meta":{"site-sidebar-layout":"default","site-content-layout":"","ast-site-content-layout":"default","site-content-style":"default","site-sidebar-style":"default","ast-global-header-display":"","ast-banner-title-visibility":"","ast-main-header-display":"","ast-hfb-above-header-display":"","ast-hfb-below-header-display":"","ast-hfb-mobile-header-display":"","site-post-title":"","ast-breadcrumbs-content":"","ast-featured-img":"","footer-sml-layout":"","ast-disable-related-posts":"","theme-transparent-header-meta":"","adv-header-id-meta":"","stick-header-meta":"","header-above-stick-meta":"","header-main-stick-meta":"","header-below-stick-meta":"","astra-migrate-meta-layouts":"set","ast-page-background-enabled":"default","ast-page-background-meta":{"desktop":{"background-color":"","background-image":"","background-repeat":"repeat","background-position":"center center","background-size":"auto","background-attachment":"scroll","background-type":"","background-media":"","overlay-type":"","overlay-color":"","overlay-opacity":"","overlay-gradient":""},"tablet":{"background-color":"","background-image":"","background-repeat":"repeat","background-position":"center center","background-size":"auto","background-attachment":"scroll","background-type":"","background-media":"","overlay-type":"","overlay-color":"","overlay-opacity":"","overlay-gradient":""},"mobile":{"background-color":"","background-image":"","background-repeat":"repeat","background-position":"center center","background-size":"auto","background-attachment":"scroll","background-type":"","background-media":"","overlay-type":"","overlay-color":"","overlay-opacity":"","overlay-gradient":""}},"ast-content-background-meta":{"desktop":{"background-color":"var(--ast-global-color-5)","background-image":"","background-repeat":"repeat","background-position":"center center","background-size":"auto","background-attachment":"scroll","background-type":"","background-media":"","overlay-type":"","overlay-color":"","overlay-opacity":"","overlay-gradient":""},"tablet":{"background-color":"var(--ast-global-color-5)","background-image":"","background-repeat":"repeat","background-position":"center center","background-size":"auto","background-attachment":"scroll","background-type":"","background-media":"","overlay-type":"","overlay-color":"","overlay-opacity":"","overlay-gradient":""},"mobile":{"background-color":"var(--ast-global-color-5)","background-image":"","background-repeat":"repeat","background-position":"center center","background-size":"auto","background-attachment":"scroll","background-type":"","background-media":"","overlay-type":"","overlay-color":"","overlay-opacity":"","overlay-gradient":""}}},"product_brand":[],"product_cat":[1710,1854],"product_tag":[],"class_list":{"0":"post-23469","1":"product","2":"type-product","3":"status-publish","4":"has-post-thumbnail","6":"product_cat-hugieen-ja-nahahooldus","7":"product_cat-lisandid","8":"desktop-align-left","9":"tablet-align-left","10":"mobile-align-left","12":"first","13":"instock","14":"taxable","15":"shipping-taxable","16":"product-type-simple"},"_links":{"self":[{"href":"https:\/\/mamaterra.lt\/et\/wp-json\/wp\/v2\/product\/23469","targetHints":{"allow":["GET"]}}],"collection":[{"href":"https:\/\/mamaterra.lt\/et\/wp-json\/wp\/v2\/product"}],"about":[{"href":"https:\/\/mamaterra.lt\/et\/wp-json\/wp\/v2\/types\/product"}],"wp:featuredmedia":[{"embeddable":true,"href":"https:\/\/mamaterra.lt\/et\/wp-json\/wp\/v2\/media\/23460"}],"wp:attachment":[{"href":"https:\/\/mamaterra.lt\/et\/wp-json\/wp\/v2\/media?parent=23469"}],"wp:term":[{"taxonomy":"product_brand","embeddable":true,"href":"https:\/\/mamaterra.lt\/et\/wp-json\/wp\/v2\/product_brand?post=23469"},{"taxonomy":"product_cat","embeddable":true,"href":"https:\/\/mamaterra.lt\/et\/wp-json\/wp\/v2\/product_cat?post=23469"},{"taxonomy":"product_tag","embeddable":true,"href":"https:\/\/mamaterra.lt\/et\/wp-json\/wp\/v2\/product_tag?post=23469"}],"curies":[{"name":"wp","href":"https:\/\/api.w.org\/{rel}","templated":true}]}}