{"id":23445,"date":"2024-07-11T18:29:26","date_gmt":"2024-07-11T17:29:26","guid":{"rendered":"https:\/\/mamaterra.lt\/parduotuve\/maaratlemata\/doterra-costa-brio-ir-automobilinis-difuzorius\/"},"modified":"2024-07-11T18:42:33","modified_gmt":"2024-07-11T17:42:33","slug":"doterra-costa-brio-ja-autodifuusor","status":"publish","type":"product","link":"https:\/\/mamaterra.lt\/et\/parduotuve\/eeterlikud-olid\/eeterlike-olide-segud\/doterra-costa-brio-ja-autodifuusor\/","title":{"rendered":"doTERRA Costa Brio ja autodifuusor"},"content":{"rendered":"<p><strong>doTERRA Costa Brio ja autodifuusor<\/strong><\/p>\n<p>Costa Brio Enlivening Blend on L\u00f5una-Ameerika eluj\u00f5ulist v\u00f5lu edasi andev, magus, mahe, tsitruseline, vaigune, puidune ja lilleline. Igasugune ruum muutub rahulikuks puhkekohaks, millel on palju kasutusv\u00f5imalusi ja kasu, mida saab kasutada. Koos autoklambrite difuusoriga. V\u00f5tke teekond omaks, kuhu iganes teid tee ka ei vii.<\/p>\n<p>Laske doTERRA Costa Brio lummaval essentsil saata teid L\u00f5una-Ameerika v\u00e4rvilistesse maastikesse, kus iga tilk p\u00fc\u00fcab sisse selle maagia eluj\u00f5udu. Costa Brio Enlivening Blend&#8217;i aroom on magusate, mahedate, tsitruseliste, vaiguliste, puidu- ja lilleliste nootide s\u00fcmfoonia. Selles harmoonilises eeterlike \u00f5lide fusioonis on seedripuu, magnoolia, Breu Branco, bergamot-m\u00fcnt, magus apteegitill, sidrun ja palsam Peruu. Wild Orange, Pink Pepper, Copaiba, Petitgrain, Guaiacwood ja Tonka Bean on p\u00e4rit L\u00f5una-Ameerikast Co-Impact Sourcing\u2122 algatuste kaudu, tagades segu, millel on mitmesuguseid eeliseid ja mis t\u00f5stab ka kogukondi.<\/p>\n<p>See v\u00f5ib olla ka ainulaadne isiklik l\u00f5hn. See on m\u00f5eldud meheliku l\u00f5hna jaoks, kuid on v\u00e4ga atraktiivne ka naistele.<\/p>\n","protected":false},"excerpt":{"rendered":"<ul>\n<li>\u00a0Costa Brio &#8211; v\u00e4rskendav segu rohtsest puidust ja suitsust.<\/li>\n<li>Veenev, rahustav ja maandav.<\/li>\n<li>Sobib ideaalselt meditatsiooniks ja igap\u00e4evaseks kasutamiseks inspireeriva loit<\/li>\n<\/ul>\n","protected":false},"featured_media":23727,"template":"","meta":{"site-sidebar-layout":"default","site-content-layout":"","ast-site-content-layout":"default","site-content-style":"default","site-sidebar-style":"default","ast-global-header-display":"","ast-banner-title-visibility":"","ast-main-header-display":"","ast-hfb-above-header-display":"","ast-hfb-below-header-display":"","ast-hfb-mobile-header-display":"","site-post-title":"","ast-breadcrumbs-content":"","ast-featured-img":"","footer-sml-layout":"","ast-disable-related-posts":"","theme-transparent-header-meta":"","adv-header-id-meta":"","stick-header-meta":"","header-above-stick-meta":"","header-main-stick-meta":"","header-below-stick-meta":"","astra-migrate-meta-layouts":"set","ast-page-background-enabled":"default","ast-page-background-meta":{"desktop":{"background-color":"","background-image":"","background-repeat":"repeat","background-position":"center center","background-size":"auto","background-attachment":"scroll","background-type":"","background-media":"","overlay-type":"","overlay-color":"","overlay-opacity":"","overlay-gradient":""},"tablet":{"background-color":"","background-image":"","background-repeat":"repeat","background-position":"center center","background-size":"auto","background-attachment":"scroll","background-type":"","background-media":"","overlay-type":"","overlay-color":"","overlay-opacity":"","overlay-gradient":""},"mobile":{"background-color":"","background-image":"","background-repeat":"repeat","background-position":"center center","background-size":"auto","background-attachment":"scroll","background-type":"","background-media":"","overlay-type":"","overlay-color":"","overlay-opacity":"","overlay-gradient":""}},"ast-content-background-meta":{"desktop":{"background-color":"var(--ast-global-color-5)","background-image":"","background-repeat":"repeat","background-position":"center center","background-size":"auto","background-attachment":"scroll","background-type":"","background-media":"","overlay-type":"","overlay-color":"","overlay-opacity":"","overlay-gradient":""},"tablet":{"background-color":"var(--ast-global-color-5)","background-image":"","background-repeat":"repeat","background-position":"center center","background-size":"auto","background-attachment":"scroll","background-type":"","background-media":"","overlay-type":"","overlay-color":"","overlay-opacity":"","overlay-gradient":""},"mobile":{"background-color":"var(--ast-global-color-5)","background-image":"","background-repeat":"repeat","background-position":"center center","background-size":"auto","background-attachment":"scroll","background-type":"","background-media":"","overlay-type":"","overlay-color":"","overlay-opacity":"","overlay-gradient":""}}},"product_brand":[],"product_cat":[1701,1687,1696],"product_tag":[],"class_list":{"0":"post-23445","1":"product","2":"type-product","3":"status-publish","4":"has-post-thumbnail","6":"product_cat-eeterlike-olide-segud","7":"product_cat-hajutid","8":"product_cat-kingitused-meestele","9":"desktop-align-left","10":"tablet-align-left","11":"mobile-align-left","13":"first","14":"instock","15":"taxable","16":"shipping-taxable","17":"product-type-simple"},"_links":{"self":[{"href":"https:\/\/mamaterra.lt\/et\/wp-json\/wp\/v2\/product\/23445","targetHints":{"allow":["GET"]}}],"collection":[{"href":"https:\/\/mamaterra.lt\/et\/wp-json\/wp\/v2\/product"}],"about":[{"href":"https:\/\/mamaterra.lt\/et\/wp-json\/wp\/v2\/types\/product"}],"wp:featuredmedia":[{"embeddable":true,"href":"https:\/\/mamaterra.lt\/et\/wp-json\/wp\/v2\/media\/23727"}],"wp:attachment":[{"href":"https:\/\/mamaterra.lt\/et\/wp-json\/wp\/v2\/media?parent=23445"}],"wp:term":[{"taxonomy":"product_brand","embeddable":true,"href":"https:\/\/mamaterra.lt\/et\/wp-json\/wp\/v2\/product_brand?post=23445"},{"taxonomy":"product_cat","embeddable":true,"href":"https:\/\/mamaterra.lt\/et\/wp-json\/wp\/v2\/product_cat?post=23445"},{"taxonomy":"product_tag","embeddable":true,"href":"https:\/\/mamaterra.lt\/et\/wp-json\/wp\/v2\/product_tag?post=23445"}],"curies":[{"name":"wp","href":"https:\/\/api.w.org\/{rel}","templated":true}]}}