{"id":23312,"date":"2024-06-01T14:05:21","date_gmt":"2024-06-01T13:05:21","guid":{"rendered":"https:\/\/mamaterra.lt\/parduotuve\/maaratlemata\/doterra-moringa-rose-moringu-ir-roziu-misinys\/"},"modified":"2024-06-01T14:21:49","modified_gmt":"2024-06-01T13:21:49","slug":"doterra-moringa-rose","status":"publish","type":"product","link":"https:\/\/mamaterra.lt\/et\/parduotuve\/eeterlikud-olid\/doterra-moringa-rose\/","title":{"rendered":"d\u014dTERRA Moringa Rose"},"content":{"rendered":"<h3 class=\"spotlight__head-title\">d\u014dTERRA Moringa Rose<\/h3>\n<h6 class=\"spotlight__head-latin-title\">S\u00f6\u00f6dasegu<\/h6>\n<p>&nbsp;<\/p>\n<p>Hoolitsege oma nahka Moringa ja roosi\u00f5li uskumatute omadustega. S\u00fcgavalt niisutav ja imeliselt toitev luksuslik n\u00e4o\u00f5li on roosi eeterliku \u00f5li v\u00e4rske lillel\u00f5hnaga ja Moringa (Moringa) kergelt magusa l\u00f5hnaga. Kerge \u00f5li on \u00f5rn ja imendub kiiresti nahka, j\u00e4ttes selle pehmeks, s\u00e4ravaks ja s\u00e4ravaks. Toitev Moringa (Moringa) \u00f5li koos doTERRA Rose (Roosi) eeterliku \u00f5liga aitab s\u00e4ilitada terve ja \u00fchtlase jume. Moringa-Roosa \u00f5lide v\u00e4ga t\u00f5hus segu j\u00e4tab teile iga p\u00e4ev s\u00e4rava ja s\u00e4rava naha.<\/p>\n<p>Moringa (Moringa) \u00f5li ekstraheeritakse moringapuust, mille seemned on rikkad oleiinhappe ja teiste rasvhapete poolest.<\/p>\n","protected":false},"excerpt":{"rendered":"<ul class=\"spotlight__list-custom custom-list\">\n<li>Toode p\u00f5hineb Moringa \u00f5lil, mida kreeklased, roomlased ja egiptlased kasutasid oma pehmendavate omaduste t\u00f5ttu kosmeetika- ja parf\u00fcmeeriaainetes.<\/li>\n<li>Rikkalik, niisutav ja luksuslik n\u00e4o\u00f5li, mis sisaldab doTERRA roosi eeterlikku \u00f5li.<\/li>\n<li>See rahustab nahka ja aitab s\u00e4ilitada selle pehmust ja siledust.<\/li>\n<li>Sellel on kerge, kergelt magus lilleline l\u00f5hn.<\/li>\n<\/ul>\n","protected":false},"featured_media":23332,"template":"","meta":{"site-sidebar-layout":"default","site-content-layout":"","ast-site-content-layout":"default","site-content-style":"default","site-sidebar-style":"default","ast-global-header-display":"","ast-banner-title-visibility":"","ast-main-header-display":"","ast-hfb-above-header-display":"","ast-hfb-below-header-display":"","ast-hfb-mobile-header-display":"","site-post-title":"","ast-breadcrumbs-content":"","ast-featured-img":"","footer-sml-layout":"","ast-disable-related-posts":"","theme-transparent-header-meta":"","adv-header-id-meta":"","stick-header-meta":"","header-above-stick-meta":"","header-main-stick-meta":"","header-below-stick-meta":"","astra-migrate-meta-layouts":"set","ast-page-background-enabled":"default","ast-page-background-meta":{"desktop":{"background-color":"","background-image":"","background-repeat":"repeat","background-position":"center center","background-size":"auto","background-attachment":"scroll","background-type":"","background-media":"","overlay-type":"","overlay-color":"","overlay-opacity":"","overlay-gradient":""},"tablet":{"background-color":"","background-image":"","background-repeat":"repeat","background-position":"center center","background-size":"auto","background-attachment":"scroll","background-type":"","background-media":"","overlay-type":"","overlay-color":"","overlay-opacity":"","overlay-gradient":""},"mobile":{"background-color":"","background-image":"","background-repeat":"repeat","background-position":"center center","background-size":"auto","background-attachment":"scroll","background-type":"","background-media":"","overlay-type":"","overlay-color":"","overlay-opacity":"","overlay-gradient":""}},"ast-content-background-meta":{"desktop":{"background-color":"var(--ast-global-color-5)","background-image":"","background-repeat":"repeat","background-position":"center center","background-size":"auto","background-attachment":"scroll","background-type":"","background-media":"","overlay-type":"","overlay-color":"","overlay-opacity":"","overlay-gradient":""},"tablet":{"background-color":"var(--ast-global-color-5)","background-image":"","background-repeat":"repeat","background-position":"center center","background-size":"auto","background-attachment":"scroll","background-type":"","background-media":"","overlay-type":"","overlay-color":"","overlay-opacity":"","overlay-gradient":""},"mobile":{"background-color":"var(--ast-global-color-5)","background-image":"","background-repeat":"repeat","background-position":"center center","background-size":"auto","background-attachment":"scroll","background-type":"","background-media":"","overlay-type":"","overlay-color":"","overlay-opacity":"","overlay-gradient":""}}},"product_brand":[],"product_cat":[1699],"product_tag":[],"class_list":{"0":"post-23312","1":"product","2":"type-product","3":"status-publish","4":"has-post-thumbnail","6":"product_cat-eeterlikud-olid","7":"desktop-align-left","8":"tablet-align-left","9":"mobile-align-left","11":"first","12":"instock","13":"taxable","14":"shipping-taxable","15":"product-type-simple"},"_links":{"self":[{"href":"https:\/\/mamaterra.lt\/et\/wp-json\/wp\/v2\/product\/23312","targetHints":{"allow":["GET"]}}],"collection":[{"href":"https:\/\/mamaterra.lt\/et\/wp-json\/wp\/v2\/product"}],"about":[{"href":"https:\/\/mamaterra.lt\/et\/wp-json\/wp\/v2\/types\/product"}],"wp:featuredmedia":[{"embeddable":true,"href":"https:\/\/mamaterra.lt\/et\/wp-json\/wp\/v2\/media\/23332"}],"wp:attachment":[{"href":"https:\/\/mamaterra.lt\/et\/wp-json\/wp\/v2\/media?parent=23312"}],"wp:term":[{"taxonomy":"product_brand","embeddable":true,"href":"https:\/\/mamaterra.lt\/et\/wp-json\/wp\/v2\/product_brand?post=23312"},{"taxonomy":"product_cat","embeddable":true,"href":"https:\/\/mamaterra.lt\/et\/wp-json\/wp\/v2\/product_cat?post=23312"},{"taxonomy":"product_tag","embeddable":true,"href":"https:\/\/mamaterra.lt\/et\/wp-json\/wp\/v2\/product_tag?post=23312"}],"curies":[{"name":"wp","href":"https:\/\/api.w.org\/{rel}","templated":true}]}}