{"id":22811,"date":"2023-05-10T20:36:20","date_gmt":"2023-05-10T19:36:20","guid":{"rendered":"https:\/\/mamaterra.lt\/parduotuve\/maaratlemata\/metapwr-assist\/"},"modified":"2024-03-24T15:11:05","modified_gmt":"2024-03-24T14:11:05","slug":"metapwr-assist","status":"publish","type":"product","link":"https:\/\/mamaterra.lt\/et\/parduotuve\/eeterlikud-olid\/eeterlike-olide-segud\/metapwr-assist\/","title":{"rendered":"MetaPWR Assist"},"content":{"rendered":"<p>Suurendage oma toitumise toitev\u00e4\u00e4rtust MetaPWR\u2122 Assistiga. Iga kapsel sisaldab mooruspuu leheekstrakti, berberiini, kaneelikoore pulbrit ja MetaPWRi patenteeritud eeterlike \u00f5lide segu. Enne p\u00e4eva peamist s\u00f6\u00f6gikorda sisse v\u00f5ttes avaldab see v\u00f5imas t\u00e4iendus teie igap\u00e4evasele heaolurutiinile k\u00f5ige suuremat m\u00f5ju teie organismile. Kasutades k\u00f5rgekvaliteedilist protsessi, et maksimeerida toimeaine ekstraheerimist mooruspuu lehtede ekstraktist, on d\u014dTERRA kliinilised teadlased v\u00e4lja t\u00f6\u00f6tanud sisemiselt stimuleeriva MetaPWR Assisti.<\/p>\n<p>Peamised eelised<br \/>\nEi sisalda GMOsid, piimatooteid, soja, gluteeni, s\u00e4ilitusaineid, kunstlikke magusaineid ega l\u00f5hna- ja maitseaineid.<br \/>\nMulberry lehed v\u00f5ivad aidata kaasa s\u00fcsivesikute ainevahetuse tasakaalu s\u00e4ilitamisele organismis*.<\/p>\n<p>&#8220;MetaPWR Assist&#8221; v\u00f5ib aidata v\u00e4hendada s\u00f6\u00f6gij\u00e4rgseid gl\u00fckoosi k\u00f5ikumisi. Mooruspuu lehe komponent seondub gl\u00fckoosi siduvate retseptoritega, mist\u00f5ttu gl\u00fckoosil ei ole enam kohta, kuhu siduda, mist\u00f5ttu gl\u00fckoos ei p\u00e4\u00e4se nii kiiresti vereringesse. *<\/p>\n","protected":false},"excerpt":{"rendered":"<p>MetaPWR Assist on looduslik toidulisand, mis on v\u00e4lja t\u00f6\u00f6tatud selleks, et aidata s\u00e4ilitada normaalset veresuhkru taset vahetult p\u00e4rast s\u00f6\u00f6mist.<\/p>\n","protected":false},"featured_media":17603,"template":"","meta":{"site-sidebar-layout":"default","site-content-layout":"default","ast-site-content-layout":"default","site-content-style":"default","site-sidebar-style":"default","ast-global-header-display":"","ast-banner-title-visibility":"","ast-main-header-display":"","ast-hfb-above-header-display":"","ast-hfb-below-header-display":"","ast-hfb-mobile-header-display":"","site-post-title":"","ast-breadcrumbs-content":"","ast-featured-img":"","footer-sml-layout":"","ast-disable-related-posts":"","theme-transparent-header-meta":"default","adv-header-id-meta":"","stick-header-meta":"","header-above-stick-meta":"","header-main-stick-meta":"","header-below-stick-meta":"","astra-migrate-meta-layouts":"set","ast-page-background-enabled":"default","ast-page-background-meta":{"desktop":{"background-color":"","background-image":"","background-repeat":"repeat","background-position":"center center","background-size":"auto","background-attachment":"scroll","background-type":"","background-media":"","overlay-type":"","overlay-color":"","overlay-opacity":"","overlay-gradient":""},"tablet":{"background-color":"","background-image":"","background-repeat":"repeat","background-position":"center center","background-size":"auto","background-attachment":"scroll","background-type":"","background-media":"","overlay-type":"","overlay-color":"","overlay-opacity":"","overlay-gradient":""},"mobile":{"background-color":"","background-image":"","background-repeat":"repeat","background-position":"center center","background-size":"auto","background-attachment":"scroll","background-type":"","background-media":"","overlay-type":"","overlay-color":"","overlay-opacity":"","overlay-gradient":""}},"ast-content-background-meta":{"desktop":{"background-color":"var(--ast-global-color-5)","background-image":"","background-repeat":"repeat","background-position":"center center","background-size":"auto","background-attachment":"scroll","background-type":"","background-media":"","overlay-type":"","overlay-color":"","overlay-opacity":"","overlay-gradient":""},"tablet":{"background-color":"var(--ast-global-color-5)","background-image":"","background-repeat":"repeat","background-position":"center center","background-size":"auto","background-attachment":"scroll","background-type":"","background-media":"","overlay-type":"","overlay-color":"","overlay-opacity":"","overlay-gradient":""},"mobile":{"background-color":"var(--ast-global-color-5)","background-image":"","background-repeat":"repeat","background-position":"center center","background-size":"auto","background-attachment":"scroll","background-type":"","background-media":"","overlay-type":"","overlay-color":"","overlay-opacity":"","overlay-gradient":""}}},"product_brand":[],"product_cat":[1701,1759],"product_tag":[],"class_list":{"0":"post-22811","1":"product","2":"type-product","3":"status-publish","4":"has-post-thumbnail","6":"product_cat-eeterlike-olide-segud","7":"product_cat-seedimine","8":"desktop-align-left","9":"tablet-align-left","10":"mobile-align-left","12":"first","13":"instock","14":"taxable","15":"shipping-taxable","16":"purchasable","17":"product-type-simple"},"_links":{"self":[{"href":"https:\/\/mamaterra.lt\/et\/wp-json\/wp\/v2\/product\/22811","targetHints":{"allow":["GET"]}}],"collection":[{"href":"https:\/\/mamaterra.lt\/et\/wp-json\/wp\/v2\/product"}],"about":[{"href":"https:\/\/mamaterra.lt\/et\/wp-json\/wp\/v2\/types\/product"}],"wp:featuredmedia":[{"embeddable":true,"href":"https:\/\/mamaterra.lt\/et\/wp-json\/wp\/v2\/media\/17603"}],"wp:attachment":[{"href":"https:\/\/mamaterra.lt\/et\/wp-json\/wp\/v2\/media?parent=22811"}],"wp:term":[{"taxonomy":"product_brand","embeddable":true,"href":"https:\/\/mamaterra.lt\/et\/wp-json\/wp\/v2\/product_brand?post=22811"},{"taxonomy":"product_cat","embeddable":true,"href":"https:\/\/mamaterra.lt\/et\/wp-json\/wp\/v2\/product_cat?post=22811"},{"taxonomy":"product_tag","embeddable":true,"href":"https:\/\/mamaterra.lt\/et\/wp-json\/wp\/v2\/product_tag?post=22811"}],"curies":[{"name":"wp","href":"https:\/\/api.w.org\/{rel}","templated":true}]}}